{"id":13170,"date":"2019-12-16T15:03:38","date_gmt":"2019-12-16T08:03:38","guid":{"rendered":"https:\/\/havamall.vn\/?post_type=product&#038;p=13170"},"modified":"2021-12-09T10:00:40","modified_gmt":"2021-12-09T03:00:40","slug":"set-qua-tet-tam-giao-hop-5-san-pham","status":"publish","type":"product","link":"https:\/\/havamall.vn\/en\/shop\/set-qua-tet-tam-giao-hop-5-san-pham\/","title":{"rendered":"Set Qu\u00e0 T\u1ebft &#8220;T\u00e2m Giao&#8221; &#8211; H\u1ed9p 5 S\u1ea3n Ph\u1ea9m"},"content":{"rendered":"<p id=\"id_5df6e72e920898549238044\" class=\"text_exposed_root text_exposed\"><strong>Set T\u00c2M GIAO<\/strong>: H\u1ed9p qu\u00e0 t\u1eb7ng c\u1ee9ng c\u00e1p, ch\u1eafc ch\u1eafn v\u00e0 \u0111\u01b0\u1ee3c \u00e9p nh\u0169 sang tr\u1ecdng, trang nh\u00e3 v\u00e0 tinh t\u1ebf. B\u00ean tr\u00ean n\u1eafp h\u1ed9p \u0111\u01b0\u1ee3c v\u1ebd nh\u1eefng h\u1ecda ti\u1ebft m\u00f9a xu\u00e2n t\u01b0\u01a1i m\u1edbi v\u00e0 \u0111\u1eb9p m\u1eaft<\/p>\n<h4><strong>\u00a0Nh\u1eefng \u0111i\u1ec3m \u0111\u1ed9c \u0111\u00e1o c\u1ee7a s\u1ea3n ph\u1ea9m qu\u00e0 T\u1ebft shop HAVAMALL:<\/strong><\/h4>\n<p>&#8211; To\u00e0n b\u1ed9 h\u00e0ng h\u00f3a \u0111\u1ec1u l\u00e0 h\u00e0ng nh\u1eadp kh\u1ea9u nguy\u00ean \u0111ai nguy\u00ean ki\u1ec7n khi\u1ebfn ng\u01b0\u1eddi nh\u1eadn c\u1ea3m th\u1ea5y v\u00f4 c\u00f9ng \u1ea5n t\u01b0\u1ee3ng. H\u1ed9p qu\u00e0 c\u00f3 m\u00e0u s\u1eafc, ki\u1ec3u d\u00e1ng r\u1ea5t nh\u00e3 nh\u1eb7n, \u0111a d\u1ea1ng v\u00e0 \u0111\u1ed9c \u0111\u00e1o.<br \/>\n&#8211; N\u00f3i kh\u00f4ng v\u1edbi h\u00e0ng gi\u1ea3, h\u00e0ng k\u00e9m ch\u1ea5t l\u01b0\u1ee3ng. T\u1ea5t c\u1ea3 \u0111\u1ec1u \u0111\u01b0\u1ee3c ki\u1ec3m \u0111\u1ecbnh ch\u1eb7t ch\u1ebd, 100% s\u1ea3n ph\u1ea9m ch\u00ednh han<\/p>\n<p>&#8211; V\u00f4 c\u00f9ng ti\u1ec7n l\u1ee3i khi b\u1ea1n c\u00f3 th\u1ec3 ho\u00e0n to\u00e0n y\u00ean t\u00e2m d\u00f9 \u0111\u00f3ng g\u00f3i s\u1eb5n nh\u01b0ng c\u00e1c s\u1ea3n ph\u1ea9m trong gi\u1ecf qu\u00e0 v\u1eabn \u0111\u1ea1t ch\u1ea5t l\u01b0\u1ee3ng cao, \u0111\u1ea3m b\u1ea3o t\u00ednh \u0111\u1eb3ng c\u1ea5p, sang tr\u1ecdng.<\/p>\n<p><img fetchpriority=\"high\" decoding=\"async\" class=\"wp-image-24118 aligncenter\" src=\"https:\/\/havamall.vn\/wp-content\/uploads\/2019\/12\/e777d9a4a3a468fa31b5-300x300.jpg\" alt=\"\" width=\"678\" height=\"678\" srcset=\"https:\/\/havamall.vn\/wp-content\/uploads\/2019\/12\/e777d9a4a3a468fa31b5-300x300.jpg 300w, https:\/\/havamall.vn\/wp-content\/uploads\/2019\/12\/e777d9a4a3a468fa31b5-430x430.jpg 430w, https:\/\/havamall.vn\/wp-content\/uploads\/2019\/12\/e777d9a4a3a468fa31b5-150x150.jpg 150w, https:\/\/havamall.vn\/wp-content\/uploads\/2019\/12\/e777d9a4a3a468fa31b5-700x700.jpg 700w, https:\/\/havamall.vn\/wp-content\/uploads\/2019\/12\/e777d9a4a3a468fa31b5-768x768.jpg 768w, https:\/\/havamall.vn\/wp-content\/uploads\/2019\/12\/e777d9a4a3a468fa31b5-600x600.jpg 600w, https:\/\/havamall.vn\/wp-content\/uploads\/2019\/12\/e777d9a4a3a468fa31b5-100x100.jpg 100w, https:\/\/havamall.vn\/wp-content\/uploads\/2019\/12\/e777d9a4a3a468fa31b5.jpg 800w\" sizes=\"(max-width: 678px) 100vw, 678px\" \/><\/p>\n<h4><strong>Nh\u1eefng s\u1ea3n ph\u1ea9m b\u00ean trong h\u1ed9p:<\/strong><\/h4>\n<h3 class=\"product_title entry-title\"><strong>\u25aa\ufe0f\u00a0C\u00e0 ph\u00ea pha phin 340g L\u00e0 Vi\u1ec7t<\/strong><\/h3>\n<p>L\u00e0 Vi\u1ec7t l\u00e0 m\u1ed9t trong nh\u1eefng th\u01b0\u01a1ng hi\u1ec7u c\u00e0 ph\u00ea n\u1ed5i ti\u1ebfng \u1edf Vi\u1ec7t Nam, c\u00f3 r\u1ea5t nhi\u1ec1u\u00a0d\u00f2ng kh\u00e1c nhau \u0111\u00e1p \u1ee9ng \u0111\u01b0\u1ee3c \u0111a d\u1ea1ng kh\u1ea9u v\u1ecb\u00a0ng\u01b0\u1eddi ti\u00eau d\u00f9ng. Trong \u0111\u00f3 ph\u1ea3i k\u1ec3 \u0111\u1ebfn d\u00f2ng C\u00e0 Ph\u00ea Pha Phin v\u1edbi m\u00f9i th\u01a1m s\u00e2u l\u1eafng v\u1ecb \u0111\u1eadm \u0111\u00e0 n\u1ed3ng n\u00e0ng, \u0111\u1ecdng m\u00e3i trong c\u1ed5 h\u1ecdng, t\u1eadn h\u01b0\u1edfng m\u00f9i th\u01a1m c\u1ee7a c\u00e0 ph\u00ea, gi\u00fap th\u01b0 gi\u00e3n tinh th\u1ea7n.<\/p>\n<p>V\u1edbi nh\u1eefng h\u1ea1t c\u00e0 ph\u00ea c\u00f3 ch\u1ea5t l\u01b0\u1ee3ng v\u00e0 \u0111\u01b0\u1ee3c rang \u0111\u00fang \u0111\u1ed9\u00a0s\u1ebd mang m\u1ed9t h\u01b0\u01a1ng v\u1ecb ho\u00e0n h\u1ea3o cho th\u1ef1c kh\u00e1ch. C\u00e1c h\u1ea1t cafe rang chu\u1ea9n s\u1ebd t\u1ea1o ra \u0111\u01b0\u1ee3c nhi\u1ec1u ph\u00e2n t\u1eed h\u01b0\u01a1ng th\u01a1m nh\u1ea5t,\u00a0\u0111\u1ed3ng th\u1eddi ti\u1ebft ra \u0111\u01b0\u1ee3c c\u00e1c vitamin v\u00e0 mu\u1ed1i kho\u00e1ng, tinh d\u1ea7u c\u00f3 trong c\u00e0 ph\u00ea.<\/p>\n<p><img decoding=\"async\" class=\"wp-image-19349 aligncenter\" src=\"https:\/\/havamall.vn\/wp-content\/uploads\/2019\/09\/93804676_2526495604333907_5223047460229742592_n-300x214.jpg\" alt=\"\" width=\"668\" height=\"477\" srcset=\"https:\/\/havamall.vn\/wp-content\/uploads\/2019\/09\/93804676_2526495604333907_5223047460229742592_n-300x214.jpg 300w, https:\/\/havamall.vn\/wp-content\/uploads\/2019\/09\/93804676_2526495604333907_5223047460229742592_n-430x307.jpg 430w, https:\/\/havamall.vn\/wp-content\/uploads\/2019\/09\/93804676_2526495604333907_5223047460229742592_n-150x107.jpg 150w, https:\/\/havamall.vn\/wp-content\/uploads\/2019\/09\/93804676_2526495604333907_5223047460229742592_n-700x500.jpg 700w, https:\/\/havamall.vn\/wp-content\/uploads\/2019\/09\/93804676_2526495604333907_5223047460229742592_n-768x549.jpg 768w, https:\/\/havamall.vn\/wp-content\/uploads\/2019\/09\/93804676_2526495604333907_5223047460229742592_n-1024x732.jpg 1024w, https:\/\/havamall.vn\/wp-content\/uploads\/2019\/09\/93804676_2526495604333907_5223047460229742592_n-1200x857.jpg 1200w, https:\/\/havamall.vn\/wp-content\/uploads\/2019\/09\/93804676_2526495604333907_5223047460229742592_n-600x429.jpg 600w, https:\/\/havamall.vn\/wp-content\/uploads\/2019\/09\/93804676_2526495604333907_5223047460229742592_n.jpg 2048w\" sizes=\"(max-width: 668px) 100vw, 668px\" \/><\/p>\n<p>&nbsp;<\/p>\n<h3 class=\"product_title entry-title\"><strong>\u25aa\ufe0f\u00a0H\u1ea1t \u0110i\u1ec1u V\u1ecf L\u1ee5a 180g Th\u00e1i Bon<\/strong><\/h3>\n<p><span style=\"font-weight: 400\">H\u1ea1t \u0111i\u1ec1u v\u1ecf l\u1ee5a rang mu\u1ed1i Th\u00e1i Bon th\u01a1m ngon, b\u00e9o ng\u1eady, n\u1ed5i ti\u1ebfng v\u1edbi \u0111\u1ed9 th\u01a1m ngon, gi\u00e0u dinh d\u01b0\u1ee1ng\u00a0<\/span><\/p>\n<p><span style=\"font-weight: 400\">T\u1eebng h\u1ea1t \u0111i\u1ec1u \u0111\u01b0\u1ee3c ch\u1ecdn l\u1ef1a k\u1ef9 c\u00e0ng v\u00e0 tr\u1ea3i qua qu\u00e1 tr\u00ecnh s\u1ea3n xu\u1ea5t \u0111\u00fang chu\u1ea9n, c\u1ea9n th\u1eadn v\u00e0 t\u1ec9 m\u1ec9 \u0111\u1ec3 t\u1ea1o n\u00ean m\u1ed9t s\u1ea3n ph\u1ea9m h\u1ea1t \u0111i\u1ec1u rang mu\u1ed1i \u0111\u1ef1ng trong l\u1ecd ho\u00e0n h\u1ea3o, nh\u1eb1m \u0111\u00e1p \u1ee9ng t\u1ed1t nh\u1ea5t nhu c\u1ea7u c\u1ee7a ng\u01b0\u1eddi s\u1eed d\u1ee5ng.\u00a0 \u0110\u00e2y l\u00e0 lo\u1ea1i \u0111i\u1ec1u lo\u1ea1i m\u1ed9t, kh\u00f4ng ch\u1ec9 \u0111\u01b0\u1ee3c b\u00e1n t\u1ea1i th\u1ecb tr\u01b0\u1eddng Vi\u1ec7t Nam, m\u00e0 c\u00f2n xu\u1ea5t kh\u1ea9u sang nhi\u1ec1u qu\u1ed1c gia tr\u00ean th\u1ebf gi\u1edbi.<\/span><\/p>\n<p><img decoding=\"async\" class=\"aligncenter\" src=\"https:\/\/havamall.vn\/wp-content\/uploads\/2021\/01\/14_ysbe.jpg\" alt=\"\u0110\u1eb7c s\u1ea3n T\u1ebft Canh T\u00fd: H\u1ea5p d\u1eabn h\u1ea1t \u0111i\u1ec1u rang c\u1ee7i \u0111i\u1ec1u | \u0110\u1eddi s\u1ed1ng | Thanh Ni\u00ean\" width=\"661\" height=\"426\" \/><\/p>\n<h3 class=\"product_title entry-title\"><strong>\u25aa\ufe0f\u00a0K\u1eb9o Caramel mix Choko Chimba 200g<\/strong><\/h3>\n<p>K\u1eb9o caramel nh\u00e2n s\u1eefa Choko Chimba mix nhi\u1ec1u v\u1ecb. S\u1ef1 k\u1ebft h\u1ee3p c\u1ee7a nhi\u1ec1u h\u01b0\u01a1ng v\u1ecb t\u1eeb Choko Chimba &#8211; khi b\u1ea1n kh\u00f4ng c\u1ea7n ph\u1ea3i l\u1ef1a ch\u1ecdn, nh\u01b0ng b\u1ea1n c\u00f3 th\u1ec3 th\u1eed t\u1ea5t c\u1ea3 c\u00e1c h\u01b0\u01a1ng v\u1ecb y\u00eau th\u00edch c\u1ee7a m\u00ecnh c\u00f9ng m\u1ed9t l\u00fac! Caramel v\u1ecb s\u00f4 c\u00f4 la nghe c\u00f3 v\u1ebb l\u1ea1, nh\u01b0ng Choko Chimba ch\u1ee9a \u0111\u1ef1ng s\u1ef1 k\u1ebft h\u1ee3p th\u00fa v\u1ecb c\u1ee7a b\u1ea1c h\u00e0, anh \u0111\u00e0o v\u00e0 chu\u1ed1i v\u1edbi s\u00f4 c\u00f4 la.<\/p>\n<p>K\u1eb9o Choco Chimba nhi\u1ec1u v\u1ecb l\u00e0 k\u1eb9o caramen v\u1edbi l\u1edbp v\u1ecf ngo\u00e0i mang v\u1ecb chu\u1ed1i, chery, b\u1ea1c h\u00e0. K\u1eb9o kh\u00f4ng nh\u1eefng mang m\u00e0u s\u1eafc b\u1eaft m\u1eaft l\u1ea1i r\u1ea5t ngon mi\u1ec7ng.<\/p>\n<p><img loading=\"lazy\" decoding=\"async\" class=\"wp-image-23845 aligncenter\" src=\"https:\/\/havamall.vn\/wp-content\/uploads\/2021\/11\/a8cde-300x258.png\" alt=\"\" width=\"654\" height=\"563\" srcset=\"https:\/\/havamall.vn\/wp-content\/uploads\/2021\/11\/a8cde-300x258.png 300w, https:\/\/havamall.vn\/wp-content\/uploads\/2021\/11\/a8cde-430x369.png 430w, https:\/\/havamall.vn\/wp-content\/uploads\/2021\/11\/a8cde-150x129.png 150w, https:\/\/havamall.vn\/wp-content\/uploads\/2021\/11\/a8cde-700x601.png 700w, https:\/\/havamall.vn\/wp-content\/uploads\/2021\/11\/a8cde-768x660.png 768w, https:\/\/havamall.vn\/wp-content\/uploads\/2021\/11\/a8cde.png 1112w\" sizes=\"(max-width: 654px) 100vw, 654px\" \/><\/p>\n<h3 class=\"product_title entry-title\"><strong>\u25aa\ufe0f\u00a0K\u1eb9o socola h\u1ed9p thi\u1ebfc 200g<\/strong><\/h3>\n<p>B\u00e1nh Bambino Nga 200g bao g\u1ed3m kem h\u1ea1t s\u00f4 c\u00f4 la tinh t\u1ebf trong m\u1ed9t l\u1edbp v\u1ecf b\u00e1nh qu\u1ebf, tr\u00e1ng men s\u00f4 c\u00f4 la s\u1eefa, r\u1eafc g\u1ea1o s\u00f4 c\u00f4 la. C\u00f3 m\u1ed9t vi\u00ean s\u00f4 c\u00f4 la b\u00ean trong m\u1ed7i vi\u00ean k\u1eb9o. V\u1ecb ng\u1ecdt v\u1eeba ph\u1ea3i, kh\u00f4ng b\u1ecb s\u01b0\u1ee3ng, gi\u00f2n nh\u1eb9, c\u00f3 m\u00f9i th\u01a1m b\u00e9o ng\u1eady r\u1ea5t d\u1ec5 ch\u1ecbu.<\/p>\n<p class=\"tw-data-text tw-text-large tw-ta\" dir=\"ltr\"><span class=\"Y2IQFc\" lang=\"vi\">B\u00e1nh v\u1edbi bao b\u00ec \u0111\u1eb9p m\u1eaft n\u00ean nh\u1eefng vi\u00ean k\u1eb9o n\u00e0y r\u1ea5t th\u00edch h\u1ee3p \u0111\u1ec3 l\u00e0m qu\u00e0 t\u1eb7ng. \u0110\u00e2y c\u0169ng l\u00e0 m\u1ed9t c\u01a1 h\u1ed9i tuy\u1ec7t v\u1eddi \u0111\u1ec3 l\u00e0m h\u00e0i l\u00f2ng ch\u00ednh b\u1ea1n v\u00e0 nh\u1eefng ng\u01b0\u1eddi th\u00e2n y\u00eau c\u1ee7a b\u1ea1n.\u00a0<\/span><\/p>\n<p dir=\"ltr\"><img loading=\"lazy\" decoding=\"async\" class=\"wp-image-24215 aligncenter\" src=\"https:\/\/havamall.vn\/wp-content\/uploads\/2021\/12\/133330953-300x225.jpg\" alt=\"\" width=\"659\" height=\"494\" srcset=\"https:\/\/havamall.vn\/wp-content\/uploads\/2021\/12\/133330953-300x225.jpg 300w, https:\/\/havamall.vn\/wp-content\/uploads\/2021\/12\/133330953-430x323.jpg 430w, https:\/\/havamall.vn\/wp-content\/uploads\/2021\/12\/133330953-150x113.jpg 150w, https:\/\/havamall.vn\/wp-content\/uploads\/2021\/12\/133330953-700x525.jpg 700w, https:\/\/havamall.vn\/wp-content\/uploads\/2021\/12\/133330953-768x576.jpg 768w, https:\/\/havamall.vn\/wp-content\/uploads\/2021\/12\/133330953-600x450.jpg 600w, https:\/\/havamall.vn\/wp-content\/uploads\/2021\/12\/133330953.jpg 960w\" sizes=\"(max-width: 659px) 100vw, 659px\" \/><\/p>\n<h3 class=\"product_title entry-title\"><strong>\u25aa\ufe0f\u00a0Andes socola 132g<\/strong><\/h3>\n<p class=\"text_exposed_root text_exposed\"><span class=\"text_exposed_show\">K\u1eb9o chocolate Andes \u0111\u01b0\u1ee3c s\u1ea3n xu\u1ea5t theo c\u00f4ng ti\u00ean ti\u1ebfn, \u0111\u01b0\u1ee3c tuy\u1ec3n ch\u1ecdn nghi\u00eam ng\u1eb7t t\u1eeb nguy\u00ean li\u1ec7u cho \u0111\u1ebfn th\u00e0nh ph\u1ea9m n\u00ean s\u1ebd mang l\u1ea1i cho b\u1ea1n nh\u1eefng thanh k\u1eb9o chocolate nguy\u00ean ch\u1ea5t v\u00e0 \u0111\u1eadm v\u1ecb chocolate \u0111\u1eb7c tr\u01b0ng.\u00a0B\u1eb1ng kinh nghi\u1ec7m l\u00e2u n\u0103m trong vi\u1ec7c s\u1ea3n xu\u1ea5t socola,\u00a0<strong>Andes<\/strong>\u00a0mang \u0111\u1ebfn tay ng\u01b0\u1eddi ti\u00eau d\u00f9ng s\u1ea3n ph\u1ea9m s\u00f4 c\u00f4 la v\u1edbi h\u01b0\u01a1ng v\u1ecb ng\u1ecdt ng\u00e0o truy\u1ec1n th\u1ed1ng, ph\u00f9 h\u1ee3p v\u1edbi m\u1ecdi l\u1ee9a tu\u1ed5i.\u00a0Kh\u00f4ng ch\u1ec9 l\u00e0 m\u1ed9t m\u00f3n \u0103n v\u1eb7t \u0111\u01b0\u1ee3c \u01b0a th\u00edch, socola c\u00f2n \u0111\u01b0\u1ee3c bi\u1ebft t\u1edbi v\u1edbi nh\u1eefng c\u00f4ng d\u1ee5ng t\u1ed1t cho s\u1ee9c kh\u1ecfe.<\/span><\/p>\n<h2><img loading=\"lazy\" decoding=\"async\" class=\"aligncenter\" src=\"https:\/\/havamall.vn\/wp-content\/uploads\/2018\/05\/1pcs-Weight-132g-bag-United-States-imported-Andes-kit-kat-Mint-chocolate-Bean-Boozled-Christmas-Gift.jpg_640x640.jpg\" alt=\"K\u00e1\u00ba\u00bft qu\u00e1\u00ba\u00a3 h\u00c3\u00acnh \u00e1\u00ba\u00a3nh cho chocolate andes\" width=\"654\" height=\"654\" \/><\/h2>\n<h3 class=\"product_title entry-title\"><strong>\u25aa\ufe0f H\u1ed9p qu\u00e0 T\u1ebft Th\u1ecbnh V\u01b0\u1ee3ng size M<\/strong><\/h3>\n<p>S\u1ea3n ph\u1ea9m hi\u1ec7n \u0111\u00e3 c\u00f3 m\u1eb7t t\u1ea1i Havamall.<\/p>","protected":false},"excerpt":{"rendered":"<p>&#8211; H\u1ed9p qu\u00e0 t\u1eb7ng c\u1ee9ng c\u00e1p, ch\u1eafc ch\u1eafn v\u00e0 \u0111\u01b0\u1ee3c \u00e9p nh\u0169 sang tr\u1ecdng, trang nh\u00e3 v\u00e0 tinh t\u1ebf. B\u00ean tr\u00ean n\u1eafp h\u1ed9p \u0111\u01b0\u1ee3c v\u1ebd nh\u1eefng h\u1ecda ti\u1ebft m\u00f9a xu\u00e2n t\u01b0\u01a1i m\u1edbi v\u00e0 \u0111\u1eb9p m\u1eaft.<\/p>\n<p>&#8211; H\u1ed9p g\u1ed3m 5 lo\u1ea1i s\u1ea3n ph\u1ea9m:<\/p>\n<ul>\n<li><span class=\"text_exposed_show\">Socola Andes 132gr (6 v\u1ecb t\u00f9y ch\u1ecdn)<\/span><\/li>\n<li><span class=\"text_exposed_show\">C\u00e0 ph\u00ea L\u00e0 Vi\u1ec7t k\u00e8m phin 340g<\/span><\/li>\n<li>H\u1ea1t \u0110i\u1ec1u V\u1ecf L\u1ee5a 180g Th\u00e1i Bon<\/li>\n<li>K\u1eb9o socola h\u1ed9p thi\u1ebfc 200g<\/li>\n<li>K\u1eb9o Caramel mix Choko Chimba 200g<\/li>\n<\/ul>","protected":false},"featured_media":24118,"comment_status":"open","ping_status":"closed","template":"","meta":[],"product_brand":[],"product_cat":[409,40,36,133,135,143],"product_tag":[],"class_list":{"0":"post-13170","1":"product","2":"type-product","3":"status-publish","4":"has-post-thumbnail","6":"product_cat-hop-qua-set-qua","7":"product_cat-sieuthi-giasi","8":"product_cat-thuc-pham-tieu-dung","9":"product_cat-banh-keo-chocolate","10":"product_cat-sua-do-uong","11":"product_cat-thuc-pham-dong-hop","12":"pa_brand-skx","14":"first","15":"instock","16":"sale","17":"shipping-taxable","18":"purchasable","19":"product-type-simple"},"_links":{"self":[{"href":"https:\/\/havamall.vn\/en\/wp-json\/wp\/v2\/product\/13170"}],"collection":[{"href":"https:\/\/havamall.vn\/en\/wp-json\/wp\/v2\/product"}],"about":[{"href":"https:\/\/havamall.vn\/en\/wp-json\/wp\/v2\/types\/product"}],"replies":[{"embeddable":true,"href":"https:\/\/havamall.vn\/en\/wp-json\/wp\/v2\/comments?post=13170"}],"version-history":[{"count":0,"href":"https:\/\/havamall.vn\/en\/wp-json\/wp\/v2\/product\/13170\/revisions"}],"wp:featuredmedia":[{"embeddable":true,"href":"https:\/\/havamall.vn\/en\/wp-json\/wp\/v2\/media\/24118"}],"wp:attachment":[{"href":"https:\/\/havamall.vn\/en\/wp-json\/wp\/v2\/media?parent=13170"}],"wp:term":[{"taxonomy":"product_brand","embeddable":true,"href":"https:\/\/havamall.vn\/en\/wp-json\/wp\/v2\/product_brand?post=13170"},{"taxonomy":"product_cat","embeddable":true,"href":"https:\/\/havamall.vn\/en\/wp-json\/wp\/v2\/product_cat?post=13170"},{"taxonomy":"product_tag","embeddable":true,"href":"https:\/\/havamall.vn\/en\/wp-json\/wp\/v2\/product_tag?post=13170"}],"curies":[{"name":"wp","href":"https:\/\/api.w.org\/{rel}","templated":true}]}}