{"id":13165,"date":"2019-12-16T14:49:20","date_gmt":"2019-12-16T07:49:20","guid":{"rendered":"https:\/\/havamall.vn\/?post_type=product&#038;p=13165"},"modified":"2022-01-08T15:34:00","modified_gmt":"2022-01-08T08:34:00","slug":"set-qua-tet-tai-loc-hop-5-san-pham","status":"publish","type":"product","link":"https:\/\/havamall.vn\/en\/shop\/set-qua-tet-tai-loc-hop-5-san-pham\/","title":{"rendered":"Set Qu\u00e0 T\u1ebft &#8220;S\u1ebb Chia&#8221; &#8211; H\u1ed9p 6 S\u1ea3n Ph\u1ea9m"},"content":{"rendered":"<p id=\"id_5df6e72e920898549238044\" class=\"text_exposed_root text_exposed\">H\u1ed9p qu\u00e0 t\u1eb7ng c\u1ee9ng c\u00e1p, ch\u1eafc ch\u1eafn v\u00e0 \u0111\u01b0\u1ee3c \u00e9p nh\u0169 sang tr\u1ecdng, trang nh\u00e3 v\u00e0 tinh t\u1ebf. B\u00ean tr\u00ean n\u1eafp h\u1ed9p \u0111\u01b0\u1ee3c v\u1ebd nh\u1eefng h\u1ecda ti\u1ebft m\u00f9a xu\u00e2n t\u01b0\u01a1i m\u1edbi v\u00e0 \u0111\u1eb9p m\u1eaft<\/p>\n<h4><strong>\u00a0Nh\u1eefng \u0111i\u1ec3m \u0111\u1ed9c \u0111\u00e1o c\u1ee7a s\u1ea3n ph\u1ea9m qu\u00e0 T\u1ebft shop HAVAMALL:<\/strong><\/h4>\n<p>&#8211; To\u00e0n b\u1ed9 h\u00e0ng h\u00f3a \u0111\u1ec1u l\u00e0 h\u00e0ng nh\u1eadp kh\u1ea9u nguy\u00ean \u0111ai nguy\u00ean ki\u1ec7n khi\u1ebfn ng\u01b0\u1eddi nh\u1eadn c\u1ea3m th\u1ea5y v\u00f4 c\u00f9ng \u1ea5n t\u01b0\u1ee3ng. H\u1ed9p qu\u00e0 c\u00f3 m\u00e0u s\u1eafc, ki\u1ec3u d\u00e1ng r\u1ea5t nh\u00e3 nh\u1eb7n, \u0111a d\u1ea1ng v\u00e0 \u0111\u1ed9c \u0111\u00e1o.<br \/>\n&#8211; N\u00f3i kh\u00f4ng v\u1edbi h\u00e0ng gi\u1ea3, h\u00e0ng k\u00e9m ch\u1ea5t l\u01b0\u1ee3ng. T\u1ea5t c\u1ea3 \u0111\u1ec1u \u0111\u01b0\u1ee3c ki\u1ec3m \u0111\u1ecbnh ch\u1eb7t ch\u1ebd, 100% s\u1ea3n ph\u1ea9m ch\u00ednh han<\/p>\n<p>&#8211; V\u00f4 c\u00f9ng ti\u1ec7n l\u1ee3i khi b\u1ea1n c\u00f3 th\u1ec3 ho\u00e0n to\u00e0n y\u00ean t\u00e2m d\u00f9 \u0111\u00f3ng g\u00f3i s\u1eb5n nh\u01b0ng c\u00e1c s\u1ea3n ph\u1ea9m trong gi\u1ecf qu\u00e0 v\u1eabn \u0111\u1ea1t ch\u1ea5t l\u01b0\u1ee3ng cao, \u0111\u1ea3m b\u1ea3o t\u00ednh \u0111\u1eb3ng c\u1ea5p, sang tr\u1ecdng.<\/p>\n<h4><strong>Nh\u1eefng s\u1ea3n ph\u1ea9m b\u00ean trong h\u1ed9p:<\/strong><\/h4>\n<h3 class=\"product_title entry-title\"><strong>\u25aa\ufe0f R\u01b0\u1ee3u Soju<\/strong><\/h3>\n<p>Soju c\u00f3 ngu\u1ed3n g\u1ed1c t\u1eeb H\u00e0n Qu\u1ed1c, n\u01a1i \u0111\u1ea7u ti\u00ean \u0111\u01b0\u1ee3c ch\u01b0ng c\u1ea5t v\u00e0o kho\u1ea3ng th\u1ebf k\u1ef7 14. Sau nhi\u1ec1u mong \u0111\u1ee3i c\u1ee7a m\u1ecdi ng\u01b0\u1eddi nh\u1ea5t l\u00e0 ch\u1ecb em ph\u1ee5 n\u1eef th\u00ec d\u00f2ng soju v\u1ecb nho Green Grape c\u1ee7a Jinro cho ra m\u1eaft g\u1ea7n \u0111\u00e2y v\u1edbi h\u01b0\u01a1ng th\u01a1m d\u1ecbu d\u00e0ng. Sochu hoa qu\u1ea3 v\u1ecb nho n\u00e0y \u0111\u00e3 nhanh ch\u00f3ng chi\u1ebfm \u0111\u01b0\u1ee3c c\u1ea3m t\u00ecnh c\u1ee7a th\u1ef1c kh\u00e1ch.<\/p>\n<p><img fetchpriority=\"high\" decoding=\"async\" class=\"wp-image-24705 aligncenter\" src=\"https:\/\/havamall.vn\/wp-content\/uploads\/2019\/12\/135586011_1071328356664323_2463151155581468460_n-300x200.jpg\" alt=\"\" width=\"731\" height=\"487\" srcset=\"https:\/\/havamall.vn\/wp-content\/uploads\/2019\/12\/135586011_1071328356664323_2463151155581468460_n-300x200.jpg 300w, https:\/\/havamall.vn\/wp-content\/uploads\/2019\/12\/135586011_1071328356664323_2463151155581468460_n-430x287.jpg 430w, https:\/\/havamall.vn\/wp-content\/uploads\/2019\/12\/135586011_1071328356664323_2463151155581468460_n-150x100.jpg 150w, https:\/\/havamall.vn\/wp-content\/uploads\/2019\/12\/135586011_1071328356664323_2463151155581468460_n-700x467.jpg 700w, https:\/\/havamall.vn\/wp-content\/uploads\/2019\/12\/135586011_1071328356664323_2463151155581468460_n-768x512.jpg 768w, https:\/\/havamall.vn\/wp-content\/uploads\/2019\/12\/135586011_1071328356664323_2463151155581468460_n-1024x683.jpg 1024w, https:\/\/havamall.vn\/wp-content\/uploads\/2019\/12\/135586011_1071328356664323_2463151155581468460_n-1200x800.jpg 1200w, https:\/\/havamall.vn\/wp-content\/uploads\/2019\/12\/135586011_1071328356664323_2463151155581468460_n-600x400.jpg 600w, https:\/\/havamall.vn\/wp-content\/uploads\/2019\/12\/135586011_1071328356664323_2463151155581468460_n.jpg 1500w\" sizes=\"(max-width: 731px) 100vw, 731px\" \/><\/p>\n<h3 class=\"product_title entry-title\"><strong>\u25aa\ufe0f\u00a0H\u1ea1t \u0111i\u1ec1u v\u1ecf l\u1ee5a 120g<\/strong><\/h3>\n<h3 class=\"product_title entry-title\"><strong>\u25aa\ufe0f\u00a0C\u00e0 ph\u00ea Alambe 230g<\/strong><\/h3>\n<p>Th\u00e1ng 12 n\u0103m 2018 th\u01b0\u01a1ng hi\u1ec7u c\u00e0 ph\u00ea\u00a0ALAMB\u00c9 \u2013\u00a0FINEST VIETNAMESE COFFEE\u00a0\u0111\u01b0\u1ee3c ra \u0111\u1eddi. Th\u01b0\u01a1ng hi\u1ec7u\u00a0ALAMB\u00c9\u00a0th\u1ec3 hi\u1ec7n chuy\u00ean m\u00f4n v\u1ec1 c\u00e0 ph\u00ea c\u1ee7a \u00f4ng Alex Gruber, b\u00ed quy\u1ebft rang xay k\u1ef3 di\u1ec7u c\u1ee7a \u00f4ng Hi\u1ec7p Ph\u1ea1m v\u00e0 con m\u1eaft ngh\u1ec7 thu\u1eadt c\u1ee7a Bernadette Gruber. C\u00f4ng ty ch\u00ednh th\u1ee9c b\u1eaft \u0111\u1ea7u ho\u1ea1t \u0111\u1ed9ng t\u1ea1i nh\u00e0 m\u00e1y m\u1edbi \u1edf qu\u1eadn Th\u1ee7 \u0110\u1ee9c, th\u00e0nh ph\u1ed1 H\u1ed3 Ch\u00ed Minh v\u00e0o th\u00e1ng 7 n\u0103m 2019.<\/p>\n<p>ALAMB\u00c9\u00a0mong mu\u1ed1n mang \u0111\u1ebfn cho kh\u00e1ch h\u00e0ng nh\u1eefng ly c\u00e0 ph\u00ea Vi\u1ec7t Nam h\u1ea3o h\u1ea1ng nh\u1ea5t, c\u00f9ng v\u1edbi s\u1ef1 h\u1ee3p t\u00e1c l\u00e2u d\u00e0i c\u00f9ng c\u00e1c nh\u00e0 cung c\u1ea5p c\u1ee7a ch\u00fang t\u00f4i theo h\u01b0\u1edbng canh t\u00e1c c\u00f3 tr\u00e1ch nhi\u1ec7m, b\u1ec1n v\u1eefng v\u00e0 th\u00e2n thi\u1ec7n v\u1edbi m\u00f4i tr\u01b0\u1eddng.<\/p>\n<p><img decoding=\"async\" class=\"wp-image-23108 aligncenter\" src=\"https:\/\/havamall.vn\/wp-content\/uploads\/2021\/10\/c\u00e0-ph\u00ea-xay-s\u00e0i-g\u00f2n-300x80.png\" alt=\"\" width=\"719\" height=\"192\" srcset=\"https:\/\/havamall.vn\/wp-content\/uploads\/2021\/10\/c\u00e0-ph\u00ea-xay-s\u00e0i-g\u00f2n-300x80.png 300w, https:\/\/havamall.vn\/wp-content\/uploads\/2021\/10\/c\u00e0-ph\u00ea-xay-s\u00e0i-g\u00f2n-430x114.png 430w, https:\/\/havamall.vn\/wp-content\/uploads\/2021\/10\/c\u00e0-ph\u00ea-xay-s\u00e0i-g\u00f2n-150x40.png 150w, https:\/\/havamall.vn\/wp-content\/uploads\/2021\/10\/c\u00e0-ph\u00ea-xay-s\u00e0i-g\u00f2n-700x186.png 700w, https:\/\/havamall.vn\/wp-content\/uploads\/2021\/10\/c\u00e0-ph\u00ea-xay-s\u00e0i-g\u00f2n-768x204.png 768w, https:\/\/havamall.vn\/wp-content\/uploads\/2021\/10\/c\u00e0-ph\u00ea-xay-s\u00e0i-g\u00f2n-1024x272.png 1024w, https:\/\/havamall.vn\/wp-content\/uploads\/2021\/10\/c\u00e0-ph\u00ea-xay-s\u00e0i-g\u00f2n-1200x319.png 1200w, https:\/\/havamall.vn\/wp-content\/uploads\/2021\/10\/c\u00e0-ph\u00ea-xay-s\u00e0i-g\u00f2n-600x159.png 600w, https:\/\/havamall.vn\/wp-content\/uploads\/2021\/10\/c\u00e0-ph\u00ea-xay-s\u00e0i-g\u00f2n.png 1920w\" sizes=\"(max-width: 719px) 100vw, 719px\" \/><\/p>\n<p>M\u1ed9t t\u00e1ch c\u00e0 ph\u00ea th\u01a1m ng\u00e0o ng\u1ea1t, ph\u1ea3ng ph\u1ea5t l\u00e0 m\u00f3n qu\u00e0 t\u1ef1 th\u01b0\u1edfng tuy\u1ec7t v\u1eddi nh\u1ea5t cho nh\u1eefng ai m\u00ea \u0111\u1eafm tinh ch\u1ea5t nguy\u00ean b\u1ea3n nh\u1ea5t c\u1ee7a c\u00e0 ph\u00ea. T\u1eebng h\u1ea1t c\u00e0 ph\u00ea t\u1ea1i\u00a0ALAMB\u00c9 \u2013\u00a0Finest Vietnamese Coffee\u00a0\u0111\u1ec1u ph\u1ea3i v\u01b0\u1ee3t qua nh\u1eefng &#8220;th\u1eed th\u00e1ch&#8221; ch\u1eb7t ch\u1ebd v\u1ec1 ch\u1ea5t l\u01b0\u1ee3ng gieo tr\u1ed3ng, vun d\u01b0\u1ee1ng \u0111\u1ec3 ch\u1eaft l\u1ecdc ra nh\u1eefng gi\u1ecdt c\u00e0 ph\u00ea tinh ch\u1ea5t v\u00e0 nguy\u00ean b\u1ea3n nh\u1ea5t.<\/p>\n<p><img decoding=\"async\" class=\"wp-image-23157 aligncenter\" src=\"https:\/\/havamall.vn\/wp-content\/uploads\/2021\/10\/kon-tum-1-300x300.png\" alt=\"\" width=\"718\" height=\"718\" srcset=\"https:\/\/havamall.vn\/wp-content\/uploads\/2021\/10\/kon-tum-1-300x300.png 300w, https:\/\/havamall.vn\/wp-content\/uploads\/2021\/10\/kon-tum-1-430x430.png 430w, https:\/\/havamall.vn\/wp-content\/uploads\/2021\/10\/kon-tum-1-150x150.png 150w, https:\/\/havamall.vn\/wp-content\/uploads\/2021\/10\/kon-tum-1-700x700.png 700w, https:\/\/havamall.vn\/wp-content\/uploads\/2021\/10\/kon-tum-1-768x768.png 768w, https:\/\/havamall.vn\/wp-content\/uploads\/2021\/10\/kon-tum-1-600x600.png 600w, https:\/\/havamall.vn\/wp-content\/uploads\/2021\/10\/kon-tum-1-100x100.png 100w, https:\/\/havamall.vn\/wp-content\/uploads\/2021\/10\/kon-tum-1.png 960w\" sizes=\"(max-width: 718px) 100vw, 718px\" \/><\/p>\n<h3 class=\"product_title entry-title\"><strong>\u25aa\ufe0f\u00a0H\u01b0\u1edbng d\u01b0\u01a1ng Martin 200g<\/strong><\/h3>\n<p>H\u1ea1t h\u01b0\u1edbng d\u01b0\u01a1ng MARTIN l\u00e0 m\u1ed9t s\u1ea3n ph\u1ea9m n\u1ed5i ti\u1ebfng c\u00f3 t\u01b0 l\u00e2u \u0111\u1eddi, mang n\u00e9t \u0111\u1eb9p \u0111\u1eb7c tr\u01b0ng, \u00a0truy\u1ec1n th\u1ed1ng c\u1ee7a Nga. H\u1ea1t r\u1ea5t th\u01a1m, h\u1ea1t m\u1ea9y v\u00e0 \u0111\u1ea7y, kh\u00f4ng b\u1ecb l\u00e9p, \u0103n nhi\u1ec1u kh\u00f4ng b\u1ecb ho hay kh\u1ea3n c\u1ed5 cho ng\u01b0\u1eddi s\u1eed d\u1ee5ng nh\u01b0 h\u1ea1t h\u01b0\u1edbng d\u01b0\u01a1ng th\u00f4ng th\u01b0\u1eddng.\u00a0Khi \u0103n b\u1ea1n s\u1ebd c\u1ea3m nh\u1eadn \u0111\u01b0\u1ee3c h\u01b0\u01a1ng th\u01a1m h\u00f2a quy\u1ec7n v\u1edbi v\u1ecb ng\u1ecdt b\u00f9i b\u00f9i b\u00e9o.<\/p>\n<p>S\u1ea3n ph\u1ea7m th\u00edch h\u1ee3p cho c\u00e1c d\u1ecbp \u0111\u00e1m c\u01b0\u1edbi v\u00e0 c\u00e1c nghi l\u1ec5 quan tr\u1ecdng nh\u01b0ng c\u1ea7n s\u1ef1 sang tr\u1ecdng, d\u00f9ng l\u00e0m qu\u00e0 bi\u1ebfu ho\u1eb7c c\u00f3 th\u1ec3 d\u00f9ng \u0111\u1ec3 nh\u00e2m nhi ng\u00e0y t\u1ebft.<\/p>\n<p>H\u01b0\u1edbng d\u01b0\u01a1ng l\u00e0 lo\u1ea1i h\u1ea1t c\u00f3 gi\u00e1 tr\u1ecb dinh d\u01b0\u1ee1ng r\u1ea5t cao, ch\u1ee9a nhi\u1ec1u lo\u1ea1i vitamin, protein, s\u1eaft, canxi v\u00e0 photpho. Ch\u00ednh v\u00ec th\u1ebf, vi\u1ec7c \u0103n m\u1ed9t n\u1eafm h\u01b0\u1edbng d\u01b0\u01a1ng m\u1ed7i ng\u00e0y s\u1ebd gi\u00fap t\u0103ng c\u01b0\u1eddng tr\u00ed nh\u1edb, ng\u0103n ng\u1eeba l\u00e3o h\u00f3a gi\u00fap c\u00e1c ch\u1ecb nh\u00e0 ta k\u00e9o d\u00e0i s\u1ee9c kh\u1ecfe v\u00e0 tu\u1ed5i thanh xu\u00e2n \u0111\u1ea5y \u1ea1.<\/p>\n<h3 class=\"product_title entry-title\"><strong>\u25aa\ufe0f\u00a0B\u1ed9t Cacao H\u1eefu C\u01a1 Kaoka 250g<\/strong><\/h3>\n<p><span style=\"font-weight: 400\">Cacao kh\u00f4ng ch\u1ec9 \u0111\u01a1n thu\u1ea7n l\u00e0 m\u1ed9t th\u1ef1c ph\u1ea9m \u0111\u01b0\u1ee3c v\u00ed l\u00e0 dinh d\u01b0\u1ee1ng h\u1ea1nh ph\u00fac. N\u00f3 c\u00f3 m\u1ed9t l\u01b0\u1ee3ng ch\u1ea5t ch\u1ed1ng oxy h\u00f3a v\u00e0 kho\u00e1ng ch\u1ea5t phi th\u01b0\u1eddng c\u00f3 th\u1ec3 gi\u1eef cho ch\u00fang ta kh\u1ecfe m\u1ea1nh.\u00a0\u0110\u01b0\u1ee3c m\u1ec7nh danh l\u00e0 &#8220;th\u1ef1c ph\u1ea9m c\u1ee7a Ch\u00faa&#8221;, b\u1edfi cacao c\u00f3 ch\u1ee9a h\u00e0m l\u01b0\u1ee3ng magi\u00ea v\u00e0 ch\u1ea5t ch\u1ed1ng oxy ho\u00e1 cao h\u01a1n b\u1ea5t k\u00ec lo\u1ea1i th\u1ef1c ph\u1ea9m n\u00e0o kh\u00e1c.<\/span><\/p>\n<p><img loading=\"lazy\" decoding=\"async\" class=\"wp-image-21418 aligncenter\" src=\"https:\/\/havamall.vn\/wp-content\/uploads\/2021\/08\/hku-235x300.png\" alt=\"\" width=\"720\" height=\"919\" srcset=\"https:\/\/havamall.vn\/wp-content\/uploads\/2021\/08\/hku-235x300.png 235w, https:\/\/havamall.vn\/wp-content\/uploads\/2021\/08\/hku-430x548.png 430w, https:\/\/havamall.vn\/wp-content\/uploads\/2021\/08\/hku-150x191.png 150w, https:\/\/havamall.vn\/wp-content\/uploads\/2021\/08\/hku-700x893.png 700w, https:\/\/havamall.vn\/wp-content\/uploads\/2021\/08\/hku-768x979.png 768w, https:\/\/havamall.vn\/wp-content\/uploads\/2021\/08\/hku-803x1024.png 803w, https:\/\/havamall.vn\/wp-content\/uploads\/2021\/08\/hku-600x765.png 600w, https:\/\/havamall.vn\/wp-content\/uploads\/2021\/08\/hku.png 1065w\" sizes=\"(max-width: 720px) 100vw, 720px\" \/><\/p>\n<h3 class=\"product_title entry-title\"><strong>\u25aa\ufe0f\u00a0H\u1ea1t Chia H\u1eefu C\u01a1 200g<\/strong><\/h3>\n<div class=\"o9v6fnle cxmmr5t8 oygrvhab hcukyx3x c1et5uql ii04i59q\">\n<div class=\"o9v6fnle cxmmr5t8 oygrvhab hcukyx3x c1et5uql ii04i59q\">\n<p dir=\"auto\">H\u1ea1t chia c\u00f3 ngu\u1ed3n g\u1ed1c t\u1eeb Mexico, h\u1ea1t chia l\u00e0 ngu\u1ed3n cung c\u1ea5p ch\u1ea5t x\u01a1 v\u00e0 omega-3 tuy\u1ec7t v\u1eddi, r\u1ea5t c\u00f3 l\u1ee3i cho tim m\u1ea1ch v\u00e0 h\u1ec7 ti\u00eau h\u00f3a, c\u00f3 hi\u1ec7u qu\u1ea3 cao trong vi\u1ec7c ng\u0103n ng\u1eeba ung th\u01b0 v\u00fa v\u00e0 ung th\u01b0 c\u1ed5 t\u1eed cung. Ch\u1ee9a nhi\u1ec1u ch\u1ea5t ch\u1ed1ng oxy h\u00f3a r\u1ea5t t\u1ed1t cho da v\u00e0 ng\u0103n ng\u1eeba l\u00e3o h\u00f3a s\u1edbm. N\u00f3 c\u0169ng gi\u00e0u canxi, magi\u00ea v\u00e0 kali gi\u00fap x\u00e2y d\u1ef1ng c\u01a1 b\u1eafp kh\u1ecfe m\u1ea1nh v\u00e0 x\u01b0\u01a1ng ch\u1eafc kh\u1ecfe. \u0102n h\u1ea1tChia th\u01b0\u1eddng xuy\u00ean gi\u00fap \u0111\u1ea9y l\u00f9i qu\u00e1 tr\u00ecnh oxy h\u00f3a b\u1eb1ng c\u00e1ch gi\u1ea3m huy\u1ebft \u00e1p v\u00e0 cholesterol.<\/p>\n<p dir=\"auto\"><img loading=\"lazy\" decoding=\"async\" class=\"wp-image-23198 aligncenter\" src=\"https:\/\/havamall.vn\/wp-content\/uploads\/2021\/11\/244789908_1186254718549591_8267850961903163464_n-300x280.png\" alt=\"\" width=\"721\" height=\"673\" srcset=\"https:\/\/havamall.vn\/wp-content\/uploads\/2021\/11\/244789908_1186254718549591_8267850961903163464_n-300x280.png 300w, https:\/\/havamall.vn\/wp-content\/uploads\/2021\/11\/244789908_1186254718549591_8267850961903163464_n-430x402.png 430w, https:\/\/havamall.vn\/wp-content\/uploads\/2021\/11\/244789908_1186254718549591_8267850961903163464_n-150x140.png 150w, https:\/\/havamall.vn\/wp-content\/uploads\/2021\/11\/244789908_1186254718549591_8267850961903163464_n-700x654.png 700w, https:\/\/havamall.vn\/wp-content\/uploads\/2021\/11\/244789908_1186254718549591_8267850961903163464_n-768x717.png 768w, https:\/\/havamall.vn\/wp-content\/uploads\/2021\/11\/244789908_1186254718549591_8267850961903163464_n-1024x956.png 1024w, https:\/\/havamall.vn\/wp-content\/uploads\/2021\/11\/244789908_1186254718549591_8267850961903163464_n-1200x1121.png 1200w, https:\/\/havamall.vn\/wp-content\/uploads\/2021\/11\/244789908_1186254718549591_8267850961903163464_n-600x560.png 600w, https:\/\/havamall.vn\/wp-content\/uploads\/2021\/11\/244789908_1186254718549591_8267850961903163464_n.png 2000w\" sizes=\"(max-width: 721px) 100vw, 721px\" \/><\/p>\n<p id=\"tw-target-text\" class=\"tw-data-text tw-text-large XcVN5d tw-ta\" dir=\"ltr\"><span class=\"Y2IQFc\" lang=\"vi\">H\u1ea1t Chia \u0111\u01b0\u1ee3c bi\u1ebft \u0111\u1ebfn r\u1ed9ng r\u00e3i h\u01a1n v\u1edbi c\u00e1i t\u00ean c\u00e2y x\u00f4 th\u01a1m T\u00e2y Ban Nha. N\u00f3 c\u1ea3i thi\u1ec7n ti\u00eau h\u00f3a, cung c\u1ea5p cho b\u1ea1n n\u0103ng l\u01b0\u1ee3ng v\u00e0 gi\u00fap ch\u1ed1ng l\u1ea1i nhi\u1ec5m tr\u00f9ng. Chia ng\u0103n ng\u1eeba b\u1ec7nh tim v\u00e0 t\u1ed1t cho n\u00e3o c\u1ee7a ch\u00fang ta. N\u00f3 c\u00f3 t\u00e1c d\u1ee5ng ch\u1ed1ng l\u00e3o h\u00f3a. N\u00f3 r\u1ea5t gi\u00e0u protein (20% &#8211; t\u1ea5t c\u1ea3 c\u00e1c axit amin c\u01a1 b\u1ea3n), ch\u1ea5t x\u01a1 (25%), kho\u00e1ng ch\u1ea5t (Ca, Mn, P, Mg, Fe, K), vitamin C, axit omega-3 (60%) v\u00e0 ch\u1ea5t ch\u1ed1ng oxy h\u00f3a.<\/span><\/p>\n<p dir=\"ltr\"><img loading=\"lazy\" decoding=\"async\" class=\"wp-image-23199 aligncenter\" src=\"https:\/\/havamall.vn\/wp-content\/uploads\/2021\/11\/71545801-300x240.png\" alt=\"\" width=\"727\" height=\"582\" srcset=\"https:\/\/havamall.vn\/wp-content\/uploads\/2021\/11\/71545801-300x240.png 300w, https:\/\/havamall.vn\/wp-content\/uploads\/2021\/11\/71545801-430x344.png 430w, https:\/\/havamall.vn\/wp-content\/uploads\/2021\/11\/71545801-150x120.png 150w, https:\/\/havamall.vn\/wp-content\/uploads\/2021\/11\/71545801-700x560.png 700w, https:\/\/havamall.vn\/wp-content\/uploads\/2021\/11\/71545801-768x614.png 768w, https:\/\/havamall.vn\/wp-content\/uploads\/2021\/11\/71545801-1024x819.png 1024w, https:\/\/havamall.vn\/wp-content\/uploads\/2021\/11\/71545801-1200x960.png 1200w, https:\/\/havamall.vn\/wp-content\/uploads\/2021\/11\/71545801-600x480.png 600w, https:\/\/havamall.vn\/wp-content\/uploads\/2021\/11\/71545801.png 1875w\" sizes=\"(max-width: 727px) 100vw, 727px\" \/><\/p>\n<p dir=\"auto\">H\u1ea1t Chia c\u00f3 k\u00edch th\u01b0\u1edbc nh\u1ecf, h\u00ecnh b\u1ea7u d\u1ee5c, v\u1ecb nh\u1ea1t, m\u00e0u s\u1eafc ch\u1ee7 y\u1ebfu l\u00e0 tr\u1eafng x\u00e1m, \u0111en. H\u1ea1t lanh ph\u1eb3ng h\u01a1n v\u00e0 to h\u01a1n h\u1ea1t chia m\u1ed9t ch\u00fat, c\u00f3 h\u01b0\u01a1ng v\u1ecb nh\u1eb9 h\u01a1n. C\u1ea3 hai lo\u1ea1i h\u1ea1t \u0111\u1ec1u c\u00f3 th\u1ec3 d\u1ec5 d\u00e0ng k\u1ebft h\u1ee3p v\u1edbi c\u00e1c nguy\u00ean li\u1ec7u kh\u00e1c t\u1ea1o th\u00e0nh m\u00f3n \u0103n ho\u00e0n ch\u1ec9nh v\u00e0 gi\u00e0u dinh d\u01b0\u1ee1ng.<\/p>\n<\/div>\n<p dir=\"auto\">H\u1ea1t Chia \u0111\u01b0\u1ee3c bi\u1ebft \u0111\u1ebfn v\u1edbi nhi\u1ec1u l\u1ee3i \u00edch cho s\u1ee9c kh\u1ecfe, mang l\u1ea1i m\u1ed9t l\u01b0\u1ee3ng ch\u1ea5t x\u01a1 v\u00e0 protein d\u1ed3i d\u00e0o trong m\u1ed7i kh\u1ea9u ph\u1ea7n \u0103n. Ch\u00fang c\u0169ng l\u00e0 ngu\u1ed3n cung c\u1ea5p axit b\u00e9o ALA omega-3 c\u00f3 ngu\u1ed3n g\u1ed1c th\u1ef1c v\u1eadt tuy\u1ec7t v\u1eddi.<\/p>\n<p dir=\"auto\"><img loading=\"lazy\" decoding=\"async\" class=\"wp-image-22821 aligncenter\" src=\"https:\/\/havamall.vn\/wp-content\/uploads\/2021\/10\/h\u1ea1t-chia-3-300x171.png\" alt=\"\" width=\"733\" height=\"418\" srcset=\"https:\/\/havamall.vn\/wp-content\/uploads\/2021\/10\/h\u1ea1t-chia-3-300x171.png 300w, https:\/\/havamall.vn\/wp-content\/uploads\/2021\/10\/h\u1ea1t-chia-3-430x245.png 430w, https:\/\/havamall.vn\/wp-content\/uploads\/2021\/10\/h\u1ea1t-chia-3-150x86.png 150w, https:\/\/havamall.vn\/wp-content\/uploads\/2021\/10\/h\u1ea1t-chia-3-700x399.png 700w, https:\/\/havamall.vn\/wp-content\/uploads\/2021\/10\/h\u1ea1t-chia-3-768x438.png 768w, https:\/\/havamall.vn\/wp-content\/uploads\/2021\/10\/h\u1ea1t-chia-3-1024x584.png 1024w, https:\/\/havamall.vn\/wp-content\/uploads\/2021\/10\/h\u1ea1t-chia-3-1200x684.png 1200w, https:\/\/havamall.vn\/wp-content\/uploads\/2021\/10\/h\u1ea1t-chia-3-600x342.png 600w, https:\/\/havamall.vn\/wp-content\/uploads\/2021\/10\/h\u1ea1t-chia-3.png 1217w\" sizes=\"(max-width: 733px) 100vw, 733px\" \/><\/p>\n<\/div>\n<div dir=\"auto\">Ch\u1ec9 c\u1ea7n m\u1ed9t mu\u1ed7ng canh (28 gram) h\u1ea1t Chia c\u00f3 th\u1ec3 \u0111\u00e1p \u1ee9ng v\u00e0 v\u01b0\u1ee3t qu\u00e1 l\u01b0\u1ee3ng axit b\u00e9o omega-3 \u0111\u01b0\u1ee3c khuy\u1ebfn ngh\u1ecb h\u00e0ng ng\u00e0y c\u1ee7a b\u1ea1n, cung c\u1ea5p m\u1ed9t con s\u1ed1 kh\u1ed5ng l\u1ed3 4.915 mg<\/div>\n<div dir=\"auto\">H\u1ea1t Chia c\u00f3 th\u1ec3 s\u1eed d\u1ee5ng cho b\u00e9 khi con b\u1ea1n s\u1eb5n s\u00e0ng b\u1eaft \u0111\u1ea7u \u0103n d\u1eb7m, n\u00f3i chung l\u00e0 kho\u1ea3ng t\u1eeb 6 th\u00e1ng tu\u1ed5i. H\u1ea1t Chia c\u0169ng l\u00e0 m\u1ed9t ngu\u1ed3n cung c\u1ea5p protein ho\u00e0n ch\u1ec9nh v\u00e0 ch\u1ee9a nhi\u1ec1u ch\u1ea5t x\u01a1 h\u00f2a tan. , gi\u00fap \u0111a d\u1ea1ng h\u00f3a h\u1ec7 vi sinh v\u1eadt v\u00e0 h\u1ed7 tr\u1ee3 ch\u1ee9c n\u0103ng ru\u1ed9t c\u1ee7a b\u00e9.<\/div>\n<div dir=\"auto\"><img loading=\"lazy\" decoding=\"async\" class=\"wp-image-22827 aligncenter\" src=\"https:\/\/havamall.vn\/wp-content\/uploads\/2021\/10\/181550074_-300x300.png\" alt=\"\" width=\"733\" height=\"733\" srcset=\"https:\/\/havamall.vn\/wp-content\/uploads\/2021\/10\/181550074_-300x300.png 300w, https:\/\/havamall.vn\/wp-content\/uploads\/2021\/10\/181550074_-430x430.png 430w, https:\/\/havamall.vn\/wp-content\/uploads\/2021\/10\/181550074_-150x150.png 150w, https:\/\/havamall.vn\/wp-content\/uploads\/2021\/10\/181550074_-700x700.png 700w, https:\/\/havamall.vn\/wp-content\/uploads\/2021\/10\/181550074_-768x768.png 768w, https:\/\/havamall.vn\/wp-content\/uploads\/2021\/10\/181550074_-600x600.png 600w, https:\/\/havamall.vn\/wp-content\/uploads\/2021\/10\/181550074_-100x100.png 100w, https:\/\/havamall.vn\/wp-content\/uploads\/2021\/10\/181550074_.png 776w\" sizes=\"(max-width: 733px) 100vw, 733px\" \/><\/div>\n<h3 class=\"product_title entry-title\"><strong>\u25aa\ufe0f\u00a0H\u1ed9p qu\u00e0 T\u1ebft Th\u1ecbnh V\u01b0\u1ee3ng size L<\/strong><\/h3>","protected":false},"excerpt":{"rendered":"<p>H\u1ed9p qu\u00e0 t\u1eb7ng c\u1ee9ng c\u00e1p, ch\u1eafc ch\u1eafn v\u00e0 \u0111\u01b0\u1ee3c \u00e9p nh\u0169 sang tr\u1ecdng, trang nh\u00e3 v\u00e0 tinh t\u1ebf. B\u00ean tr\u00ean<\/p>","protected":false},"featured_media":24702,"comment_status":"open","ping_status":"closed","template":"","meta":[],"product_brand":[],"product_cat":[409,40,36,133,135,143],"product_tag":[],"class_list":{"0":"post-13165","1":"product","2":"type-product","3":"status-publish","4":"has-post-thumbnail","6":"product_cat-hop-qua-set-qua","7":"product_cat-sieuthi-giasi","8":"product_cat-thuc-pham-tieu-dung","9":"product_cat-banh-keo-chocolate","10":"product_cat-sua-do-uong","11":"product_cat-thuc-pham-dong-hop","13":"first","14":"instock","15":"sale","16":"shipping-taxable","17":"purchasable","18":"product-type-simple"},"_links":{"self":[{"href":"https:\/\/havamall.vn\/en\/wp-json\/wp\/v2\/product\/13165"}],"collection":[{"href":"https:\/\/havamall.vn\/en\/wp-json\/wp\/v2\/product"}],"about":[{"href":"https:\/\/havamall.vn\/en\/wp-json\/wp\/v2\/types\/product"}],"replies":[{"embeddable":true,"href":"https:\/\/havamall.vn\/en\/wp-json\/wp\/v2\/comments?post=13165"}],"version-history":[{"count":0,"href":"https:\/\/havamall.vn\/en\/wp-json\/wp\/v2\/product\/13165\/revisions"}],"wp:featuredmedia":[{"embeddable":true,"href":"https:\/\/havamall.vn\/en\/wp-json\/wp\/v2\/media\/24702"}],"wp:attachment":[{"href":"https:\/\/havamall.vn\/en\/wp-json\/wp\/v2\/media?parent=13165"}],"wp:term":[{"taxonomy":"product_brand","embeddable":true,"href":"https:\/\/havamall.vn\/en\/wp-json\/wp\/v2\/product_brand?post=13165"},{"taxonomy":"product_cat","embeddable":true,"href":"https:\/\/havamall.vn\/en\/wp-json\/wp\/v2\/product_cat?post=13165"},{"taxonomy":"product_tag","embeddable":true,"href":"https:\/\/havamall.vn\/en\/wp-json\/wp\/v2\/product_tag?post=13165"}],"curies":[{"name":"wp","href":"https:\/\/api.w.org\/{rel}","templated":true}]}}