{"id":13159,"date":"2019-12-16T14:23:37","date_gmt":"2019-12-16T07:23:37","guid":{"rendered":"https:\/\/havamall.vn\/?post_type=product&#038;p=13159"},"modified":"2021-12-31T15:49:25","modified_gmt":"2021-12-31T08:49:25","slug":"set-qua-tet-thinh-vuong-hop-6-san-pham","status":"publish","type":"product","link":"https:\/\/havamall.vn\/en\/shop\/set-qua-tet-thinh-vuong-hop-6-san-pham\/","title":{"rendered":"Set Qu\u00e0 T\u1ebft &#8220;Th\u1ecbnh V\u01b0\u1ee3ng&#8221; &#8211; H\u1ed9p 6 S\u1ea3n Ph\u1ea9m"},"content":{"rendered":"<p><strong>Set TH\u1ecaNH V\u01af\u1ee2NG<\/strong>: H\u1ed9p qu\u00e0 t\u1eb7ng c\u1ee9ng c\u00e1p, ch\u1eafc ch\u1eafn v\u00e0 \u0111\u01b0\u1ee3c \u00e9p nh\u0169 sang tr\u1ecdng, trang nh\u00e3 v\u00e0 tinh t\u1ebf. B\u00ean tr\u00ean n\u1eafp h\u1ed9p \u0111\u01b0\u1ee3c v\u1ebd nh\u1eefng h\u1ecda ti\u1ebft m\u00f9a xu\u00e2n t\u01b0\u01a1i m\u1edbi v\u00e0 \u0111\u1eb9p m\u1eaft<\/p>\n<h4><strong>\u00a0Nh\u1eefng \u0111i\u1ec3m \u0111\u1ed9c \u0111\u00e1o c\u1ee7a s\u1ea3n ph\u1ea9m qu\u00e0 T\u1ebft shop HAVAMALL:<\/strong><\/h4>\n<p>&#8211; To\u00e0n b\u1ed9 h\u00e0ng h\u00f3a \u0111\u1ec1u l\u00e0 h\u00e0ng nh\u1eadp kh\u1ea9u nguy\u00ean \u0111ai nguy\u00ean ki\u1ec7n khi\u1ebfn ng\u01b0\u1eddi nh\u1eadn c\u1ea3m th\u1ea5y v\u00f4 c\u00f9ng \u1ea5n t\u01b0\u1ee3ng. H\u1ed9p qu\u00e0 c\u00f3 m\u00e0u s\u1eafc, ki\u1ec3u d\u00e1ng r\u1ea5t nh\u00e3 nh\u1eb7n, \u0111a d\u1ea1ng v\u00e0 \u0111\u1ed9c \u0111\u00e1o.<br \/>\n&#8211; N\u00f3i kh\u00f4ng v\u1edbi h\u00e0ng gi\u1ea3, h\u00e0ng k\u00e9m ch\u1ea5t l\u01b0\u1ee3ng. T\u1ea5t c\u1ea3 \u0111\u1ec1u \u0111\u01b0\u1ee3c ki\u1ec3m \u0111\u1ecbnh ch\u1eb7t ch\u1ebd, 100% s\u1ea3n ph\u1ea9m ch\u00ednh han<\/p>\n<p>&#8211; V\u00f4 c\u00f9ng ti\u1ec7n l\u1ee3i khi b\u1ea1n c\u00f3 th\u1ec3 ho\u00e0n to\u00e0n y\u00ean t\u00e2m d\u00f9 \u0111\u00f3ng g\u00f3i s\u1eb5n nh\u01b0ng c\u00e1c s\u1ea3n ph\u1ea9m trong gi\u1ecf qu\u00e0 v\u1eabn \u0111\u1ea1t ch\u1ea5t l\u01b0\u1ee3ng cao, \u0111\u1ea3m b\u1ea3o t\u00ednh \u0111\u1eb3ng c\u1ea5p, sang tr\u1ecdng.<\/p>\n<h4><strong>Nh\u1eefng s\u1ea3n ph\u1ea9m b\u00ean trong h\u1ed9p:<\/strong><\/h4>\n<h3 class=\"product_title entry-title\"><strong>\u25aa\ufe0f\u00a0Alambe Rang Xay 230g<\/strong><\/h3>\n<p>Th\u00e1ng 12 n\u0103m 2018 th\u01b0\u01a1ng hi\u1ec7u c\u00e0 ph\u00ea\u00a0ALAMB\u00c9 \u2013\u00a0FINEST VIETNAMESE COFFEE\u00a0\u0111\u01b0\u1ee3c ra \u0111\u1eddi. Th\u01b0\u01a1ng hi\u1ec7u\u00a0ALAMB\u00c9\u00a0th\u1ec3 hi\u1ec7n chuy\u00ean m\u00f4n v\u1ec1 c\u00e0 ph\u00ea c\u1ee7a \u00f4ng Alex Gruber, b\u00ed quy\u1ebft rang xay k\u1ef3 di\u1ec7u c\u1ee7a \u00f4ng Hi\u1ec7p Ph\u1ea1m v\u00e0 con m\u1eaft ngh\u1ec7 thu\u1eadt c\u1ee7a Bernadette Gruber. C\u00f4ng ty ch\u00ednh th\u1ee9c b\u1eaft \u0111\u1ea7u ho\u1ea1t \u0111\u1ed9ng t\u1ea1i nh\u00e0 m\u00e1y m\u1edbi \u1edf qu\u1eadn Th\u1ee7 \u0110\u1ee9c, th\u00e0nh ph\u1ed1 H\u1ed3 Ch\u00ed Minh v\u00e0o th\u00e1ng 7 n\u0103m 2019.<\/p>\n<p>ALAMB\u00c9\u00a0mong mu\u1ed1n mang \u0111\u1ebfn cho kh\u00e1ch h\u00e0ng nh\u1eefng ly c\u00e0 ph\u00ea Vi\u1ec7t Nam h\u1ea3o h\u1ea1ng nh\u1ea5t, c\u00f9ng v\u1edbi s\u1ef1 h\u1ee3p t\u00e1c l\u00e2u d\u00e0i c\u00f9ng c\u00e1c nh\u00e0 cung c\u1ea5p c\u1ee7a ch\u00fang t\u00f4i theo h\u01b0\u1edbng canh t\u00e1c c\u00f3 tr\u00e1ch nhi\u1ec7m, b\u1ec1n v\u1eefng v\u00e0 th\u00e2n thi\u1ec7n v\u1edbi m\u00f4i tr\u01b0\u1eddng.<\/p>\n<p><img fetchpriority=\"high\" decoding=\"async\" class=\"wp-image-23108 aligncenter\" src=\"https:\/\/havamall.vn\/wp-content\/uploads\/2021\/10\/c\u00e0-ph\u00ea-xay-s\u00e0i-g\u00f2n-300x80.png\" alt=\"\" width=\"750\" height=\"200\" srcset=\"https:\/\/havamall.vn\/wp-content\/uploads\/2021\/10\/c\u00e0-ph\u00ea-xay-s\u00e0i-g\u00f2n-300x80.png 300w, https:\/\/havamall.vn\/wp-content\/uploads\/2021\/10\/c\u00e0-ph\u00ea-xay-s\u00e0i-g\u00f2n-430x114.png 430w, https:\/\/havamall.vn\/wp-content\/uploads\/2021\/10\/c\u00e0-ph\u00ea-xay-s\u00e0i-g\u00f2n-150x40.png 150w, https:\/\/havamall.vn\/wp-content\/uploads\/2021\/10\/c\u00e0-ph\u00ea-xay-s\u00e0i-g\u00f2n-700x186.png 700w, https:\/\/havamall.vn\/wp-content\/uploads\/2021\/10\/c\u00e0-ph\u00ea-xay-s\u00e0i-g\u00f2n-768x204.png 768w, https:\/\/havamall.vn\/wp-content\/uploads\/2021\/10\/c\u00e0-ph\u00ea-xay-s\u00e0i-g\u00f2n-1024x272.png 1024w, https:\/\/havamall.vn\/wp-content\/uploads\/2021\/10\/c\u00e0-ph\u00ea-xay-s\u00e0i-g\u00f2n-1200x319.png 1200w, https:\/\/havamall.vn\/wp-content\/uploads\/2021\/10\/c\u00e0-ph\u00ea-xay-s\u00e0i-g\u00f2n-600x159.png 600w, https:\/\/havamall.vn\/wp-content\/uploads\/2021\/10\/c\u00e0-ph\u00ea-xay-s\u00e0i-g\u00f2n.png 1920w\" sizes=\"(max-width: 750px) 100vw, 750px\" \/><\/p>\n<p>M\u1ed9t t\u00e1ch c\u00e0 ph\u00ea th\u01a1m ng\u00e0o ng\u1ea1t, ph\u1ea3ng ph\u1ea5t l\u00e0 m\u00f3n qu\u00e0 t\u1ef1 th\u01b0\u1edfng tuy\u1ec7t v\u1eddi nh\u1ea5t cho nh\u1eefng ai m\u00ea \u0111\u1eafm tinh ch\u1ea5t nguy\u00ean b\u1ea3n nh\u1ea5t c\u1ee7a c\u00e0 ph\u00ea. T\u1eebng h\u1ea1t c\u00e0 ph\u00ea t\u1ea1i\u00a0ALAMB\u00c9 \u2013\u00a0Finest Vietnamese Coffee\u00a0\u0111\u1ec1u ph\u1ea3i v\u01b0\u1ee3t qua nh\u1eefng &#8220;th\u1eed th\u00e1ch&#8221; ch\u1eb7t ch\u1ebd v\u1ec1 ch\u1ea5t l\u01b0\u1ee3ng gieo tr\u1ed3ng, vun d\u01b0\u1ee1ng \u0111\u1ec3 ch\u1eaft l\u1ecdc ra nh\u1eefng gi\u1ecdt c\u00e0 ph\u00ea tinh ch\u1ea5t v\u00e0 nguy\u00ean b\u1ea3n nh\u1ea5t.<\/p>\n<p><img decoding=\"async\" class=\"wp-image-23157 aligncenter\" src=\"https:\/\/havamall.vn\/wp-content\/uploads\/2021\/10\/kon-tum-1-300x300.png\" alt=\"\" width=\"739\" height=\"739\" srcset=\"https:\/\/havamall.vn\/wp-content\/uploads\/2021\/10\/kon-tum-1-300x300.png 300w, https:\/\/havamall.vn\/wp-content\/uploads\/2021\/10\/kon-tum-1-430x430.png 430w, https:\/\/havamall.vn\/wp-content\/uploads\/2021\/10\/kon-tum-1-150x150.png 150w, https:\/\/havamall.vn\/wp-content\/uploads\/2021\/10\/kon-tum-1-700x700.png 700w, https:\/\/havamall.vn\/wp-content\/uploads\/2021\/10\/kon-tum-1-768x768.png 768w, https:\/\/havamall.vn\/wp-content\/uploads\/2021\/10\/kon-tum-1-600x600.png 600w, https:\/\/havamall.vn\/wp-content\/uploads\/2021\/10\/kon-tum-1-100x100.png 100w, https:\/\/havamall.vn\/wp-content\/uploads\/2021\/10\/kon-tum-1.png 960w\" sizes=\"(max-width: 739px) 100vw, 739px\" \/><\/p>\n<h3 class=\"product_title entry-title\"><strong>\u25aa\ufe0f\u00a0Tr\u00e0 Tess tr\u00e1i c\u00e2y 36g<\/strong><\/h3>\n<p>Tr\u00e0 TESS c\u00f3 m\u1eb7t tr\u00ean th\u1ecb tr\u01b0\u1eddng t\u1eeb n\u0103m 2007. H\u00e3ng s\u1ea3n xu\u1ea5t c\u00e1c lo\u1ea1i tr\u00e0 ch\u00ednh l\u00e0 tr\u00e0 \u0111en, tr\u00e0 xanh, tr\u00e0 th\u1ea3o m\u1ed9c v\u00e0 tr\u00e0 hoa qu\u1ea3 . S\u1ea3n ph\u1ea9m thu\u1ed9c s\u1edf h\u1eefu c\u1ee7a c\u00f4ng ty ORIMI TRADE . \u0110\u00e2y l\u00e0 th\u01b0\u01a1ng hi\u1ec7u b\u1ed5 xung sau khi th\u01b0\u01a1ng hi\u1ec7u Greenfield \u0111\u00e3 \u0111\u01b0\u1ee3c ORIMI TRADE ra m\u1eaft . M\u1ed7i n\u0103m c\u00f4ng ty \u0111\u1ec1u c\u1ed1 g\u1eafng t\u1ea1o ra h\u01b0\u01a1ng v\u1ecb ho\u1eb7c h\u01b0\u01a1ng th\u01a1m m\u1edbi v\u00e0 \u0111\u01b0\u1ee3c c\u00f4ng ch\u00fang \u0111\u00f3n nh\u1eadn r\u1ea5t n\u1ed3ng nhi\u1ec7t. \u0110\u1eb7c bi\u1ec7t l\u00e0 gi\u1edbi tr\u1ebb, nh\u1eefng ng\u01b0\u1eddi lu\u00f4n mu\u1ed1n t\u00ecm hi\u1ec3u v\u00e0 kh\u00e1m ph\u00e1 nh\u1eefng \u0111i\u1ec1u m\u1edbi m\u1ebb.<\/p>\n<p><img decoding=\"async\" class=\"wp-image-24199 aligncenter\" src=\"https:\/\/havamall.vn\/wp-content\/uploads\/2021\/12\/c90962cd-45-300x186.png\" alt=\"\" width=\"747\" height=\"463\" srcset=\"https:\/\/havamall.vn\/wp-content\/uploads\/2021\/12\/c90962cd-45-300x186.png 300w, https:\/\/havamall.vn\/wp-content\/uploads\/2021\/12\/c90962cd-45-430x266.png 430w, https:\/\/havamall.vn\/wp-content\/uploads\/2021\/12\/c90962cd-45-150x93.png 150w, https:\/\/havamall.vn\/wp-content\/uploads\/2021\/12\/c90962cd-45-700x433.png 700w, https:\/\/havamall.vn\/wp-content\/uploads\/2021\/12\/c90962cd-45-768x475.png 768w, https:\/\/havamall.vn\/wp-content\/uploads\/2021\/12\/c90962cd-45-600x371.png 600w, https:\/\/havamall.vn\/wp-content\/uploads\/2021\/12\/c90962cd-45.png 970w\" sizes=\"(max-width: 747px) 100vw, 747px\" \/><\/p>\n<h3 class=\"product_title entry-title\"><strong>\u25aa\ufe0f\u00a0B\u00e1nh Tr\u1ee9ng Mu\u1ed1i H\u1ed9p\u00a0<\/strong><\/h3>\n<h3 class=\"product_title entry-title\"><strong>\u25aa\ufe0f\u00a0K\u1eb9o Merletto Premium 150g<\/strong><\/h3>\n<p>Socola Merletto Premium c\u1ee7a Nga v\u1edbi 2 m\u00e0u h\u1ed3ng t\u01b0\u1ee3ng tr\u01b0ng cho hoa \u0111\u00e0o, v\u00e0ng t\u01b0\u1ee3ng tr\u01b0ng cho hoa mai. Socola Merletto v\u1edbi th\u00e0nh ph\u1ea7n ph\u1ee7 socola cao c\u1ea5p, m\u1ee9t anh \u0111\u00e0o, k\u1eb9o caramel v\u00e0 nuga. Socola Merletto v\u00e0ng v\u1edbi th\u00e0nh ph\u1ea7n ph\u1ee7 ngo\u00e0i l\u00e0 socola, m\u1ee9t m\u01a1, k\u1eb9o caramel v\u00e0 nuga. \u0102n ngon, ng\u1ecdt l\u1ecbm. Ng\u01b0\u1eddi Nga \u0103n socola u\u1ed1ng k\u00e8m tr\u00e0 \u0111en \u0111\u1ec3 v\u1eeba nh\u00e2m nhi v\u1eeba n\u00f3i chuy\u1ec7n N\u0103m M\u1edbi. Socola gi\u00fap tinh th\u1ea7n vui v\u1ebb, b\u1ed5 sung vi ch\u1ea5t.<\/p>\n<p><img loading=\"lazy\" decoding=\"async\" class=\"wp-image-24182 aligncenter\" src=\"https:\/\/havamall.vn\/wp-content\/uploads\/2021\/12\/764088c43f-300x300.png\" alt=\"\" width=\"747\" height=\"747\" srcset=\"https:\/\/havamall.vn\/wp-content\/uploads\/2021\/12\/764088c43f-300x300.png 300w, https:\/\/havamall.vn\/wp-content\/uploads\/2021\/12\/764088c43f-430x430.png 430w, https:\/\/havamall.vn\/wp-content\/uploads\/2021\/12\/764088c43f-150x150.png 150w, https:\/\/havamall.vn\/wp-content\/uploads\/2021\/12\/764088c43f-700x700.png 700w, https:\/\/havamall.vn\/wp-content\/uploads\/2021\/12\/764088c43f-768x768.png 768w, https:\/\/havamall.vn\/wp-content\/uploads\/2021\/12\/764088c43f-600x600.png 600w, https:\/\/havamall.vn\/wp-content\/uploads\/2021\/12\/764088c43f-100x100.png 100w, https:\/\/havamall.vn\/wp-content\/uploads\/2021\/12\/764088c43f.png 1024w\" sizes=\"(max-width: 747px) 100vw, 747px\" \/><\/p>\n<h3 class=\"product_title entry-title\"><strong>\u25aa\ufe0f\u00a0K\u1eb9o Caramel mix Choko Chimba 200g<\/strong><\/h3>\n<p>K\u1eb9o caramel nh\u00e2n s\u1eefa Choko Chimba mix nhi\u1ec1u v\u1ecb. S\u1ef1 k\u1ebft h\u1ee3p c\u1ee7a nhi\u1ec1u h\u01b0\u01a1ng v\u1ecb t\u1eeb Choko Chimba &#8211; khi b\u1ea1n kh\u00f4ng c\u1ea7n ph\u1ea3i l\u1ef1a ch\u1ecdn, nh\u01b0ng b\u1ea1n c\u00f3 th\u1ec3 th\u1eed t\u1ea5t c\u1ea3 c\u00e1c h\u01b0\u01a1ng v\u1ecb y\u00eau th\u00edch c\u1ee7a m\u00ecnh c\u00f9ng m\u1ed9t l\u00fac! Caramel v\u1ecb s\u00f4 c\u00f4 la nghe c\u00f3 v\u1ebb l\u1ea1, nh\u01b0ng Choko Chimba ch\u1ee9a \u0111\u1ef1ng s\u1ef1 k\u1ebft h\u1ee3p th\u00fa v\u1ecb c\u1ee7a b\u1ea1c h\u00e0, anh \u0111\u00e0o v\u00e0 chu\u1ed1i v\u1edbi s\u00f4 c\u00f4 la.<\/p>\n<p>K\u1eb9o Choco Chimba nhi\u1ec1u v\u1ecb l\u00e0 k\u1eb9o caramen v\u1edbi l\u1edbp v\u1ecf ngo\u00e0i mang v\u1ecb chu\u1ed1i, chery, b\u1ea1c h\u00e0. K\u1eb9o kh\u00f4ng nh\u1eefng mang m\u00e0u s\u1eafc b\u1eaft m\u1eaft l\u1ea1i r\u1ea5t ngon mi\u1ec7ng.<\/p>\n<p><img loading=\"lazy\" decoding=\"async\" class=\"wp-image-23845 aligncenter\" src=\"https:\/\/havamall.vn\/wp-content\/uploads\/2021\/11\/a8cde-300x258.png\" alt=\"\" width=\"637\" height=\"548\" srcset=\"https:\/\/havamall.vn\/wp-content\/uploads\/2021\/11\/a8cde-300x258.png 300w, https:\/\/havamall.vn\/wp-content\/uploads\/2021\/11\/a8cde-430x369.png 430w, https:\/\/havamall.vn\/wp-content\/uploads\/2021\/11\/a8cde-150x129.png 150w, https:\/\/havamall.vn\/wp-content\/uploads\/2021\/11\/a8cde-700x601.png 700w, https:\/\/havamall.vn\/wp-content\/uploads\/2021\/11\/a8cde-768x660.png 768w, https:\/\/havamall.vn\/wp-content\/uploads\/2021\/11\/a8cde-1024x879.png 1024w, https:\/\/havamall.vn\/wp-content\/uploads\/2021\/11\/a8cde-600x515.png 600w, https:\/\/havamall.vn\/wp-content\/uploads\/2021\/11\/a8cde.png 1112w\" sizes=\"(max-width: 637px) 100vw, 637px\" \/><\/p>\n<h3 class=\"product_title entry-title\"><strong>\u25aa\ufe0f\u00a0K\u1eb9o Socola nh\u00e2n r\u01b0\u1ee3u 250g<\/strong><\/h3>\n<p>C\u00f3 l\u1ebd v\u1edbi c\u00e1c \u0111\u1ea5ng m\u00e0y r\u00e2u th\u00ec kh\u00f4ng c\u00f2n xa l\u1ea1 g\u00ec v\u1edbi c\u00e1c t\u00ean g\u1ecdi nh\u01b0 Remy Martin, Johnny Walker, VOSP\u2026 \u0110\u00e2y l\u00e0 nh\u1eefng th\u01b0\u01a1ng hi\u1ec7u qu\u00e1 quen thu\u1ed9c n\u00f3i l\u00ean d\u00f2ng s\u1ea3n ph\u1ea9m r\u01b0\u1ee3u cao c\u1ea5p \u0111\u00e3 v\u00e0 \u0111ang r\u1ea5t nhi\u1ec1u ng\u01b0\u1eddi tr\u00ean th\u1ebf gi\u1edbi \u01b0a chu\u1ed9ng.<\/p>\n<p>K\u1eb9o socola R\u01b0\u1ee3u Nga v\u1edbi ti\u00eau ch\u00ed mang l\u1ea1i s\u1ef1 \u0111\u1ed9c \u0111\u00e1o trong nh\u1eefng ng\u00e0y l\u1ec5 t\u1ebft, \u0111\u1ed3ng th\u1eddi g\u00e2y s\u1ef1 b\u1ea5t ng\u1edd th\u00edch th\u00fa v\u1edbi nh\u1eefng m\u00f3n qu\u00e0 t\u1eb7ng cho ng\u01b0\u1eddi th\u00e2n, gia \u0111\u00ecnh b\u00e8 b\u1ea1n v\u00e0 c\u00e1c \u0111\u1ed1i t\u00e1c&#8230;hay \u0111\u01a1n gi\u1ea3n ch\u1ec9 \u0111\u1ec3 t\u1ef1 m\u00ecnh kh\u00e1m ph\u00e1, th\u01b0\u1edfng th\u1ee9c nh\u1eefng h\u01b0\u01a1ng v\u1ecb tuy\u1ec7t v\u1eddi t\u1eeb Chocolate nguy\u00ean ch\u1ea5t h\u00f2a quy\u1ec7n v\u1edbi h\u01b0\u01a1ng v\u1ecb th\u01a1m l\u1eebng, t\u00ea t\u00ea ngay \u0111\u1ea7u l\u01b0\u1ee1i c\u1ee7a nh\u1eefng th\u01b0\u01a1ng hi\u1ec7u r\u01b0\u1ee3u n\u1ed5i ti\u1ebfng tr\u00ean kh\u1eafp th\u1ebf gi\u1edbi c\u00f3 m\u1eb7t trong m\u1ed9t s\u1ea3n ph\u1ea9m.<\/p>\n<p><img loading=\"lazy\" decoding=\"async\" class=\"wp-image-24173 aligncenter\" src=\"https:\/\/havamall.vn\/wp-content\/uploads\/2021\/12\/e3f93d74d-273x300.png\" alt=\"\" width=\"742\" height=\"815\" srcset=\"https:\/\/havamall.vn\/wp-content\/uploads\/2021\/12\/e3f93d74d-273x300.png 273w, https:\/\/havamall.vn\/wp-content\/uploads\/2021\/12\/e3f93d74d-430x472.png 430w, https:\/\/havamall.vn\/wp-content\/uploads\/2021\/12\/e3f93d74d-150x165.png 150w, https:\/\/havamall.vn\/wp-content\/uploads\/2021\/12\/e3f93d74d-700x769.png 700w, https:\/\/havamall.vn\/wp-content\/uploads\/2021\/12\/e3f93d74d-768x843.png 768w, https:\/\/havamall.vn\/wp-content\/uploads\/2021\/12\/e3f93d74d-600x659.png 600w, https:\/\/havamall.vn\/wp-content\/uploads\/2021\/12\/e3f93d74d.png 795w\" sizes=\"(max-width: 742px) 100vw, 742px\" \/><\/p>\n<h3 class=\"product_title entry-title\"><strong>\u25aa\ufe0f\u00a0H\u1ed9p qu\u00e0 T\u1ebft Th\u1ecbnh V\u01b0\u1ee3ng size M<\/strong><\/h3>","protected":false},"excerpt":{"rendered":"<p>&#8211; H\u1ed9p qu\u00e0 t\u1eb7ng c\u1ee9ng c\u00e1p, ch\u1eafc ch\u1eafn v\u00e0 \u0111\u01b0\u1ee3c \u00e9p nh\u0169 sang tr\u1ecdng, trang nh\u00e3 v\u00e0 tinh t\u1ebf. B\u00ean tr\u00ean n\u1eafp h\u1ed9p \u0111\u01b0\u1ee3c v\u1ebd nh\u1eefng h\u1ecda ti\u1ebft m\u00f9a xu\u00e2n t\u01b0\u01a1i m\u1edbi v\u00e0 \u0111\u1eb9p m\u1eaft.<\/p>\n<p>&#8211; H\u1ed9p g\u1ed3m 6 lo\u1ea1i s\u1ea3n ph\u1ea9m:<\/p>\n<ul>\n<li>Mr Vi\u1ec7t k\u00e8m phin<\/li>\n<li><span class=\"text_exposed_show\">R\u01b0\u1ee3u Soju (3 v\u1ecb t\u00f9y ch\u1ecdn): Nho, G\u1eebng, C\u00e0 ph\u00ea<\/span><\/li>\n<li><span class=\"text_exposed_show\">Socola Andes 132gr (6 v\u1ecb t\u00f9y ch\u1ecdn): Andes S\u1eefa, Andes S\u1eefa B\u1ea1c H\u00e0, Andes Socola B\u1ea1c H\u00e0, Andes Cam, Andes B\u01a1 Caramel, Andes Anh \u0110\u00e0o<\/span><\/li>\n<li><span class=\"text_exposed_show\">H\u1ea1t H\u01b0\u1edbng D\u01b0\u01a1ng Martin 200gr<\/span><\/li>\n<li><span class=\"text_exposed_show\">Kh\u00f4 b\u00f2 ( 2 g\u00f3i tu\u1ef3 ch\u1ecdn v\u1ecb): V\u1ecb Nguy\u00ean B\u1ea3n v\u00e0 V\u1ecb Ti\u00eau \u0110en<\/span><\/li>\n<li><span class=\"text_exposed_show\">Choco Rock: D\u1ea1ng Bi, D\u1ea1ng \u0110\u00e1, D\u1ea1ng H\u1ea1t H\u01b0\u1edbng D\u01b0\u01a1ng<\/span><\/li>\n<\/ul>","protected":false},"featured_media":24700,"comment_status":"open","ping_status":"closed","template":"","meta":[],"product_brand":[],"product_cat":[409,40,36,133,135,143],"product_tag":[],"class_list":{"0":"post-13159","1":"product","2":"type-product","3":"status-publish","4":"has-post-thumbnail","6":"product_cat-hop-qua-set-qua","7":"product_cat-sieuthi-giasi","8":"product_cat-thuc-pham-tieu-dung","9":"product_cat-banh-keo-chocolate","10":"product_cat-sua-do-uong","11":"product_cat-thuc-pham-dong-hop","13":"first","14":"instock","15":"sale","16":"shipping-taxable","17":"purchasable","18":"product-type-simple"},"_links":{"self":[{"href":"https:\/\/havamall.vn\/en\/wp-json\/wp\/v2\/product\/13159"}],"collection":[{"href":"https:\/\/havamall.vn\/en\/wp-json\/wp\/v2\/product"}],"about":[{"href":"https:\/\/havamall.vn\/en\/wp-json\/wp\/v2\/types\/product"}],"replies":[{"embeddable":true,"href":"https:\/\/havamall.vn\/en\/wp-json\/wp\/v2\/comments?post=13159"}],"version-history":[{"count":0,"href":"https:\/\/havamall.vn\/en\/wp-json\/wp\/v2\/product\/13159\/revisions"}],"wp:featuredmedia":[{"embeddable":true,"href":"https:\/\/havamall.vn\/en\/wp-json\/wp\/v2\/media\/24700"}],"wp:attachment":[{"href":"https:\/\/havamall.vn\/en\/wp-json\/wp\/v2\/media?parent=13159"}],"wp:term":[{"taxonomy":"product_brand","embeddable":true,"href":"https:\/\/havamall.vn\/en\/wp-json\/wp\/v2\/product_brand?post=13159"},{"taxonomy":"product_cat","embeddable":true,"href":"https:\/\/havamall.vn\/en\/wp-json\/wp\/v2\/product_cat?post=13159"},{"taxonomy":"product_tag","embeddable":true,"href":"https:\/\/havamall.vn\/en\/wp-json\/wp\/v2\/product_tag?post=13159"}],"curies":[{"name":"wp","href":"https:\/\/api.w.org\/{rel}","templated":true}]}}