{"id":13133,"date":"2019-12-16T13:09:12","date_gmt":"2019-12-16T06:09:12","guid":{"rendered":"https:\/\/havamall.vn\/?post_type=product&#038;p=13133"},"modified":"2022-01-08T14:57:56","modified_gmt":"2022-01-08T07:57:56","slug":"set-qua-tet-may-man-hop-5-san-pham","status":"publish","type":"product","link":"https:\/\/havamall.vn\/en\/shop\/set-qua-tet-may-man-hop-5-san-pham\/","title":{"rendered":"Set Qu\u00e0 T\u1ebft &#8220;May M\u1eafn&#8221; &#8211; H\u1ed9p 5 S\u1ea3n Ph\u1ea9m"},"content":{"rendered":"<p><strong>Set MAY M\u1eaeN<\/strong>: H\u1ed9p qu\u00e0 t\u1eb7ng c\u1ee9ng c\u00e1p, ch\u1eafc ch\u1eafn v\u00e0 \u0111\u01b0\u1ee3c \u00e9p nh\u0169 sang tr\u1ecdng, trang nh\u00e3 v\u00e0 tinh t\u1ebf. B\u00ean tr\u00ean n\u1eafp h\u1ed9p \u0111\u01b0\u1ee3c v\u1ebd nh\u1eefng h\u1ecda ti\u1ebft m\u00f9a xu\u00e2n t\u01b0\u01a1i m\u1edbi v\u00e0 \u0111\u1eb9p m\u1eaft<\/p>\n<h4><strong>\u00a0Nh\u1eefng \u0111i\u1ec3m \u0111\u1ed9c \u0111\u00e1o c\u1ee7a s\u1ea3n ph\u1ea9m qu\u00e0 T\u1ebft shop HAVAMALL:<\/strong><\/h4>\n<p>&#8211; To\u00e0n b\u1ed9 h\u00e0ng h\u00f3a \u0111\u1ec1u l\u00e0 h\u00e0ng nh\u1eadp kh\u1ea9u nguy\u00ean \u0111ai nguy\u00ean ki\u1ec7n khi\u1ebfn ng\u01b0\u1eddi nh\u1eadn c\u1ea3m th\u1ea5y v\u00f4 c\u00f9ng \u1ea5n t\u01b0\u1ee3ng. H\u1ed9p qu\u00e0 c\u00f3 m\u00e0u s\u1eafc, ki\u1ec3u d\u00e1ng r\u1ea5t nh\u00e3 nh\u1eb7n, \u0111a d\u1ea1ng v\u00e0 \u0111\u1ed9c \u0111\u00e1o.<br \/>\n&#8211; N\u00f3i kh\u00f4ng v\u1edbi h\u00e0ng gi\u1ea3, h\u00e0ng k\u00e9m ch\u1ea5t l\u01b0\u1ee3ng. T\u1ea5t c\u1ea3 \u0111\u1ec1u \u0111\u01b0\u1ee3c ki\u1ec3m \u0111\u1ecbnh ch\u1eb7t ch\u1ebd, 100% s\u1ea3n ph\u1ea9m ch\u00ednh han<\/p>\n<p>&#8211; V\u00f4 c\u00f9ng ti\u1ec7n l\u1ee3i khi b\u1ea1n c\u00f3 th\u1ec3 ho\u00e0n to\u00e0n y\u00ean t\u00e2m d\u00f9 \u0111\u00f3ng g\u00f3i s\u1eb5n nh\u01b0ng c\u00e1c s\u1ea3n ph\u1ea9m trong gi\u1ecf qu\u00e0 v\u1eabn \u0111\u1ea1t ch\u1ea5t l\u01b0\u1ee3ng cao, \u0111\u1ea3m b\u1ea3o t\u00ednh \u0111\u1eb3ng c\u1ea5p, sang tr\u1ecdng.<\/p>\n<p><img fetchpriority=\"high\" decoding=\"async\" class=\"wp-image-24123 aligncenter\" src=\"https:\/\/havamall.vn\/wp-content\/uploads\/2019\/12\/b150e54be54b2e15775a-300x300.jpg\" alt=\"\" width=\"684\" height=\"684\" srcset=\"https:\/\/havamall.vn\/wp-content\/uploads\/2019\/12\/b150e54be54b2e15775a-300x300.jpg 300w, https:\/\/havamall.vn\/wp-content\/uploads\/2019\/12\/b150e54be54b2e15775a-430x430.jpg 430w, https:\/\/havamall.vn\/wp-content\/uploads\/2019\/12\/b150e54be54b2e15775a-150x150.jpg 150w, https:\/\/havamall.vn\/wp-content\/uploads\/2019\/12\/b150e54be54b2e15775a-700x700.jpg 700w, https:\/\/havamall.vn\/wp-content\/uploads\/2019\/12\/b150e54be54b2e15775a-768x768.jpg 768w, https:\/\/havamall.vn\/wp-content\/uploads\/2019\/12\/b150e54be54b2e15775a-600x600.jpg 600w, https:\/\/havamall.vn\/wp-content\/uploads\/2019\/12\/b150e54be54b2e15775a-100x100.jpg 100w, https:\/\/havamall.vn\/wp-content\/uploads\/2019\/12\/b150e54be54b2e15775a.jpg 800w\" sizes=\"(max-width: 684px) 100vw, 684px\" \/><\/p>\n<h4><em><strong>Nh\u1eefng s\u1ea3n ph\u1ea9m b\u00ean trong h\u1ed9p:<\/strong><\/em><\/h4>\n<h3 class=\"product_title entry-title\"><strong>\u25aa\ufe0f Vang Luccarelli Puglia<\/strong><\/h3>\n<h3 class=\"product_title entry-title\"><strong>\u25aa\ufe0f\u00a0C\u00e0 ph\u00ea L\u00e0 Vi\u1ec7t Classico 250g<\/strong><\/h3>\n<p>Nh\u1eefng h\u1ea1t Arabica \u0111\u01b0\u1ee3c h\u00e1i b\u1eb1ng tay, sau \u0111\u00f3 ch\u1ebf bi\u1ebfn c\u1ea9n th\u1eadn v\u00e0 rang \u1edf ba c\u1ea5p \u0111\u1ed9 kh\u00e1c nhau t\u1ea1o n\u00ean d\u00f2ng c\u00e0 ph\u00ea nguy\u00ean h\u1ea1t c\u1ee7a L\u00e0 Vi\u1ec7t. B\u1ea1n c\u00f3 th\u1ec3 t\u1ef1 xay c\u00e0 ph\u00ea t\u1ea1i nh\u00e0 theo m\u1ed7i l\u1ea7n pha ho\u1eb7c y\u00eau c\u1ea7u xay t\u1ea1i shop \u0111\u1ec3 \u0111\u01b0\u1ee3c t\u01b0 v\u1ea5n m\u1ee9c \u0111\u1ed9 xay h\u1ee3p l\u00fd cho d\u1ee5ng c\u1ee5 pha c\u1ee7a b\u1ea1n. Sau khi m\u1edf bao, b\u1ea1n d\u00f9ng que tin tie \u0111\u00ednh s\u1eb5n tr\u00ean bao qu\u1ea5n k\u00edn mi\u1ec7ng bao s\u1ebd gi\u00fap gi\u1eef h\u01b0\u01a1ng v\u1ecb c\u00e0 ph\u00ea t\u1ed1t h\u01a1n.<\/p>\n<ul class=\"\">\n<li class=\"\">100% C\u00e0 ph\u00ea b\u1ed9t nguy\u00ean ch\u1ea5t. V\u1ecb h\u00e0i ho\u00e0, phong ph\u00fa.<\/li>\n<li class=\"\">Ph\u00f9 h\u1ee3p v\u1edbi phin truy\u1ec1n th\u1ed1ng, moka pot, French press v\u00e0 m\u00e1y pha c\u00e0 ph\u00ea t\u1ef1 \u0111\u1ed9ng.<\/li>\n<\/ul>\n<h3 class=\"product_title entry-title\"><strong>\u25aa\ufe0f\u00a0Socola B\u1ecdc D\u1eeba Rafaello 150g<\/strong><\/h3>\n<p>K\u1eb9o socola ph\u1ee7 d\u1eeba Raffaello c\u1ee7a th\u01b0\u01a1ng hi\u1ec7u FERRERO- nh\u00e0 s\u1ea3n xu\u1ea5t b\u00e1nh k\u1eb9o n\u1ed5i ti\u1ebfng nh\u1ea5t Ch\u00e2u \u00e2u l\u00e0 m\u00f3n \u0103n mang \u0111\u1eadm h\u01b0\u01a1ng v\u1ecb ch\u00e2u \u00c2u m\u00e0 b\u1ea5t k\u1ef3 ai \u0103n 1 l\u1ea7n c\u0169ng kh\u00f4ng th\u1ec3 n\u00e0o qu\u00ean.<\/p>\n<p><img decoding=\"async\" class=\"wp-image-24192 aligncenter\" src=\"https:\/\/havamall.vn\/wp-content\/uploads\/2021\/12\/91WRJ-300x300.png\" alt=\"\" width=\"676\" height=\"676\" srcset=\"https:\/\/havamall.vn\/wp-content\/uploads\/2021\/12\/91WRJ-300x300.png 300w, https:\/\/havamall.vn\/wp-content\/uploads\/2021\/12\/91WRJ-430x430.png 430w, https:\/\/havamall.vn\/wp-content\/uploads\/2021\/12\/91WRJ-150x150.png 150w, https:\/\/havamall.vn\/wp-content\/uploads\/2021\/12\/91WRJ-700x700.png 700w, https:\/\/havamall.vn\/wp-content\/uploads\/2021\/12\/91WRJ-768x768.png 768w, https:\/\/havamall.vn\/wp-content\/uploads\/2021\/12\/91WRJ-1024x1024.png 1024w, https:\/\/havamall.vn\/wp-content\/uploads\/2021\/12\/91WRJ-1200x1200.png 1200w, https:\/\/havamall.vn\/wp-content\/uploads\/2021\/12\/91WRJ-600x600.png 600w, https:\/\/havamall.vn\/wp-content\/uploads\/2021\/12\/91WRJ-100x100.png 100w, https:\/\/havamall.vn\/wp-content\/uploads\/2021\/12\/91WRJ.png 1500w\" sizes=\"(max-width: 676px) 100vw, 676px\" \/><\/p>\n<p>K\u1eb9o socola d\u1eeba Raffaello v\u1edbi vi\u00ean b\u00e1nh tr\u00f2n, c\u00f3 v\u1ecf x\u1ed1p v\u00e0 ph\u1ee7 k\u00edn b\u1edfi nh\u1eefng s\u1ee3i d\u1eeba, to\u00e1t l\u00ean m\u00f9i th\u01a1m \u0111\u1eb7c tr\u01b0ng. B\u00ean trong b\u00e1nh Raffaello l\u00e0 1 l\u1edbp v\u1ecf qu\u1ebf gi\u00f2n tan v\u00e0 r\u1ea5t th\u01a1m, kh\u00f4ng nh\u01b0 m\u00f9i v\u1ecf qu\u1ebf c\u1ee7a c\u00e1c lo\u1ea1i b\u00e1nh th\u00f4ng th\u01b0\u1eddng. B\u00ean trong n\u1eefa l\u00e0 vi\u00ean kem socola tr\u1eafng Raffaello \u0111\u1ed9c quy\u1ec1n c\u1ee7a ch\u00e2u \u00e2u, v\u1eeba th\u01a1m, v\u1eeba ng\u1eady, v\u1eeba ng\u1ecdt m\u00e0 l\u1ea1i kh\u00f4ng ng\u00e1n.<\/p>\n<p><img decoding=\"async\" class=\"wp-image-24193 aligncenter\" src=\"https:\/\/havamall.vn\/wp-content\/uploads\/2021\/12\/4b55b18bfd00-300x300.png\" alt=\"\" width=\"672\" height=\"672\" srcset=\"https:\/\/havamall.vn\/wp-content\/uploads\/2021\/12\/4b55b18bfd00-300x300.png 300w, https:\/\/havamall.vn\/wp-content\/uploads\/2021\/12\/4b55b18bfd00-430x430.png 430w, https:\/\/havamall.vn\/wp-content\/uploads\/2021\/12\/4b55b18bfd00-150x150.png 150w, https:\/\/havamall.vn\/wp-content\/uploads\/2021\/12\/4b55b18bfd00-700x700.png 700w, https:\/\/havamall.vn\/wp-content\/uploads\/2021\/12\/4b55b18bfd00-768x768.png 768w, https:\/\/havamall.vn\/wp-content\/uploads\/2021\/12\/4b55b18bfd00-600x600.png 600w, https:\/\/havamall.vn\/wp-content\/uploads\/2021\/12\/4b55b18bfd00-100x100.png 100w, https:\/\/havamall.vn\/wp-content\/uploads\/2021\/12\/4b55b18bfd00.png 1000w\" sizes=\"(max-width: 672px) 100vw, 672px\" \/><\/p>\n<h3 class=\"product_title entry-title\"><strong>\u25aa\ufe0f\u00a0Tr\u00e0 Tess tr\u00e1i c\u00e2y 36g<\/strong><\/h3>\n<p>Tr\u00e0 TESS c\u00f3 m\u1eb7t tr\u00ean th\u1ecb tr\u01b0\u1eddng t\u1eeb n\u0103m 2007. H\u00e3ng s\u1ea3n xu\u1ea5t c\u00e1c lo\u1ea1i tr\u00e0 ch\u00ednh l\u00e0 tr\u00e0 \u0111en, tr\u00e0 xanh, tr\u00e0 th\u1ea3o m\u1ed9c v\u00e0 tr\u00e0 hoa qu\u1ea3 . S\u1ea3n ph\u1ea9m thu\u1ed9c s\u1edf h\u1eefu c\u1ee7a c\u00f4ng ty ORIMI TRADE . \u0110\u00e2y l\u00e0 th\u01b0\u01a1ng hi\u1ec7u b\u1ed5 xung sau khi th\u01b0\u01a1ng hi\u1ec7u Greenfield \u0111\u00e3 \u0111\u01b0\u1ee3c ORIMI TRADE ra m\u1eaft . M\u1ed7i n\u0103m c\u00f4ng ty \u0111\u1ec1u c\u1ed1 g\u1eafng t\u1ea1o ra h\u01b0\u01a1ng v\u1ecb ho\u1eb7c h\u01b0\u01a1ng th\u01a1m m\u1edbi v\u00e0 \u0111\u01b0\u1ee3c c\u00f4ng ch\u00fang \u0111\u00f3n nh\u1eadn r\u1ea5t n\u1ed3ng nhi\u1ec7t. \u0110\u1eb7c bi\u1ec7t l\u00e0 gi\u1edbi tr\u1ebb, nh\u1eefng ng\u01b0\u1eddi lu\u00f4n mu\u1ed1n t\u00ecm hi\u1ec3u v\u00e0 kh\u00e1m ph\u00e1 nh\u1eefng \u0111i\u1ec1u m\u1edbi m\u1ebb.<\/p>\n<p><img loading=\"lazy\" decoding=\"async\" class=\"wp-image-24199 aligncenter\" src=\"https:\/\/havamall.vn\/wp-content\/uploads\/2021\/12\/c90962cd-45-300x186.png\" alt=\"\" width=\"650\" height=\"403\" srcset=\"https:\/\/havamall.vn\/wp-content\/uploads\/2021\/12\/c90962cd-45-300x186.png 300w, https:\/\/havamall.vn\/wp-content\/uploads\/2021\/12\/c90962cd-45-430x266.png 430w, https:\/\/havamall.vn\/wp-content\/uploads\/2021\/12\/c90962cd-45-150x93.png 150w, https:\/\/havamall.vn\/wp-content\/uploads\/2021\/12\/c90962cd-45-700x433.png 700w, https:\/\/havamall.vn\/wp-content\/uploads\/2021\/12\/c90962cd-45-768x475.png 768w, https:\/\/havamall.vn\/wp-content\/uploads\/2021\/12\/c90962cd-45-600x371.png 600w, https:\/\/havamall.vn\/wp-content\/uploads\/2021\/12\/c90962cd-45.png 970w\" sizes=\"(max-width: 650px) 100vw, 650px\" \/><\/p>\n<h3 class=\"product_title entry-title\"><strong>\u25aa\ufe0f\u00a0K\u1eb9o Merletto Premium 150g<\/strong><\/h3>\n<p>Socola Merletto Premium c\u1ee7a Nga v\u1edbi 2 m\u00e0u h\u1ed3ng t\u01b0\u1ee3ng tr\u01b0ng cho hoa \u0111\u00e0o, v\u00e0ng t\u01b0\u1ee3ng tr\u01b0ng cho hoa mai. Socola Merletto v\u1edbi th\u00e0nh ph\u1ea7n ph\u1ee7 socola cao c\u1ea5p, m\u1ee9t anh \u0111\u00e0o, k\u1eb9o caramel v\u00e0 nuga. Socola Merletto v\u00e0ng v\u1edbi th\u00e0nh ph\u1ea7n ph\u1ee7 ngo\u00e0i l\u00e0 socola, m\u1ee9t m\u01a1, k\u1eb9o caramel v\u00e0 nuga. \u0102n ngon, ng\u1ecdt l\u1ecbm. Ng\u01b0\u1eddi Nga \u0103n socola u\u1ed1ng k\u00e8m tr\u00e0 \u0111en \u0111\u1ec3 v\u1eeba nh\u00e2m nhi v\u1eeba n\u00f3i chuy\u1ec7n N\u0103m M\u1edbi. Socola gi\u00fap tinh th\u1ea7n vui v\u1ebb, b\u1ed5 sung vi ch\u1ea5t.<\/p>\n<p><img loading=\"lazy\" decoding=\"async\" class=\"wp-image-24182 aligncenter\" src=\"https:\/\/havamall.vn\/wp-content\/uploads\/2021\/12\/764088c43f-300x300.png\" alt=\"\" width=\"624\" height=\"623\" srcset=\"https:\/\/havamall.vn\/wp-content\/uploads\/2021\/12\/764088c43f-300x300.png 300w, https:\/\/havamall.vn\/wp-content\/uploads\/2021\/12\/764088c43f-430x430.png 430w, https:\/\/havamall.vn\/wp-content\/uploads\/2021\/12\/764088c43f-150x150.png 150w, https:\/\/havamall.vn\/wp-content\/uploads\/2021\/12\/764088c43f-700x700.png 700w, https:\/\/havamall.vn\/wp-content\/uploads\/2021\/12\/764088c43f-768x768.png 768w, https:\/\/havamall.vn\/wp-content\/uploads\/2021\/12\/764088c43f-600x600.png 600w, https:\/\/havamall.vn\/wp-content\/uploads\/2021\/12\/764088c43f-100x100.png 100w, https:\/\/havamall.vn\/wp-content\/uploads\/2021\/12\/764088c43f.png 1024w\" sizes=\"(max-width: 624px) 100vw, 624px\" \/><\/p>\n<h3 class=\"product_title entry-title\"><strong>\u25aa\ufe0f\u00a0H\u1ed9p qu\u00e0 T\u1ebft Th\u1ecbnh V\u01b0\u1ee3ng size M<\/strong><\/h3>\n<p>&nbsp;<\/p>","protected":false},"excerpt":{"rendered":"<p>H\u1ed9p qu\u00e0 t\u1eb7ng c\u1ee9ng c\u00e1p, ch\u1eafc ch\u1eafn v\u00e0 \u0111\u01b0\u1ee3c \u00e9p nh\u0169 sang tr\u1ecdng, trang nh\u00e3 v\u00e0 tinh t\u1ebf. B\u00ean tr\u00ean n\u1eafp h\u1ed9p \u0111\u01b0\u1ee3c v\u1ebd nh\u1eefng h\u1ecda ti\u1ebft m\u00f9a xu\u00e2n t\u01b0\u01a1i m\u1edbi v\u00e0 \u0111\u1eb9p m\u1eaft.<\/p>\n<p>H\u1ed9p g\u1ed3m 5 lo\u1ea1i s\u1ea3n ph\u1ea9m:<\/p>\n<p><span style=\"font-weight: 400\">&#8211; Vang Luccarelli Puglia<\/span><\/p>\n<p><span style=\"font-weight: 400\">&#8211; C\u00e0 ph\u00ea L\u00e0 Vi\u1ec7t Classico 250g<\/span><\/p>\n<p><span style=\"font-weight: 400\">&#8211; Socola B\u1ecdc D\u1eeba Rafaello 150g<\/span><\/p>\n<p><span style=\"font-weight: 400\">&#8211; Tr\u00e0 Tess tr\u00e1i c\u00e2y 36g<\/span><\/p>\n<p><span style=\"font-weight: 400\">&#8211; K\u1eb9o Merletto Premium 150g<\/span><\/p>\n<p><span style=\"font-weight: 400\">&#8211; H\u1ed9p qu\u00e0 T\u1ebft Th\u1ecbnh V\u01b0\u1ee3ng size M<\/span><\/p>","protected":false},"featured_media":24123,"comment_status":"open","ping_status":"closed","template":"","meta":[],"product_brand":[],"product_cat":[409,40,36,133,135,143],"product_tag":[],"class_list":{"0":"post-13133","1":"product","2":"type-product","3":"status-publish","4":"has-post-thumbnail","6":"product_cat-hop-qua-set-qua","7":"product_cat-sieuthi-giasi","8":"product_cat-thuc-pham-tieu-dung","9":"product_cat-banh-keo-chocolate","10":"product_cat-sua-do-uong","11":"product_cat-thuc-pham-dong-hop","13":"first","14":"instock","15":"sale","16":"shipping-taxable","17":"purchasable","18":"product-type-simple"},"_links":{"self":[{"href":"https:\/\/havamall.vn\/en\/wp-json\/wp\/v2\/product\/13133"}],"collection":[{"href":"https:\/\/havamall.vn\/en\/wp-json\/wp\/v2\/product"}],"about":[{"href":"https:\/\/havamall.vn\/en\/wp-json\/wp\/v2\/types\/product"}],"replies":[{"embeddable":true,"href":"https:\/\/havamall.vn\/en\/wp-json\/wp\/v2\/comments?post=13133"}],"version-history":[{"count":0,"href":"https:\/\/havamall.vn\/en\/wp-json\/wp\/v2\/product\/13133\/revisions"}],"wp:featuredmedia":[{"embeddable":true,"href":"https:\/\/havamall.vn\/en\/wp-json\/wp\/v2\/media\/24123"}],"wp:attachment":[{"href":"https:\/\/havamall.vn\/en\/wp-json\/wp\/v2\/media?parent=13133"}],"wp:term":[{"taxonomy":"product_brand","embeddable":true,"href":"https:\/\/havamall.vn\/en\/wp-json\/wp\/v2\/product_brand?post=13133"},{"taxonomy":"product_cat","embeddable":true,"href":"https:\/\/havamall.vn\/en\/wp-json\/wp\/v2\/product_cat?post=13133"},{"taxonomy":"product_tag","embeddable":true,"href":"https:\/\/havamall.vn\/en\/wp-json\/wp\/v2\/product_tag?post=13133"}],"curies":[{"name":"wp","href":"https:\/\/api.w.org\/{rel}","templated":true}]}}