{"id":13118,"date":"2019-12-16T11:38:38","date_gmt":"2019-12-16T04:38:38","guid":{"rendered":"https:\/\/havamall.vn\/?post_type=product&#038;p=13118"},"modified":"2021-12-09T10:30:41","modified_gmt":"2021-12-09T03:30:41","slug":"set-qua-tet-sum-vay-hop-8-san-pham","status":"publish","type":"product","link":"https:\/\/havamall.vn\/en\/shop\/set-qua-tet-sum-vay-hop-8-san-pham\/","title":{"rendered":"Set Qu\u00e0 T\u1ebft &#8220;Sum V\u1ea7y&#8221; &#8211; H\u1ed9p 8 S\u1ea3n Ph\u1ea9m"},"content":{"rendered":"<p id=\"id_5df6e72e920898549238044\" class=\"text_exposed_root text_exposed\"><strong>Set SUM V\u1ea6Y<\/strong>: H\u1ed9p qu\u00e0 t\u1eb7ng c\u1ee9ng c\u00e1p, ch\u1eafc ch\u1eafn v\u00e0 \u0111\u01b0\u1ee3c \u00e9p nh\u0169 sang tr\u1ecdng, trang nh\u00e3 v\u00e0 tinh t\u1ebf. B\u00ean tr\u00ean n\u1eafp h\u1ed9p \u0111\u01b0\u1ee3c v\u1ebd nh\u1eefng h\u1ecda ti\u1ebft m\u00f9a xu\u00e2n t\u01b0\u01a1i m\u1edbi v\u00e0 \u0111\u1eb9p m\u1eaft<\/p>\n<h4><strong>\u00a0Nh\u1eefng \u0111i\u1ec3m \u0111\u1ed9c \u0111\u00e1o c\u1ee7a s\u1ea3n ph\u1ea9m qu\u00e0 T\u1ebft shop HAVAMALL:<\/strong><\/h4>\n<p>&#8211; To\u00e0n b\u1ed9 h\u00e0ng h\u00f3a \u0111\u1ec1u l\u00e0 h\u00e0ng nh\u1eadp kh\u1ea9u nguy\u00ean \u0111ai nguy\u00ean ki\u1ec7n khi\u1ebfn ng\u01b0\u1eddi nh\u1eadn c\u1ea3m th\u1ea5y v\u00f4 c\u00f9ng \u1ea5n t\u01b0\u1ee3ng. H\u1ed9p qu\u00e0 c\u00f3 m\u00e0u s\u1eafc, ki\u1ec3u d\u00e1ng r\u1ea5t nh\u00e3 nh\u1eb7n, \u0111a d\u1ea1ng v\u00e0 \u0111\u1ed9c \u0111\u00e1o.<br \/>\n&#8211; N\u00f3i kh\u00f4ng v\u1edbi h\u00e0ng gi\u1ea3, h\u00e0ng k\u00e9m ch\u1ea5t l\u01b0\u1ee3ng. T\u1ea5t c\u1ea3 \u0111\u1ec1u \u0111\u01b0\u1ee3c ki\u1ec3m \u0111\u1ecbnh ch\u1eb7t ch\u1ebd, 100% s\u1ea3n ph\u1ea9m ch\u00ednh han<\/p>\n<p>&#8211; V\u00f4 c\u00f9ng ti\u1ec7n l\u1ee3i khi b\u1ea1n c\u00f3 th\u1ec3 ho\u00e0n to\u00e0n y\u00ean t\u00e2m d\u00f9 \u0111\u00f3ng g\u00f3i s\u1eb5n nh\u01b0ng c\u00e1c s\u1ea3n ph\u1ea9m trong gi\u1ecf qu\u00e0 v\u1eabn \u0111\u1ea1t ch\u1ea5t l\u01b0\u1ee3ng cao, \u0111\u1ea3m b\u1ea3o t\u00ednh \u0111\u1eb3ng c\u1ea5p, sang tr\u1ecdng.<\/p>\n<p><img fetchpriority=\"high\" decoding=\"async\" class=\"wp-image-24120 aligncenter\" src=\"https:\/\/havamall.vn\/wp-content\/uploads\/2019\/12\/c960cf3e9e3e55600c2f-300x300.jpg\" alt=\"\" width=\"693\" height=\"694\" srcset=\"https:\/\/havamall.vn\/wp-content\/uploads\/2019\/12\/c960cf3e9e3e55600c2f-300x300.jpg 300w, https:\/\/havamall.vn\/wp-content\/uploads\/2019\/12\/c960cf3e9e3e55600c2f-430x430.jpg 430w, https:\/\/havamall.vn\/wp-content\/uploads\/2019\/12\/c960cf3e9e3e55600c2f-150x150.jpg 150w, https:\/\/havamall.vn\/wp-content\/uploads\/2019\/12\/c960cf3e9e3e55600c2f-700x700.jpg 700w, https:\/\/havamall.vn\/wp-content\/uploads\/2019\/12\/c960cf3e9e3e55600c2f-768x768.jpg 768w, https:\/\/havamall.vn\/wp-content\/uploads\/2019\/12\/c960cf3e9e3e55600c2f-600x600.jpg 600w, https:\/\/havamall.vn\/wp-content\/uploads\/2019\/12\/c960cf3e9e3e55600c2f-100x100.jpg 100w, https:\/\/havamall.vn\/wp-content\/uploads\/2019\/12\/c960cf3e9e3e55600c2f.jpg 800w\" sizes=\"(max-width: 693px) 100vw, 693px\" \/><\/p>\n<h4><strong>Nh\u1eefng s\u1ea3n ph\u1ea9m b\u00ean trong h\u1ed9p:<\/strong><\/h4>\n<h3 class=\"product_title entry-title\"><strong>\u25aa\ufe0f\u00a0C\u00e0 Ph\u00ea Rang Xay Alamb\u00e9 230g<\/strong><\/h3>\n<p>Th\u00e1ng 12 n\u0103m 2018 th\u01b0\u01a1ng hi\u1ec7u c\u00e0 ph\u00ea\u00a0ALAMB\u00c9 \u2013\u00a0FINEST VIETNAMESE COFFEE\u00a0\u0111\u01b0\u1ee3c ra \u0111\u1eddi. Th\u01b0\u01a1ng hi\u1ec7u\u00a0ALAMB\u00c9\u00a0th\u1ec3 hi\u1ec7n chuy\u00ean m\u00f4n v\u1ec1 c\u00e0 ph\u00ea c\u1ee7a \u00f4ng Alex Gruber, b\u00ed quy\u1ebft rang xay k\u1ef3 di\u1ec7u c\u1ee7a \u00f4ng Hi\u1ec7p Ph\u1ea1m v\u00e0 con m\u1eaft ngh\u1ec7 thu\u1eadt c\u1ee7a Bernadette Gruber. C\u00f4ng ty ch\u00ednh th\u1ee9c b\u1eaft \u0111\u1ea7u ho\u1ea1t \u0111\u1ed9ng t\u1ea1i nh\u00e0 m\u00e1y m\u1edbi \u1edf qu\u1eadn Th\u1ee7 \u0110\u1ee9c, th\u00e0nh ph\u1ed1 H\u1ed3 Ch\u00ed Minh v\u00e0o th\u00e1ng 7 n\u0103m 2019.<\/p>\n<p>ALAMB\u00c9\u00a0mong mu\u1ed1n mang \u0111\u1ebfn cho kh\u00e1ch h\u00e0ng nh\u1eefng ly c\u00e0 ph\u00ea Vi\u1ec7t Nam h\u1ea3o h\u1ea1ng nh\u1ea5t, c\u00f9ng v\u1edbi s\u1ef1 h\u1ee3p t\u00e1c l\u00e2u d\u00e0i c\u00f9ng c\u00e1c nh\u00e0 cung c\u1ea5p c\u1ee7a ch\u00fang t\u00f4i theo h\u01b0\u1edbng canh t\u00e1c c\u00f3 tr\u00e1ch nhi\u1ec7m, b\u1ec1n v\u1eefng v\u00e0 th\u00e2n thi\u1ec7n v\u1edbi m\u00f4i tr\u01b0\u1eddng.<\/p>\n<p><img decoding=\"async\" class=\"wp-image-23108 aligncenter\" src=\"https:\/\/havamall.vn\/wp-content\/uploads\/2021\/10\/c\u00e0-ph\u00ea-xay-s\u00e0i-g\u00f2n-300x80.png\" alt=\"\" width=\"686\" height=\"183\" srcset=\"https:\/\/havamall.vn\/wp-content\/uploads\/2021\/10\/c\u00e0-ph\u00ea-xay-s\u00e0i-g\u00f2n-300x80.png 300w, https:\/\/havamall.vn\/wp-content\/uploads\/2021\/10\/c\u00e0-ph\u00ea-xay-s\u00e0i-g\u00f2n-430x114.png 430w, https:\/\/havamall.vn\/wp-content\/uploads\/2021\/10\/c\u00e0-ph\u00ea-xay-s\u00e0i-g\u00f2n-150x40.png 150w, https:\/\/havamall.vn\/wp-content\/uploads\/2021\/10\/c\u00e0-ph\u00ea-xay-s\u00e0i-g\u00f2n-700x186.png 700w, https:\/\/havamall.vn\/wp-content\/uploads\/2021\/10\/c\u00e0-ph\u00ea-xay-s\u00e0i-g\u00f2n-768x204.png 768w, https:\/\/havamall.vn\/wp-content\/uploads\/2021\/10\/c\u00e0-ph\u00ea-xay-s\u00e0i-g\u00f2n-1024x272.png 1024w, https:\/\/havamall.vn\/wp-content\/uploads\/2021\/10\/c\u00e0-ph\u00ea-xay-s\u00e0i-g\u00f2n-1200x319.png 1200w, https:\/\/havamall.vn\/wp-content\/uploads\/2021\/10\/c\u00e0-ph\u00ea-xay-s\u00e0i-g\u00f2n-600x159.png 600w, https:\/\/havamall.vn\/wp-content\/uploads\/2021\/10\/c\u00e0-ph\u00ea-xay-s\u00e0i-g\u00f2n.png 1920w\" sizes=\"(max-width: 686px) 100vw, 686px\" \/><\/p>\n<p>M\u1ed9t t\u00e1ch c\u00e0 ph\u00ea th\u01a1m ng\u00e0o ng\u1ea1t, ph\u1ea3ng ph\u1ea5t l\u00e0 m\u00f3n qu\u00e0 t\u1ef1 th\u01b0\u1edfng tuy\u1ec7t v\u1eddi nh\u1ea5t cho nh\u1eefng ai m\u00ea \u0111\u1eafm tinh ch\u1ea5t nguy\u00ean b\u1ea3n nh\u1ea5t c\u1ee7a c\u00e0 ph\u00ea. T\u1eebng h\u1ea1t c\u00e0 ph\u00ea t\u1ea1i\u00a0ALAMB\u00c9 \u2013\u00a0Finest Vietnamese Coffee\u00a0\u0111\u1ec1u ph\u1ea3i v\u01b0\u1ee3t qua nh\u1eefng \u201cth\u1eed th\u00e1ch\u201d ch\u1eb7t ch\u1ebd v\u1ec1 ch\u1ea5t l\u01b0\u1ee3ng gieo tr\u1ed3ng, vun d\u01b0\u1ee1ng \u0111\u1ec3 ch\u1eaft l\u1ecdc ra nh\u1eefng gi\u1ecdt c\u00e0 ph\u00ea tinh ch\u1ea5t v\u00e0 nguy\u00ean b\u1ea3n nh\u1ea5t.<\/p>\n<p><img decoding=\"async\" class=\"wp-image-23140 aligncenter\" src=\"https:\/\/havamall.vn\/wp-content\/uploads\/2021\/10\/187558573-300x300.png\" alt=\"\" width=\"680\" height=\"681\" srcset=\"https:\/\/havamall.vn\/wp-content\/uploads\/2021\/10\/187558573-300x300.png 300w, https:\/\/havamall.vn\/wp-content\/uploads\/2021\/10\/187558573-430x430.png 430w, https:\/\/havamall.vn\/wp-content\/uploads\/2021\/10\/187558573-150x150.png 150w, https:\/\/havamall.vn\/wp-content\/uploads\/2021\/10\/187558573-700x700.png 700w, https:\/\/havamall.vn\/wp-content\/uploads\/2021\/10\/187558573-768x768.png 768w, https:\/\/havamall.vn\/wp-content\/uploads\/2021\/10\/187558573-1024x1024.png 1024w, https:\/\/havamall.vn\/wp-content\/uploads\/2021\/10\/187558573-1200x1200.png 1200w, https:\/\/havamall.vn\/wp-content\/uploads\/2021\/10\/187558573-600x600.png 600w, https:\/\/havamall.vn\/wp-content\/uploads\/2021\/10\/187558573-100x100.png 100w, https:\/\/havamall.vn\/wp-content\/uploads\/2021\/10\/187558573.png 2048w\" sizes=\"(max-width: 680px) 100vw, 680px\" \/><\/p>\n<p>C\u00e0 ph\u00ea rang xay\u00a0 ALAMB\u00c9 l\u00e0 t\u00e1i t\u1ea1o h\u01b0\u01a1ng v\u1ecb th\u1ef1c s\u1ef1 \u0111\u1ed9c \u0111\u00e1o c\u1ee7a c\u00e0 ph\u00ea theo phong c\u00e1ch Vi\u1ec7t Nam. S\u1ea3n ph\u1ea9m kh\u00f4ng b\u1ea5t k\u1ef3 ch\u1ea5t ph\u1ee5 gia n\u00e0o, \u0111\u1ec3 ch\u1ea5t l\u01b0\u1ee3ng c\u1ee7a c\u00e0 ph\u00ea \u0111\u01b0\u1ee3c th\u1ec3 hi\u1ec7n t\u1ed1t nh\u1ea5t. S\u1eed d\u1ee5ng phin c\u00e0 ph\u00ea, th\u00eam v\u00e0i vi\u00ean \u0111\u00e1 v\u00e0 m\u1ed9t ch\u00fat s\u1eefa \u0111\u1eb7c, ly c\u00e0 ph\u00ea ALAMB\u00c9 ch\u1eafc ch\u1eafn s\u1ebd m\u00ea ho\u1eb7c \u0111\u01b0\u1ee3c m\u1ecdi v\u1ecb gi\u00e1c.<\/p>\n<p><img loading=\"lazy\" decoding=\"async\" class=\"wp-image-23142 aligncenter\" src=\"https:\/\/havamall.vn\/wp-content\/uploads\/2021\/10\/s\u00e0i-g\u00f2n-1-300x300.png\" alt=\"\" width=\"675\" height=\"675\" srcset=\"https:\/\/havamall.vn\/wp-content\/uploads\/2021\/10\/s\u00e0i-g\u00f2n-1-300x300.png 300w, https:\/\/havamall.vn\/wp-content\/uploads\/2021\/10\/s\u00e0i-g\u00f2n-1-430x430.png 430w, https:\/\/havamall.vn\/wp-content\/uploads\/2021\/10\/s\u00e0i-g\u00f2n-1-150x150.png 150w, https:\/\/havamall.vn\/wp-content\/uploads\/2021\/10\/s\u00e0i-g\u00f2n-1-700x700.png 700w, https:\/\/havamall.vn\/wp-content\/uploads\/2021\/10\/s\u00e0i-g\u00f2n-1-768x768.png 768w, https:\/\/havamall.vn\/wp-content\/uploads\/2021\/10\/s\u00e0i-g\u00f2n-1-600x600.png 600w, https:\/\/havamall.vn\/wp-content\/uploads\/2021\/10\/s\u00e0i-g\u00f2n-1-100x100.png 100w, https:\/\/havamall.vn\/wp-content\/uploads\/2021\/10\/s\u00e0i-g\u00f2n-1.png 1000w\" sizes=\"(max-width: 675px) 100vw, 675px\" \/><\/p>\n<h3 class=\"product_title entry-title\"><strong>\u25aa\ufe0f H\u1ea1t H\u01b0\u1edbng D\u01b0\u01a1ng Martin 200g<\/strong><\/h3>\n<p>H\u1ea1t h\u01b0\u1edbng d\u01b0\u01a1ng MARTIN l\u00e0 m\u1ed9t s\u1ea3n ph\u1ea9m n\u1ed5i ti\u1ebfng c\u00f3 t\u01b0 l\u00e2u \u0111\u1eddi, mang n\u00e9t \u0111\u1eb9p \u0111\u1eb7c tr\u01b0ng, \u00a0truy\u1ec1n th\u1ed1ng c\u1ee7a Nga. H\u1ea1t r\u1ea5t th\u01a1m, h\u1ea1t m\u1ea9y v\u00e0 \u0111\u1ea7y, kh\u00f4ng b\u1ecb l\u00e9p, \u0103n nhi\u1ec1u kh\u00f4ng b\u1ecb ho hay kh\u1ea3n c\u1ed5 cho ng\u01b0\u1eddi s\u1eed d\u1ee5ng nh\u01b0 h\u1ea1t h\u01b0\u1edbng d\u01b0\u01a1ng th\u00f4ng th\u01b0\u1eddng.\u00a0Khi \u0103n b\u1ea1n s\u1ebd c\u1ea3m nh\u1eadn \u0111\u01b0\u1ee3c h\u01b0\u01a1ng th\u01a1m h\u00f2a quy\u1ec7n v\u1edbi v\u1ecb ng\u1ecdt b\u00f9i b\u00f9i b\u00e9o.<\/p>\n<p>S\u1ea3n ph\u1ea7m th\u00edch h\u1ee3p cho c\u00e1c d\u1ecbp \u0111\u00e1m c\u01b0\u1edbi v\u00e0 c\u00e1c nghi l\u1ec5 quan tr\u1ecdng nh\u01b0ng c\u1ea7n s\u1ef1 sang tr\u1ecdng, d\u00f9ng l\u00e0m qu\u00e0 bi\u1ebfu ho\u1eb7c c\u00f3 th\u1ec3 d\u00f9ng \u0111\u1ec3 nh\u00e2m nhi ng\u00e0y t\u1ebft.<\/p>\n<h3 class=\"product_title entry-title\"><strong>\u25aa\ufe0f R\u01b0\u1ee3u Soju<\/strong><\/h3>\n<p>N\u01b0\u1edbc tr\u00e1i c\u00e2y l\u00ean men Soju \u2013 The Chateul Soorok th\u1ef1c t\u1ebf l\u00e0 lo\u1ea1i r\u01b0\u1ee3u truy\u1ec1n th\u1ed1ng l\u00e2u\u00a0\u0111\u1eddi h\u00e0n qu\u1ed1c\u00a0\u0111\u01b0\u1ee3c coi l\u00e0 qu\u1ed1c t\u1eedu. Soju l\u00e0 r\u01b0\u1ee3u c\u00f3 m\u00e0u tr\u1eafng n\u00f3\u00a0\u0111\u01b0\u1ee3c coi l\u00e0 vodka h\u00e0n qu\u1ed1c nh\u01b0ng v\u00ec n\u1ed3ng\u00a0\u0111\u1ed9 n\u00f3 th\u1ea5p h\u01a1n th\u01b0\u1eddng ch\u1ec9 12-14% h\u01a1n n\u1eefa u\u1ed1ng\u00a0\u00eam d\u1ecbu h\u01a1n v\u00ec th\u01b0\u1eddng c\u00f3 v\u1ecb ng\u1ecdt thanh nh\u1eb9. Ch\u00ednh v\u00ec l\u1ebd\u00a0\u0111\u00f3 m\u00e0 nhi\u1ec1u ng\u01b0\u1eddi\u00a0\u0111\u00e1nh gi\u00e1 u\u1ed1ng Soju r\u1ea5t ngon.<\/p>\n<p><img loading=\"lazy\" decoding=\"async\" class=\"wp-image-24327 aligncenter\" src=\"https:\/\/havamall.vn\/wp-content\/uploads\/2019\/12\/34da8fbd202b68001a-1-300x300.png\" alt=\"\" width=\"667\" height=\"667\" srcset=\"https:\/\/havamall.vn\/wp-content\/uploads\/2019\/12\/34da8fbd202b68001a-1-300x300.png 300w, https:\/\/havamall.vn\/wp-content\/uploads\/2019\/12\/34da8fbd202b68001a-1-430x430.png 430w, https:\/\/havamall.vn\/wp-content\/uploads\/2019\/12\/34da8fbd202b68001a-1-150x150.png 150w, https:\/\/havamall.vn\/wp-content\/uploads\/2019\/12\/34da8fbd202b68001a-1-700x700.png 700w, https:\/\/havamall.vn\/wp-content\/uploads\/2019\/12\/34da8fbd202b68001a-1-768x768.png 768w, https:\/\/havamall.vn\/wp-content\/uploads\/2019\/12\/34da8fbd202b68001a-1-600x600.png 600w, https:\/\/havamall.vn\/wp-content\/uploads\/2019\/12\/34da8fbd202b68001a-1-100x100.png 100w, https:\/\/havamall.vn\/wp-content\/uploads\/2019\/12\/34da8fbd202b68001a-1.png 1024w\" sizes=\"(max-width: 667px) 100vw, 667px\" \/><\/p>\n<p>Soju \u0111\u01b0\u1ee3c ch\u01b0ng c\u1ea5t l\u1ea7n \u0111\u1ea7u ti\u00ean v\u00e0o kho\u1ea3ng n\u0103m 1300 sau C\u00f4ng Nguy\u00ean, v\u00e0o th\u1eddi k\u1ef3 M\u00f4ng C\u1ed5 chi\u1ebfm \u0111\u00f3ng H\u00e0n Qu\u1ed1c. Ng\u01b0\u1eddi M\u00f4ng C\u1ed5 \u0111\u00e3 chi\u1ebfm \u0111\u01b0\u1ee3c k\u1ef9 thu\u1eadt ch\u01b0ng c\u1ea5t lo\u1ea1i r\u01b0\u1ee3u arak c\u1ee7a ng\u01b0\u1eddi Ba T\u01b0 trong qu\u00e1 tr\u00ecnh x\u00e2m l\u01b0\u1ee3c Trung \u00c1 v\u00e0 Trung \u0110\u00f4ng v\u00e0o kho\u1ea3ng n\u0103m 1256 sau C\u00f4ng Nguy\u00ean. Sau \u0111\u00f3 n\u00f3 \u0111\u01b0\u1ee3c \u0111\u01b0a v\u00e0o H\u00e0n Qu\u1ed1c v\u00e0 nh\u1eefng x\u01b0\u1edfng ch\u01b0ng c\u1ea5t r\u01b0\u1ee3u \u0111\u01b0\u1ee3c x\u00e2y d\u1ef1ng quanh th\u00e0nh ph\u1ed1 Kaesong. Hi\u1ec7n nay, quanh v\u00f9ng Kaesong, soju \u0111\u01b0\u1ee3c g\u1ecdi l\u00e0 ajak-ju.<\/p>\n<h3><strong>\u25aa\ufe0f\u00a0Socola h\u1ed9p thi\u1ebfc 200g<\/strong><\/h3>\n<p>B\u00e1nh Bambino Nga 200g bao g\u1ed3m kem h\u1ea1t s\u00f4 c\u00f4 la tinh t\u1ebf trong m\u1ed9t l\u1edbp v\u1ecf b\u00e1nh qu\u1ebf, tr\u00e1ng men s\u00f4 c\u00f4 la s\u1eefa, r\u1eafc g\u1ea1o s\u00f4 c\u00f4 la. C\u00f3 m\u1ed9t vi\u00ean s\u00f4 c\u00f4 la b\u00ean trong m\u1ed7i vi\u00ean k\u1eb9o. V\u1ecb ng\u1ecdt v\u1eeba ph\u1ea3i, kh\u00f4ng b\u1ecb s\u01b0\u1ee3ng, gi\u00f2n nh\u1eb9, c\u00f3 m\u00f9i th\u01a1m b\u00e9o ng\u1eady r\u1ea5t d\u1ec5 ch\u1ecbu.<\/p>\n<p class=\"tw-data-text tw-text-large tw-ta\" dir=\"ltr\"><span class=\"Y2IQFc\" lang=\"vi\">B\u00e1nh v\u1edbi bao b\u00ec \u0111\u1eb9p m\u1eaft n\u00ean nh\u1eefng vi\u00ean k\u1eb9o n\u00e0y r\u1ea5t th\u00edch h\u1ee3p \u0111\u1ec3 l\u00e0m qu\u00e0 t\u1eb7ng. \u0110\u00e2y c\u0169ng l\u00e0 m\u1ed9t c\u01a1 h\u1ed9i tuy\u1ec7t v\u1eddi \u0111\u1ec3 l\u00e0m h\u00e0i l\u00f2ng ch\u00ednh b\u1ea1n v\u00e0 nh\u1eefng ng\u01b0\u1eddi th\u00e2n y\u00eau c\u1ee7a b\u1ea1n.\u00a0<\/span><\/p>\n<p dir=\"ltr\"><img loading=\"lazy\" decoding=\"async\" class=\"wp-image-24215 aligncenter\" src=\"https:\/\/havamall.vn\/wp-content\/uploads\/2021\/12\/133330953-300x225.jpg\" alt=\"\" width=\"659\" height=\"494\" srcset=\"https:\/\/havamall.vn\/wp-content\/uploads\/2021\/12\/133330953-300x225.jpg 300w, https:\/\/havamall.vn\/wp-content\/uploads\/2021\/12\/133330953-430x323.jpg 430w, https:\/\/havamall.vn\/wp-content\/uploads\/2021\/12\/133330953-150x113.jpg 150w, https:\/\/havamall.vn\/wp-content\/uploads\/2021\/12\/133330953-700x525.jpg 700w, https:\/\/havamall.vn\/wp-content\/uploads\/2021\/12\/133330953-768x576.jpg 768w, https:\/\/havamall.vn\/wp-content\/uploads\/2021\/12\/133330953-600x450.jpg 600w, https:\/\/havamall.vn\/wp-content\/uploads\/2021\/12\/133330953.jpg 960w\" sizes=\"(max-width: 659px) 100vw, 659px\" \/><\/p>\n<h3 class=\"product_title entry-title\"><strong>\u25aa\ufe0f\u00a0K\u1eb9o Socola nh\u00e2n r\u01b0\u1ee3u 250g\u00a0<\/strong><\/h3>\n<p>K\u1eb9o socola R\u01b0\u1ee3u Nga v\u1edbi ti\u00eau ch\u00ed mang l\u1ea1i s\u1ef1 \u0111\u1ed9c \u0111\u00e1o trong nh\u1eefng ng\u00e0y l\u1ec5 t\u1ebft, \u0111\u1ed3ng th\u1eddi g\u00e2y s\u1ef1 b\u1ea5t ng\u1edd th\u00edch th\u00fa v\u1edbi nh\u1eefng m\u00f3n qu\u00e0 t\u1eb7ng cho ng\u01b0\u1eddi th\u00e2n, gia \u0111\u00ecnh b\u00e8 b\u1ea1n v\u00e0 c\u00e1c \u0111\u1ed1i t\u00e1c&#8230;hay \u0111\u01a1n gi\u1ea3n ch\u1ec9 \u0111\u1ec3 t\u1ef1 m\u00ecnh kh\u00e1m ph\u00e1, th\u01b0\u1edfng th\u1ee9c nh\u1eefng h\u01b0\u01a1ng v\u1ecb tuy\u1ec7t v\u1eddi t\u1eeb Chocolate nguy\u00ean ch\u1ea5t h\u00f2a quy\u1ec7n v\u1edbi h\u01b0\u01a1ng v\u1ecb th\u01a1m l\u1eebng, t\u00ea t\u00ea ngay \u0111\u1ea7u l\u01b0\u1ee1i c\u1ee7a nh\u1eefng th\u01b0\u01a1ng hi\u1ec7u r\u01b0\u1ee3u n\u1ed5i ti\u1ebfng tr\u00ean kh\u1eafp th\u1ebf gi\u1edbi c\u00f3 m\u1eb7t trong m\u1ed9t s\u1ea3n ph\u1ea9m.<\/p>\n<p><img loading=\"lazy\" decoding=\"async\" class=\"wp-image-24173 aligncenter\" src=\"https:\/\/havamall.vn\/wp-content\/uploads\/2021\/12\/e3f93d74d-273x300.png\" alt=\"\" width=\"661\" height=\"726\" srcset=\"https:\/\/havamall.vn\/wp-content\/uploads\/2021\/12\/e3f93d74d-273x300.png 273w, https:\/\/havamall.vn\/wp-content\/uploads\/2021\/12\/e3f93d74d-430x472.png 430w, https:\/\/havamall.vn\/wp-content\/uploads\/2021\/12\/e3f93d74d-150x165.png 150w, https:\/\/havamall.vn\/wp-content\/uploads\/2021\/12\/e3f93d74d-700x769.png 700w, https:\/\/havamall.vn\/wp-content\/uploads\/2021\/12\/e3f93d74d-768x843.png 768w, https:\/\/havamall.vn\/wp-content\/uploads\/2021\/12\/e3f93d74d-600x659.png 600w, https:\/\/havamall.vn\/wp-content\/uploads\/2021\/12\/e3f93d74d.png 795w\" sizes=\"(max-width: 661px) 100vw, 661px\" \/><\/p>\n<h3 class=\"product_title entry-title\"><strong>\u25aa\ufe0f\u00a0K\u1eb9o Caramel mix Choko Chimba 200g<\/strong><\/h3>\n<p>K\u1eb9o caramel nh\u00e2n s\u1eefa Choko Chimba mix nhi\u1ec1u v\u1ecb. S\u1ef1 k\u1ebft h\u1ee3p c\u1ee7a nhi\u1ec1u h\u01b0\u01a1ng v\u1ecb t\u1eeb Choko Chimba &#8211; khi b\u1ea1n kh\u00f4ng c\u1ea7n ph\u1ea3i l\u1ef1a ch\u1ecdn, nh\u01b0ng b\u1ea1n c\u00f3 th\u1ec3 th\u1eed t\u1ea5t c\u1ea3 c\u00e1c h\u01b0\u01a1ng v\u1ecb y\u00eau th\u00edch c\u1ee7a m\u00ecnh c\u00f9ng m\u1ed9t l\u00fac! Caramel v\u1ecb s\u00f4 c\u00f4 la nghe c\u00f3 v\u1ebb l\u1ea1, nh\u01b0ng Choko Chimba ch\u1ee9a \u0111\u1ef1ng s\u1ef1 k\u1ebft h\u1ee3p th\u00fa v\u1ecb c\u1ee7a b\u1ea1c h\u00e0, anh \u0111\u00e0o v\u00e0 chu\u1ed1i v\u1edbi s\u00f4 c\u00f4 la.<\/p>\n<p>K\u1eb9o Choco Chimba nhi\u1ec1u v\u1ecb l\u00e0 k\u1eb9o caramen v\u1edbi l\u1edbp v\u1ecf ngo\u00e0i mang v\u1ecb chu\u1ed1i, chery, b\u1ea1c h\u00e0. K\u1eb9o kh\u00f4ng nh\u1eefng mang m\u00e0u s\u1eafc b\u1eaft m\u1eaft l\u1ea1i r\u1ea5t ngon mi\u1ec7ng.<\/p>\n<p><img loading=\"lazy\" decoding=\"async\" class=\"wp-image-23845 aligncenter\" src=\"https:\/\/havamall.vn\/wp-content\/uploads\/2021\/11\/a8cde-300x258.png\" alt=\"\" width=\"642\" height=\"552\" srcset=\"https:\/\/havamall.vn\/wp-content\/uploads\/2021\/11\/a8cde-300x258.png 300w, https:\/\/havamall.vn\/wp-content\/uploads\/2021\/11\/a8cde-430x369.png 430w, https:\/\/havamall.vn\/wp-content\/uploads\/2021\/11\/a8cde-150x129.png 150w, https:\/\/havamall.vn\/wp-content\/uploads\/2021\/11\/a8cde-700x601.png 700w, https:\/\/havamall.vn\/wp-content\/uploads\/2021\/11\/a8cde-768x660.png 768w, https:\/\/havamall.vn\/wp-content\/uploads\/2021\/11\/a8cde-1024x879.png 1024w, https:\/\/havamall.vn\/wp-content\/uploads\/2021\/11\/a8cde-600x515.png 600w, https:\/\/havamall.vn\/wp-content\/uploads\/2021\/11\/a8cde.png 1112w\" sizes=\"(max-width: 642px) 100vw, 642px\" \/><\/p>\n<h3 class=\"product_title entry-title\"><strong>\u25aa\ufe0f\u00a0Tr\u00e0 tess tr\u00e1i c\u00e2y 36g<\/strong><\/h3>\n<p>Tr\u00e0 th\u1ea3o m\u1ed9c Tess c\u1ee7a Nga h\u01b0\u01a1ng v\u1ecb nam vi\u1ec7t qu\u1ea5t l\u00e0 m\u1ed9t trong nh\u1eefng s\u1ea3n ph\u1ea9m c\u1ee7a h\u00e3ng.\u00a0 V\u00e0o n\u0103m 2015, th\u01b0\u01a1ng hi\u1ec7u \u0111\u00e3 \u0111\u1ed5i m\u1edbi bao b\u00ec s\u1ea3n ph\u1ea9m. H\u1ed9p tr\u00e0 m\u1edbi c\u1ee7a TESS hi\u1ec7n \u0111\u1ea1i v\u00e0 phong c\u00e1ch h\u01a1n, ph\u00f9 h\u1ee3p v\u1edbi danh m\u1ee5c. Ph\u1ea3n \u00e1nh t\u1ed1t h\u01a1n c\u00e1c \u0111\u1eb7c t\u00ednh v\u00e0 l\u1ee3i \u00edch ri\u00eang c\u1ee7a t\u1eebng lo\u1ea1i tr\u00e0.<\/p>\n<p><img loading=\"lazy\" decoding=\"async\" class=\"wp-image-24200 aligncenter\" src=\"https:\/\/havamall.vn\/wp-content\/uploads\/2021\/12\/e8e385c8-300x300.png\" alt=\"\" width=\"664\" height=\"664\" srcset=\"https:\/\/havamall.vn\/wp-content\/uploads\/2021\/12\/e8e385c8-300x300.png 300w, https:\/\/havamall.vn\/wp-content\/uploads\/2021\/12\/e8e385c8-430x430.png 430w, https:\/\/havamall.vn\/wp-content\/uploads\/2021\/12\/e8e385c8-150x150.png 150w, https:\/\/havamall.vn\/wp-content\/uploads\/2021\/12\/e8e385c8-700x700.png 700w, https:\/\/havamall.vn\/wp-content\/uploads\/2021\/12\/e8e385c8-768x768.png 768w, https:\/\/havamall.vn\/wp-content\/uploads\/2021\/12\/e8e385c8-600x600.png 600w, https:\/\/havamall.vn\/wp-content\/uploads\/2021\/12\/e8e385c8-100x100.png 100w, https:\/\/havamall.vn\/wp-content\/uploads\/2021\/12\/e8e385c8.png 1024w\" sizes=\"(max-width: 664px) 100vw, 664px\" \/><\/p>","protected":false},"excerpt":{"rendered":"<p>H\u1ed9p qu\u00e0 t\u1eb7ng c\u1ee9ng c\u00e1p, ch\u1eafc ch\u1eafn v\u00e0 \u0111\u01b0\u1ee3c \u00e9p nh\u0169 sang tr\u1ecdng, trang nh\u00e3 v\u00e0 tinh t\u1ebf. B\u00ean tr\u00ean n\u1eafp h\u1ed9p \u0111\u01b0\u1ee3c v\u1ebd nh\u1eefng h\u1ecda ti\u1ebft m\u00f9a xu\u00e2n t\u01b0\u01a1i m\u1edbi v\u00e0 \u0111\u1eb9p m\u1eaft.<\/p>\n<p>H\u1ed9p g\u1ed3m 8 lo\u1ea1i s\u1ea3n ph\u1ea9m:<\/p>\n<p><span style=\"font-weight: 400\">&#8211; Socola h\u1ed9p thi\u1ebfc 200g<\/span><\/p>\n<p><span style=\"font-weight: 400\">&#8211; K\u1eb9o Socola nh\u00e2n r\u01b0\u1ee3u 250g\u00a0<\/span><\/p>\n<p><span style=\"font-weight: 400\">&#8211; H\u1ea1t H\u01b0\u1edbng D\u01b0\u01a1ng Martin 200g<\/span><\/p>\n<p><span style=\"font-weight: 400\">&#8211; R\u01b0\u1ee3u Soju<\/span><\/p>\n<p><span style=\"font-weight: 400\">&#8211; C\u00e0 ph\u00ea Alambe 230g<\/span><\/p>\n<p><span style=\"font-weight: 400\">&#8211; K\u1eb9o Caramel mix Choko Chimba 200g<\/span><\/p>\n<p>&#8211;\u00a0Tr\u00e0 tess tr\u00e1i c\u00e2y 36g<\/p>\n<p><span style=\"font-weight: 400\">&#8211; H\u1ed9p qu\u00e0 T\u1ebft Th\u1ecbnh V\u01b0\u1ee3ng size L<\/span><\/p>","protected":false},"featured_media":24122,"comment_status":"open","ping_status":"closed","template":"","meta":[],"product_brand":[],"product_cat":[409,40,36,133,135,143],"product_tag":[],"class_list":{"0":"post-13118","1":"product","2":"type-product","3":"status-publish","4":"has-post-thumbnail","6":"product_cat-hop-qua-set-qua","7":"product_cat-sieuthi-giasi","8":"product_cat-thuc-pham-tieu-dung","9":"product_cat-banh-keo-chocolate","10":"product_cat-sua-do-uong","11":"product_cat-thuc-pham-dong-hop","13":"first","14":"instock","15":"sale","16":"shipping-taxable","17":"purchasable","18":"product-type-simple"},"_links":{"self":[{"href":"https:\/\/havamall.vn\/en\/wp-json\/wp\/v2\/product\/13118"}],"collection":[{"href":"https:\/\/havamall.vn\/en\/wp-json\/wp\/v2\/product"}],"about":[{"href":"https:\/\/havamall.vn\/en\/wp-json\/wp\/v2\/types\/product"}],"replies":[{"embeddable":true,"href":"https:\/\/havamall.vn\/en\/wp-json\/wp\/v2\/comments?post=13118"}],"version-history":[{"count":0,"href":"https:\/\/havamall.vn\/en\/wp-json\/wp\/v2\/product\/13118\/revisions"}],"wp:featuredmedia":[{"embeddable":true,"href":"https:\/\/havamall.vn\/en\/wp-json\/wp\/v2\/media\/24122"}],"wp:attachment":[{"href":"https:\/\/havamall.vn\/en\/wp-json\/wp\/v2\/media?parent=13118"}],"wp:term":[{"taxonomy":"product_brand","embeddable":true,"href":"https:\/\/havamall.vn\/en\/wp-json\/wp\/v2\/product_brand?post=13118"},{"taxonomy":"product_cat","embeddable":true,"href":"https:\/\/havamall.vn\/en\/wp-json\/wp\/v2\/product_cat?post=13118"},{"taxonomy":"product_tag","embeddable":true,"href":"https:\/\/havamall.vn\/en\/wp-json\/wp\/v2\/product_tag?post=13118"}],"curies":[{"name":"wp","href":"https:\/\/api.w.org\/{rel}","templated":true}]}}