{"id":13107,"date":"2019-12-11T18:06:27","date_gmt":"2019-12-11T11:06:27","guid":{"rendered":"https:\/\/havamall.vn\/?post_type=product&#038;p=13107"},"modified":"2026-03-10T13:53:39","modified_gmt":"2026-03-10T06:53:39","slug":"dua-tuoi-nguyen-lat-dole-hop-822gr-dole-pineapple-slices","status":"publish","type":"product","link":"https:\/\/havamall.vn\/en\/shop\/dua-tuoi-nguyen-lat-dole-hop-822gr-dole-pineapple-slices\/","title":{"rendered":"D\u1ee9a T\u01b0\u01a1i Nguy\u00ean L\u00e1t Dole h\u1ed9p &#8211; Dole Pineapple Slices"},"content":{"rendered":"<p><strong>TH\u00d4NG TIN S\u1ea2N PH\u1ea8M<\/strong><\/p>\n<p><strong>D\u1ee9a l\u00e1t ng\u00e2m Dole<\/strong>\u00a0\u0111\u01b0\u1ee3c\u00a0l\u00e0m t\u1eeb d\u1ee9a t\u01b0\u01a1i v\u00e0\u00a0ch\u1ecdn l\u1ef1a k\u1ef9 c\u00e0ng t\u1eeb c\u00e1c n\u00f4ng tr\u1ea1i, k\u1ebft h\u1ee3p c\u00f9ng c\u00e1c lo\u1ea1i gia v\u1ecb h\u1ea3o h\u1ea1ng. Nh\u1eefng qu\u1ea3 d\u1ee9a t\u01b0\u01a1i ngon nh\u1ea5t \u0111\u01b0\u1ee3c s\u00e0n l\u1ecdc, ch\u1ecdn l\u1ef1a k\u1ef9 c\u00e0ng, mang \u0111\u1ebfn s\u1ea3n ph\u1ea9m ch\u1ea5t l\u01b0\u1ee3ng nh\u1ea5t.\u00a0D\u1ee9a l\u00e1t ng\u00e2m kh\u00f4ng s\u1eed d\u1ee5ng ch\u1ea5t b\u1ea3o qu\u1ea3n, \u0111\u1ea3m b\u1ea3o an to\u00e0n tuy\u1ec7t \u0111\u1ed1i cho s\u1ee9c kh\u1ecfe c\u1ee7a b\u1ea1n v\u00e0 gia \u0111\u00ecnh. Ch\u1ea5t x\u01a1 c\u00f3 trong d\u1ee9a s\u1ebd kh\u00f4ng b\u1ecb \u1ea3nh h\u01b0\u1edfng b\u1edfi qu\u00e1 tr\u00ecnh \u0111\u00f3ng h\u1ed9p. Th\u1eadm ch\u00ed, c\u00e1c nh\u00e0 nghi\u00ean c\u1ee9u c\u00f2n th\u1ea5y r\u1eb1ng, vitamin A trong m\u1ed9t s\u1ed1 lo\u1ea1i tr\u00e1i c\u00e2y \u0111\u00f3ng h\u1ed9p c\u00f2n cao h\u01a1n b\u00ecnh th\u01b0\u1eddng.<\/p>\n<p><img fetchpriority=\"high\" decoding=\"async\" class=\"wp-image-13108 aligncenter\" src=\"https:\/\/havamall.com\/wp-content\/uploads\/2026\/03\/dua-tuoi-nguyen-lat-dole-hop-822g-201903181359470172-300x225.jpg\" alt=\"\" width=\"444\" height=\"333\" \/><\/p>\n<p><strong>D\u1ee9a l\u00e1t ng\u00e2m Dole<\/strong>\u00a0\u0111\u01b0\u1ee3c \u0111\u00f3ng h\u1ed9p ti\u1ec7n d\u1ee5ng, b\u1ea1n c\u00f3 th\u1ec3 mang theo trong nh\u1eefng chuy\u1ebfn \u0111i ch\u01a1i hay c\u1eafm tr\u1ea1i c\u00f9ng gia \u0111\u00ecnh v\u00e0 b\u1ea1n b\u00e8. S\u1ea3n ph\u1ea9m \u0111\u1ebfn t\u1eeb th\u01b0\u01a1ng hi\u1ec7u Dole c\u1ee7a M\u1ef9 , l\u00e0 m\u1ed9t trong nh\u1eefng th\u01b0\u01a1ng hi\u1ec7u s\u1ea3n xu\u1ea5t \u0111\u1ed3 h\u1ed9p h\u00e0ng \u0111\u1ea7u, \u0111\u01b0\u1ee3c nhi\u1ec1u ng\u01b0\u1eddi ti\u00eau d\u00f9ng tr\u00ean th\u1ebf gi\u1edbi \u01b0a chu\u1ed9ng.<\/p>\n<p>D\u1ee9a l\u00e0 lo\u1ea1i tr\u00e1i c\u00e2y r\u1ea5t t\u1ed1t cho s\u1ee9c kh\u1ecfe. Trong th\u00e0nh ph\u1ea7n c\u1ee7a d\u1ee9a ch\u1ee9a nhi\u1ec1u d\u01b0\u1ee1ng ch\u1ea5t: gi\u00e0u vitamin C, mangan, \u0111\u1ed3ng v\u00e0 folate,&#8230;l\u00e0 ngu\u1ed3n ch\u1ee9a h\u1ee3p ch\u1ea5t th\u1ef1c v\u1eadt bromalin duy nh\u1ea5t, c\u1ef1c k\u1ef3 c\u00f3 l\u1ee3i cho s\u1ee9c kh\u1ecfe, nh\u01b0 gi\u00fap t\u0103ng c\u01b0\u1eddng ch\u1ee9c n\u0103ng mi\u1ec5n d\u1ecbch, ph\u00f2ng ch\u1ed1ng ung th\u01b0, l\u00e0m l\u00e0nh v\u1ebft th\u01b0\u01a1ng v\u00e0 t\u1ed1t cho \u0111\u01b0\u1eddng ru\u1ed9t,&#8230;S\u1eed d\u1ee5ng l\u01b0\u1ee3ng d\u1ee9a v\u1eeba \u0111\u1ee7 trong kh\u1ea9u ph\u1ea7n \u0103n s\u1ebd gi\u00fap b\u1ea3o v\u1ec7 s\u1ee9c kh\u1ecfe gia \u0111\u00ecnh b\u1ea1n m\u1ed7i ng\u00e0y. Nay v\u1edbi D\u1ee9a T\u01b0\u01a1i Nguy\u00ean L\u00e1t Dole ch\u1ee9a th\u00e0nh ph\u1ea7n d\u1ee9a t\u01b0\u01a1i \u0111\u01b0\u1ee3c c\u1eaft th\u00e0nh nh\u1eefng khoanh tr\u00f2n, mang \u0111\u1ebfn cho b\u1ea1n s\u1ef1 ti\u1ec7n l\u1ee3i trong s\u1eed d\u1ee5ng. S\u1ea3n ph\u1ea9m th\u00edch h\u1ee3p \u0103n tr\u1ef1c ti\u1ebfp (d\u1eb1m \u0111\u00e1 nhuy\u1ec5n), ho\u1eb7c d\u00f9ng l\u00e0m sinh t\u1ed1, n\u01b0\u1edbc m\u00e1t, cocktail, m\u1ee9t b\u00e1nh, salad,&#8230;\u0111\u1ed3ng th\u1eddi gi\u00fap cung c\u1ea5p vitamin, d\u01b0\u1ee1ng ch\u1ea5t c\u1ea7n thi\u1ebft cho c\u01a1 th\u1ec3 gia \u0111\u00ecnh b\u1ea1n m\u1ed7i ng\u00e0y.<\/p>\n<p><img decoding=\"async\" class=\"wp-image-13109 aligncenter\" src=\"https:\/\/havamall.com\/wp-content\/uploads\/2026\/03\/Capture-300x200.png\" alt=\"\" width=\"477\" height=\"318\" \/><br \/>\n<strong>D\u1ee9a T\u01b0\u01a1i Nguy\u00ean L\u00e1t Dole<\/strong> c\u00f3 h\u01b0\u01a1ng v\u1ecb ng\u1ecdt d\u1ecbu th\u01a1m m\u00e1t b\u1ed5 sung n\u0103ng l\u01b0\u1ee3ng v\u00e0 vitamin thi\u1ebft y\u1ebfu cho c\u01a1 th\u1ec3, cung c\u1ea5p n\u0103ng l\u01b0\u1ee3ng t\u1ee9c th\u00ec xua tan c\u01a1n kh\u00e1t, n\u00f3ng b\u1ee9c c\u1ee7a th\u1eddi ti\u1ebft nh\u1ea5t l\u00e0 v\u00e0o m\u00f9a h\u00e8 oi b\u1ee9c kh\u00f3 ch\u1ecbu.<br \/>\nV\u1edbi c\u00f4ng ngh\u1ec7 hi\u1ec7n \u0111\u1ea1i th\u01b0\u01a1ng hi\u1ec7u Dole, mang \u0111\u1ebfn cho b\u1ea1n nh\u1eefng s\u1ea3n ph\u1ea9m ch\u1ea5t l\u01b0\u1ee3ng th\u01a1m ngon, an to\u00e0n cho s\u1ee9c kh\u1ecfe ng\u01b0\u1eddi ti\u00eau d\u00f9ng.<br \/>\n<strong>D\u1ee9a T\u01b0\u01a1i Nguy\u00ean L\u00e1t Dole<\/strong> ti\u1ec7n l\u1ee3i, bao b\u00ec thi\u1ebft k\u1ebf \u0111\u1eb9p m\u1eaft, ch\u1eafc ch\u1eafn gi\u00fap b\u1ea1n b\u1ea3o qu\u1ea3n th\u1ef1c ph\u1ea9m d\u1ec5 d\u00e0ng v\u00e0 \u0111\u1ea3m b\u1ea3o an to\u00e0n. S\u1ea3n ph\u1ea9m th\u00edch h\u1ee3p mang theo ra ngo\u00e0i, d\u00f9ng trong c\u00e1c b\u1eefa ti\u1ec7c, picnic,..gi\u1ea3i nhi\u1ec7t t\u1ee9c th\u00ec khi \u0103n \u0111\u1ed3 cay n\u00f3ng.<\/p>\n<p><img decoding=\"async\" class=\"wp-image-13110 aligncenter\" src=\"https:\/\/havamall.com\/wp-content\/uploads\/2026\/03\/Pineapple_Chunks_DYK-300x223.jpg\" alt=\"\" width=\"488\" height=\"363\" \/><\/p>\n<p><strong>Xu\u1ea5t x\u1ee9<\/strong>: Philippines<br \/>\n<strong>Th\u00e0nh ph\u1ea7n<\/strong>: D\u1ee9a (th\u01a1m) t\u01b0\u01a1i, \u0111\u01b0\u1eddng<br \/>\n<strong>H\u01b0\u1edbng d\u1eabn s\u1eed d\u1ee5ng<\/strong>: \u0102n tr\u1ef1c ti\u1ebfp ho\u1eb7c d\u00f9ng pha n\u01b0\u1edbc u\u1ed1ng, l\u00e0m b\u00e1nh, salad,&#8230;<\/p>\n<p><strong>L\u01b0u \u00fd:<\/strong><br \/>\n&#8211; B\u1ea3o qu\u1ea3n n\u01a1i kh\u00f4 r\u00e1o tho\u00e1ng m\u00e1t, tr\u00e1nh \u00e1nh n\u1eafng tr\u1ef1c ti\u1ebfp.<br \/>\n&#8211; \u0110\u00f3ng k\u00edn sau khi s\u1eed d\u1ee5ng. Ho\u1eb7c b\u1ea3o qu\u1ea3n trong h\u1ee7 \u0111\u1eady k\u00edn trong ng\u0103n m\u00e1t t\u1ee7 l\u1ea1nh.<\/p>","protected":false},"excerpt":{"rendered":"<p>D\u1ee9a l\u00e1t ng\u00e2m Dole\u00a0\u0111\u01b0\u1ee3c\u00a0l\u00e0m t\u1eeb d\u1ee9a t\u01b0\u01a1i v\u00e0\u00a0ch\u1ecdn l\u1ef1a k\u1ef9 c\u00e0ng t\u1eeb c\u00e1c n\u00f4ng tr\u1ea1i, k\u1ebft h\u1ee3p c\u00f9ng c\u00e1c lo\u1ea1i gia v\u1ecb h\u1ea3o h\u1ea1ng. Nh\u1eefng qu\u1ea3 d\u1ee9a t\u01b0\u01a1i ngon nh\u1ea5t \u0111\u01b0\u1ee3c s\u00e0n l\u1ecdc, ch\u1ecdn l\u1ef1a k\u1ef9 c\u00e0ng, mang \u0111\u1ebfn s\u1ea3n ph\u1ea9m ch\u1ea5t l\u01b0\u1ee3ng nh\u1ea5t.\u00a0D\u1ee9a l\u00e1t ng\u00e2m kh\u00f4ng s\u1eed d\u1ee5ng ch\u1ea5t b\u1ea3o qu\u1ea3n, \u0111\u1ea3m b\u1ea3o an to\u00e0n tuy\u1ec7t \u0111\u1ed1i cho s\u1ee9c kh\u1ecfe c\u1ee7a b\u1ea1n v\u00e0 gia \u0111\u00ecnh. Ch\u1ea5t x\u01a1 c\u00f3 trong d\u1ee9a s\u1ebd kh\u00f4ng b\u1ecb \u1ea3nh h\u01b0\u1edfng b\u1edfi qu\u00e1 tr\u00ecnh \u0111\u00f3ng h\u1ed9p. Th\u1eadm ch\u00ed, c\u00e1c nh\u00e0 nghi\u00ean c\u1ee9u c\u00f2n th\u1ea5y r\u1eb1ng, vitamin A trong m\u1ed9t s\u1ed1 lo\u1ea1i tr\u00e1i c\u00e2y \u0111\u00f3ng h\u1ed9p c\u00f2n cao h\u01a1n b\u00ecnh th\u01b0\u1eddng.<\/p>","protected":false},"featured_media":13111,"comment_status":"open","ping_status":"closed","template":"","meta":[],"product_brand":[],"product_cat":[36,143],"product_tag":[],"class_list":{"0":"post-13107","1":"product","2":"type-product","3":"status-publish","4":"has-post-thumbnail","6":"product_cat-thuc-pham-tieu-dung","7":"product_cat-thuc-pham-dong-hop","9":"first","10":"instock","11":"sale","12":"shipping-taxable","13":"purchasable","14":"product-type-simple"},"_links":{"self":[{"href":"https:\/\/havamall.vn\/en\/wp-json\/wp\/v2\/product\/13107"}],"collection":[{"href":"https:\/\/havamall.vn\/en\/wp-json\/wp\/v2\/product"}],"about":[{"href":"https:\/\/havamall.vn\/en\/wp-json\/wp\/v2\/types\/product"}],"replies":[{"embeddable":true,"href":"https:\/\/havamall.vn\/en\/wp-json\/wp\/v2\/comments?post=13107"}],"version-history":[{"count":0,"href":"https:\/\/havamall.vn\/en\/wp-json\/wp\/v2\/product\/13107\/revisions"}],"wp:featuredmedia":[{"embeddable":true,"href":"https:\/\/havamall.vn\/en\/wp-json\/wp\/v2\/media\/13111"}],"wp:attachment":[{"href":"https:\/\/havamall.vn\/en\/wp-json\/wp\/v2\/media?parent=13107"}],"wp:term":[{"taxonomy":"product_brand","embeddable":true,"href":"https:\/\/havamall.vn\/en\/wp-json\/wp\/v2\/product_brand?post=13107"},{"taxonomy":"product_cat","embeddable":true,"href":"https:\/\/havamall.vn\/en\/wp-json\/wp\/v2\/product_cat?post=13107"},{"taxonomy":"product_tag","embeddable":true,"href":"https:\/\/havamall.vn\/en\/wp-json\/wp\/v2\/product_tag?post=13107"}],"curies":[{"name":"wp","href":"https:\/\/api.w.org\/{rel}","templated":true}]}}