{"id":13070,"date":"2019-12-09T16:22:52","date_gmt":"2019-12-09T09:22:52","guid":{"rendered":"https:\/\/havamall.vn\/?post_type=product&#038;p=13070"},"modified":"2025-03-20T14:05:25","modified_gmt":"2025-03-20T07:05:25","slug":"trai-phuc-bon-tu-den-dong-lanh-1kg-frozen-blackberry","status":"publish","type":"product","link":"https:\/\/havamall.vn\/en\/shop\/trai-phuc-bon-tu-den-dong-lanh-1kg-frozen-blackberry\/","title":{"rendered":"Tr\u00e1i Ph\u00fac B\u1ed3n T\u1eed \u0110en \u0110\u00f4ng L\u1ea1nh &#8211; Frozen Blackberry"},"content":{"rendered":"<blockquote>\n<div><em><strong>*L\u01b0u \u00fd: Do s\u1ea3n ph\u1ea9m \u0111\u00f4ng l\u1ea1nh n\u00ean ch\u1ec9 nh\u1eadn giao h\u00e0ng trong n\u1ed9i th\u00e0nh HCM. V\u1edbi c\u00e1c \u0111\u01a1n t\u1ec9nh v\u00e0 ph\u00eda B\u1eafc vui l\u00f2ng chuy\u1ec3n kho\u1ea3n thanh to\u00e1n tr\u01b0\u1edbc \u0111\u1ec3 x\u00e1c nh\u1eadn giao h\u00e0ng. Ph\u00ed ship t\u00ednh theo gi\u00e1 c\u1ee7a ch\u00e0nh xe ho\u1eb7c b\u01b0u \u0111i\u1ec7n.<\/strong><\/em><\/div>\n<\/blockquote>\n<h4><strong>TH\u00d4NG TIN C\u00d4NG TY<\/strong><\/h4>\n<div class=\"entry-image\">Firestone Pacific Foods \u0111\u01b0\u1ee3c \u0111\u00e1nh gi\u00e1 l\u00e0 m\u1ed9t trong nh\u1eefng nh\u00e0 ch\u1ebf bi\u1ebfn tr\u00e1i c\u00e2y \u0111\u00f4ng l\u1ea1nh h\u00e0ng \u0111\u1ea7u \u1edf v\u00f9ng T\u00e2y B\u1eafc<a href=\"https:\/\/havamall.vn\/\">\u00a0Th\u00e1i B\u00ecnh D\u01b0\u01a1ng<\/a>. Tr\u00e1i c\u00e2y \u0111\u01b0\u1ee3c thu ho\u1ea1ch \u1edf \u0111\u1ec9nh \u0111\u1ed9 ch\u00edn, \u0111\u01b0\u1ee3c ch\u1ebf bi\u1ebfn t\u1ea1i c\u01a1 s\u1edf hi\u1ec7n \u0111\u1ea1i c\u1ee7a ch\u00fang t\u00f4i, v\u00e0 \u0111\u00f3ng g\u00f3i cho l\u00f4 h\u00e0ng theo c\u00e1ch hi\u1ec7n \u0111\u1ea1i nh\u1ea5t.<\/div>\n<div class=\"entry-content\">\n<p class=\"p1\">Firestone l\u00e0 m\u1ed9t ho\u1ea1t \u0111\u1ed9ng ch\u1ebf bi\u1ebfn cho ng\u01b0\u1eddi tr\u1ed3ng tr\u00e1i c\u00e2y trong n\u01b0\u1edbc v\u00e0 xu\u1ea5t kh\u1ea9u. K\u1ec3 t\u1eeb n\u0103m 1896, trang tr\u1ea1i c\u1ee7a Firestone Pacific Foods l\u00e0 m\u1ed9t ngu\u1ed3n tr\u00e1i c\u00e2y ch\u1ea5t l\u01b0\u1ee3ng cao \u0111\u01b0\u1ee3c t\u00f4n tr\u1ecdng. M\u1ed9t m\u1ea1ng l\u01b0\u1edbi nh\u1eefng ng\u01b0\u1eddi tr\u1ed3ng tr\u00e1i c\u00e2y \u0111\u1ec3 cung c\u1ea5p ph\u1ea3i \u0111\u00e1p \u1ee9ng c\u00e1c ti\u00eau chu\u1ea9n ch\u1ea5t l\u01b0\u1ee3ng nghi\u00eam ng\u1eb7t v\u1ec1 m\u1ee9c \u0111\u1ed9 b\u1ea3o hi\u1ec3m v\u00e0 tu\u00e2n th\u1ee7 c\u00e1c Quy \u0111\u1ecbnh N\u00f4ng nghi\u1ec7p hi\u1ec7n h\u00e0nh.<\/p>\n<p><img fetchpriority=\"high\" decoding=\"async\" class=\"wp-image-12443 aligncenter\" src=\"https:\/\/havamall.vn\/wp-content\/uploads\/2025\/03\/BlueberryProcessing-1-300x225.jpg\" alt=\"\" width=\"502\" height=\"376\" \/><\/p>\n<p>&nbsp;<\/p>\n<p class=\"p1\">T\u1ea1i Firestone Pacific Foods, an to\u00e0n th\u1ef1c ph\u1ea9m l\u00e0 th\u1ef1c t\u1ebf quan tr\u1ecdng nh\u1ea5t m\u00e0 th\u1ef1c hi\u1ec7n t\u1eeb trang tr\u1ea1i \u0111\u1ebfn c\u01a1 s\u1edf ch\u1ebf bi\u1ebfn c\u1ee7a ch\u00fang t\u00f4i. Ng\u01b0\u1eddi ti\u00eau d\u00f9ng c\u00f3 th\u1ec3 y\u00ean t\u00e2m khi bi\u1ebft t\u1ea5t c\u1ea3 c\u00e1c lo\u1ea1i tr\u00e1i c\u00e2y \u0111\u00f3ng g\u00f3i d\u01b0\u1edbi nh\u00e3n hi\u1ec7u Firestone \u0111\u00e3 \u0111\u01b0\u1ee3c tr\u1ed3ng v\u00e0 ch\u1ebf bi\u1ebfn c\u1ea9n th\u1eadn v\u00e0 an to\u00e0n.<\/p>\n<p>Firestone Pacific Foods ch\u1ec9 ch\u1ea5p nh\u1eadn c\u00e1c lo\u1ea1i\u00a0<strong>tr\u00e1i c\u00e2y ch\u1ea5t l\u01b0\u1ee3ng cao<\/strong>, \u0111\u01b0\u1ee3c l\u1ef1a ch\u1ecdn v\u00e0 ch\u1ebf bi\u1ebfn chu \u0111\u00e1o, tuy\u1ec7t \u0111\u1ed1i kh\u00f4ng th\u00eam ch\u1ea5t b\u1ea3o qu\u1ea3n, ph\u1ea9m m\u00e0u hay c\u00e1c h\u01b0\u01a1ng v\u1ecb nh\u00e2n t\u1ea1o. V\u00ec th\u1ebf, c\u00e1c s\u1ea3n ph\u1ea9m c\u1ee7a Firestone lu\u00f4n gi\u1eef \u0111\u01b0\u1ee3c nh\u1eefng h\u01b0\u01a1ng v\u1ecb t\u01b0\u01a1i ngon gi\u00e0u vitamin. \u0110\u00e2y l\u00e0 l\u00fd do t\u1ea1i sao t\u1ea5t c\u1ea3 c\u00e1c s\u1ea3n ph\u1ea9m \u0111\u1ec1u\u00a0<strong>\u0111\u1ea3m b\u1ea3o cho s\u1ee9c kh\u1ecfe<\/strong>\u00a0c\u1ee7a ng\u01b0\u1eddi s\u1eed d\u1ee5ng.<\/p>\n<p><img id=\"alttext-image\" width=\"16\" height=\"16\" align=\"left\" \/><\/p>\n<p><strong>C\u00e1ch d\u00f9ng:<\/strong>\u00a0L\u1ea5y l\u01b0\u1ee3ng v\u1eeba \u0111\u1ee7 d\u00f9ng \u0111\u1ec3 ra ngo\u00e0i cho gi\u00e3 \u0111\u00f4ng r\u1ed3i d\u00f9ng ngay. Ho\u1eb7c c\u00f3 th\u1ec3 \u0111\u1ec3 xu\u1ed1ng ng\u0103n m\u00e1t t\u1ee7 l\u1ea1nh (kho\u1ea3ng 1-3 \u0111\u1ed9 C) r\u1ed3i d\u00f9ng d\u1ea7n trong v\u00f2ng 3 ng\u00e0y sau \u0111\u00f3.<br \/>\nB\u1ea1n c\u00f3 th\u1ec3 d\u00f9ng trong pha ch\u1ebf \u0111\u1ed3 u\u1ed1ng ho\u1eb7c k\u1ebft h\u1ee3p l\u00e0m b\u00e1nh c\u00e1c lo\u1ea1i.<\/p>\n<p><strong>L\u01b0u \u00fd:<\/strong>\u00a0D\u00f9ng \u0111\u1ebfn \u0111\u00e2u th\u00ec gi\u00e3 \u0111\u00f4ng \u0111\u1ebfn \u0111\u00f3, s\u1ea3n ph\u1ea9m \u0111\u00e3 gi\u00e3 \u0111\u00f4ng th\u00ec kh\u00f4ng quay l\u1ea1i c\u1ea5p \u0111\u00f4ng n\u1eefa.<\/p>\n<p><img decoding=\"async\" class=\"wp-image-13072 aligncenter\" src=\"https:\/\/havamall.vn\/wp-content\/uploads\/2025\/03\/frozen-blackberries-photo-by-cathy-scola-300x225.jpg\" alt=\"\" width=\"527\" height=\"395\" \/><\/p>\n<h4><strong>L\u1ee3i \u00edch s\u1ee9c kh\u1ecfe c\u1ee7a Ph\u00fac B\u1ed3n T\u1eed \u0110en<\/strong><\/h4>\n<p><strong>B\u1ea3o v\u1ec7 da<\/strong>:<br \/>\nC\u00e1c lo\u1ea1i qu\u1ea3 h\u1ecd d\u00e2u l\u00e0 ngu\u1ed3n d\u1ed3i d\u00e0o axit ellagic gi\u00fap gi\u1ea3m t\u00e1c h\u1ea1i c\u1ee7a \u00e1nh n\u1eafng m\u1eb7t tr\u1eddi \u0111\u1ed1i v\u1edbi da, lo\u1ea1i axit n\u00e0y c\u0169ng ng\u0103n ch\u1eb7n s\u1ef1 ph\u00e1 v\u1ee1 collagen, gi\u00fap cho da s\u0103n ch\u1eafc v\u00e0 ng\u0103n ng\u1eeba s\u01b0ng vi\u00eam.<br \/>\n<strong>T\u0103ng c\u01b0\u1eddng s\u1ee9c kh\u1ecfe \u0111\u01b0\u1eddng ru\u1ed9t:<\/strong><br \/>\nM\u00e2m x\u00f4i \u0111en ch\u1ee9a c\u1ea3 hai lo\u1ea1i ch\u1ea5t x\u01a1 (h\u00f2a tan v\u00e0 kh\u00f4ng h\u00f2a tan) gi\u00fap \u0111i\u1ec1u h\u00f2a \u0111\u01b0\u1eddng ru\u1ed9t v\u00e0 lo\u1ea1i b\u1ecf c\u00e1c \u0111\u1ed9c t\u1ed1 kh\u1ecfi \u0111\u01b0\u1eddng ru\u1ed9t.<br \/>\n<strong>B\u1ea3o v\u1ec7 tim m\u1ea1ch:<\/strong><br \/>\nM\u00e2m x\u00f4i \u0111en ch\u1ee9a axit salicylic v\u1edbi \u0111\u1eb7c t\u00ednh t\u01b0\u01a1ng t\u1ef1 nh\u01b0 aspirin (axit acetylsalicylic) gi\u00fap ph\u00f2ng ch\u1ed1ng b\u1ec7nh tim, l\u00e0m gi\u1ea3m huy\u1ebft \u00e1p v\u00e0 gi\u1ea3m \u0111au.<br \/>\n<strong>Ch\u1ed1ng ung th\u01b0:<\/strong><br \/>\nAxit ellagic c\u00f3 t\u00e1c d\u1ee5ng l\u00e0m ng\u1eebng t\u0103ng tr\u01b0\u1edfng c\u00e1c t\u1ebf b\u00e0o ung th\u01b0(\u0111\u00e3 \u0111\u01b0\u1ee3c nghi\u00ean c\u1ee9u t\u1ea1i ph\u00f2ng th\u00ed nghi\u1ec7m).<\/p>\n<\/div>\n<div class=\"entry-content\"><strong>Ch\u1ed1ng t\u00ecnh tr\u1ea1ng \u0103n nhi\u1ec1u v\u00e0 b\u00e9o ph\u00ec<\/strong><\/div>\n<div class=\"entry-content\">Qu\u1ea3 m\u00e2m x\u00f4i \u0111en gi\u00e0u ch\u1ea5t x\u01a1 th\u1ef1c ph\u1ea9m v\u1ed1n \u0111\u00f3ng vai tr\u00f2 quan tr\u1ecdng \u0111\u1ed1i v\u1edbi c\u00e1c ch\u1ee9c n\u0103ng c\u01a1 th\u1ec3.\u00a0\u0110\u1eb7c bi\u1ec7t, ch\u1ea5t x\u01a1 gi\u00fap tr\u00ec ho\u00e3n t\u1ed1c \u0111\u1ed9 ti\u00eau h\u00f3a th\u1ee9c \u0103n, khi\u1ebfn ch\u00fang ta c\u1ea3m th\u1ea5y no l\u00e2u, nh\u1edd \u0111\u00f3 gi\u1ea3m nguy c\u01a1 \u0103n nhi\u1ec1u v\u00e0 ch\u1ed1ng b\u00e9o ph\u00ec.<\/div>\n<div class=\"entry-content\"><strong>T\u1ed1t cho \u0111\u00f4i m\u1eaft<\/strong><\/div>\n<div class=\"entry-content\">\n<p>Qu\u1ea3 m\u00e2m x\u00f4i \u0111en ch\u1ee9a h\u00e0m l\u01b0\u1ee3ng cao vitamin C (m\u1ed9t ph\u1ea7n \u0103n cung c\u1ea5p t\u1edbi 50% vitamin C c\u01a1 th\u1ec3 c\u1ea7n b\u1ed5 sung m\u1ed7i ng\u00e0y) v\u00e0 beta-carotene (ti\u1ec1n ch\u1ea5t vitamin A), n\u00ean r\u1ea5t c\u00f3 l\u1ee3i \u00edch cho s\u1ee9c kh\u1ecfe \u0111\u00f4i m\u1eaft<img loading=\"lazy\" decoding=\"async\" class=\"wp-image-13071 aligncenter\" src=\"https:\/\/havamall.vn\/wp-content\/uploads\/2025\/03\/frozen-blackberries-9322-August-30-2018-200x300.jpg\" alt=\"\" width=\"353\" height=\"530\" \/><\/p>\n<p>&nbsp;<\/p>\n<\/div>","protected":false},"excerpt":{"rendered":"<p>Qu\u1ea3 m\u00e2m x\u00f4i \u0111\u01b0\u1ee3c xem l\u00e0 \u201cch\u00faa t\u1ec3\u201d c\u1ee7a c\u00e1c lo\u1ea1i qu\u1ea3 kh\u00f4ng kh\u00f4ng ch\u1ec9 nh\u1edd ch\u1ee9a nhi\u1ec1u gi\u00e1 tr\u1ecb dinh d\u01b0\u1ee1ng t\u1ed1t cho s\u1ee9c kh\u1ecfe m\u00e0 ch\u00fang c\u00f2n \u0111\u01b0\u1ee3c d\u00f9ng \u0111\u1ec3 l\u00e0m nhi\u1ec1u lo\u1ea1i thu\u1ed1c kh\u00e1c nhau \u0111\u01b0\u1ee3c s\u1eed d\u1ee5ng t\u1eeb th\u00e2n c\u00e2y, l\u00e1 v\u00e0 c\u1ea3 qu\u1ea3 \u0111\u1eb7c bi\u1ec7t h\u1eefu \u00edch trong vi\u1ec7c \u0111i\u1ec1u tr\u1ecb b\u1ec7nh.\u00a0\u0110\u00f4ng y coi qu\u1ea3 m\u00e2m x\u00f4i l\u00e0 m\u1ed9t lo\u1ea1i qu\u1ea3 \u201cth\u1ef1c d\u01b0\u1ee3c l\u01b0\u1ee1ng d\u1ee5ng\u201d c\u00f3 ngh\u0129a l\u00e0 v\u1eeba l\u00e0m th\u1ef1c ph\u1ea9m v\u1eeba l\u00e0m th\u1ea3o d\u01b0\u1ee3c tr\u1ecb b\u1ec7nh.<\/p>","protected":false},"featured_media":13073,"comment_status":"open","ping_status":"closed","template":"","meta":[],"product_brand":[],"product_cat":[678,36],"product_tag":[],"class_list":{"0":"post-13070","1":"product","2":"type-product","3":"status-publish","4":"has-post-thumbnail","6":"product_cat-trai-cay-dong-lanh","7":"product_cat-thuc-pham-tieu-dung","8":"pa_brand-tmt","10":"first","11":"outofstock","12":"sale","13":"shipping-taxable","14":"purchasable","15":"product-type-variable","16":"has-default-attributes"},"_links":{"self":[{"href":"https:\/\/havamall.vn\/en\/wp-json\/wp\/v2\/product\/13070"}],"collection":[{"href":"https:\/\/havamall.vn\/en\/wp-json\/wp\/v2\/product"}],"about":[{"href":"https:\/\/havamall.vn\/en\/wp-json\/wp\/v2\/types\/product"}],"replies":[{"embeddable":true,"href":"https:\/\/havamall.vn\/en\/wp-json\/wp\/v2\/comments?post=13070"}],"version-history":[{"count":0,"href":"https:\/\/havamall.vn\/en\/wp-json\/wp\/v2\/product\/13070\/revisions"}],"wp:featuredmedia":[{"embeddable":true,"href":"https:\/\/havamall.vn\/en\/wp-json\/wp\/v2\/media\/13073"}],"wp:attachment":[{"href":"https:\/\/havamall.vn\/en\/wp-json\/wp\/v2\/media?parent=13070"}],"wp:term":[{"taxonomy":"product_brand","embeddable":true,"href":"https:\/\/havamall.vn\/en\/wp-json\/wp\/v2\/product_brand?post=13070"},{"taxonomy":"product_cat","embeddable":true,"href":"https:\/\/havamall.vn\/en\/wp-json\/wp\/v2\/product_cat?post=13070"},{"taxonomy":"product_tag","embeddable":true,"href":"https:\/\/havamall.vn\/en\/wp-json\/wp\/v2\/product_tag?post=13070"}],"curies":[{"name":"wp","href":"https:\/\/api.w.org\/{rel}","templated":true}]}}