{"id":13059,"date":"2019-12-09T15:45:38","date_gmt":"2019-12-09T08:45:38","guid":{"rendered":"https:\/\/havamall.vn\/?post_type=product&#038;p=13059"},"modified":"2025-03-20T14:13:32","modified_gmt":"2025-03-20T07:13:32","slug":"trai-nam-viet-quat-dong-lanh-1kg-frozen-cranberry","status":"publish","type":"product","link":"https:\/\/havamall.vn\/en\/shop\/trai-nam-viet-quat-dong-lanh-1kg-frozen-cranberry\/","title":{"rendered":"Tr\u00e1i Nam Vi\u1ec7t Qu\u1ea5t \u0110\u00f4ng L\u1ea1nh Firestone &#8211; Firestone Frozen Cranberries"},"content":{"rendered":"<blockquote>\n<div><em><strong>*L\u01b0u \u00fd: Do s\u1ea3n ph\u1ea9m \u0111\u00f4ng l\u1ea1nh n\u00ean ch\u1ec9 nh\u1eadn giao h\u00e0ng trong n\u1ed9i th\u00e0nh HCM. V\u1edbi c\u00e1c \u0111\u01a1n t\u1ec9nh v\u00e0 ph\u00eda B\u1eafc vui l\u00f2ng chuy\u1ec3n kho\u1ea3n thanh to\u00e1n tr\u01b0\u1edbc \u0111\u1ec3 x\u00e1c nh\u1eadn giao h\u00e0ng. Ph\u00ed ship t\u00ednh theo gi\u00e1 c\u1ee7a ch\u00e0nh xe ho\u1eb7c b\u01b0u \u0111i\u1ec7n.<\/strong><\/em><\/div>\n<\/blockquote>\n<h4><strong>TH\u00d4NG TIN C\u00d4NG TY<\/strong><\/h4>\n<div class=\"entry-image\">Firestone Pacific Foods \u0111\u01b0\u1ee3c \u0111\u00e1nh gi\u00e1 l\u00e0 m\u1ed9t trong nh\u1eefng nh\u00e0 ch\u1ebf bi\u1ebfn tr\u00e1i c\u00e2y \u0111\u00f4ng l\u1ea1nh h\u00e0ng \u0111\u1ea7u \u1edf v\u00f9ng T\u00e2y B\u1eafc<a href=\"https:\/\/havamall.vn\/\">\u00a0Th\u00e1i B\u00ecnh D\u01b0\u01a1ng<\/a>. Tr\u00e1i c\u00e2y \u0111\u01b0\u1ee3c thu ho\u1ea1ch \u1edf \u0111\u1ec9nh \u0111\u1ed9 ch\u00edn, \u0111\u01b0\u1ee3c ch\u1ebf bi\u1ebfn t\u1ea1i c\u01a1 s\u1edf hi\u1ec7n \u0111\u1ea1i c\u1ee7a ch\u00fang t\u00f4i, v\u00e0 \u0111\u00f3ng g\u00f3i cho l\u00f4 h\u00e0ng theo c\u00e1ch hi\u1ec7n \u0111\u1ea1i nh\u1ea5t.<\/div>\n<div class=\"entry-content\">\n<p class=\"p1\">Firestone l\u00e0 m\u1ed9t ho\u1ea1t \u0111\u1ed9ng ch\u1ebf bi\u1ebfn cho ng\u01b0\u1eddi tr\u1ed3ng tr\u00e1i c\u00e2y trong n\u01b0\u1edbc v\u00e0 xu\u1ea5t kh\u1ea9u. K\u1ec3 t\u1eeb n\u0103m 1896, trang tr\u1ea1i c\u1ee7a Firestone Pacific Foods l\u00e0 m\u1ed9t ngu\u1ed3n tr\u00e1i c\u00e2y ch\u1ea5t l\u01b0\u1ee3ng cao \u0111\u01b0\u1ee3c t\u00f4n tr\u1ecdng. M\u1ed9t m\u1ea1ng l\u01b0\u1edbi nh\u1eefng ng\u01b0\u1eddi tr\u1ed3ng tr\u00e1i c\u00e2y \u0111\u1ec3 cung c\u1ea5p ph\u1ea3i \u0111\u00e1p \u1ee9ng c\u00e1c ti\u00eau chu\u1ea9n ch\u1ea5t l\u01b0\u1ee3ng nghi\u00eam ng\u1eb7t v\u1ec1 m\u1ee9c \u0111\u1ed9 b\u1ea3o hi\u1ec3m v\u00e0 tu\u00e2n th\u1ee7 c\u00e1c Quy \u0111\u1ecbnh N\u00f4ng nghi\u1ec7p hi\u1ec7n h\u00e0nh.<\/p>\n<p><img fetchpriority=\"high\" decoding=\"async\" class=\"wp-image-12443 aligncenter\" src=\"https:\/\/havamall.vn\/wp-content\/uploads\/2025\/03\/BlueberryProcessing-1-300x225.jpg\" alt=\"\" width=\"502\" height=\"376\" \/><\/p>\n<p>&nbsp;<\/p>\n<p class=\"p1\">T\u1ea1i Firestone Pacific Foods, an to\u00e0n th\u1ef1c ph\u1ea9m l\u00e0 th\u1ef1c t\u1ebf quan tr\u1ecdng nh\u1ea5t m\u00e0 th\u1ef1c hi\u1ec7n t\u1eeb trang tr\u1ea1i \u0111\u1ebfn c\u01a1 s\u1edf ch\u1ebf bi\u1ebfn c\u1ee7a ch\u00fang t\u00f4i. Ng\u01b0\u1eddi ti\u00eau d\u00f9ng c\u00f3 th\u1ec3 y\u00ean t\u00e2m khi bi\u1ebft t\u1ea5t c\u1ea3 c\u00e1c lo\u1ea1i tr\u00e1i c\u00e2y \u0111\u00f3ng g\u00f3i d\u01b0\u1edbi nh\u00e3n hi\u1ec7u Firestone \u0111\u00e3 \u0111\u01b0\u1ee3c tr\u1ed3ng v\u00e0 ch\u1ebf bi\u1ebfn c\u1ea9n th\u1eadn v\u00e0 an to\u00e0n.<\/p>\n<p>Firestone Pacific Foods ch\u1ec9 ch\u1ea5p nh\u1eadn c\u00e1c lo\u1ea1i\u00a0<strong>tr\u00e1i c\u00e2y ch\u1ea5t l\u01b0\u1ee3ng cao<\/strong>, \u0111\u01b0\u1ee3c l\u1ef1a ch\u1ecdn v\u00e0 ch\u1ebf bi\u1ebfn chu \u0111\u00e1o, tuy\u1ec7t \u0111\u1ed1i kh\u00f4ng th\u00eam ch\u1ea5t b\u1ea3o qu\u1ea3n, ph\u1ea9m m\u00e0u hay c\u00e1c h\u01b0\u01a1ng v\u1ecb nh\u00e2n t\u1ea1o. V\u00ec th\u1ebf, c\u00e1c s\u1ea3n ph\u1ea9m c\u1ee7a Firestone lu\u00f4n gi\u1eef \u0111\u01b0\u1ee3c nh\u1eefng h\u01b0\u01a1ng v\u1ecb t\u01b0\u01a1i ngon gi\u00e0u vitamin. \u0110\u00e2y l\u00e0 l\u00fd do t\u1ea1i sao t\u1ea5t c\u1ea3 c\u00e1c s\u1ea3n ph\u1ea9m \u0111\u1ec1u\u00a0<strong>\u0111\u1ea3m b\u1ea3o cho s\u1ee9c kh\u1ecfe<\/strong>\u00a0c\u1ee7a ng\u01b0\u1eddi s\u1eed d\u1ee5ng.<\/p>\n<p><img id=\"alttext-image\" width=\"16\" height=\"16\" align=\"left\" \/><\/p>\n<p><strong>C\u00e1ch d\u00f9ng:<\/strong>\u00a0L\u1ea5y l\u01b0\u1ee3ng v\u1eeba \u0111\u1ee7 d\u00f9ng \u0111\u1ec3 ra ngo\u00e0i cho gi\u00e3 \u0111\u00f4ng r\u1ed3i d\u00f9ng ngay. Ho\u1eb7c c\u00f3 th\u1ec3 \u0111\u1ec3 xu\u1ed1ng ng\u0103n m\u00e1t t\u1ee7 l\u1ea1nh (kho\u1ea3ng 1-3 \u0111\u1ed9 C) r\u1ed3i d\u00f9ng d\u1ea7n trong v\u00f2ng 3 ng\u00e0y sau \u0111\u00f3.<br \/>\nB\u1ea1n c\u00f3 th\u1ec3 d\u00f9ng trong pha ch\u1ebf \u0111\u1ed3 u\u1ed1ng ho\u1eb7c k\u1ebft h\u1ee3p l\u00e0m b\u00e1nh c\u00e1c lo\u1ea1i.<\/p>\n<p><strong>L\u01b0u \u00fd:<\/strong>\u00a0D\u00f9ng \u0111\u1ebfn \u0111\u00e2u th\u00ec gi\u00e3 \u0111\u00f4ng \u0111\u1ebfn \u0111\u00f3, s\u1ea3n ph\u1ea9m \u0111\u00e3 gi\u00e3 \u0111\u00f4ng th\u00ec kh\u00f4ng quay l\u1ea1i c\u1ea5p \u0111\u00f4ng n\u1eefa.<\/p>\n<p><img decoding=\"async\" class=\"wp-image-13061 aligncenter\" src=\"https:\/\/havamall.vn\/wp-content\/uploads\/2025\/03\/142570105-56a30e115f9b58b7d0d03292-300x200.jpg\" alt=\"\" width=\"500\" height=\"333\" \/><\/p>\n<h4><strong>L\u1ee3i \u00edch s\u1ee9c kh\u1ecfe c\u1ee7a Nam Vi\u1ec7t Qu\u1ea5t<\/strong><\/h4>\n<p><strong>B\u1ea3o v\u1ec7 ch\u1ed1ng l\u1ea1i ung th\u01b0<\/strong><\/p>\n<p>M\u1ed9t nghi\u00ean c\u1ee9u t\u1eeb \u0110\u1ea1i h\u1ecdc Athens \u0111\u00e3 cho r\u1eb1ng, ch\u1ebf \u0111\u1ed9 \u0103n gi\u00e0u flavonoids \u0111\u00f3ng vai tr\u00f2 quan tr\u1ecdng trong vi\u1ec7c l\u00e0m gi\u1ea3m nguy c\u01a1 ung th\u01b0 v\u00e0 t\u1eed vong do ung th\u01b0. Qu\u1ea3 nam vi\u1ec7t qu\u1ea5t ch\u1ee9a proanthocyanidins, g\u00e2y \u1ee9c ch\u1ebf s\u1ef1 t\u0103ng tr\u01b0\u1edfng c\u1ee7a m\u1ed9t lo\u1ea1t c\u00e1c t\u1ebf b\u00e0o ung th\u01b0.<\/p>\n<p><strong>Ng\u0103n ng\u1eeba b\u1ec7nh nhi\u1ec5m tr\u00f9ng \u0111\u01b0\u1eddng ti\u1ebft ni\u1ec7u (UTI)<\/strong><\/p>\n<p>Qu\u1ea3 nam vi\u1ec7t qu\u1ea5t ch\u1ee9a proanthocyanidins, m\u1ed9t h\u1ee3p ch\u1ea5t th\u01b0\u1eddng th\u1ea5y \u1edf c\u00e1c lo\u00e0i th\u1ef1c v\u1eadt. Ng\u01b0\u1eddi ta cho r\u1eb1ng h\u1ee3p ch\u1ea5t n\u00e0y c\u00f3 th\u1ec3 gi\u00fap ng\u0103n ng\u1eeba UTI b\u1eb1ng c\u00e1ch ng\u0103n vi khu\u1ea9n t\u1ef1 t\u1ea5n c\u00f4ng v\u00e0o ni\u00eam m\u1ea1c c\u1ee7a \u0111\u01b0\u1eddng ti\u1ebft ni\u1ec7u. N\u1ebfu vi khu\u1ea9n kh\u00f4ng th\u1ec3 ph\u00e1t tri\u1ec3n v\u00e0 l\u00e2y lan, n\u00f3 s\u1ebd kh\u00f4ng th\u1ec3 g\u00e2y nhi\u1ec5m tr\u00f9ng.<\/p>\n<p><strong>Tr\u00e1nh nhi\u1ec5m tr\u00f9ng \u0111\u01b0\u1eddng h\u00f4 h\u1ea5p<\/strong><\/p>\n<p>Theo c\u00e1c nghi\u00ean c\u1ee9u, n\u01b0\u1edbc \u00e9p nam vi\u1ec7t qu\u1ea5t gi\u00fap ng\u0103n ng\u1eeba m\u1ed9t s\u1ed1 ch\u1ee7ng c\u00fam Haemophilus, l\u00e0 nguy\u00ean nh\u00e2n ph\u1ed5 bi\u1ebfn g\u00e2y nhi\u1ec5m tr\u00f9ng tai v\u00e0 \u0111\u01b0\u1eddng h\u00f4 h\u1ea5p \u1edf tr\u1ebb em. Lo\u1ea1i n\u01b0\u1edbc \u00e9p n\u00e0y \u1ee9c ch\u1ebf l\u00f4ng c\u1ee7a vi khu\u1ea9n gi\u1ed1ng nh\u01b0 c\u00e1c c\u1ea5u tr\u00fac ng\u0103n kh\u00f4ng cho ch\u00fang b\u00e1m v\u00e0o b\u1ec1 m\u1eb7t c\u1ee7a da.<\/p>\n<p><strong>Kh\u00e1ng vi\u00eam<\/strong><\/p>\n<p>Qu\u1ea3 nam vi\u1ec7t qu\u1ea5t \u0111\u00e3 \u0111\u01b0\u1ee3c ch\u1ee9ng minh l\u00e0 c\u00f3 t\u00e1c d\u1ee5ng kh\u00e1ng vi\u00eam, c\u00f3 t\u00e1c d\u1ee5ng \u0111\u1ed1i v\u1edbi m\u1ed9t s\u1ed1 b\u1ec7nh nh\u01b0 b\u1ec7nh th\u1ea5p kh\u1edbp, vi\u00eam d\u1ea1 d\u00e0y, r\u1ed1i lo\u1ea1n ti\u00eau h\u00f3a, h\u1ec7 tim m\u1ea1ch v\u00e0 \u0111\u1eb7c bi\u1ec7t l\u00e0 l\u1edbp ni\u00eam m\u1ea1c \u1edf th\u00e0nh m\u1ea1ch.<\/p>\n<p><strong>L\u00e0m cho x\u01b0\u01a1ng ch\u1eafc kh\u1ecfe<\/strong><\/p>\n<p>Qu\u1ea3 nam vi\u1ec7t qu\u1ea5t l\u00e0 ngu\u1ed3n cung c\u1ea5p canxi d\u1ed3i d\u00e0o gi\u00fap cho x\u01b0\u01a1ng, r\u0103ng v\u00e0 m\u00f3ng ch\u1eafc kh\u1ecfe. N\u00f3 c\u0169ng l\u00e0m gi\u1ea3m nguy c\u01a1 ph\u00e1t tri\u1ec3n b\u1ec7nh lo\u00e3ng x\u01b0\u01a1ng. M\u1ed9t ch\u00e9n vi\u1ec7t qu\u1ea5t t\u01b0\u01a1i ho\u1eb7c m\u1ed9t ly n\u01b0\u1edbc \u00e9p nam vi\u1ec7t qu\u1ea5t m\u1ed7i ng\u00e0y c\u00f3 vai tr\u00f2 quan tr\u1ecdng trong vi\u1ec7c gi\u1eef cho x\u01b0\u01a1ng c\u1ee7a b\u1ea1n ch\u1eafc kh\u1ecfe.<\/p>\n<p><img loading=\"lazy\" decoding=\"async\" class=\"wp-image-13060 aligncenter\" src=\"https:\/\/havamall.vn\/wp-content\/uploads\/2025\/03\/cranberries-3503-300x200.jpg\" alt=\"\" width=\"539\" height=\"359\" \/><\/p>\n<p><strong>C\u1ea3i thi\u1ec7n s\u1ee9c kh\u1ecfe tim m\u1ea1ch<\/strong><\/p>\n<p>Nam vi\u1ec7t qu\u1ea5t c\u0169ng ch\u1ee9a c\u00e1c d\u01b0\u1ee1ng ch\u1ea5t th\u1ef1c v\u1eadt. \u0110i\u1ec1u n\u00e0y l\u00e0m cho ch\u00fang c\u00f3 \u0111\u1eb7c t\u00ednh ch\u1ed1ng vi\u00eam. Vi\u00eam nhi\u1ec5m l\u00e0 t\u00e1c nh\u00e2n g\u00e2y t\u1ed5n h\u1ea1i c\u00e1c m\u1ea1ch m\u00e1u theo th\u1eddi gian. C\u00e1c m\u1ea1ch m\u00e1u b\u1ecb h\u01b0 h\u1ea1i s\u1ebd thu h\u00fat m\u1ea3ng b\u00e1m, g\u00e2y x\u01a1 v\u1eefa \u0111\u1ed9ng m\u1ea1ch.<\/p>\n<p><strong>Ch\u1ea5t ch\u1ed1ng oxy h\u00f3a m\u1ea1nh<\/strong><\/p>\n<p>Qu\u1ea3 nam vi\u1ec7t qu\u1ea5t ch\u1ee9a proanthocyanidins flavonoid (PAC). C\u1ea5u tr\u00fac b\u1ea5t th\u01b0\u1eddng c\u1ee7a ch\u00fang l\u00e0m cho ch\u00fang c\u00f3 \u0111\u1eb7c t\u00ednh ch\u1ed1ng d\u00ednh vi khu\u1ea9n m\u00e0 c\u00f3 th\u1ec3 gi\u00fap ng\u0103n s\u1ef1 k\u1ebft d\u00ednh c\u1ee7a m\u1ed9t s\u1ed1 vi khu\u1ea9n c\u00f3 h\u1ea1i.<\/p>\n<p><strong>T\u0103ng mi\u1ec5n d\u1ecbch<\/strong><\/p>\n<p>L\u1ee3i \u00edch h\u1ed7 tr\u1ee3 mi\u1ec5n d\u1ecbch c\u1ee7a nam vi\u1ec7t qu\u1ea5t th\u1eadt th\u00fa v\u1ecb. Ch\u00fang c\u00f3 h\u00e0m l\u01b0\u1ee3ng vitamin C cao, l\u00e0 ch\u1ea5t ch\u1ed1ng oxy h\u00f3a t\u1ed1t nh\u1ea5t n\u00e2ng cao kh\u1ea3 n\u0103ng mi\u1ec5n d\u1ecbch. Ngo\u00e0i ra, c\u00e1c h\u00f3a ch\u1ea5t th\u1ef1c v\u1eadt trong qu\u1ea3 nam vi\u1ec7t qu\u1ea5t l\u00e0m t\u0103ng h\u1ec7 mi\u1ec5n d\u1ecbch kh\u1ecfe m\u1ea1nh.<\/p>\n<p>&nbsp;<\/p>\n<\/div>","protected":false},"excerpt":{"rendered":"<p>Qu\u1ea3 nam vi\u1ec7t qu\u1ea5t r\u1ea5t gi\u00e0u vitamin C, mangan, ch\u1ea5t x\u01a1 v\u00e0 l\u00e0 ngu\u1ed3n cung c\u1ea5p vitamin K d\u1ed3i d\u00e0o. Lo\u1ea1i qu\u1ea3 n\u00e0y c\u00f3 th\u1ec3 gi\u00fap b\u1ea3o v\u1ec7 c\u01a1 th\u1ec3 kh\u1ecfi s\u1ef1 nguy h\u1ea1i c\u1ee7a c\u00e1c g\u1ed1c t\u1ef1 do v\u00e0 c\u0169ng c\u00f3 th\u1ec3 n\u00e2ng cao ch\u1ee9c n\u0103ng mi\u1ec5n d\u1ecbch v\u00e0 b\u1ea3o v\u1ec7 c\u01a1 th\u1ec3 ch\u1ed1ng l\u1ea1i nhi\u1ec5m tr\u00f9ng.<\/p>","protected":false},"featured_media":13062,"comment_status":"open","ping_status":"closed","template":"","meta":[],"product_brand":[],"product_cat":[678,36],"product_tag":[],"class_list":{"0":"post-13059","1":"product","2":"type-product","3":"status-publish","4":"has-post-thumbnail","6":"product_cat-trai-cay-dong-lanh","7":"product_cat-thuc-pham-tieu-dung","8":"pa_brand-tmt","10":"first","11":"outofstock","12":"sale","13":"shipping-taxable","14":"purchasable","15":"product-type-variable","16":"has-default-attributes"},"_links":{"self":[{"href":"https:\/\/havamall.vn\/en\/wp-json\/wp\/v2\/product\/13059"}],"collection":[{"href":"https:\/\/havamall.vn\/en\/wp-json\/wp\/v2\/product"}],"about":[{"href":"https:\/\/havamall.vn\/en\/wp-json\/wp\/v2\/types\/product"}],"replies":[{"embeddable":true,"href":"https:\/\/havamall.vn\/en\/wp-json\/wp\/v2\/comments?post=13059"}],"version-history":[{"count":0,"href":"https:\/\/havamall.vn\/en\/wp-json\/wp\/v2\/product\/13059\/revisions"}],"wp:featuredmedia":[{"embeddable":true,"href":"https:\/\/havamall.vn\/en\/wp-json\/wp\/v2\/media\/13062"}],"wp:attachment":[{"href":"https:\/\/havamall.vn\/en\/wp-json\/wp\/v2\/media?parent=13059"}],"wp:term":[{"taxonomy":"product_brand","embeddable":true,"href":"https:\/\/havamall.vn\/en\/wp-json\/wp\/v2\/product_brand?post=13059"},{"taxonomy":"product_cat","embeddable":true,"href":"https:\/\/havamall.vn\/en\/wp-json\/wp\/v2\/product_cat?post=13059"},{"taxonomy":"product_tag","embeddable":true,"href":"https:\/\/havamall.vn\/en\/wp-json\/wp\/v2\/product_tag?post=13059"}],"curies":[{"name":"wp","href":"https:\/\/api.w.org\/{rel}","templated":true}]}}