{"id":13054,"date":"2019-12-09T15:31:07","date_gmt":"2019-12-09T08:31:07","guid":{"rendered":"https:\/\/havamall.vn\/?post_type=product&#038;p=13054"},"modified":"2025-03-21T11:02:36","modified_gmt":"2025-03-21T04:02:36","slug":"trai-anh-dao-dong-lanh-1kg-frozen-cherry","status":"publish","type":"product","link":"https:\/\/havamall.vn\/en\/shop\/trai-anh-dao-dong-lanh-1kg-frozen-cherry\/","title":{"rendered":"Tr\u00e1i Anh \u0110\u00e0o \u0110\u00f4ng L\u1ea1nh Firestone &#8211; Firestone Frozen Cherries"},"content":{"rendered":"<blockquote>\n<div><em><strong>*L\u01b0u \u00fd: Do s\u1ea3n ph\u1ea9m \u0111\u00f4ng l\u1ea1nh n\u00ean ch\u1ec9 nh\u1eadn giao h\u00e0ng trong n\u1ed9i th\u00e0nh HCM. V\u1edbi c\u00e1c \u0111\u01a1n t\u1ec9nh v\u00e0 ph\u00eda B\u1eafc vui l\u00f2ng chuy\u1ec3n kho\u1ea3n thanh to\u00e1n tr\u01b0\u1edbc \u0111\u1ec3 x\u00e1c nh\u1eadn giao h\u00e0ng. Ph\u00ed ship t\u00ednh theo gi\u00e1 c\u1ee7a ch\u00e0nh xe ho\u1eb7c b\u01b0u \u0111i\u1ec7n.<\/strong><\/em><\/div>\n<\/blockquote>\n<h4><strong>TH\u00d4NG TIN C\u00d4NG TY<\/strong><\/h4>\n<div class=\"entry-image\">Firestone Pacific Foods \u0111\u01b0\u1ee3c \u0111\u00e1nh gi\u00e1 l\u00e0 m\u1ed9t trong nh\u1eefng nh\u00e0 ch\u1ebf bi\u1ebfn tr\u00e1i c\u00e2y \u0111\u00f4ng l\u1ea1nh h\u00e0ng \u0111\u1ea7u \u1edf v\u00f9ng T\u00e2y B\u1eafc<a href=\"https:\/\/havamall.vn\/\">\u00a0Th\u00e1i B\u00ecnh D\u01b0\u01a1ng<\/a>. Tr\u00e1i c\u00e2y \u0111\u01b0\u1ee3c thu ho\u1ea1ch \u1edf \u0111\u1ec9nh \u0111\u1ed9 ch\u00edn, \u0111\u01b0\u1ee3c ch\u1ebf bi\u1ebfn t\u1ea1i c\u01a1 s\u1edf hi\u1ec7n \u0111\u1ea1i c\u1ee7a ch\u00fang t\u00f4i, v\u00e0 \u0111\u00f3ng g\u00f3i cho l\u00f4 h\u00e0ng theo c\u00e1ch hi\u1ec7n \u0111\u1ea1i nh\u1ea5t.<\/div>\n<div class=\"entry-content\">\n<p class=\"p1\">Firestone l\u00e0 m\u1ed9t ho\u1ea1t \u0111\u1ed9ng ch\u1ebf bi\u1ebfn cho ng\u01b0\u1eddi tr\u1ed3ng tr\u00e1i c\u00e2y trong n\u01b0\u1edbc v\u00e0 xu\u1ea5t kh\u1ea9u. K\u1ec3 t\u1eeb n\u0103m 1896, trang tr\u1ea1i c\u1ee7a Firestone Pacific Foods l\u00e0 m\u1ed9t ngu\u1ed3n tr\u00e1i c\u00e2y ch\u1ea5t l\u01b0\u1ee3ng cao \u0111\u01b0\u1ee3c t\u00f4n tr\u1ecdng. M\u1ed9t m\u1ea1ng l\u01b0\u1edbi nh\u1eefng ng\u01b0\u1eddi tr\u1ed3ng tr\u00e1i c\u00e2y \u0111\u1ec3 cung c\u1ea5p ph\u1ea3i \u0111\u00e1p \u1ee9ng c\u00e1c ti\u00eau chu\u1ea9n ch\u1ea5t l\u01b0\u1ee3ng nghi\u00eam ng\u1eb7t v\u1ec1 m\u1ee9c \u0111\u1ed9 b\u1ea3o hi\u1ec3m v\u00e0 tu\u00e2n th\u1ee7 c\u00e1c Quy \u0111\u1ecbnh N\u00f4ng nghi\u1ec7p hi\u1ec7n h\u00e0nh.<\/p>\n<p><img fetchpriority=\"high\" decoding=\"async\" class=\"wp-image-12443 aligncenter\" src=\"https:\/\/havamall.vn\/wp-content\/uploads\/2025\/03\/BlueberryProcessing-1-300x225.jpg\" alt=\"\" width=\"502\" height=\"376\" \/><\/p>\n<p>&nbsp;<\/p>\n<p class=\"p1\">T\u1ea1i Firestone Pacific Foods, an to\u00e0n th\u1ef1c ph\u1ea9m l\u00e0 th\u1ef1c t\u1ebf quan tr\u1ecdng nh\u1ea5t m\u00e0 th\u1ef1c hi\u1ec7n t\u1eeb trang tr\u1ea1i \u0111\u1ebfn c\u01a1 s\u1edf ch\u1ebf bi\u1ebfn c\u1ee7a ch\u00fang t\u00f4i. Ng\u01b0\u1eddi ti\u00eau d\u00f9ng c\u00f3 th\u1ec3 y\u00ean t\u00e2m khi bi\u1ebft t\u1ea5t c\u1ea3 c\u00e1c lo\u1ea1i tr\u00e1i c\u00e2y \u0111\u00f3ng g\u00f3i d\u01b0\u1edbi nh\u00e3n hi\u1ec7u Firestone \u0111\u00e3 \u0111\u01b0\u1ee3c tr\u1ed3ng v\u00e0 ch\u1ebf bi\u1ebfn c\u1ea9n th\u1eadn v\u00e0 an to\u00e0n.<\/p>\n<p>Firestone Pacific Foods ch\u1ec9 ch\u1ea5p nh\u1eadn c\u00e1c lo\u1ea1i\u00a0<strong>tr\u00e1i c\u00e2y ch\u1ea5t l\u01b0\u1ee3ng cao<\/strong>, \u0111\u01b0\u1ee3c l\u1ef1a ch\u1ecdn v\u00e0 ch\u1ebf bi\u1ebfn chu \u0111\u00e1o, tuy\u1ec7t \u0111\u1ed1i kh\u00f4ng th\u00eam ch\u1ea5t b\u1ea3o qu\u1ea3n, ph\u1ea9m m\u00e0u hay c\u00e1c h\u01b0\u01a1ng v\u1ecb nh\u00e2n t\u1ea1o. V\u00ec th\u1ebf, c\u00e1c s\u1ea3n ph\u1ea9m c\u1ee7a Firestone lu\u00f4n gi\u1eef \u0111\u01b0\u1ee3c nh\u1eefng h\u01b0\u01a1ng v\u1ecb t\u01b0\u01a1i ngon gi\u00e0u vitamin. \u0110\u00e2y l\u00e0 l\u00fd do t\u1ea1i sao t\u1ea5t c\u1ea3 c\u00e1c s\u1ea3n ph\u1ea9m \u0111\u1ec1u\u00a0<strong>\u0111\u1ea3m b\u1ea3o cho s\u1ee9c kh\u1ecfe<\/strong>\u00a0c\u1ee7a ng\u01b0\u1eddi s\u1eed d\u1ee5ng.<\/p>\n<p><img decoding=\"async\" class=\"wp-image-13055 aligncenter\" src=\"https:\/\/havamall.vn\/wp-content\/uploads\/2025\/03\/frozen-cherries-300x200.jpg\" alt=\"\" width=\"510\" height=\"340\" \/><\/p>\n<p>&nbsp;<\/p>\n<p><img id=\"alttext-image\" width=\"16\" height=\"16\" align=\"left\" \/><\/p>\n<p><strong>C\u00e1ch d\u00f9ng:<\/strong>\u00a0L\u1ea5y l\u01b0\u1ee3ng v\u1eeba \u0111\u1ee7 d\u00f9ng \u0111\u1ec3 ra ngo\u00e0i cho gi\u00e3 \u0111\u00f4ng r\u1ed3i d\u00f9ng ngay. Ho\u1eb7c c\u00f3 th\u1ec3 \u0111\u1ec3 xu\u1ed1ng ng\u0103n m\u00e1t t\u1ee7 l\u1ea1nh (kho\u1ea3ng 1-3 \u0111\u1ed9 C) r\u1ed3i d\u00f9ng d\u1ea7n trong v\u00f2ng 3 ng\u00e0y sau \u0111\u00f3.<br \/>\nB\u1ea1n c\u00f3 th\u1ec3 d\u00f9ng trong pha ch\u1ebf \u0111\u1ed3 u\u1ed1ng ho\u1eb7c k\u1ebft h\u1ee3p l\u00e0m b\u00e1nh c\u00e1c lo\u1ea1i.<\/p>\n<p><strong>L\u01b0u \u00fd:<\/strong>\u00a0D\u00f9ng \u0111\u1ebfn \u0111\u00e2u th\u00ec gi\u00e3 \u0111\u00f4ng \u0111\u1ebfn \u0111\u00f3, s\u1ea3n ph\u1ea9m \u0111\u00e3 gi\u00e3 \u0111\u00f4ng th\u00ec kh\u00f4ng quay l\u1ea1i c\u1ea5p \u0111\u00f4ng n\u1eefa.<\/p>\n<h4><strong>L\u1ee3i \u00edch s\u1ee9c kh\u1ecfe c\u1ee7a Anh \u0110\u00e0o<\/strong><\/h4>\n<div><strong>&#8211; T\u0103ng c\u01b0\u1eddng mi\u1ec5n d\u1ecbch<\/strong><\/div>\n<div>Qu\u1ea3 n\u00e0y c\u00f3 ch\u1ee9a ch\u1ea5t flavonoid, l\u00e0 m\u1ed9t trong nh\u1eefng ch\u1ea5t ch\u1ed1ng \u00f4 xy h\u00f3a \u0111\u01b0\u1ee3c bi\u1ebft \u0111\u1ebfn nhi\u1ec1u nh\u1ea5t gi\u00fap t\u0103ng c\u01b0\u1eddng h\u1ec7 mi\u1ec5n d\u1ecbch v\u00e0 ch\u1ed1ng l\u1ea1i nhi\u1ec5m tr\u00f9ng.<\/div>\n<div><strong>&#8211; Ch\u1ed1ng m\u1ee1 t\u00edch t\u1ee5<\/strong><\/div>\n<div>Cherry c\u00f3 ch\u1ee9a anthocyanin &#8211; lo\u1ea1i flavonoid gi\u00fap gi\u1ea3m m\u1ee1 c\u01a1 th\u1ec3 v\u00e0 ng\u0103n ng\u1eeba ch\u1ee9ng b\u00e9o ph\u00ec.<\/div>\n<div><strong>&#8211; Gi\u1ea3m \u0111au do gout<\/strong><\/div>\n<div>B\u1ec7nh gout c\u00f3 th\u1ec3 r\u1ea5t \u0111au \u0111\u1edbn v\u00e0 g\u00e2y ra khi ax\u00edt uric t\u00edch t\u1ee5 trong m\u00e1u. C\u00e1c h\u1ee3p ch\u1ea5t ch\u1ee9a trong n\u01b0\u1edbc tr\u00e1i anh \u0111\u00e0o gi\u00fap gi\u1ea3m m\u1ee9c a x\u00edt uric v\u00e0 do \u0111\u00f3 l\u00e0m gi\u1ea3m \u0111au gout.<\/div>\n<div><strong>&#8211; T\u1ed1t cho tim<\/strong><\/div>\n<div>Tr\u00e1i anh \u0111\u00e0o gi\u00e0u ch\u1ea5t ch\u1ed1ng \u00f4 xy h\u00f3a quercetin gi\u00fap ng\u0103n ng\u1eeba c\u00e1c t\u1ed5n th\u01b0\u01a1ng do c\u00e1c g\u1ed1c t\u1ef1 do ho\u1eb7c cholesterol x\u1ea5u g\u00e2y ra. U\u1ed1ng m\u1ed9t ly n\u01b0\u1edbc tr\u00e1i anh \u0111\u00e0o gi\u00fap ng\u0103n ng\u1eeba c\u01a1n \u0111au tim, \u0111\u1ed9t q\u1ee5y v\u00e0 gi\u1eef cho tr\u00e1i tim kh\u1ecfe m\u1ea1nh.<\/div>\n<div><strong>&#8211; Gi\u00fap ki\u1ec3m so\u00e1t \u0111\u01b0\u1eddng huy\u1ebft<\/strong><\/div>\n<div>C\u00e1c h\u1ee3p ch\u1ea5t anthocyanin c\u00f3 trong anh \u0111\u00e0o gi\u00fap c\u1ea3i thi\u1ec7n m\u1ee9c \u0111\u1ed9 insulin v\u00e0 l\u01b0\u1ee3ng \u0111\u01b0\u1eddng trong m\u00e1u. Tuy nhi\u00ean, c\u1ea7n l\u01b0u \u00fd h\u00e0m l\u01b0\u1ee3ng \u0111\u01b0\u1eddng c\u00f3 th\u1ec3 \u0111\u01b0\u1ee3c pha ch\u1ebf trong lo\u1ea1i n\u01b0\u1edbc u\u1ed1ng n\u00e0y v\u00e0 n\u1ebfu c\u00f3 \u0111\u01b0\u1eddng th\u00ec m\u1ee9c \u0111\u01b0\u1eddng trong m\u00e1u s\u1ebd t\u0103ng l\u00ean.<\/div>\n<div><strong>&#8211; Kh\u00f4i ph\u1ee5c c\u01a1 nhanh<\/strong><\/div>\n<div>B\u1ea1n c\u00f3 th\u1ec3 b\u1ecb \u0111au c\u01a1 nghi\u00eam tr\u1ecdng v\u00e0 \u0111au sau m\u1ed9t b\u00e0i t\u1eadp c\u01b0\u1eddng \u0111\u1ed9 cao. \u0110\u1ed1i v\u1edbi t\u00ecnh tr\u1ea1ng \u0111au c\u01a1 do v\u1eadn \u0111\u1ed9ng, th\u00ec n\u01b0\u1edbc tr\u00e1i anh \u0111\u00e0o c\u00f3 th\u1ec3 r\u1ea5t h\u1eefu \u00edch. Anh \u0111\u00e0o \u0111\u01b0\u1ee3c bi\u1ebft \u0111\u1ebfn v\u1edbi ch\u1ea5t ch\u1ed1ng \u00f4 xy h\u00f3a gi\u00e0u ch\u1ea5t ch\u1ed1ng vi\u00eam. U\u1ed1ng n\u01b0\u1edbc tr\u00e1i c\u00e2y anh \u0111\u00e0o gi\u00fap gi\u1ea3m l\u01b0\u1ee3ng lipid b\u1ecb \u00f4 xy h\u00f3a, gi\u1ea3m vi\u00eam, c\u1ea3i thi\u1ec7n s\u1ee9c m\u1ea1nh, t\u0103ng c\u01b0\u1eddng h\u1ed3i ph\u1ee5c c\u01a1 v\u00e0 h\u1ed3i ph\u1ee5c \u0111au.<\/div>\n<p><img loading=\"lazy\" decoding=\"async\" class=\"wp-image-13057 aligncenter\" src=\"https:\/\/havamall.vn\/wp-content\/uploads\/2025\/03\/cherries_frozen_on_wood_326539388_1200px-300x169.jpg\" alt=\"\" width=\"509\" height=\"286\" \/><\/p>\n<p>&nbsp;<\/p>\n<\/div>","protected":false},"excerpt":{"rendered":"<p>Qu\u1ea3 cherry c\u00f3 v\u1ecb ng\u1ecdt, da b\u00f3ng, th\u1ecbt m\u1ecdng \u00f3ng \u1ea3 nh\u01b0 ng\u1ecdc b\u00edch, \u0103n gi\u00f2n ng\u1ecdt, \u0111\u1eadm \u0111\u00e0, h\u01b0\u01a1ng th\u01a1m d\u1ecbu nh\u1eb9 v\u00e0 h\u1ea1t r\u00f3c kh\u00f4ng d\u00ednh. \u0110\u00e2y \u0111\u01b0\u1ee3c xem l\u00e0 lo\u1ea1i qu\u1ea3 si\u00eau dinh d\u01b0\u1ee1ng v\u00e0 ch\u1ec9 c\u1ea7n \u0103n m\u1ed9t l\u1ea7n l\u00e0 nh\u1edb m\u00e3i c\u00e1i v\u1ecb v\u00e0 m\u00f9i th\u01a1m c\u1ee7a n\u00f3. B\u1edfi th\u1ebf m\u00e0 nhi\u1ec1u ng\u01b0\u1eddi v\u00ed von \u201cm\u1ed9t l\u1ea7n \u0103n cherry l\u00e0 m\u01b0\u1eddi l\u1ea7n nh\u1edb\u201d.<\/p>","protected":false},"featured_media":13058,"comment_status":"open","ping_status":"closed","template":"","meta":[],"product_brand":[],"product_cat":[669,678,36],"product_tag":[],"class_list":{"0":"post-13054","1":"product","2":"type-product","3":"status-publish","4":"has-post-thumbnail","6":"product_cat-nhap-khau-my","7":"product_cat-trai-cay-dong-lanh","8":"product_cat-thuc-pham-tieu-dung","9":"pa_brand-tmt","11":"first","12":"outofstock","13":"sale","14":"shipping-taxable","15":"purchasable","16":"product-type-variable","17":"has-default-attributes"},"_links":{"self":[{"href":"https:\/\/havamall.vn\/en\/wp-json\/wp\/v2\/product\/13054"}],"collection":[{"href":"https:\/\/havamall.vn\/en\/wp-json\/wp\/v2\/product"}],"about":[{"href":"https:\/\/havamall.vn\/en\/wp-json\/wp\/v2\/types\/product"}],"replies":[{"embeddable":true,"href":"https:\/\/havamall.vn\/en\/wp-json\/wp\/v2\/comments?post=13054"}],"version-history":[{"count":0,"href":"https:\/\/havamall.vn\/en\/wp-json\/wp\/v2\/product\/13054\/revisions"}],"wp:featuredmedia":[{"embeddable":true,"href":"https:\/\/havamall.vn\/en\/wp-json\/wp\/v2\/media\/13058"}],"wp:attachment":[{"href":"https:\/\/havamall.vn\/en\/wp-json\/wp\/v2\/media?parent=13054"}],"wp:term":[{"taxonomy":"product_brand","embeddable":true,"href":"https:\/\/havamall.vn\/en\/wp-json\/wp\/v2\/product_brand?post=13054"},{"taxonomy":"product_cat","embeddable":true,"href":"https:\/\/havamall.vn\/en\/wp-json\/wp\/v2\/product_cat?post=13054"},{"taxonomy":"product_tag","embeddable":true,"href":"https:\/\/havamall.vn\/en\/wp-json\/wp\/v2\/product_tag?post=13054"}],"curies":[{"name":"wp","href":"https:\/\/api.w.org\/{rel}","templated":true}]}}