{"id":13050,"date":"2019-12-09T15:18:41","date_gmt":"2019-12-09T08:18:41","guid":{"rendered":"https:\/\/havamall.vn\/?post_type=product&#038;p=13050"},"modified":"2021-06-09T10:38:24","modified_gmt":"2021-06-09T03:38:24","slug":"trai-dau-tay-dong-lanh-1kg-frozen-strawberry","status":"publish","type":"product","link":"https:\/\/havamall.vn\/en\/shop\/trai-dau-tay-dong-lanh-1kg-frozen-strawberry\/","title":{"rendered":"Tr\u00e1i D\u00e2u T\u00e2y \u0110\u00f4ng L\u1ea1nh Firestone &#8211; Firestone Frozen Strawberries"},"content":{"rendered":"<blockquote>\n<div><em><strong>*L\u01b0u \u00fd: Do s\u1ea3n ph\u1ea9m \u0111\u00f4ng l\u1ea1nh n\u00ean ch\u1ec9 nh\u1eadn giao h\u00e0ng trong n\u1ed9i th\u00e0nh HCM. V\u1edbi c\u00e1c \u0111\u01a1n t\u1ec9nh v\u00e0 ph\u00eda B\u1eafc vui l\u00f2ng chuy\u1ec3n kho\u1ea3n thanh to\u00e1n tr\u01b0\u1edbc \u0111\u1ec3 x\u00e1c nh\u1eadn giao h\u00e0ng. Ph\u00ed ship t\u00ednh theo gi\u00e1 c\u1ee7a ch\u00e0nh xe ho\u1eb7c b\u01b0u \u0111i\u1ec7n.<\/strong><\/em><\/div>\n<\/blockquote>\n<h4><strong>TH\u00d4NG TIN C\u00d4NG TY<\/strong><\/h4>\n<div class=\"entry-image\">Firestone Pacific Foods \u0111\u01b0\u1ee3c \u0111\u00e1nh gi\u00e1 l\u00e0 m\u1ed9t trong nh\u1eefng nh\u00e0 ch\u1ebf bi\u1ebfn tr\u00e1i c\u00e2y \u0111\u00f4ng l\u1ea1nh h\u00e0ng \u0111\u1ea7u \u1edf v\u00f9ng T\u00e2y B\u1eafc<a href=\"https:\/\/havamall.vn\/\">\u00a0Th\u00e1i B\u00ecnh D\u01b0\u01a1ng<\/a>. Tr\u00e1i c\u00e2y \u0111\u01b0\u1ee3c thu ho\u1ea1ch \u1edf \u0111\u1ec9nh \u0111\u1ed9 ch\u00edn, \u0111\u01b0\u1ee3c ch\u1ebf bi\u1ebfn t\u1ea1i c\u01a1 s\u1edf hi\u1ec7n \u0111\u1ea1i c\u1ee7a ch\u00fang t\u00f4i, v\u00e0 \u0111\u00f3ng g\u00f3i cho l\u00f4 h\u00e0ng theo c\u00e1ch hi\u1ec7n \u0111\u1ea1i nh\u1ea5t.<\/div>\n<div class=\"entry-content\">\n<p class=\"p1\">Firestone l\u00e0 m\u1ed9t ho\u1ea1t \u0111\u1ed9ng ch\u1ebf bi\u1ebfn cho ng\u01b0\u1eddi tr\u1ed3ng tr\u00e1i c\u00e2y trong n\u01b0\u1edbc v\u00e0 xu\u1ea5t kh\u1ea9u. K\u1ec3 t\u1eeb n\u0103m 1896, trang tr\u1ea1i c\u1ee7a Firestone Pacific Foods l\u00e0 m\u1ed9t ngu\u1ed3n tr\u00e1i c\u00e2y ch\u1ea5t l\u01b0\u1ee3ng cao \u0111\u01b0\u1ee3c t\u00f4n tr\u1ecdng. M\u1ed9t m\u1ea1ng l\u01b0\u1edbi nh\u1eefng ng\u01b0\u1eddi tr\u1ed3ng tr\u00e1i c\u00e2y \u0111\u1ec3 cung c\u1ea5p ph\u1ea3i \u0111\u00e1p \u1ee9ng c\u00e1c ti\u00eau chu\u1ea9n ch\u1ea5t l\u01b0\u1ee3ng nghi\u00eam ng\u1eb7t v\u1ec1 m\u1ee9c \u0111\u1ed9 b\u1ea3o hi\u1ec3m v\u00e0 tu\u00e2n th\u1ee7 c\u00e1c Quy \u0111\u1ecbnh N\u00f4ng nghi\u1ec7p hi\u1ec7n h\u00e0nh.<\/p>\n<p><img fetchpriority=\"high\" decoding=\"async\" class=\"wp-image-12443 aligncenter\" src=\"https:\/\/havamall.vn\/wp-content\/uploads\/2018\/10\/BlueberryProcessing-1-300x225.jpg\" alt=\"\" width=\"502\" height=\"376\" srcset=\"https:\/\/havamall.vn\/wp-content\/uploads\/2018\/10\/BlueberryProcessing-1-300x225.jpg 300w, https:\/\/havamall.vn\/wp-content\/uploads\/2018\/10\/BlueberryProcessing-1-430x323.jpg 430w, https:\/\/havamall.vn\/wp-content\/uploads\/2018\/10\/BlueberryProcessing-1-150x113.jpg 150w, https:\/\/havamall.vn\/wp-content\/uploads\/2018\/10\/BlueberryProcessing-1.jpg 600w\" sizes=\"(max-width: 502px) 100vw, 502px\" \/><\/p>\n<p>&nbsp;<\/p>\n<p class=\"p1\">T\u1ea1i Firestone Pacific Foods, an to\u00e0n th\u1ef1c ph\u1ea9m l\u00e0 th\u1ef1c t\u1ebf quan tr\u1ecdng nh\u1ea5t m\u00e0 th\u1ef1c hi\u1ec7n t\u1eeb trang tr\u1ea1i \u0111\u1ebfn c\u01a1 s\u1edf ch\u1ebf bi\u1ebfn c\u1ee7a ch\u00fang t\u00f4i. Ng\u01b0\u1eddi ti\u00eau d\u00f9ng c\u00f3 th\u1ec3 y\u00ean t\u00e2m khi bi\u1ebft t\u1ea5t c\u1ea3 c\u00e1c lo\u1ea1i tr\u00e1i c\u00e2y \u0111\u00f3ng g\u00f3i d\u01b0\u1edbi nh\u00e3n hi\u1ec7u Firestone \u0111\u00e3 \u0111\u01b0\u1ee3c tr\u1ed3ng v\u00e0 ch\u1ebf bi\u1ebfn c\u1ea9n th\u1eadn v\u00e0 an to\u00e0n.<\/p>\n<p>Firestone Pacific Foods ch\u1ec9 ch\u1ea5p nh\u1eadn c\u00e1c lo\u1ea1i\u00a0<strong>tr\u00e1i c\u00e2y ch\u1ea5t l\u01b0\u1ee3ng cao<\/strong>, \u0111\u01b0\u1ee3c l\u1ef1a ch\u1ecdn v\u00e0 ch\u1ebf bi\u1ebfn chu \u0111\u00e1o, tuy\u1ec7t \u0111\u1ed1i kh\u00f4ng th\u00eam ch\u1ea5t b\u1ea3o qu\u1ea3n, ph\u1ea9m m\u00e0u hay c\u00e1c h\u01b0\u01a1ng v\u1ecb nh\u00e2n t\u1ea1o. V\u00ec th\u1ebf, c\u00e1c s\u1ea3n ph\u1ea9m c\u1ee7a Firestone lu\u00f4n gi\u1eef \u0111\u01b0\u1ee3c nh\u1eefng h\u01b0\u01a1ng v\u1ecb t\u01b0\u01a1i ngon gi\u00e0u vitamin. \u0110\u00e2y l\u00e0 l\u00fd do t\u1ea1i sao t\u1ea5t c\u1ea3 c\u00e1c s\u1ea3n ph\u1ea9m \u0111\u1ec1u\u00a0<strong>\u0111\u1ea3m b\u1ea3o cho s\u1ee9c kh\u1ecfe<\/strong>\u00a0c\u1ee7a ng\u01b0\u1eddi s\u1eed d\u1ee5ng.<\/p>\n<p><img decoding=\"async\" class=\"wp-image-13051 aligncenter\" src=\"https:\/\/havamall.vn\/wp-content\/uploads\/2019\/12\/frozen-strawberry-7-300x169.jpg\" alt=\"\" width=\"518\" height=\"292\" srcset=\"https:\/\/havamall.vn\/wp-content\/uploads\/2019\/12\/frozen-strawberry-7-300x169.jpg 300w, https:\/\/havamall.vn\/wp-content\/uploads\/2019\/12\/frozen-strawberry-7-430x242.jpg 430w, https:\/\/havamall.vn\/wp-content\/uploads\/2019\/12\/frozen-strawberry-7-150x84.jpg 150w, https:\/\/havamall.vn\/wp-content\/uploads\/2019\/12\/frozen-strawberry-7-700x394.jpg 700w, https:\/\/havamall.vn\/wp-content\/uploads\/2019\/12\/frozen-strawberry-7-768x432.jpg 768w, https:\/\/havamall.vn\/wp-content\/uploads\/2019\/12\/frozen-strawberry-7-1024x576.jpg 1024w, https:\/\/havamall.vn\/wp-content\/uploads\/2019\/12\/frozen-strawberry-7-1200x675.jpg 1200w, https:\/\/havamall.vn\/wp-content\/uploads\/2019\/12\/frozen-strawberry-7-600x338.jpg 600w\" sizes=\"(max-width: 518px) 100vw, 518px\" \/><\/p>\n<p><img id=\"alttext-image\" width=\"16\" height=\"16\" align=\"left\" \/><\/p>\n<p><strong>C\u00e1ch d\u00f9ng:<\/strong>\u00a0L\u1ea5y l\u01b0\u1ee3ng v\u1eeba \u0111\u1ee7 d\u00f9ng \u0111\u1ec3 ra ngo\u00e0i cho gi\u00e3 \u0111\u00f4ng r\u1ed3i d\u00f9ng ngay. Ho\u1eb7c c\u00f3 th\u1ec3 \u0111\u1ec3 xu\u1ed1ng ng\u0103n m\u00e1t t\u1ee7 l\u1ea1nh (kho\u1ea3ng 1-3 \u0111\u1ed9 C) r\u1ed3i d\u00f9ng d\u1ea7n trong v\u00f2ng 3 ng\u00e0y sau \u0111\u00f3.<br \/>\nB\u1ea1n c\u00f3 th\u1ec3 d\u00f9ng trong pha ch\u1ebf \u0111\u1ed3 u\u1ed1ng ho\u1eb7c k\u1ebft h\u1ee3p l\u00e0m b\u00e1nh c\u00e1c lo\u1ea1i.<\/p>\n<p><strong>L\u01b0u \u00fd:<\/strong>\u00a0D\u00f9ng \u0111\u1ebfn \u0111\u00e2u th\u00ec gi\u00e3 \u0111\u00f4ng \u0111\u1ebfn \u0111\u00f3, s\u1ea3n ph\u1ea9m \u0111\u00e3 gi\u00e3 \u0111\u00f4ng th\u00ec kh\u00f4ng quay l\u1ea1i c\u1ea5p \u0111\u00f4ng n\u1eefa.<\/p>\n<h4><strong>L\u1ee3i \u00edch s\u1ee9c kh\u1ecfe c\u1ee7a D\u00e2u T\u00e2y<\/strong><\/h4>\n<p>&#8211; C\u00f3 kh\u1ea3 n\u0103ng b\u1ea3o v\u1ec7 ch\u1ed1ng oxy h\u00f3a m\u1ea1nh \u0111\u01b0\u1ee3c t\u00ecm th\u1ea5y trong Phenol (anthocyanin, anthocyanin 2 v\u00e0 ellagitannin).<br \/>\n&#8211; H\u00e0m l\u01b0\u1ee3ng ellagitannin c\u1ee7a d\u00e2u t\u00e2y th\u1ef1c s\u1ef1 c\u00f3 li\u00ean quan \u0111\u1ebfn vi\u1ec7c gi\u1ea3m t\u1ef7 l\u1ec7 t\u1eed vong do ung th\u01b0.<br \/>\n&#8211; C\u00e1c nh\u00e0 nghi\u00ean c\u1ee9u \u0111\u00e3 ph\u00e1t hi\u1ec7n ra r\u1eb1ng d\u00e2u t\u00e2y gi\u00fap b\u1ea3o v\u1ec7 n\u00e3o kh\u1ecfi c\u0103ng th\u1eb3ng oxy h\u00f3a v\u00e0 c\u00f3 th\u1ec3 l\u00e0m gi\u1ea3m t\u00e1c \u0111\u1ed9ng c\u1ee7a s\u1ef1 suy gi\u1ea3m li\u00ean quan \u0111\u1ebfn tu\u1ed5i t\u00e1c trong ch\u1ee9c n\u0103ng n\u00e3o.<br \/>\n&#8211; C\u00e1c nghi\u00ean c\u1ee9u \u0111\u00e3 ch\u1ec9 ra r\u1eb1ng c\u00e1c lo\u1ea1i th\u1ef1c ph\u1ea9m gi\u00e0u vitamin C, ch\u1eb3ng h\u1ea1n nh\u01b0 D\u00e2u t\u00e2y, cung c\u1ea5p cho con ng\u01b0\u1eddi s\u1ef1 b\u1ea3o v\u1ec7 ch\u1ed1ng l\u1ea1i vi\u00eam \u0111a kh\u1edbp vi\u00eam, m\u1ed9t d\u1ea1ng vi\u00eam kh\u1edbp d\u1ea1ng th\u1ea5p li\u00ean quan \u0111\u1ebfn hai ho\u1eb7c nhi\u1ec1u kh\u1edbp.<\/p>\n<p><img loading=\"lazy\" decoding=\"async\" class=\"wp-image-13052 aligncenter\" src=\"https:\/\/havamall.vn\/wp-content\/uploads\/2019\/12\/strawberry-sorbet-9-200x300.jpg\" alt=\"\" width=\"292\" height=\"438\" srcset=\"https:\/\/havamall.vn\/wp-content\/uploads\/2019\/12\/strawberry-sorbet-9-200x300.jpg 200w, https:\/\/havamall.vn\/wp-content\/uploads\/2019\/12\/strawberry-sorbet-9-430x644.jpg 430w, https:\/\/havamall.vn\/wp-content\/uploads\/2019\/12\/strawberry-sorbet-9-150x225.jpg 150w, https:\/\/havamall.vn\/wp-content\/uploads\/2019\/12\/strawberry-sorbet-9-700x1049.jpg 700w, https:\/\/havamall.vn\/wp-content\/uploads\/2019\/12\/strawberry-sorbet-9-683x1024.jpg 683w, https:\/\/havamall.vn\/wp-content\/uploads\/2019\/12\/strawberry-sorbet-9-600x899.jpg 600w, https:\/\/havamall.vn\/wp-content\/uploads\/2019\/12\/strawberry-sorbet-9.jpg 720w\" sizes=\"(max-width: 292px) 100vw, 292px\" \/><\/p>\n<p>&nbsp;<\/p>\n<\/div>","protected":false},"excerpt":{"rendered":"<p>D\u00e2u t\u00e2y l\u00e0 lo\u1ea1i tr\u00e1i c\u00e2y \u0111\u1eb7c s\u1ea3n c\u1ee7a x\u1ee9 l\u1ea1nh. Lo\u1ea1i tr\u00e1i c\u00e2y n\u00e0y c\u00f3 h\u01b0\u01a1ng v\u1ecb th\u01a1m ngon, chua chua, ng\u1ecdt ng\u1ecdt khi\u1ebfn nhi\u1ec1u ng\u01b0\u1eddi ph\u1ea3i m\u00ea m\u1ea9n. D\u00e2u t\u00e2y th\u01b0\u1eddng \u0111\u01b0\u1ee3c d\u00f9ng trong vi\u1ec7c ch\u1ebf bi\u1ebfn c\u00e1c m\u00f3n \u0103n, \u0111\u1ed3 u\u1ed1ng nh\u01b0 tr\u00e1i c\u00e2y d\u1ea7m, m\u1ee9t, n\u01b0\u1edbc \u00e9p, b\u00e1nh\u2026 \u0110\u1eb7c bi\u1ec7t, lo\u1ea1i tr\u00e1i c\u00e2y n\u00e0y c\u00f2n \u0111em l\u1ea1i r\u1ea5t nhi\u1ec1u l\u1ee3i \u00edch cho s\u1ee9c kh\u1ecfe v\u00e0 s\u1eafc \u0111\u1eb9p c\u1ee7a ph\u1ee5 n\u1eef.<\/p>","protected":false},"featured_media":13053,"comment_status":"open","ping_status":"closed","template":"","meta":[],"product_brand":[],"product_cat":[275,36],"product_tag":[],"class_list":{"0":"post-13050","1":"product","2":"type-product","3":"status-publish","4":"has-post-thumbnail","6":"product_cat-thuc-pham-dong-lanh","7":"product_cat-thuc-pham-tieu-dung","8":"pa_brand-tmt","10":"first","11":"outofstock","12":"sale","13":"shipping-taxable","14":"purchasable","15":"product-type-variable","16":"has-default-attributes"},"_links":{"self":[{"href":"https:\/\/havamall.vn\/en\/wp-json\/wp\/v2\/product\/13050"}],"collection":[{"href":"https:\/\/havamall.vn\/en\/wp-json\/wp\/v2\/product"}],"about":[{"href":"https:\/\/havamall.vn\/en\/wp-json\/wp\/v2\/types\/product"}],"replies":[{"embeddable":true,"href":"https:\/\/havamall.vn\/en\/wp-json\/wp\/v2\/comments?post=13050"}],"version-history":[{"count":0,"href":"https:\/\/havamall.vn\/en\/wp-json\/wp\/v2\/product\/13050\/revisions"}],"wp:featuredmedia":[{"embeddable":true,"href":"https:\/\/havamall.vn\/en\/wp-json\/wp\/v2\/media\/13053"}],"wp:attachment":[{"href":"https:\/\/havamall.vn\/en\/wp-json\/wp\/v2\/media?parent=13050"}],"wp:term":[{"taxonomy":"product_brand","embeddable":true,"href":"https:\/\/havamall.vn\/en\/wp-json\/wp\/v2\/product_brand?post=13050"},{"taxonomy":"product_cat","embeddable":true,"href":"https:\/\/havamall.vn\/en\/wp-json\/wp\/v2\/product_cat?post=13050"},{"taxonomy":"product_tag","embeddable":true,"href":"https:\/\/havamall.vn\/en\/wp-json\/wp\/v2\/product_tag?post=13050"}],"curies":[{"name":"wp","href":"https:\/\/api.w.org\/{rel}","templated":true}]}}