{"id":13009,"date":"2019-12-06T17:37:03","date_gmt":"2019-12-06T10:37:03","guid":{"rendered":"https:\/\/havamall.vn\/?post_type=product&#038;p=13009"},"modified":"2022-01-24T14:58:30","modified_gmt":"2022-01-24T07:58:30","slug":"nuoc-trai-cay-len-men-chateul-360ml-the-chateul-ginger-vi-gung","status":"publish","type":"product","link":"https:\/\/havamall.vn\/en\/shop\/nuoc-trai-cay-len-men-chateul-360ml-the-chateul-ginger-vi-gung\/","title":{"rendered":"N\u01b0\u1edbc tr\u00e1i c\u00e2y l\u00ean men Chateul (v\u1ecb g\u1eebng) 360ml &#8211; The Chateul Ginger"},"content":{"rendered":"<p>N\u01b0\u1edbc tr\u00e1i c\u00e2y l\u00ean men Soju \u2013 The Chateul Soorok th\u1ef1c t\u1ebf l\u00e0 lo\u1ea1i r\u01b0\u1ee3u truy\u1ec1n th\u1ed1ng l\u00e2u\u00a0\u0111\u1eddi h\u00e0n qu\u1ed1c\u00a0\u0111\u01b0\u1ee3c coi l\u00e0 qu\u1ed1c t\u1eedu. Soju l\u00e0 r\u01b0\u1ee3u c\u00f3 m\u00e0u tr\u1eafng n\u00f3\u00a0\u0111\u01b0\u1ee3c coi l\u00e0 vodka h\u00e0n qu\u1ed1c nh\u01b0ng v\u00ec n\u1ed3ng\u00a0\u0111\u1ed9 n\u00f3 th\u1ea5p h\u01a1n th\u01b0\u1eddng ch\u1ec9 12-14% h\u01a1n n\u1eefa u\u1ed1ng\u00a0\u00eam d\u1ecbu h\u01a1n v\u00ec th\u01b0\u1eddng c\u00f3 v\u1ecb ng\u1ecdt thanh nh\u1eb9. Ch\u00ednh v\u00ec l\u1ebd\u00a0\u0111\u00f3 m\u00e0 nhi\u1ec1u ng\u01b0\u1eddi\u00a0\u0111\u00e1nh gi\u00e1 u\u1ed1ng Soju r\u1ea5t ngon.<\/p>\n<p>Soju \u0111\u01b0\u1ee3c ch\u01b0ng c\u1ea5t l\u1ea7n \u0111\u1ea7u ti\u00ean v\u00e0o kho\u1ea3ng n\u0103m 1300 sau C\u00f4ng Nguy\u00ean, v\u00e0o th\u1eddi k\u1ef3 M\u00f4ng C\u1ed5 chi\u1ebfm \u0111\u00f3ng H\u00e0n Qu\u1ed1c. Ng\u01b0\u1eddi M\u00f4ng C\u1ed5 \u0111\u00e3 chi\u1ebfm \u0111\u01b0\u1ee3c k\u1ef9 thu\u1eadt ch\u01b0ng c\u1ea5t lo\u1ea1i r\u01b0\u1ee3u arak c\u1ee7a ng\u01b0\u1eddi Ba T\u01b0 trong qu\u00e1 tr\u00ecnh x\u00e2m l\u01b0\u1ee3c Trung \u00c1 v\u00e0 Trung \u0110\u00f4ng v\u00e0o kho\u1ea3ng n\u0103m 1256 sau C\u00f4ng Nguy\u00ean. Sau \u0111\u00f3 n\u00f3 \u0111\u01b0\u1ee3c \u0111\u01b0a v\u00e0o H\u00e0n Qu\u1ed1c v\u00e0 nh\u1eefng x\u01b0\u1edfng ch\u01b0ng c\u1ea5t r\u01b0\u1ee3u \u0111\u01b0\u1ee3c x\u00e2y d\u1ef1ng quanh th\u00e0nh ph\u1ed1 Kaesong. Hi\u1ec7n nay, quanh v\u00f9ng Kaesong, soju \u0111\u01b0\u1ee3c g\u1ecdi l\u00e0 ajak-ju.<\/p>\n<p>Th\u1eadt ra kh\u00f4ng kh\u00f3 \u0111\u1ec3 c\u00e1c b\u1ea1n bi\u1ebft v\u1ec1 Soju, hi\u1ec7n nay v\u1edbi s\u1ef1 ph\u00e1t tri\u1ec3n giao l\u01b0u v\u0103n ho\u00e1 kinh t\u1ebf, Soju \u0111\u00e3 kh\u00e1 quen thu\u1ed9c v\u1edbi nhi\u1ec1u ng\u01b0\u1eddi. Th\u1eadm ch\u00ed\u00a0n\u01b0\u1edbc tr\u00e1i c\u00e2y l\u00ean men Soju Chateul Soorok\u00a0c\u00f2n \u0111ang tr\u1edf th\u00e0nh m\u1ed9t xu h\u01b0\u1edbng m\u1edbi phong tr\u00e0o \u1ea9m th\u1ef1c m\u1edbi nh\u1ea5t l\u00e0 trong gi\u1edbi tr\u1ebb. Nhi\u1ec1u th\u1ef1c kh\u00e1ch \u0111\u00e3 th\u00e2n quen v\u1edbi soju ngo\u00e0i vi\u1ec7c \u0111\u1eb7t u\u1ed1ng t\u1ea1i c\u00e1c nh\u00e0 h\u00e0ng kh\u00e1ch s\u1ea1n qu\u00e1n \u0103n, c\u00e1c th\u1ef1c kh\u00e1ch c\u0169ng mua l\u1ebb Soju v\u1ec1 u\u1ed1ng.<\/p>\n<p><img fetchpriority=\"high\" decoding=\"async\" class=\"wp-image-13014 aligncenter\" src=\"https:\/\/havamall.vn\/wp-content\/uploads\/2019\/12\/12725008_980652118649791_1929497979_n-240x300.jpg\" alt=\"\" width=\"375\" height=\"469\" srcset=\"https:\/\/havamall.vn\/wp-content\/uploads\/2019\/12\/12725008_980652118649791_1929497979_n-240x300.jpg 240w, https:\/\/havamall.vn\/wp-content\/uploads\/2019\/12\/12725008_980652118649791_1929497979_n-430x537.jpg 430w, https:\/\/havamall.vn\/wp-content\/uploads\/2019\/12\/12725008_980652118649791_1929497979_n-150x187.jpg 150w, https:\/\/havamall.vn\/wp-content\/uploads\/2019\/12\/12725008_980652118649791_1929497979_n-700x875.jpg 700w, https:\/\/havamall.vn\/wp-content\/uploads\/2019\/12\/12725008_980652118649791_1929497979_n-600x750.jpg 600w, https:\/\/havamall.vn\/wp-content\/uploads\/2019\/12\/12725008_980652118649791_1929497979_n.jpg 750w\" sizes=\"(max-width: 375px) 100vw, 375px\" \/><\/p>\n<p>Th\u00f3i quen u\u1ed1ng Soju c\u1ee7a ng\u01b0\u1eddi H\u00e0n.<\/p>\n<p>Ng\u01b0\u1eddi H\u00e0n Qu\u1ed1c u\u1ed1ng Soju c\u00f9ng nhau, ch\u1ee9 kh\u00f4ng u\u1ed1ng m\u1ed9t m\u00ecnh.<br \/>\nNg\u01b0\u1eddi H\u00e0n Qu\u1ed1c kh\u00f4ng lu\u00f4n lu\u00f4n t\u1ef1 r\u00f3t v\u00e0o ly c\u1ee7a h\u1ecd. H\u1ecd \u0111\u1ee3i ng\u01b0\u1eddi kh\u00e1c r\u00f3t \u0111\u1ea7y ly c\u1ea1n c\u1ee7a m\u00ecnh. Nh\u1eefng ng\u01b0\u1eddi kh\u00e1c th\u00ec mong \u0111\u01b0\u1ee3c r\u00f3t r\u01b0\u1ee3u, v\u00e0 h\u1ecd h\u0103ng h\u00e1i l\u00e0m nh\u01b0 v\u1eady ngay khi h\u1ecd nh\u00ecn th\u1ea5y m\u1ed9t ly ng\u01b0\u1eddi kh\u00e1c c\u1ea1n. \u0110i\u1ec1u n\u00e0y \u0111\u01b0\u1ee3c nh\u1eefng ng\u01b0\u1eddi \u0111\u00e0n \u00f4ng H\u00e0n Qu\u1ed1c gi\u1ea3i th\u00edch r\u1eb1ng: n\u1ebfu b\u1ea1n t\u1ef1 m\u00ecnh r\u00f3t Soju th\u00ec s\u1ebd l\u1ea5y ph\u1ea3i m\u1ed9t ng\u01b0\u1eddi v\u1ee3 kh\u00f4ng xinh \u0111\u1eb9p.<\/p>\n<p>H\u1ecd th\u01b0\u1eddng n\u00f3i<br \/>\n<em><br \/>\n\u201cN\u1ebfu m\u1ed9t ly r\u01b0\u1ee3u kh\u00f4ng u\u1ed1ng c\u1ea1n ho\u00e0n to\u00e0n, n\u00f3 s\u1ebd kh\u00f4ng \u0111\u01b0\u1ee3c r\u00f3t \u0111\u1ea7y\u201d<\/em><\/p>\n<p>N\u1ebfu \u0111\u01b0\u1ee3c ng\u01b0\u1eddi b\u1ec1 tr\u00ean r\u00f3t Soju, ng\u01b0\u1eddi c\u00f3 c\u1ea5p b\u1eadc th\u1ea5p h\u01a1n ph\u1ea3i c\u1ea7m ly b\u1eb1ng hai tay.<br \/>\nT\u01b0\u01a1ng t\u1ef1, khi r\u00f3t cho ng\u01b0\u1eddi b\u1ec1 tr\u00ean, ng\u01b0\u1eddi c\u00f3 \u0111\u1ecba v\u1ecb th\u1ea5p h\u01a1n ph\u1ea3i c\u1ea7m chai b\u1eb1ng hai tay.<br \/>\nN\u1ebfu m\u1ed9t ng\u01b0\u1eddi l\u1edbn tu\u1ed5i h\u01a1n trao m\u1ed9t ly c\u1ea1n (lu\u00f4n lu\u00f4n l\u00e0 ly c\u1ee7a h\u1ecd) \u0111\u1ebfn cho b\u1ea1n, c\u00f3 ngh\u0129a l\u00e0 ng\u01b0\u1eddi \u0111\u00f3 s\u1eafp r\u00f3t \u0111\u1ea7y ly v\u00e0 mu\u1ed1n b\u1ea1n u\u1ed1ng. B\u1ea1n kh\u00f4ng ph\u1ea3i u\u1ed1ng c\u1ea1n ly, nh\u01b0ng \u00edt nh\u1ea5t b\u1ea1n ph\u1ea3i l\u00e0m nh\u01b0 b\u1ea1n \u0111ang u\u1ed1ng (&#8220;nh\u1ea5p m\u00f4i&#8221; c\u0169ng \u0111\u01b0\u1ee3c ch\u1ea5p nh\u1eadn).<br \/>\nV\u00e0 n\u1ebfu b\u1ea1n u\u1ed1ng c\u1ea1n ly, b\u1ea1n ph\u1ea3i tr\u1ea3 ly l\u1ea1i cho ng\u01b0\u1eddi \u0111\u00f3. B\u1ea1n kh\u00f4ng c\u1ea7n ph\u1ea3i tr\u1ea3 l\u1ea1i ngay, nh\u01b0ng gi\u1eef ly trong m\u1ed9t th\u1eddi gian d\u00e0i th\u00ec b\u1ecb xem nh\u01b0 khi\u1ebfm nh\u00e3.<\/p>\n<p><img decoding=\"async\" class=\"wp-image-13013 aligncenter\" src=\"https:\/\/havamall.vn\/wp-content\/uploads\/2019\/12\/Annotation-2019-12-05-300x156.png\" alt=\"\" width=\"465\" height=\"242\" srcset=\"https:\/\/havamall.vn\/wp-content\/uploads\/2019\/12\/Annotation-2019-12-05-300x156.png 300w, https:\/\/havamall.vn\/wp-content\/uploads\/2019\/12\/Annotation-2019-12-05-430x224.png 430w, https:\/\/havamall.vn\/wp-content\/uploads\/2019\/12\/Annotation-2019-12-05-150x78.png 150w, https:\/\/havamall.vn\/wp-content\/uploads\/2019\/12\/Annotation-2019-12-05-700x365.png 700w, https:\/\/havamall.vn\/wp-content\/uploads\/2019\/12\/Annotation-2019-12-05-768x400.png 768w, https:\/\/havamall.vn\/wp-content\/uploads\/2019\/12\/Annotation-2019-12-05-600x313.png 600w, https:\/\/havamall.vn\/wp-content\/uploads\/2019\/12\/Annotation-2019-12-05.png 875w\" sizes=\"(max-width: 465px) 100vw, 465px\" \/><\/p>\n<p>N\u01b0\u1edbc tr\u00e1i c\u00e2y l\u00ean men <strong>The Chateul Ginger <\/strong>c\u00f3 th\u00e0nh ph\u1ea7n ch\u00ednh bao g\u1ed3m r\u01b0\u1ee3u vang t\u00e1o (n\u01b0\u1edbc \u00e9p t\u00e1o: trong n\u01b0\u1edbc, \u0111\u01b0\u1eddng, men), ch\u1ea5t b\u1ea3o qu\u1ea3n, n\u01b0\u1edbc c\u1ea5t, \u0111\u01b0\u1eddng, h\u01b0\u01a1ng c\u00e0 ph\u00ea (h\u01b0\u01a1ng li\u1ec7u t\u1ed5ng h\u1ee3p), ch\u1ea5t \u0111i\u1ec1u ch\u1ec9nh \u0111\u1ed9 acid (acid malic \u2013INS 296).<\/p>\n<p>V\u1edbi \u0111\u1ed9 c\u1ed3n l\u00e0 14%, n\u01b0\u1edbc tr\u00e1i c\u00e2y l\u00ean men <strong>The Chateul Ginger<\/strong> xu\u1ea5t hi\u1ec7n nh\u1eb1m<strong>\u00a0<\/strong>\u0111\u00e1p \u1ee9ng nhu c\u1ea7u th\u1ecb tr\u01b0\u1eddng ngo\u00e0i v\u1ecb truy\u1ec1n th\u1ed1ng Chateul Soorok. C\u00e1c lo\u1ea1i Soju hoa qu\u1ea3, Soju tr\u00e1i c\u00e2y v\u1edbi n\u1ed3ng \u0111\u1ed9 nh\u1eb9 h\u01a1n v\u1ecb ng\u1ecdt h\u01a1n ch\u1ec9 kho\u1ea3ng 12-14% nh\u01b0 c\u00e1c lo\u1ea1i soju \u0111\u1ee7 v\u1ecb <strong>Chateul Moscato (nho xanh)<\/strong>, Soju v\u1ecb <strong>Americano<\/strong>, v\u1ecb <strong>G\u1eebng<\/strong>\u2026<\/p>\n<p>Lo\u1ea1i n\u01b0\u1edbc tr\u00e1i c\u00e2y l\u00ean men n\u00e0y c\u0169ng \u0111\u00e3 thu h\u00fat kh\u00e1 nhi\u1ec1u th\u1ef1c kh\u00e1ch v\u00e0 \u0111ang ng\u00e0y c\u00e0ng \u0111\u01b0\u1ee3c \u01b0a chu\u00f4ng t\u1ea1i H\u00e0n Qu\u1ed1c, Vi\u1ec7t Nam,\u2026B\u1edfi l\u00ed do n\u00f3 c\u1ef1c k\u00ec th\u00edch h\u1ee3p cho c\u00e1c bu\u1ed5i li\u00ean hoan, ti\u1ec7c m\u1eebng, sinh nh\u1eadt.\u00a0S\u1ef1 n\u1ed5i ti\u1ebfng c\u1ee7a Chateul Soorok Soju \u0111\u1ea1t \u0111\u1ebfn m\u1ee9c cao m\u1edbi v\u1edbi l\u01b0\u1ee3ng ti\u00eau th\u1ee5 t\u0103ng m\u1ea1nh m\u1ebd.<\/p>\n<p>N\u01b0\u1edbc tr\u00e1i c\u00e2y l\u00ean men The Chateul Ginger \u0111\u01b0\u1ee3c \u0111\u1ef1ng trong chai th\u1ee7y tinh \u0111\u1ec3 \u0111\u1ea3m b\u1ea3o \u0111\u1ed9 an to\u00e0n v\u1ec7 sinh th\u1ef1c ph\u1ea9m nh\u01b0ng c\u1ea7n ph\u1ea3i c\u1ea9n th\u1eadn khi c\u1ea7m v\u00e0 nh\u1eb9 nh\u00e0ng khi duy chuy\u1ec3n. Chai c\u00f3 th\u1ec3 t\u00edch th\u1ef1c 360ml.<\/p>\n<p>H\u01b0\u1edbng d\u1eabn b\u1ea3o qu\u1ea3n: B\u1ea3o qu\u1ea3n n\u01a1i kh\u00f4 r\u00e1o tho\u00e1ng m\u00e1t, tr\u00e1nh \u00e1nh n\u1eafng tr\u1ef1c ti\u1ebfp.<\/p>\n<p>L\u01b0u \u00fd: Ch\u1ec9 \u0111\u01b0\u1ee3c s\u1eed d\u1ee5ng cho ng\u01b0\u1eddi l\u1edbn tr\u00ean 19 tu\u1ed5i, nghi\u00eam c\u1ea5m d\u00e0nh cho tr\u1ebb v\u1ecb th\u00e0nh ni\u00ean, c\u00e1c b\u00e0 b\u1ea7u, tr\u1ebb em s\u01a1 sinh.<\/p>\n<p>Hi\u1ec7n nay, The Chateul Soorok \u0111ang \u0111\u01b0\u1ee3c b\u00e1n \u0111\u1ed9c quy\u1ec1n t\u1ea1i Vi\u1ec7t Nam b\u1edfi Havamall. \u0110\u1eebng ch\u1ea7n ch\u1eeb m\u00e0 h\u00e3y \u0111\u1eb7t ngay \u0111\u1ec3 n\u1ebfm th\u1eed h\u01b0\u01a1ng v\u1ecb n\u01b0\u1edbc tr\u00e1i c\u00e2y l\u00ean men \u0111\u01b0\u1ee3c nh\u1eadp kh\u1ea9u tr\u1ef1c ti\u1ebfp t\u1eeb H\u00e0n Qu\u1ed1c \u0111\u1ec3 th\u1eed nh\u00e9.<img decoding=\"async\" class=\"wp-image-13012 aligncenter\" src=\"https:\/\/havamall.vn\/wp-content\/uploads\/2019\/12\/1517241527-3893689956_n-1-225x300.jpg\" alt=\"\" width=\"325\" height=\"433\" srcset=\"https:\/\/havamall.vn\/wp-content\/uploads\/2019\/12\/1517241527-3893689956_n-1-225x300.jpg 225w, https:\/\/havamall.vn\/wp-content\/uploads\/2019\/12\/1517241527-3893689956_n-1-430x573.jpg 430w, https:\/\/havamall.vn\/wp-content\/uploads\/2019\/12\/1517241527-3893689956_n-1-150x200.jpg 150w, https:\/\/havamall.vn\/wp-content\/uploads\/2019\/12\/1517241527-3893689956_n-1.jpg 450w\" sizes=\"(max-width: 325px) 100vw, 325px\" \/><\/p>","protected":false},"excerpt":{"rendered":"<p>N\u01b0\u1edbc tr\u00e1i c\u00e2y l\u00ean men Soju \u2013 The Chateul Soorok th\u1ef1c t\u1ebf l\u00e0 lo\u1ea1i r\u01b0\u1ee3u truy\u1ec1n th\u1ed1ng l\u00e2u\u00a0\u0111\u1eddi h\u00e0n qu\u1ed1c\u00a0\u0111\u01b0\u1ee3c coi l\u00e0 qu\u1ed1c t\u1eedu. Soju l\u00e0 r\u01b0\u1ee3u c\u00f3 m\u00e0u tr\u1eafng n\u00f3\u00a0\u0111\u01b0\u1ee3c coi l\u00e0 vodka h\u00e0n qu\u1ed1c nh\u01b0ng v\u00ec n\u1ed3ng\u00a0\u0111\u1ed9 n\u00f3 th\u1ea5p h\u01a1n th\u01b0\u1eddng ch\u1ec9 12-14% h\u01a1n n\u1eefa u\u1ed1ng\u00a0\u00eam d\u1ecbu h\u01a1n v\u00ec th\u01b0\u1eddng c\u00f3 v\u1ecb ng\u1ecdt thanh nh\u1eb9. N\u01b0\u1edbc tr\u00e1i c\u00e2y l\u00ean men\u00a0<strong>The<\/strong>\u00a0<strong>Chateul Americano<\/strong>\u00a0xu\u1ea5t hi\u1ec7n nh\u1eb1m<strong>\u00a0<\/strong>\u0111\u00e1p \u1ee9ng nhu c\u1ea7u th\u1ecb tr\u01b0\u1eddng ngo\u00e0i v\u1ecb truy\u1ec1n th\u1ed1ng Chateul Soorok. Lo\u1ea1i n\u01b0\u1edbc n\u00e0y c\u0169ng \u0111\u00e3 thu h\u00fat kh\u00e1 nhi\u1ec1u th\u1ef1c kh\u00e1ch v\u00e0 \u0111ang ng\u00e0y c\u00e0ng \u0111\u01b0\u1ee3c \u01b0a chu\u00f4ng t\u1ea1i H\u00e0n Qu\u1ed1c, Vi\u1ec7t Nam,\u2026<\/p>","protected":false},"featured_media":13021,"comment_status":"open","ping_status":"closed","template":"","meta":[],"product_brand":[],"product_cat":[36,135,134],"product_tag":[],"class_list":{"0":"post-13009","1":"product","2":"type-product","3":"status-publish","4":"has-post-thumbnail","6":"product_cat-thuc-pham-tieu-dung","7":"product_cat-sua-do-uong","8":"product_cat-thucpham-saykho","9":"pa_brand-dai-thuan","11":"first","12":"outofstock","13":"sale","14":"shipping-taxable","15":"purchasable","16":"product-type-variable"},"_links":{"self":[{"href":"https:\/\/havamall.vn\/en\/wp-json\/wp\/v2\/product\/13009"}],"collection":[{"href":"https:\/\/havamall.vn\/en\/wp-json\/wp\/v2\/product"}],"about":[{"href":"https:\/\/havamall.vn\/en\/wp-json\/wp\/v2\/types\/product"}],"replies":[{"embeddable":true,"href":"https:\/\/havamall.vn\/en\/wp-json\/wp\/v2\/comments?post=13009"}],"version-history":[{"count":0,"href":"https:\/\/havamall.vn\/en\/wp-json\/wp\/v2\/product\/13009\/revisions"}],"wp:featuredmedia":[{"embeddable":true,"href":"https:\/\/havamall.vn\/en\/wp-json\/wp\/v2\/media\/13021"}],"wp:attachment":[{"href":"https:\/\/havamall.vn\/en\/wp-json\/wp\/v2\/media?parent=13009"}],"wp:term":[{"taxonomy":"product_brand","embeddable":true,"href":"https:\/\/havamall.vn\/en\/wp-json\/wp\/v2\/product_brand?post=13009"},{"taxonomy":"product_cat","embeddable":true,"href":"https:\/\/havamall.vn\/en\/wp-json\/wp\/v2\/product_cat?post=13009"},{"taxonomy":"product_tag","embeddable":true,"href":"https:\/\/havamall.vn\/en\/wp-json\/wp\/v2\/product_tag?post=13009"}],"curies":[{"name":"wp","href":"https:\/\/api.w.org\/{rel}","templated":true}]}}