{"id":12976,"date":"2019-12-06T16:33:36","date_gmt":"2019-12-06T09:33:36","guid":{"rendered":"https:\/\/havamall.vn\/?post_type=product&#038;p=12976"},"modified":"2021-02-23T13:47:41","modified_gmt":"2021-02-23T06:47:41","slug":"banh-cuon-gion-21-vi-ngu-coc-nhan-pho-mai-80g-premium-baked-crispy-roll-21","status":"publish","type":"product","link":"https:\/\/havamall.vn\/en\/shop\/banh-cuon-gion-21-vi-ngu-coc-nhan-pho-mai-80g-premium-baked-crispy-roll-21\/","title":{"rendered":"B\u00e1nh Cu\u1ed9n Gi\u00f2n 21 V\u1ecb Ng\u0169 C\u1ed1c Nh\u00e2n Ph\u00f4 Mai 80g &#8211; Premium Baked Crispy Roll 21"},"content":{"rendered":"<p><strong>TH\u00d4NG TIN S\u1ea2N PH\u1ea8M:<\/strong><\/p>\n<p>B\u00e1nh ng\u0169 c\u1ed1c cu\u1ed9n ph\u00f4 mai H\u00e0n Qu\u1ed1c Premium Grain Crispy Roll l\u00e0 lo\u1ea1i b\u00e1nh dinh d\u01b0\u1ee1ng \u0111\u01b0\u1ee3c nh\u1eadp kh\u1ea9u tr\u1ef1c ti\u1ebfp t\u1eeb H\u00e0n Qu\u1ed1c.<\/p>\n<p>S\u1ea3n ph\u1ea9m \u0111\u01b0\u1ee3c s\u1ea3n xu\u1ea5t tr\u00ean d\u00e2y chuy\u1ec1n c\u00f4ng ngh\u1ec7 hi\u1ec7n \u0111\u1ea1i, v\u1edbi c\u00f4ng th\u1ee9c b\u00e1nh \u0111\u1eb7c tr\u01b0ng, k\u1ebft h\u1ee3p 21 lo\u1ea1i ng\u0169 c\u1ed1c t\u1ef1 nhi\u00ean, mang \u0111\u1ebfn h\u01b0\u01a1ng v\u1ecb th\u01a1m ngon, \u0111\u1eb7c tr\u01b0ng v\u00e0 t\u1ed1t cho s\u1ee9c kh\u1ecfe ng\u01b0\u1eddi s\u1eed d\u1ee5ng.<\/p>\n<p><img fetchpriority=\"high\" decoding=\"async\" class=\"wp-image-12979 aligncenter\" src=\"https:\/\/havamall.vn\/wp-content\/uploads\/2019\/12\/EDXEFmVU0AEzWlQ-300x300.jpg\" alt=\"\" width=\"440\" height=\"440\" srcset=\"https:\/\/havamall.vn\/wp-content\/uploads\/2019\/12\/EDXEFmVU0AEzWlQ-300x300.jpg 300w, https:\/\/havamall.vn\/wp-content\/uploads\/2019\/12\/EDXEFmVU0AEzWlQ-430x430.jpg 430w, https:\/\/havamall.vn\/wp-content\/uploads\/2019\/12\/EDXEFmVU0AEzWlQ-150x150.jpg 150w, https:\/\/havamall.vn\/wp-content\/uploads\/2019\/12\/EDXEFmVU0AEzWlQ-700x700.jpg 700w, https:\/\/havamall.vn\/wp-content\/uploads\/2019\/12\/EDXEFmVU0AEzWlQ-768x768.jpg 768w, https:\/\/havamall.vn\/wp-content\/uploads\/2019\/12\/EDXEFmVU0AEzWlQ-1024x1024.jpg 1024w, https:\/\/havamall.vn\/wp-content\/uploads\/2019\/12\/EDXEFmVU0AEzWlQ.jpg 1200w, https:\/\/havamall.vn\/wp-content\/uploads\/2019\/12\/EDXEFmVU0AEzWlQ-600x600.jpg 600w, https:\/\/havamall.vn\/wp-content\/uploads\/2019\/12\/EDXEFmVU0AEzWlQ-100x100.jpg 100w\" sizes=\"(max-width: 440px) 100vw, 440px\" \/><\/p>\n<p>B\u00ean trong thanh b\u00e1nh cu\u1ed9n trong gi\u00f2n x\u1ed1p l\u00e0 l\u1edbp nh\u00e2n kem ph\u00f4 mai ng\u0169 c\u1ed1c b\u00e9o nh\u1eb9, v\u1ecb ng\u1ecdt d\u1ecbu, k\u00edch th\u00edch v\u1ecb gi\u00e1c m\u1ecdi \u0111\u1ed1i t\u01b0\u1ee3ng.<\/p>\n<p>Th\u00e0nh ph\u1ea7n ch\u1ee7 y\u1ebfu \u0111\u1ebfn t\u1eeb ng\u0169 c\u1ed1c nguy\u00ean h\u1ea1t, tr\u1ea3i qua d\u00e2y chuy\u1ec1n s\u1ea3n xu\u1ea5t kh\u00e9p k\u00edn, tr\u1edf th\u00e0nh \u201cm\u00f3n b\u00e1nh\u201d dinh d\u01b0\u1ee1ng th\u01a1m ngon, l\u1ea1 mi\u1ec7ng.<\/p>\n<p>H\u01a1n 20 lo\u1ea1i ng\u0169 c\u1ed1c thi\u00ean nhi\u00eangi\u00e0u dinh d\u01b0\u1ee1ng, ch\u1ee9a h\u00e0m l\u01b0\u1ee3ng vitamin, kho\u00e1ng ch\u1ea5t v\u00e0 l\u01b0\u1ee3ng ch\u1ea5t x\u01a1 d\u1ed3i d\u00e0o, cung c\u1ea5p cho c\u01a1 th\u1ec3 ngu\u1ed3n n\u0103ng l\u01b0\u1ee3ng nh\u1ea5t \u0111\u1ecbnh.<\/p>\n<p>S\u1ea3n ph\u1ea9m \u0111\u01b0\u1ee3c ch\u1ee9ng th\u1ef1c \u0111\u1ea1t chu\u1ea9n ch\u1ea5t l\u01b0\u1ee3ng HACCP &#8211; V\u1ec7 sinh An to\u00e0n Th\u1ef1c ph\u1ea9m do M\u1ef9 \u0111\u1ec1 ra.<\/p>\n<p>Th\u00e0nh ph\u1ea7n: 100% ng\u0169 c\u1ed1c, g\u1ed3m 21 lo\u1ea1i ng\u0169 c\u1ed1c qua kh\u00e2u ch\u1ecdn l\u1ecdc k\u1ef9 l\u01b0\u1ee1ng nh\u01b0: G\u1ea1o n\u1ebfp, k\u00ea n\u1ebfp, g\u1ea1o tr\u1eafng, l\u00faa m\u1ea1ch, bo bo, k\u00ea, \u0111\u1eadu xanh, g\u1ea1o l\u1ee9c, l\u00faa m\u1ea1ch \u0111en, \u0111\u1eadu \u0111en, m\u00e8 \u0111en, v\u1eebng, \u0111\u1eadu \u0111\u1ecf, g\u1ea1o \u0111en, ki\u1ec1u m\u1ea1ch,\u2026<\/p>\n<p>H\u01b0\u01a1ng v\u1ecb: Ng\u0169 c\u1ed1c thi\u00ean nhi\u00ean 21 lo\u1ea1i<\/p>\n<p><img decoding=\"async\" class=\"wp-image-12980 aligncenter\" src=\"https:\/\/havamall.vn\/wp-content\/uploads\/2019\/12\/premium-grain-crispy-roll-300x300.jpg\" alt=\"\" width=\"467\" height=\"467\" srcset=\"https:\/\/havamall.vn\/wp-content\/uploads\/2019\/12\/premium-grain-crispy-roll-300x300.jpg 300w, https:\/\/havamall.vn\/wp-content\/uploads\/2019\/12\/premium-grain-crispy-roll-430x430.jpg 430w, https:\/\/havamall.vn\/wp-content\/uploads\/2019\/12\/premium-grain-crispy-roll-150x150.jpg 150w, https:\/\/havamall.vn\/wp-content\/uploads\/2019\/12\/premium-grain-crispy-roll-700x700.jpg 700w, https:\/\/havamall.vn\/wp-content\/uploads\/2019\/12\/premium-grain-crispy-roll-768x768.jpg 768w, https:\/\/havamall.vn\/wp-content\/uploads\/2019\/12\/premium-grain-crispy-roll-600x600.jpg 600w, https:\/\/havamall.vn\/wp-content\/uploads\/2019\/12\/premium-grain-crispy-roll-100x100.jpg 100w, https:\/\/havamall.vn\/wp-content\/uploads\/2019\/12\/premium-grain-crispy-roll.jpg 800w\" sizes=\"(max-width: 467px) 100vw, 467px\" \/><\/p>\n<p>Quy c\u00e1ch: Thi\u1ebft k\u1ebf d\u1ea1ng g\u00f3i ti\u1ec7n d\u1ee5ng v\u00e0 h\u1ee3p v\u1ec7 sinh. M\u1ed7i g\u00f3i g\u1ed3m 8 thanh b\u00e1nh nh\u1ecf, d\u1ec5 d\u00e0ng \u0111em theo trong nh\u1eefng chuy\u1ebfn du l\u1ecbch, d\u00e3 ngo\u1ea1i. B\u1ea1n c\u00f3 th\u1ec3 tr\u00ecnh b\u00e0y ra d\u0129a m\u1eddi kh\u00e1ch b\u1ea5t c\u1ee9 l\u00fac n\u00e0o.<\/p>\n<p><strong>B\u1ea3o qu\u1ea3n v\u00e0 s\u1eed d\u1ee5ng<\/strong><\/p>\n<p>&#8211; \u0110\u1ec3 n\u01a1i kh\u00f4 r\u00e1o, tr\u00e1nh \u00e1nh n\u1eafng m\u1eb7t tr\u1eddi<\/p>\n<p>&#8211; D\u00f9ng ngay sau khi b\u00f3c v\u1ecf<\/p>\n<p>&#8211; R\u1ea5t th\u00edch h\u1ee3p \u0111\u1ec3 l\u00e0m b\u1eefa \u0103n d\u1eb7m cho b\u00e9<\/p>\n<p>&nbsp;<\/p>\n<p>&nbsp;<\/p>\n<p>&nbsp;<\/p>\n<p>&nbsp;<\/p>\n<p>&nbsp;<\/p>\n<p>&nbsp;<\/p>\n<p>&nbsp;<\/p>\n<p>&nbsp;<\/p>\n<p>&nbsp;<\/p>\n<p>&nbsp;<\/p>","protected":false},"excerpt":{"rendered":"<p>B\u00e1nh ng\u0169 c\u1ed1c cu\u1ed9n ph\u00f4 mai H\u00e0n Qu\u1ed1c Premium Grain Crispy Roll l\u00e0 lo\u1ea1i b\u00e1nh dinh d\u01b0\u1ee1ng \u0111\u01b0\u1ee3c nh\u1eadp kh\u1ea9u tr\u1ef1c ti\u1ebfp t\u1eeb H\u00e0n Qu\u1ed1c. B\u00ean trong thanh b\u00e1nh cu\u1ed9n trong gi\u00f2n x\u1ed1p l\u00e0 l\u1edbp nh\u00e2n kem ph\u00f4 mai ng\u0169 c\u1ed1c b\u00e9o nh\u1eb9, v\u1ecb ng\u1ecdt d\u1ecbu, k\u00edch th\u00edch v\u1ecb gi\u00e1c m\u1ecdi \u0111\u1ed1i t\u01b0\u1ee3ng.<\/p>\n<p>&nbsp;<\/p>\n<p>&nbsp;<\/p>","protected":false},"featured_media":13355,"comment_status":"open","ping_status":"closed","template":"","meta":[],"product_brand":[],"product_cat":[626],"product_tag":[],"class_list":{"0":"post-12976","1":"product","2":"type-product","3":"status-publish","4":"has-post-thumbnail","6":"product_cat-het-hang","7":"pa_brand-phuc-thinh-food","9":"first","10":"outofstock","11":"shipping-taxable","12":"product-type-simple"},"_links":{"self":[{"href":"https:\/\/havamall.vn\/en\/wp-json\/wp\/v2\/product\/12976"}],"collection":[{"href":"https:\/\/havamall.vn\/en\/wp-json\/wp\/v2\/product"}],"about":[{"href":"https:\/\/havamall.vn\/en\/wp-json\/wp\/v2\/types\/product"}],"replies":[{"embeddable":true,"href":"https:\/\/havamall.vn\/en\/wp-json\/wp\/v2\/comments?post=12976"}],"version-history":[{"count":0,"href":"https:\/\/havamall.vn\/en\/wp-json\/wp\/v2\/product\/12976\/revisions"}],"wp:featuredmedia":[{"embeddable":true,"href":"https:\/\/havamall.vn\/en\/wp-json\/wp\/v2\/media\/13355"}],"wp:attachment":[{"href":"https:\/\/havamall.vn\/en\/wp-json\/wp\/v2\/media?parent=12976"}],"wp:term":[{"taxonomy":"product_brand","embeddable":true,"href":"https:\/\/havamall.vn\/en\/wp-json\/wp\/v2\/product_brand?post=12976"},{"taxonomy":"product_cat","embeddable":true,"href":"https:\/\/havamall.vn\/en\/wp-json\/wp\/v2\/product_cat?post=12976"},{"taxonomy":"product_tag","embeddable":true,"href":"https:\/\/havamall.vn\/en\/wp-json\/wp\/v2\/product_tag?post=12976"}],"curies":[{"name":"wp","href":"https:\/\/api.w.org\/{rel}","templated":true}]}}