{"id":12970,"date":"2019-12-06T16:09:58","date_gmt":"2019-12-06T09:09:58","guid":{"rendered":"https:\/\/havamall.vn\/?post_type=product&#038;p=12970"},"modified":"2021-06-05T11:59:05","modified_gmt":"2021-06-05T04:59:05","slug":"snack-da-ca-gion-vi-bbq-streetos-streetos-fish-skin-snack-28g","status":"publish","type":"product","link":"https:\/\/havamall.vn\/en\/shop\/snack-da-ca-gion-vi-bbq-streetos-streetos-fish-skin-snack-28g\/","title":{"rendered":"Snack Da C\u00e1 Gi\u00f2n V\u1ecb BBQ Streetos &#8211; Streetos Fish Skin Snack 28g"},"content":{"rendered":"<p>Streetos \u0111\u01b0\u1ee3c t\u1ea1o th\u00e0nh t\u1eeb 2 y\u1ebfu t\u1ed1 ch\u00ednh l\u00e0 \u201cStreet\u201d v\u00e0 \u201cos\u201d. \u0110u\u00f4i \u201cos\u201d \u0111\u01b0\u1ee3c l\u1ea5y c\u1ea3m h\u1ee9ng t\u1eeb Latinh.Ng\u01b0\u1eddi ta th\u01b0\u1eddng s\u1eed d\u1ee5ng \u0111u\u00f4i \u201cos\u201d cho c\u00e1c m\u00f3n chi\u00ean. \u201cStreet\u201d bi\u1ec3u t\u01b0\u1ee3ng cho \u0111\u01b0\u1eddng ph\u1ed1, n\u01a1i c\u00f3 n\u1ec1n \u1ea9m th\u1ef1c t\u1eeb l\u00e2u \u0111\u1eddi, l\u00e0 s\u1ef1 ho\u00e0 quy\u1ec7n c\u1ee7a \u0111a d\u1ea1ng c\u00e1c h\u01b0\u01a1ng v\u1ecb g\u1ea7n g\u0169i v\u1edbi m\u1ecdi ng\u01b0\u1eddi.<br \/>\nT\u1eeb nh\u1eefng c\u1ea3m h\u1ee9ng \u1ea5y, \u201cStreetos\u201d \u0111\u00e3 ra \u0111\u1eddi v\u1edbi mong mu\u1ed1n s\u00e1ng t\u1ea1o \u1ea9m th\u1ef1c \u0111u\u1eddng ph\u1ed1 l\u00ean m\u1ed9t t\u1ea7m cao m\u1edbi l\u00f4i cu\u1ed1n h\u01a1n.<\/p>\n<p><img fetchpriority=\"high\" decoding=\"async\" class=\"wp-image-12971 aligncenter\" src=\"https:\/\/havamall.vn\/wp-content\/uploads\/2019\/12\/72660064_1411744762316072_3908482924407685120_n-300x225.jpg\" alt=\"\" width=\"473\" height=\"355\" srcset=\"https:\/\/havamall.vn\/wp-content\/uploads\/2019\/12\/72660064_1411744762316072_3908482924407685120_n-300x225.jpg 300w, https:\/\/havamall.vn\/wp-content\/uploads\/2019\/12\/72660064_1411744762316072_3908482924407685120_n-430x323.jpg 430w, https:\/\/havamall.vn\/wp-content\/uploads\/2019\/12\/72660064_1411744762316072_3908482924407685120_n-150x113.jpg 150w, https:\/\/havamall.vn\/wp-content\/uploads\/2019\/12\/72660064_1411744762316072_3908482924407685120_n-700x525.jpg 700w, https:\/\/havamall.vn\/wp-content\/uploads\/2019\/12\/72660064_1411744762316072_3908482924407685120_n-768x576.jpg 768w, https:\/\/havamall.vn\/wp-content\/uploads\/2019\/12\/72660064_1411744762316072_3908482924407685120_n-600x450.jpg 600w, https:\/\/havamall.vn\/wp-content\/uploads\/2019\/12\/72660064_1411744762316072_3908482924407685120_n.jpg 960w\" sizes=\"(max-width: 473px) 100vw, 473px\" \/><\/p>\n<p>&nbsp;<\/p>\n<h4><strong>TH\u00d4NG TIN S\u1ea2N PH\u1ea8M<\/strong><\/h4>\n<p>Da c\u00e1 BBQ Streetos gi\u00f2n tan.<\/p>\n<p>T\u1eeb nh\u1eefng \u00fd t\u01b0\u1edfng c\u1ee7a v\u0103n h\u00f3a \u1ea9m th\u1ef1c \u0111\u01b0\u1eddng ph\u1ed1 Ch\u00e2u \u00c1, Streetos t\u1ea1o ra snack da c\u00e1 BBQ \u0111\u1ed9c \u0111\u00e1o: cay n\u1ed3ng, tho\u1ea3ng nh\u1eb9 h\u01b0\u01a1ng th\u01a1m t\u1eeb h\u00e0nh l\u00e1 n\u01b0\u1edbng, k\u1ebft h\u1ee3p v\u1edbi c\u00e1c gia v\u1ecb \u0111\u1eb7c tr\u01b0ng nh\u01b0 \u0111\u1ea1i h\u1ed3i, ti\u00eau t\u1ee9 xuy\u00ean, g\u1eebng, qu\u1ebf,&#8230; s\u1ebd d\u1eabn b\u1ea1n \u0111\u1ebfn thi\u00ean \u0111\u01b0\u1eddng c\u1ee7a \u1ea9m th\u1ef1c \u0111\u01b0\u1eddng ph\u1ed1.<\/p>\n<p>\u0110\u01b0\u1ee3c c\u00f4ng nh\u1eadn b\u1edfi Interterk, snack da c\u00e1 gi\u00f2n tan Streetos s\u1edf h\u1eefu h\u00e0m l\u01b0\u1ee3ng l\u1edbn Omega 3 v\u00e0 Collagen tuy\u1ec7t v\u1eddi cho s\u1ee9c kh\u1ecfe.<\/p>\n<p><img decoding=\"async\" class=\"wp-image-12962 aligncenter\" src=\"https:\/\/havamall.vn\/wp-content\/uploads\/2019\/12\/72276318_1405512252939323_1104974461104291840_n-300x200.jpg\" alt=\"\" width=\"473\" height=\"315\" srcset=\"https:\/\/havamall.vn\/wp-content\/uploads\/2019\/12\/72276318_1405512252939323_1104974461104291840_n-300x200.jpg 300w, https:\/\/havamall.vn\/wp-content\/uploads\/2019\/12\/72276318_1405512252939323_1104974461104291840_n-430x287.jpg 430w, https:\/\/havamall.vn\/wp-content\/uploads\/2019\/12\/72276318_1405512252939323_1104974461104291840_n-150x100.jpg 150w, https:\/\/havamall.vn\/wp-content\/uploads\/2019\/12\/72276318_1405512252939323_1104974461104291840_n-700x467.jpg 700w, https:\/\/havamall.vn\/wp-content\/uploads\/2019\/12\/72276318_1405512252939323_1104974461104291840_n-768x512.jpg 768w, https:\/\/havamall.vn\/wp-content\/uploads\/2019\/12\/72276318_1405512252939323_1104974461104291840_n-600x400.jpg 600w, https:\/\/havamall.vn\/wp-content\/uploads\/2019\/12\/72276318_1405512252939323_1104974461104291840_n.jpg 960w\" sizes=\"(max-width: 473px) 100vw, 473px\" \/><\/p>\n<p>C\u00f9ng \u0111\u00f3 ch\u1ee9a m\u1ed9t t\u1ef7 l\u1ec7 r\u1ea5t th\u1ea5p c\u1ee7a CHOLESTEROL, cung c\u1ea5p n\u0103ng lu\u1ee3ng nh\u01b0ng l\u1ea1i LOW CARB. C\u00f4ng ngh\u1ec7 x\u1eed l\u00ed hi\u1ec7n \u0111\u1ea1i kh\u00f4ng c\u00f2n d\u01b0 v\u1ecb tanh c\u1ee7a c\u00e1. S\u1ef1 s\u00e1ng t\u1ea1o c\u1ee7a ch\u00fang t\u00f4i mang \u0111\u1ebfn cho c\u00e1c b\u1ea1n m\u1ed9t m\u00f3n \u0103n v\u1eb7t ngon mi\u1ec7ng, th\u00fa v\u1ecb nh\u01b0ng \u0111\u1eb7t tr\u00ean c\u01a1 s\u1edf ti\u00eau chu\u1ea9n l\u1ea5y s\u1ee9c kho\u1ebb \u0111i tr\u01b0\u1edbc.<\/p>\n<p>V\u1edbi quy tr\u00ecnh ch\u1ebf bi\u1ebfn kh\u00e9p k\u00edn, da c\u00e1 s\u1ea1ch \u0111\u01b0\u1ee3c giao tr\u1ef1c ti\u1ebfp t\u1eeb nh\u00e0 m\u00e1y l\u1edbn \u0111\u1ebfn b\u1ebfp nh\u1ecf c\u1ee7a StreetOS &#8211; n\u01a1i u\u1edbp v\u1ecb t\u1eebng mi\u1ebfng gia c\u00e1 gi\u00f2n tan v\u1edbi c\u00e1c lo\u1ea1i gia v\u1ecb ch\u1ea5t l\u01b0\u1ee3ng t\u1ed1t, \u0111\u01b0\u1ee3c nh\u1eadp kh\u1ea9u t\u1eeb kh\u1eafp n\u01a1i tr\u00ean th\u1ebf gi\u1edbi. M\u1ed7i m\u1ed9t d\u01b0 v\u1ecb l\u00e0 s\u1ef1 pha tr\u1ed9n v\u0103n ho\u00e1 \u1ea9m th\u1ef1c c\u1ee7a ta v\u1edbi c\u00e1c \u0111\u1eb7c tr\u01b0ng h\u01b0\u01a1ng v\u1ecb c\u1ee7a qu\u1ed1c gia kh\u00e1c nhau.<\/p>\n<p>Th\u00f4ng th\u01b0\u1eddng, kh\u00e1i ni\u1ec7m snack v\u00e0 healthy r\u1ea5t \u00edt \u0111\u01b0\u1ee3c th\u1ea5y c\u00f9ng nhau, nh\u01b0ng Streetos \u0111\u00e3 bi\u1ebfn nh\u1eefng \u0111i\u1ec1u kh\u00f4ng th\u1ec3 th\u00e0nh c\u00f3 th\u1ec3.<\/p>\n<p><img decoding=\"async\" class=\"wp-image-12963 aligncenter\" src=\"https:\/\/havamall.vn\/wp-content\/uploads\/2019\/12\/67322765_1335089436648272_6822428624822468608_o-300x214.jpg\" alt=\"\" width=\"474\" height=\"338\" srcset=\"https:\/\/havamall.vn\/wp-content\/uploads\/2019\/12\/67322765_1335089436648272_6822428624822468608_o-300x214.jpg 300w, https:\/\/havamall.vn\/wp-content\/uploads\/2019\/12\/67322765_1335089436648272_6822428624822468608_o-430x307.jpg 430w, https:\/\/havamall.vn\/wp-content\/uploads\/2019\/12\/67322765_1335089436648272_6822428624822468608_o-150x107.jpg 150w, https:\/\/havamall.vn\/wp-content\/uploads\/2019\/12\/67322765_1335089436648272_6822428624822468608_o-700x500.jpg 700w, https:\/\/havamall.vn\/wp-content\/uploads\/2019\/12\/67322765_1335089436648272_6822428624822468608_o-768x549.jpg 768w, https:\/\/havamall.vn\/wp-content\/uploads\/2019\/12\/67322765_1335089436648272_6822428624822468608_o-1024x731.jpg 1024w, https:\/\/havamall.vn\/wp-content\/uploads\/2019\/12\/67322765_1335089436648272_6822428624822468608_o-1200x857.jpg 1200w, https:\/\/havamall.vn\/wp-content\/uploads\/2019\/12\/67322765_1335089436648272_6822428624822468608_o-600x429.jpg 600w, https:\/\/havamall.vn\/wp-content\/uploads\/2019\/12\/67322765_1335089436648272_6822428624822468608_o.jpg 1750w\" sizes=\"(max-width: 474px) 100vw, 474px\" \/><\/p>\n<div class=\"text_exposed_show\">\n<p>N\u1eafm gi\u1eef b\u00ed quy\u1ebft \u0111\u1ed9c \u0111\u00e1o h\u1ea1n ch\u1ebf d\u1ea7u m\u1ee1, Snack da c\u00e1 gi\u00f2n tan Streetos v\u1eabn gi\u1eef tr\u1ecdn h\u00e0m l\u01b0\u1ee3ng Omega 3 v\u00e0 Collagen trong t\u1eebng mi\u1ebfng c\u1eafn gi\u00f2n r\u1ee5m. M\u1ed7i t\u00fai Streetos l\u00e0 s\u1ef1 h\u00f2a quy\u1ec7n \u0111\u1ed9ng \u0111\u00e1o c\u1ee7a t\u1eadn h\u01b0\u1edfng v\u00e0 dinh d\u01b0\u1ee1ng, gi\u00fap cho vi\u1ec7c th\u01b0\u1edfng th\u1ee9c snack tr\u1edf n\u00ean &#8220;nh\u1eb9 nh\u00e0ng&#8221; h\u01a1n bao gi\u1edd h\u1ebft.<\/p>\n<p><strong>H\u01b0\u1edbng d\u1eabn s\u1eed d\u1ee5ng:<\/strong> d\u00f9ng ngay khi m\u1edf b\u1ecbch \u0111\u1ec3 gi\u1eef \u0111\u1ed9 gi\u00f2n cho b\u00e1nh<\/p>\n<p><strong>B\u1ea3o qu\u1ea3n<\/strong>: n\u01a1i kh\u00f4 tho\u00e1ng<\/p>\n<\/div>\n<p>&nbsp;<\/p>\n<p>&nbsp;<\/p>","protected":false},"excerpt":{"rendered":"<p>N\u1eafm gi\u1eef b\u00ed quy\u1ebft \u0111\u1ed9c \u0111\u00e1o h\u1ea1n ch\u1ebf d\u1ea7u m\u1ee1, Snack da c\u00e1 gi\u00f2n tan Streetos v\u1eabn gi\u1eef tr\u1ecdn h\u00e0m l\u01b0\u1ee3ng Omega 3 v\u00e0 Collagen trong t\u1eebng mi\u1ebfng c\u1eafn gi\u00f2n r\u1ee5m. M\u1ed7i t\u00fai Streetos l\u00e0 s\u1ef1 h\u00f2a quy\u1ec7n \u0111\u1ed9ng \u0111\u00e1o c\u1ee7a t\u1eadn h\u01b0\u1edfng v\u00e0 dinh d\u01b0\u1ee1ng, gi\u00fap cho vi\u1ec7c th\u01b0\u1edfng th\u1ee9c snack tr\u1edf n\u00ean &#8220;nh\u1eb9 nh\u00e0ng&#8221; h\u01a1n bao gi\u1edd h\u1ebft.<\/p>\n<p>&nbsp;<\/p>","protected":false},"featured_media":12974,"comment_status":"open","ping_status":"closed","template":"","meta":[],"product_brand":[],"product_cat":[626],"product_tag":[],"class_list":{"0":"post-12970","1":"product","2":"type-product","3":"status-publish","4":"has-post-thumbnail","6":"product_cat-het-hang","7":"pa_brand-tmt","9":"first","10":"outofstock","11":"sale","12":"shipping-taxable","13":"purchasable","14":"product-type-variable"},"_links":{"self":[{"href":"https:\/\/havamall.vn\/en\/wp-json\/wp\/v2\/product\/12970"}],"collection":[{"href":"https:\/\/havamall.vn\/en\/wp-json\/wp\/v2\/product"}],"about":[{"href":"https:\/\/havamall.vn\/en\/wp-json\/wp\/v2\/types\/product"}],"replies":[{"embeddable":true,"href":"https:\/\/havamall.vn\/en\/wp-json\/wp\/v2\/comments?post=12970"}],"version-history":[{"count":0,"href":"https:\/\/havamall.vn\/en\/wp-json\/wp\/v2\/product\/12970\/revisions"}],"wp:featuredmedia":[{"embeddable":true,"href":"https:\/\/havamall.vn\/en\/wp-json\/wp\/v2\/media\/12974"}],"wp:attachment":[{"href":"https:\/\/havamall.vn\/en\/wp-json\/wp\/v2\/media?parent=12970"}],"wp:term":[{"taxonomy":"product_brand","embeddable":true,"href":"https:\/\/havamall.vn\/en\/wp-json\/wp\/v2\/product_brand?post=12970"},{"taxonomy":"product_cat","embeddable":true,"href":"https:\/\/havamall.vn\/en\/wp-json\/wp\/v2\/product_cat?post=12970"},{"taxonomy":"product_tag","embeddable":true,"href":"https:\/\/havamall.vn\/en\/wp-json\/wp\/v2\/product_tag?post=12970"}],"curies":[{"name":"wp","href":"https:\/\/api.w.org\/{rel}","templated":true}]}}