{"id":12932,"date":"2019-12-03T16:25:29","date_gmt":"2019-12-03T09:25:29","guid":{"rendered":"https:\/\/havamall.vn\/?post_type=product&#038;p=12932"},"modified":"2023-06-09T11:14:24","modified_gmt":"2023-06-09T04:14:24","slug":"combo-4-loai-dau-huu-co-ha-lan-xanh-250gr-dau-ga-250gr-dau-cuc-pinto-250gr-dau-lang-250gr","status":"publish","type":"product","link":"https:\/\/havamall.vn\/en\/shop\/combo-4-loai-dau-huu-co-ha-lan-xanh-250gr-dau-ga-250gr-dau-cuc-pinto-250gr-dau-lang-250gr\/","title":{"rendered":"Combo 4 lo\u1ea1i \u0110\u1eadu H\u1eefu C\u01a1: H\u00e0 Lan Xanh (250gr) + \u0110\u1eadu G\u00e0 ( 250gr) + \u0110\u1eadu C\u00fac Pinto (250gr) + \u0110\u1eadu L\u0103ng ( 250gr)"},"content":{"rendered":"<p>\u0110\u1eadu l\u0103ng (T\u00ean ti\u1ebfng Anh : Lentils), l\u00e0 m\u1ed9t lo\u1ea1i \u0111\u1eadu dinh d\u01b0\u1ee1ng \u0111\u01b0\u1ee3c \u01b0a chu\u1ed9ng t\u1ea1i \u1ea4n \u0110\u1ed9 v\u00e0 c\u00e1c n\u01b0\u1edbc Ph\u01b0\u01a1ng T\u00e2y. H\u1ea1t \u0111\u1eadu l\u0103ng h\u00ecnh tr\u00f2n d\u00e1ng h\u01a1i d\u1eb9t, c\u00f3 nhi\u1ec1u m\u00e0u s\u1eafc nh\u01b0: v\u00e0ng, \u0111\u1ecf, cam, xanh, n\u00e2u, \u0111en\u2026 nh\u01b0ng ph\u1ed5 bi\u1ebfn nh\u1ea5t v\u1eabn l\u00e0 m\u00e0u \u0111\u1ecf v\u00e0 m\u00e0u xanh.<\/p>\n<h4><img fetchpriority=\"high\" decoding=\"async\" class=\"aligncenter\" src=\"https:\/\/havamall.vn\/wp-content\/uploads\/2019\/12\/5a67ce7fd06c9b221b5b0718eaaa802f.jpg\" alt=\"K\u00e1\u00ba\u00bft qu\u00e1\u00ba\u00a3 h\u00c3\u00acnh \u00e1\u00ba\u00a3nh cho lentil\" width=\"750\" height=\"562\" \/><\/h4>\n<p>\u0110\u1eadu l\u0103ng xanh\u00a0s\u1edf h\u1eefu nhi\u1ec1u ch\u1ea5t dinh d\u01b0\u1ee1ng c\u00f3 l\u1ee3i cho c\u01a1 th\u1ec3 con ng\u01b0\u1eddi, l\u00e0 m\u1ed9t nguy\u00ean li\u1ec7u r\u1ea5t d\u1ec5 ch\u1ebf bi\u1ebfn trong c\u00e1c b\u1eefa \u0103n h\u1eb1ng ng\u00e0y. Vi\u1ec7c th\u01b0\u1eddng xuy\u00ean d\u00f9ng \u0111\u1eadu l\u0103ng c\u00f3 th\u1ec3 tr\u1ecb kh\u1ecfi m\u1ed9t s\u1ed1 lo\u1ea1i b\u1ec7nh nh\u01b0 : ti\u00eau h\u00f3a, ti\u1ec3u \u0111\u01b0\u1eddng, tim m\u1ea1ch\u2026<\/p>\n<p>S\u1ea3n ph\u1ea9m \u0110\u1eadu do Havamall \u0111\u00f3ng g\u00f3i \u0111\u01b0\u1ee3c nh\u1eadp kh\u1ea9u t\u1eeb M\u1ef9, \u0111\u01b0\u1ee3c tr\u1ed3ng b\u1eb1ng c\u00f4ng ngh\u1ec7 thu\u1ea7n khi\u1ebft t\u1ef1 nhi\u00ean, sinh h\u1ecdc, kh\u00f4ng bi\u1ebfn \u0111\u1ed5i gien. Kh\u00f4ng s\u1eed d\u1ee5ng thu\u1ed1c b\u1ea3o qu\u1ea3n th\u1ef1c v\u1eadt, kh\u00f4ng s\u1eed d\u1ee5ng ph\u00e2n h\u00f3a h\u1ecdc v\u00e0 k\u00edch th\u00edch sinh tr\u01b0\u1edfng, \u0111\u1ea1t ti\u00eau chu\u1ea9n an to\u00e0n th\u1ef1c ph\u1ea9m.<\/p>\n<p>\u0110\u1eadu Chickpea c\u00f3 th\u00e0nh ph\u1ea7n dinh d\u01b0\u1ee1ng \u0111\u1eb7c bi\u1ec7t t\u1ed1t cho ph\u1ee5 n\u1eef c\u00f3 thai, \u0111ang cho con b\u00fa. Tr\u1ebb em trong giai \u0111o\u1ea1n ph\u00e1t tri\u1ec3n. Ng\u01b0\u1eddi m\u1eafc b\u1ec7nh ti\u1ec3u \u0111\u01b0\u1eddng, huy\u1ebft \u00e1p cao, m\u1ee1 m\u00e1u c\u1ea7n \u0103n ki\u00eang, ng\u01b0\u1eddi mu\u1ed1n gi\u1ea3m c\u00e2n v\u00e0 m\u1edbi \u1ed1m d\u1eady.<\/p>\n<p><img decoding=\"async\" class=\"aligncenter\" src=\"https:\/\/havamall.vn\/wp-content\/uploads\/2019\/12\/fd8faace49a32da1ab80a989ac2f5f12.jpg\" alt=\"H\u00c3\u00acnh \u00e1\u00ba\u00a3nh c\u00c3\u00b3 li\u00c3\u00aan quan\" width=\"750\" height=\"567\" \/><\/p>\n<p>\u0110\u1eadu H\u00e0 Lan\u00a0\u0111\u01b0\u1ee3c bi\u1ebft \u0111\u1ebfn v\u1edbi nhi\u1ec1u ch\u1ea5t dinh d\u01b0\u1ee1ng v\u00e0 trong s\u1ed1 \u0111\u00f3 l\u00e0 polyphenol g\u1ecdi l\u00e0 coumestrol \u2013 g\u1ea7n \u0111\u00e2y \u0111\u00e3 \u0111i \u0111\u1ea7u trong nghi\u00ean c\u1ee9u v\u1ec1 b\u1ea3o v\u1ec7 ch\u1ed1ng ung th\u01b0 d\u1ea1 d\u00e0y.\u00a0\u201cM\u1ed9t nghi\u00ean c\u1ee9u \u1edf Mexico City cho th\u1ea5y ti\u00eau th\u1ee5 \u0111\u1eadu h\u00e0 lan h\u1eb1ng ng\u00e0y c\u00f9ng v\u1edbi c\u00e1c c\u00e2y h\u1ecd \u0111\u1eadu kh\u00e1c l\u00e0m gi\u1ea3m nguy c\u01a1 ung th\u01b0 d\u1ea1 d\u00e0y, \u0111\u1eb7c bi\u1ec7t khi l\u01b0\u1ee3ng coumestrol h\u00e0ng ng\u00e0y t\u1eeb c\u00e1c c\u00e2y \u0111\u1eadu n\u00e0y x\u1ea5p x\u1ec9 2 miligam ho\u1eb7c cao h\u01a1n\u201d.<\/p>\n<p>\u0110\u1eadu H\u00e0 Lan\u00a0l\u00e0 ngu\u1ed3n c\u00e1c ch\u1ea5t ch\u1ed1ng oxy h\u00f3a , ch\u1ed1ng vi\u00eam v\u00e0 c\u00e1c ch\u1ea5t dinh d\u01b0\u1ee1ng h\u1ed7 tr\u1ee3 s\u1ee9c kho\u1ebb. Trong nh\u00f3m flavonoid, \u0111\u1eadu h\u00e0 lan cung c\u1ea5p cho ch\u00fang ta ch\u1ea5t ch\u1ed1ng oxy ho\u00e1 catechin v\u00e0 epicatechin. C\u00e1c vitamin ch\u1ed1ng oxy h\u00f3a cung c\u1ea5p b\u1edfi \u0111\u1eadu h\u00e0 lan s\u1ea5y bao g\u1ed3m vitamin C v\u00e0 vitamin E, v\u00e0 m\u1ed9t l\u01b0\u1ee3ng ch\u1ea5t ch\u1ed1ng oxy h\u00f3a kho\u00e1ng ch\u1ea5t k\u1ebdm c\u0169ng \u0111\u01b0\u1ee3c t\u00ecm th\u1ea5y trong th\u1ef1c ph\u1ea9m tuy\u1ec7t v\u1eddi n\u00e0y.<\/p>\n<p><img decoding=\"async\" class=\"aligncenter\" src=\"https:\/\/havamall.vn\/wp-content\/uploads\/2019\/12\/07e0b20602c5bcfdba4ce417c8c3a39d.jpg\" alt=\"K\u00e1\u00ba\u00bft qu\u00e1\u00ba\u00a3 h\u00c3\u00acnh \u00e1\u00ba\u00a3nh cho H\u00c3\u00a0 Lan xanh nguy\u00c3\u00aan h\u00e1\u00ba\u00a1t (Whole Green Peas)\" width=\"750\" height=\"498\" \/><\/p>\n<p>\u0110\u1eadu h\u00e0 lan c\u00f3 ch\u1ee9a nhi\u1ec1u ch\u1ea5t dinh d\u01b0\u1ee1ng, vitamin, kho\u00e1ng ch\u1ea5t v\u00e0 c\u00e1c ch\u1ea5t ch\u1ed1ng oxy h\u00f3a h\u01a1n h\u1eb3n\u00a0c\u00e1c lo\u1ea1i h\u1ea1t kh\u00f4\u00a0kh\u00e1c\u00a0n\u00ean \u0111\u01b0\u1ee3c m\u1ec7nh danh l\u00e0 \u201cvi\u00ean kim c\u01b0\u01a1ng xanh\u201d. \u0110\u1eadu h\u00e0 lan c\u00f3 nhi\u1ec1u t\u00e1c d\u1ee5ng nh\u01b0 t\u0103ng c\u01b0\u1eddng h\u1ec7 mi\u1ec5n d\u1ecbch, t\u1ed1t cho h\u1ec7 ti\u00eau h\u00f3a, tim m\u1ea1ch, ng\u0103n ng\u1eeba ung th\u01b0, ch\u1ee9ng suy nh\u01b0\u1ee3c, ch\u00e1n \u0103n v\u00e0 t\u0103ng c\u01b0\u1eddng tr\u00ed nh\u1edb.<\/p>\n<p>\u0110\u1eadu kh\u00f4 1kg khi ng\u00e2m 8-12h ti\u1ebfng s\u1ebd l\u00e0 \u0111\u1eadu 2,2kg t\u01b0\u01a1i s\u1ed1ng.<\/p>\n<p>\u0110\u1eb7c bi\u1ec7t, h\u00e0m l\u01b0\u1ee3ng dinh d\u01b0\u1ee1ng c\u1ee7a \u0111\u1eadu h\u00e0 lan l\u00ean m\u1ea7m cao g\u1ea5p 5 l\u1ea7n so v\u1edbi \u0111\u1eadu h\u00e0 lan t\u01b0\u01a1i.<\/p>\n<p>\u0110\u1eadu pinto \u2013 hay c\u00f2n g\u1ecdi l\u00e0 \u0111\u1eadu c\u00fac (\u0111\u1eadu \u0111\u1ed1m), l\u00e0 m\u1ed9t lo\u1ea1i \u0111\u1eadu r\u1ea5t \u201cn\u1ed5i ti\u1ebfng\u201d t\u1ea1i M\u1ef9 v\u00e0 Mexico v\u00ec nh\u1eefng l\u1ee3i \u00edch dinh d\u01b0\u1ee1ng r\u1ea5t t\u1ed1t cho s\u1ee9c kh\u1ecfe. Lo\u1ea1i \u0111\u1eadu c\u00f3 ngu\u1ed3n g\u1ed1c t\u1eeb \u1ea4n \u0110\u1ed9 n\u00e0y c\u00f3 l\u1edbp v\u1ecf m\u00e0u \u0111\u1ecf ho\u1eb7c tr\u1eafng v\u00e0 \u0111\u01b0\u1ee3c \u01b0a chu\u1ed9ng kh\u00f4ng k\u00e9m g\u00ec \u0111\u1eadu n\u00e0nh. T\u1ea1i n\u01b0\u1edbc ta, do c\u00f3 h\u01b0\u01a1ng v\u1ecb th\u01a1m b\u00f9i \u0111\u1eb7c tr\u01b0ng v\u00e0 gi\u00e0u \u0111\u1ea1m, \u0111\u1eadu pinto c\u0169ng th\u01b0\u1eddng \u0111\u01b0\u1ee3c s\u1eed d\u1ee5ng \u0111\u1ec3 ch\u1ebf bi\u1ebfn c\u00e1c m\u00f3n s\u00fap, canh h\u1ea7m c\u00f9ng salad tr\u1ed9n.<\/p>\n<p><img decoding=\"async\" class=\"aligncenter\" src=\"https:\/\/havamall.vn\/wp-content\/uploads\/2018\/06\/1414141.large.jpg\" alt=\"K\u00e1\u00ba\u00bft qu\u00e1\u00ba\u00a3 h\u00c3\u00acnh \u00e1\u00ba\u00a3nh cho pinto beans\" \/><\/p>\n<p>\u0110\u1eadu pinto kh\u00f4ng ch\u1ec9 gi\u00e0u protein, \u0111\u1eadu pinto c\u00f2n l\u00e0 ngu\u1ed3n gi\u00e0u ch\u1ea5t x\u01a1 c\u00f9ng nhi\u1ec1u d\u01b0\u1ee1ng ch\u1ea5t kh\u00e1c. V\u00e0 \u0111\u1eb7c bi\u1ec7t, lo\u1ea1i \u0111\u1eadu n\u00e0y ch\u00ednh l\u00e0 ngu\u1ed3n th\u1ef1c ph\u1ea9m c\u1ef1c k\u1ef3 t\u1ed1t cho h\u1ec7 ti\u00eau h\u00f3a v\u00e0 gi\u00fap\u00a0ng\u0103n ng\u1eeba b\u1ec7nh ti\u1ec3u \u0111\u01b0\u1eddng.<\/p>\n<div><strong>Gi\u1ea3m cholesterol<\/strong><\/div>\n<div>\u0110\u1eadu l\u0103ng c\u00f3 h\u00e0m l\u01b0\u1ee3ng ch\u1ea5t x\u01a1 h\u00f2a tan cao gi\u00fap gi\u1ea3m m\u1ee9c cholesterol trong m\u00e1u m\u1ed9t c\u00e1ch hi\u1ec7u qu\u1ea3. Gi\u1ea3m m\u1ee9c cholesterol s\u1ebd gi\u00fap l\u00e0m gi\u1ea3m nguy c\u01a1 b\u1ec7nh tim v\u00e0 \u0111\u1ed9t qu\u1ef5 b\u1eb1ng c\u00e1ch gi\u1eef cho \u0111\u1ed9ng m\u1ea1ch s\u1ea1ch.<\/div>\n<div><strong>T\u1ed1t cho tim<\/strong><\/div>\n<div>\u0102n nhi\u1ec1u th\u1ef1c ph\u1ea9m gi\u00e0u ch\u1ea5t x\u01a1 gi\u00fap gi\u1ea3m nguy c\u01a1 b\u1ec7nh tim. \u0110\u1eadu l\u0103ng c\u0169ng l\u00e0 ngu\u1ed3n cung c\u1ea5p folate v\u00e0 magi\u00ea tuy\u1ec7t v\u1eddi, \u0111\u01b0\u1ee3c bi\u1ebft \u0111\u1ebfn l\u00e0 nh\u1eefng th\u1ee9 \u0111\u00f3ng g\u00f3p l\u1edbn cho s\u1ee9c kh\u1ecfe tim m\u1ea1ch. Folate gi\u00fap h\u1ea1 th\u1ea5p m\u1ee9c homocysteine, m\u1ed9t y\u1ebfu t\u1ed1 nguy c\u01a1 nghi\u00eam tr\u1ecdng \u0111\u1ed1i v\u1edbi b\u1ec7nh tim. Magi\u00ea gi\u00fap t\u0103ng l\u01b0\u1ee3ng m\u00e1u, oxy v\u00e0 ch\u1ea5t dinh d\u01b0\u1ee1ng trong c\u01a1 th\u1ec3. M\u1ee9c magi\u00ea th\u1ea5p \u0111\u00e3 c\u00f3 li\u00ean quan tr\u1ef1c ti\u1ebfp v\u1edbi b\u1ec7nh tim.<\/div>\n<div><strong>T\u1ed1t cho ti\u00eau h\u00f3a<\/strong><\/div>\n<div>\u0110\u1eadu l\u0103ng c\u00f3 ch\u1ee9a ch\u1ea5t x\u01a1 ti\u00eau h\u00f3a kh\u00f4ng h\u00f2a tan gi\u00fap ng\u0103n ng\u1eeba t\u00e1o b\u00f3n v\u00e0 c\u00e1c r\u1ed1i lo\u1ea1n ti\u00eau h\u00f3a kh\u00e1c nh\u01b0 h\u1ed9i ch\u1ee9ng ru\u1ed9t k\u00edch th\u00edch v\u00e0 b\u1ec7nh l\u00fd t\u00fai th\u1eeba. \u0110\u00e2y l\u00e0 m\u1ed9t trong nh\u1eefng l\u1ee3i \u00edch s\u1ee9c kh\u1ecfe h\u00e0ng \u0111\u1ea7u c\u1ee7a \u0111\u1eadu l\u0103ng.<\/div>\n<div><strong>\u1ed4n \u0111\u1ecbnh \u0111\u01b0\u1eddng huy\u1ebft<\/strong><\/div>\n<div>Ch\u1ea5t x\u01a1 h\u00f2a tan trong \u0111\u1eadu l\u0103ng ng\u0103n cacbonhydrat, l\u00e0m ch\u1eadm qu\u00e1 tr\u00ecnh ti\u00eau h\u00f3a v\u00e0 gi\u00fap \u1ed5n \u0111\u1ecbnh m\u1ee9c \u0111\u01b0\u1eddng huy\u1ebft. \u0110i\u1ec1u n\u00e0y r\u1ea5t h\u1eefu \u00edch trong tr\u01b0\u1eddng h\u1ee3p ng\u0103n ng\u1eeba \u0111\u00e1i th\u00e1o \u0111\u01b0\u1eddng, kh\u00e1ng insulin ho\u1eb7c h\u1ea1 \u0111\u01b0\u1eddng huy\u1ebft.<\/div>\n<div><strong>C\u00f3 ch\u1ee9a protein t\u1ed1t<\/strong><\/div>\n<div>Trong t\u1ea5t c\u1ea3 c\u00e1c c\u00e2y h\u1ecd \u0111\u1eadu v\u00e0 h\u1ea1t, \u0111\u1eadu l\u0103ng ch\u1ee9a h\u00e0m l\u01b0\u1ee3ng protein cao th\u1ee9 ba. 26% l\u01b0\u1ee3ng calo c\u1ee7a \u0111\u1eadu l\u0103ng l\u00e0 protein. \u0110i\u1ec1u n\u00e0y l\u00e0m cho \u0111\u1eadu l\u0103ng tr\u1edf th\u00e0nh ngu\u1ed3n protein tuy\u1ec7t v\u1eddi cho ng\u01b0\u1eddi \u0103n chay.<\/div>\n<div><strong>T\u0103ng n\u0103ng l\u01b0\u1ee3ng<\/strong><\/div>\n<div>\u0110\u1eadu l\u0103ng gi\u00fap cung c\u1ea5p n\u0103ng l\u01b0\u1ee3ng cho c\u01a1 th\u1ec3 nh\u1edd ch\u1ee9a ch\u1ea5t x\u01a1 v\u00e0 h\u00e0m l\u01b0\u1ee3ng carbohydrate ph\u1ee9c t\u1ea1p. Ch\u00fang c\u0169ng l\u00e0 m\u1ed9t ngu\u1ed3n s\u1eaft t\u1ed1t gi\u00fap v\u1eadn chuy\u1ec3n oxy trong c\u01a1 th\u1ec3 v\u00e0 \u0111\u00f3ng vai tr\u00f2 quan tr\u1ecdng trong s\u1ea3n xu\u1ea5t n\u0103ng l\u01b0\u1ee3ng v\u00e0 qu\u00e1 tr\u00ecnh trao \u0111\u1ed5i ch\u1ea5t.<\/div>\n<div><strong>Gi\u1ea3m c\u00e2n<\/strong><\/div>\n<div>\u0110\u1eadu l\u0103ng c\u00f3 l\u01b0\u1ee3ng calo r\u1ea5t th\u1ea5p v\u00e0 kh\u00f4ng ch\u1ee9a ch\u1ea5t b\u00e9o. M\u1ed9t ch\u00e9n \u0111\u1eadu l\u0103ng ch\u1ee9a kho\u1ea3ng 230 calo v\u00e0 khi\u1ebfn b\u1ea1n c\u1ea3m th\u1ea5y \u0111\u1ea7y \u0111\u1ee7 v\u00e0 h\u00e0i l\u00f2ng.<\/div>\n<div><strong>Ng\u0103n ng\u1eeba ung th\u01b0<\/strong><\/div>\n<div>\u0110\u1eadu l\u0103ng c\u0169ng c\u00f3 kh\u1ea3 n\u0103ng ch\u1ed1ng l\u1ea1i b\u1ec7nh ung th\u01b0. \u0110\u1eadu l\u0103ng c\u00f3 th\u1ec3 ki\u1ec3m so\u00e1t s\u1ef1 ph\u00e1t tri\u1ec3n c\u1ee7a c\u00e1c t\u1ebf b\u00e0o ung th\u01b0. \u0110\u00e2y c\u0169ng \u0111\u01b0\u1ee3c coi l\u00e0 m\u1ed9t trong nh\u1eefng l\u1ee3i \u00edch s\u1ee9c kh\u1ecfe h\u00e0ng \u0111\u1ea7u c\u1ee7a \u0111\u1eadu l\u0103ng.<\/div>\n<div><strong>T\u1ed1t cho n\u00e3o<\/strong><\/div>\n<div>M\u1ed9t c\u1ed1c \u0111\u1eadu ch\u1ee9a \u0111\u1ebfn 90% nhu c\u1ea7u h\u1eb1ng ng\u00e0y \u0111\u1ed1i v\u1edbi folate, \u0111\u00f3ng vai tr\u00f2 quan tr\u1ecdng trong vi\u1ec7c s\u1ea3n xu\u1ea5t c\u00e1c ch\u1ea5t d\u1eabn truy\u1ec1n th\u1ea7n kinh t\u0103ng c\u01b0\u1eddng ch\u1ee9c n\u0103ng c\u1ee7a h\u1ec7 th\u1ea7n kinh.<\/div>\n<div><strong>C\u1ea3i thi\u1ec7n ho\u1ea1t \u0111\u1ed9ng \u0111i\u1ec7n gi\u1ea3i<\/strong><\/div>\n<div>Ho\u1ea1t \u0111\u1ed9ng \u0111i\u1ec7n gi\u1ea3i \u0111\u00f3ng vai tr\u00f2 quan tr\u1ecdng trong ho\u1ea1t \u0111\u1ed9ng th\u00edch h\u1ee3p c\u1ee7a c\u01a1 th\u1ec3. \u0110\u1eadu l\u0103ng ch\u1ee9a kali \u0111\u01b0\u1ee3c coi l\u00e0 ch\u1ea5t thay th\u1ebf t\u1ed1t nh\u1ea5t cho ho\u1ea1t \u0111\u1ed9ng \u0111i\u1ec7n ph\u00e2n. Kali ho\u1ea1t \u0111\u1ed9ng nh\u01b0 m\u1ed9t ch\u1ea5t \u0111i\u1ec7n gi\u1ea3i v\u00e0 c\u00f3 l\u1ee3i cho ho\u1ea1t \u0111\u1ed9ng \u0111\u00fang \u0111\u1eafn c\u1ee7a c\u00e1c c\u01a1 quan nh\u01b0 n\u00e3o, tim v\u00e0 th\u1eadn.<\/div>\n<p><strong>H\u01b0\u1edbng d\u1eabn s\u1eed d\u1ee5ng<\/strong><\/p>\n<p><img loading=\"lazy\" decoding=\"async\" class=\"aligncenter\" src=\"https:\/\/havamall.vn\/wp-content\/uploads\/2019\/12\/56ab8c7f8e99dd76a8ce0f55e39fb5e9.jpg\" alt=\"K\u00e1\u00ba\u00bft qu\u00e1\u00ba\u00a3 h\u00c3\u00acnh \u00e1\u00ba\u00a3nh cho lentil\" width=\"642\" height=\"421\" \/><\/p>\n<p>\u0110\u1eadu t\u00e1ch \u0111\u00f4i kh\u00f4ng c\u1ea7n ng\u00e2m n\u01b0\u1edbc.\u00a0D\u00f9ng l\u00e0m salads, n\u1ea5u x\u00f4i, n\u1ea5u ch\u00e8, x\u00e0o th\u1eadp c\u1ea9m, s\u1eefa \u0111\u1eadu, nghi\u1ec1n nhuy\u1ec5n + d\u1ea7u oliu d\u00f9ng v\u1edbi b\u00e1nh m\u00ec, b\u1ed9t dinh d\u01b0\u1ee1ng,\u00a0l\u00e0m b\u00e1nh, d\u00f9ng n\u1ea5u v\u1edbi c\u01a1m, \u00a0s\u00fap \u0111\u1eadu, l\u00e0m n\u01b0\u1edbc s\u1ed1<\/p>\n<p>Cho v\u00e0o n\u1ed3i \u00e1p su\u1ea5t h\u1ea7m nh\u1eeb s\u1ebd nhanh h\u01a1n.<\/p>","protected":false},"excerpt":{"rendered":"<ul>\n<li>\u0110\u1eadu kh\u00f4 100% nh\u1eadp kh\u1ea9u.<\/li>\n<li>Ch\u1ee9ng nh\u1eadn h\u1eefu c\u01a1: USDA<\/li>\n<li>C\u00f4ng ngh\u1ec7 gieo tr\u1ed3ng thu\u1ea7n khi\u1ebft t\u1ef1 nhi\u00ean, sinh h\u1ecdc, kh\u00f4ng bi\u1ebfn \u0111\u1ed5i gen, kh\u00f4ng s\u1eed d\u1ee5ng thu\u1ed1c b\u1ea3o qu\u1ea3n th\u1ef1c v\u1eadt, kh\u00f4ng s\u1eed d\u1ee5ng ph\u00e2n h\u00f3a h\u1ecdc v\u00e0 k\u00edch th\u00edch sinh tr\u01b0\u1edfng.<\/li>\n<li>T\u1ed1t cho ng\u01b0\u1eddi \u0103n ki\u00eang, ph\u1ee5 n\u1eef sau khi sinh thi\u1ebfu s\u1eefa&#8230;<\/li>\n<li>Ch\u1ebf bi\u1ebfn m\u00f3n \u0103n. Th\u00e0nh ph\u1ea7n ch\u1ee9a nhi\u1ec1u ch\u1ea5t x\u01a1, \u0111\u1ea1m, ch\u1ea5t ch\u1ed1ng oxy h\u00f3a, \u00edt ch\u1ea5t b\u00e9o<\/li>\n<li>Ng\u0103n ng\u1eeba ung th\u01b0. Ch\u1ed1ng oxy h\u00f3a v\u00e0 kh\u00e1ng vi\u00eam<\/li>\n<li>Ki\u1ec3m so\u00e1t l\u01b0\u1ee3ng \u0111\u01b0\u1eddng. T\u0103ng c\u01b0\u1eddng s\u1ee9c \u0111\u1ec1 kh\u00e1ng v\u00e0 cung c\u1ea5p dinh d\u01b0\u1ee1ng<\/li>\n<\/ul>","protected":false},"featured_media":30479,"comment_status":"open","ping_status":"closed","template":"","meta":[],"product_brand":[],"product_cat":[594,256,36,134],"product_tag":[],"class_list":{"0":"post-12932","1":"product","2":"type-product","3":"status-publish","4":"has-post-thumbnail","6":"product_cat-dau-cu-qua-kho","7":"product_cat-thuc-pham-huu-co","8":"product_cat-thuc-pham-tieu-dung","9":"product_cat-thucpham-saykho","11":"first","12":"instock","13":"sale","14":"shipping-taxable","15":"purchasable","16":"product-type-simple"},"_links":{"self":[{"href":"https:\/\/havamall.vn\/en\/wp-json\/wp\/v2\/product\/12932"}],"collection":[{"href":"https:\/\/havamall.vn\/en\/wp-json\/wp\/v2\/product"}],"about":[{"href":"https:\/\/havamall.vn\/en\/wp-json\/wp\/v2\/types\/product"}],"replies":[{"embeddable":true,"href":"https:\/\/havamall.vn\/en\/wp-json\/wp\/v2\/comments?post=12932"}],"version-history":[{"count":0,"href":"https:\/\/havamall.vn\/en\/wp-json\/wp\/v2\/product\/12932\/revisions"}],"wp:featuredmedia":[{"embeddable":true,"href":"https:\/\/havamall.vn\/en\/wp-json\/wp\/v2\/media\/30479"}],"wp:attachment":[{"href":"https:\/\/havamall.vn\/en\/wp-json\/wp\/v2\/media?parent=12932"}],"wp:term":[{"taxonomy":"product_brand","embeddable":true,"href":"https:\/\/havamall.vn\/en\/wp-json\/wp\/v2\/product_brand?post=12932"},{"taxonomy":"product_cat","embeddable":true,"href":"https:\/\/havamall.vn\/en\/wp-json\/wp\/v2\/product_cat?post=12932"},{"taxonomy":"product_tag","embeddable":true,"href":"https:\/\/havamall.vn\/en\/wp-json\/wp\/v2\/product_tag?post=12932"}],"curies":[{"name":"wp","href":"https:\/\/api.w.org\/{rel}","templated":true}]}}