{"id":12927,"date":"2019-12-03T16:14:15","date_gmt":"2019-12-03T09:14:15","guid":{"rendered":"https:\/\/havamall.vn\/?post_type=product&#038;p=12927"},"modified":"2023-06-09T11:14:31","modified_gmt":"2023-06-09T04:14:31","slug":"combo-2-loai-dau-ha-lan-xanh-250gr-dau-ha-lan-vang-250gr","status":"publish","type":"product","link":"https:\/\/havamall.vn\/en\/shop\/combo-2-loai-dau-ha-lan-xanh-250gr-dau-ha-lan-vang-250gr\/","title":{"rendered":"Combo 2 lo\u1ea1i \u0110\u1eadu H\u00e0 Lan Xanh (250gr) + \u0110\u1eadu H\u00e0 Lan V\u00e0ng (250gr)"},"content":{"rendered":"<p>Combo 2 Lo\u1ea1i \u0110\u1eadu H\u00e0 Lan Xanh (250gr) + \u0110\u1eadu H\u00e0 Lan V\u00e0ng ( 250gr) g\u1ed3m 2 lo\u1ea1i h\u1ea1t kh\u00f4 cung c\u1ea5p nhi\u1ec1u l\u1ee3i \u00edch v\u1ec1 s\u1ee9c kho\u1ebb. N\u00f3 gi\u00fap t\u0103ng c\u01b0\u1eddng \u0111\u1ed9 no, t\u0103ng c\u01b0\u1eddng ti\u00eau h\u00f3a, gi\u1eef l\u01b0\u1ee3ng \u0111\u01b0\u1eddng trong m\u00e1u \u1ed5n \u0111\u1ecbnh, t\u0103ng c\u01b0\u1eddng s\u1ef1 b\u1ea3o v\u1ec7 ch\u1ed1ng l\u1ea1i b\u1ec7nh t\u1eadt. \u0110\u1eadu r\u1ea5t gi\u00e0u protein, vitamin v\u00e0 kho\u00e1ng ch\u1ea5t, \u0111\u00f3 l\u00e0 l\u00fd do t\u1ea1i sao ch\u00fang th\u01b0\u1eddng \u0111\u01b0\u1ee3c \u0103n trong c\u00e1c th\u1ef1c \u0111\u01a1n ch\u1eefa b\u1ec7nh.<\/p>\n<p>S\u1ea3n ph\u1ea9m \u0110\u1eadu do Havamall \u0111\u00f3ng g\u00f3i \u0111\u01b0\u1ee3c nh\u1eadp kh\u1ea9u t\u1eeb M\u1ef9, \u0111\u01b0\u1ee3c tr\u1ed3ng b\u1eb1ng c\u00f4ng ngh\u1ec7 thu\u1ea7n khi\u1ebft t\u1ef1 nhi\u00ean, sinh h\u1ecdc, kh\u00f4ng bi\u1ebfn \u0111\u1ed5i gien. Kh\u00f4ng s\u1eed d\u1ee5ng thu\u1ed1c b\u1ea3o qu\u1ea3n th\u1ef1c v\u1eadt, kh\u00f4ng s\u1eed d\u1ee5ng ph\u00e2n h\u00f3a h\u1ecdc v\u00e0 k\u00edch th\u00edch sinh tr\u01b0\u1edfng, \u0111\u1ea1t ti\u00eau chu\u1ea9n an to\u00e0n th\u1ef1c ph\u1ea9m.<\/p>\n<p>\u0110\u1eadu H\u00e0 Lan c\u00f3 th\u00e0nh ph\u1ea7n dinh d\u01b0\u1ee1ng \u0111\u1eb7c bi\u1ec7t t\u1ed1t cho ph\u1ee5 n\u1eef c\u00f3 thai, \u0111ang cho con b\u00fa. Tr\u1ebb em trong giai \u0111o\u1ea1n ph\u00e1t tri\u1ec3n. Ng\u01b0\u1eddi m\u1eafc b\u1ec7nh ti\u1ec3u \u0111\u01b0\u1eddng, huy\u1ebft \u00e1p cao, m\u1ee1 m\u00e1u c\u1ea7n \u0103n ki\u00eang, ng\u01b0\u1eddi mu\u1ed1n gi\u1ea3m c\u00e2n v\u00e0 m\u1edbi \u1ed1m d\u1eady.<\/p>\n<p>\u0110\u1eadu H\u00e0 Lan\u00a0\u0111\u01b0\u1ee3c bi\u1ebft \u0111\u1ebfn v\u1edbi nhi\u1ec1u ch\u1ea5t dinh d\u01b0\u1ee1ng v\u00e0 trong s\u1ed1 \u0111\u00f3 l\u00e0 polyphenol g\u1ecdi l\u00e0 coumestrol \u2013 g\u1ea7n \u0111\u00e2y \u0111\u00e3 \u0111i \u0111\u1ea7u trong nghi\u00ean c\u1ee9u v\u1ec1 b\u1ea3o v\u1ec7 ch\u1ed1ng ung th\u01b0 d\u1ea1 d\u00e0y.\u00a0\u201cM\u1ed9t nghi\u00ean c\u1ee9u \u1edf Mexico City cho th\u1ea5y ti\u00eau th\u1ee5 \u0111\u1eadu h\u00e0 lan h\u1eb1ng ng\u00e0y c\u00f9ng v\u1edbi c\u00e1c c\u00e2y h\u1ecd \u0111\u1eadu kh\u00e1c l\u00e0m gi\u1ea3m nguy c\u01a1 ung th\u01b0 d\u1ea1 d\u00e0y, \u0111\u1eb7c bi\u1ec7t khi l\u01b0\u1ee3ng coumestrol h\u00e0ng ng\u00e0y t\u1eeb c\u00e1c c\u00e2y \u0111\u1eadu n\u00e0y x\u1ea5p x\u1ec9 2 miligam ho\u1eb7c cao h\u01a1n\u201d.<\/p>\n<p><img fetchpriority=\"high\" decoding=\"async\" class=\"aligncenter\" src=\"https:\/\/havamall.vn\/wp-content\/uploads\/2019\/12\/f1df6498f9d07c13b7390596367b0f81.jpg\" alt=\"K\u00c3\u00a1\u00c2\u00ba\u00c2\u00bft qu\u00c3\u00a1\u00c2\u00ba\u00c2\u00a3 h\u00c3\u0083\u00c2\u00acnh \u00c3\u00a1\u00c2\u00ba\u00c2\u00a3nh cho Yellow Split Peas\" width=\"554\" height=\"554\" \/><\/p>\n<p>\u0110\u1eadu H\u00e0 Lan\u00a0l\u00e0 ngu\u1ed3n c\u00e1c ch\u1ea5t ch\u1ed1ng oxy h\u00f3a , ch\u1ed1ng vi\u00eam v\u00e0 c\u00e1c ch\u1ea5t dinh d\u01b0\u1ee1ng h\u1ed7 tr\u1ee3 s\u1ee9c kho\u1ebb. Trong nh\u00f3m flavonoid, \u0111\u1eadu h\u00e0 lan cung c\u1ea5p cho ch\u00fang ta ch\u1ea5t ch\u1ed1ng oxy ho\u00e1 catechin v\u00e0 epicatechin. C\u00e1c vitamin ch\u1ed1ng oxy h\u00f3a cung c\u1ea5p b\u1edfi \u0111\u1eadu h\u00e0 lan s\u1ea5y bao g\u1ed3m vitamin C v\u00e0 vitamin E, v\u00e0 m\u1ed9t l\u01b0\u1ee3ng ch\u1ea5t ch\u1ed1ng oxy h\u00f3a kho\u00e1ng ch\u1ea5t k\u1ebdm c\u0169ng \u0111\u01b0\u1ee3c t\u00ecm th\u1ea5y trong th\u1ef1c ph\u1ea9m tuy\u1ec7t v\u1eddi n\u00e0y.<\/p>\n<p><img decoding=\"async\" class=\"aligncenter\" src=\"https:\/\/havamall.vn\/wp-content\/uploads\/2019\/12\/5b5717a2261db0e77d768ecb43d93ae9.jpg\" alt=\"K\u00e1\u00ba\u00bft qu\u00e1\u00ba\u00a3 h\u00c3\u00acnh \u00e1\u00ba\u00a3nh cho H\u00c3\u00a0 Lan xanh nguy\u00c3\u00aan h\u00e1\u00ba\u00a1t (Whole Green Peas)\" width=\"559\" height=\"559\" \/><\/p>\n<p>\u0110\u1eadu h\u00e0 lan c\u00f3 ch\u1ee9a nhi\u1ec1u ch\u1ea5t dinh d\u01b0\u1ee1ng, vitamin, kho\u00e1ng ch\u1ea5t v\u00e0 c\u00e1c ch\u1ea5t ch\u1ed1ng oxy h\u00f3a h\u01a1n h\u1eb3n\u00a0c\u00e1c lo\u1ea1i h\u1ea1t kh\u00f4\u00a0kh\u00e1c\u00a0n\u00ean \u0111\u01b0\u1ee3c m\u1ec7nh danh l\u00e0 \u201cvi\u00ean kim c\u01b0\u01a1ng xanh\u201d. \u0110\u1eadu h\u00e0 lan c\u00f3 nhi\u1ec1u t\u00e1c d\u1ee5ng nh\u01b0 t\u0103ng c\u01b0\u1eddng h\u1ec7 mi\u1ec5n d\u1ecbch, t\u1ed1t cho h\u1ec7 ti\u00eau h\u00f3a, tim m\u1ea1ch, ng\u0103n ng\u1eeba ung th\u01b0, ch\u1ee9ng suy nh\u01b0\u1ee3c, ch\u00e1n \u0103n v\u00e0 t\u0103ng c\u01b0\u1eddng tr\u00ed nh\u1edb.<\/p>\n<p>\u0110\u1eadu kh\u00f4 1kg khi ng\u00e2m 8-12h ti\u1ebfng s\u1ebd l\u00e0 \u0111\u1eadu 2,2kg t\u01b0\u01a1i s\u1ed1ng.<\/p>\n<p>\u0110\u1eb7c bi\u1ec7t, h\u00e0m l\u01b0\u1ee3ng dinh d\u01b0\u1ee1ng c\u1ee7a \u0111\u1eadu h\u00e0 lan l\u00ean m\u1ea7m cao g\u1ea5p 5 l\u1ea7n so v\u1edbi \u0111\u1eadu h\u00e0 lan t\u01b0\u01a1i.<\/p>\n<p>&nbsp;<\/p>","protected":false},"excerpt":{"rendered":"<ul>\n<li>C\u00f4ng ngh\u1ec7 gieo tr\u1ed3ng sinh h\u1ecdc thu\u1ea7n khi\u1ebft t\u1ef1 nhi\u00ean<\/li>\n<li>T\u1ed1t cho ng\u01b0\u1eddi \u0103n ki\u00eang, ph\u1ee5 n\u1eef sau khi sinh thi\u1ebfu s\u1eefa&#8230;<\/li>\n<li>Ch\u1ebf bi\u1ebfn m\u00f3n \u0103n. Th\u00e0nh ph\u1ea7n ch\u1ee9a nhi\u1ec1u ch\u1ea5t x\u01a1, \u0111\u1ea1m, ch\u1ea5t ch\u1ed1ng oxy h\u00f3a, \u00edt ch\u1ea5t b\u00e9o<\/li>\n<li>Ng\u0103n ng\u1eeba ung th\u01b0. Ch\u1ed1ng oxy h\u00f3a v\u00e0 kh\u00e1ng vi\u00eam<\/li>\n<li>Ki\u1ec3m so\u00e1t l\u01b0\u1ee3ng \u0111\u01b0\u1eddng. T\u0103ng c\u01b0\u1eddng s\u1ee9c \u0111\u1ec1 kh\u00e1ng v\u00e0 cung c\u1ea5p dinh d\u01b0\u1ee1ng<\/li>\n<\/ul>\n<p>&nbsp;<\/p>\n<p>&nbsp;<\/p>\n<p>&nbsp;<\/p>","protected":false},"featured_media":30481,"comment_status":"open","ping_status":"closed","template":"","meta":[],"product_brand":[],"product_cat":[594,256,36,134],"product_tag":[],"class_list":{"0":"post-12927","1":"product","2":"type-product","3":"status-publish","4":"has-post-thumbnail","6":"product_cat-dau-cu-qua-kho","7":"product_cat-thuc-pham-huu-co","8":"product_cat-thuc-pham-tieu-dung","9":"product_cat-thucpham-saykho","11":"first","12":"instock","13":"sale","14":"shipping-taxable","15":"purchasable","16":"product-type-simple"},"_links":{"self":[{"href":"https:\/\/havamall.vn\/en\/wp-json\/wp\/v2\/product\/12927"}],"collection":[{"href":"https:\/\/havamall.vn\/en\/wp-json\/wp\/v2\/product"}],"about":[{"href":"https:\/\/havamall.vn\/en\/wp-json\/wp\/v2\/types\/product"}],"replies":[{"embeddable":true,"href":"https:\/\/havamall.vn\/en\/wp-json\/wp\/v2\/comments?post=12927"}],"version-history":[{"count":0,"href":"https:\/\/havamall.vn\/en\/wp-json\/wp\/v2\/product\/12927\/revisions"}],"wp:featuredmedia":[{"embeddable":true,"href":"https:\/\/havamall.vn\/en\/wp-json\/wp\/v2\/media\/30481"}],"wp:attachment":[{"href":"https:\/\/havamall.vn\/en\/wp-json\/wp\/v2\/media?parent=12927"}],"wp:term":[{"taxonomy":"product_brand","embeddable":true,"href":"https:\/\/havamall.vn\/en\/wp-json\/wp\/v2\/product_brand?post=12927"},{"taxonomy":"product_cat","embeddable":true,"href":"https:\/\/havamall.vn\/en\/wp-json\/wp\/v2\/product_cat?post=12927"},{"taxonomy":"product_tag","embeddable":true,"href":"https:\/\/havamall.vn\/en\/wp-json\/wp\/v2\/product_tag?post=12927"}],"curies":[{"name":"wp","href":"https:\/\/api.w.org\/{rel}","templated":true}]}}