{"id":12914,"date":"2019-12-03T15:50:46","date_gmt":"2019-12-03T08:50:46","guid":{"rendered":"https:\/\/havamall.vn\/?post_type=product&#038;p=12914"},"modified":"2021-09-17T11:30:53","modified_gmt":"2021-09-17T04:30:53","slug":"combo-4-loai-keo-so-co-la-andes-nhan-bac-ha-andes-nhan-cam-andes-sua-andes-bac-ha-132g-thanh","status":"publish","type":"product","link":"https:\/\/havamall.vn\/en\/shop\/combo-4-loai-keo-so-co-la-andes-nhan-bac-ha-andes-nhan-cam-andes-sua-andes-bac-ha-132g-thanh\/","title":{"rendered":"Combo 4 lo\u1ea1i K\u1eb9o s\u00f4 c\u00f4 la Andes nh\u00e2n b\u1ea1c h\u00e0 + Andes nh\u00e2n cam + Andes S\u1eefa + Andes B\u1ea1c H\u00e0 (132g\/thanh)"},"content":{"rendered":"<p>K\u1eb8O CHOCOLATE LU\u00d4N L\u00c0 M\u00d3N \u0102N V\u1eb6T KHO\u00c1I KH\u1ea8U C\u1ee6A NHI\u1ec0U NG\u01af\u1edcI, TH\u1eacT L\u00c0 THI\u1ebeU S\u00d3T N\u1ebeU NH\u01af TRONG C\u00c1C D\u1ecaP L\u1ec4 T\u1ebeT S\u1eaeP T\u1edaI THI\u1ebeU \u0110I LO\u1ea0I K\u1eb8O N\u00c0Y. K\u1eb8O CHOCOLATE NH\u00c2N B\u1ea0C H\u00c0 ANDES CH\u1eaeC CH\u1eaeN S\u1ebc KHI\u1ebeN B\u1ea0N \u201c \u0110\u1ee8NG NG\u1ed2I KH\u00d4NG Y\u00caN\u201d B\u1edeI H\u01af\u01a0NG V\u1eca \u0110\u1ed8C \u0110\u00c1O M\u00c0 KH\u00d4NG TH\u1ec2 T\u00ccM TH\u1ea4Y \u0110\u01af\u1ee2C \u1ede B\u1ea4T K\u1ef2 LO\u1ea0I K\u1eb8O CHOCOLATE N\u00c0O KH\u00c1C.<\/p>\n<p><a href=\"https:\/\/havamall.vn\/shop\/keo-chocolate-nhan-bac-ha-andes-132g\/\">Andes<\/a> chi\u1ebfm tr\u1ecdn s\u1ef1 y\u00eau th\u00edch c\u1ee7a m\u1ecdi ng\u01b0\u1eddi nh\u1edd s\u1ef1 k\u1ebft h\u1ee3p gi\u1eefa h\u01b0\u01a1ng v\u1ecb the m\u00e1t, h\u01a1i cay c\u1ee7a b\u1ea1c h\u00e0 v\u1edbi v\u1ecb ng\u1ecdt d\u1ecbu nh\u1eb9 nh\u00e0ng c\u1ee7a chocolate nguy\u00ean ch\u1ea5t. M\u00e0u xanh b\u1ea1c h\u00e0 \u0111\u1eb7c tr\u01b0ng \u0111\u01b0\u1ee3c bao b\u1ecdc b\u1edfi 2 l\u1edbp chocolate th\u01a1m ngon. B\u1ea1n c\u00f2n ch\u1ea7n ch\u1edd g\u00ec n\u1eefa m\u00e0 kh\u00f4ng kh\u00e1m ph\u00e1 ngay nh\u1eefng vi\u00ean k\u1eb9o chocolate h\u00ecnh ch\u1eef nh\u1eadt xinh x\u1eafn n\u00e0y. B\u1ea1n s\u1ebd kh\u00f4ng d\u1eebng l\u1ea1i \u1edf vi\u00ean k\u1eb9o \u0111\u1ea7u ti\u00ean \u0111\u00e2u m\u00e0 c\u00f2n mu\u1ed1n \u0103n th\u00eam 2, 3 vi\u00ean n\u1eefa \u0111\u1ea5y.<\/p>\n<h2><img fetchpriority=\"high\" decoding=\"async\" class=\"aligncenter\" src=\"https:\/\/havamall.vn\/wp-content\/uploads\/2018\/05\/1pcs-Weight-132g-bag-United-States-imported-Andes-kit-kat-Mint-chocolate-Bean-Boozled-Christmas-Gift.jpg_640x640.jpg\" alt=\"K\u00e1\u00ba\u00bft qu\u00e1\u00ba\u00a3 h\u00c3\u00acnh \u00e1\u00ba\u00a3nh cho chocolate andes\" width=\"502\" height=\"502\" \/><\/h2>\n<p><em>\u00a0 \u00a0 \u00a0 \u00a0 \u00a0 \u00a0 \u00a0 \u00a0 \u00a0 \u00a0 \u00a0 \u00a0 \u00a0 \u00a0 \u00a0 \u00a0 \u00a0 \u00a0 \u00a0 \u00a0 \u00a0 \u00a0 \u00a0 \u00a0K\u1eb9o s\u00f4 c\u00f4 la Andes nh\u00e2n b\u1ea1c h\u00e0 truy\u1ec1n th\u1ed1ng<\/em><em><br \/>\n<\/em><\/p>\n<p><img decoding=\"async\" class=\"wp-image-9762 aligncenter\" src=\"https:\/\/havamall.vn\/wp-content\/uploads\/2018\/10\/t54.2_chocolate-andes-mint-parfait-thins-28-pieces-800x800.jpg\" alt=\"\" width=\"500\" height=\"323\" srcset=\"https:\/\/havamall.vn\/wp-content\/uploads\/2018\/10\/t54.2_chocolate-andes-mint-parfait-thins-28-pieces-800x800.jpg 800w, https:\/\/havamall.vn\/wp-content\/uploads\/2018\/10\/t54.2_chocolate-andes-mint-parfait-thins-28-pieces-800x800-430x278.jpg 430w, https:\/\/havamall.vn\/wp-content\/uploads\/2018\/10\/t54.2_chocolate-andes-mint-parfait-thins-28-pieces-800x800-150x97.jpg 150w, https:\/\/havamall.vn\/wp-content\/uploads\/2018\/10\/t54.2_chocolate-andes-mint-parfait-thins-28-pieces-800x800-700x452.jpg 700w\" sizes=\"(max-width: 500px) 100vw, 500px\" \/><em>\u00a0 \u00a0 \u00a0 \u00a0 \u00a0 \u00a0 \u00a0 \u00a0 \u00a0 \u00a0 \u00a0 \u00a0 \u00a0 \u00a0 \u00a0 \u00a0 \u00a0 \u00a0 \u00a0 \u00a0 \u00a0 \u00a0 \u00a0 \u00a0 K\u1eb9o s\u00f4 c\u00f4 la Andes B\u1ea1c h\u00e0 mint parfait thins<\/em><\/p>\n<p>&nbsp;<\/p>\n<p><em><img decoding=\"async\" class=\"wp-image-9761 aligncenter\" src=\"https:\/\/havamall.vn\/wp-content\/uploads\/2018\/10\/3.png\" alt=\"\" width=\"496\" height=\"331\" srcset=\"https:\/\/havamall.vn\/wp-content\/uploads\/2018\/10\/3.png 1172w, https:\/\/havamall.vn\/wp-content\/uploads\/2018\/10\/3-430x287.png 430w, https:\/\/havamall.vn\/wp-content\/uploads\/2018\/10\/3-150x100.png 150w, https:\/\/havamall.vn\/wp-content\/uploads\/2018\/10\/3-700x467.png 700w\" sizes=\"(max-width: 496px) 100vw, 496px\" \/><\/em><\/p>\n<p><em>\u00a0 \u00a0 \u00a0 \u00a0 \u00a0 \u00a0 \u00a0 \u00a0 \u00a0 \u00a0 \u00a0 \u00a0 \u00a0 \u00a0 \u00a0 \u00a0 \u00a0 \u00a0 \u00a0 \u00a0 \u00a0 \u00a0 \u00a0 \u00a0 \u00a0 \u00a0 \u00a0 \u00a0 \u00a0 \u00a0 \u00a0 \u00a0 K\u1eb9o s\u00f4 c\u00f4 la Andes nh\u00e2n cam<\/em><\/p>\n<p><em><img loading=\"lazy\" decoding=\"async\" class=\"wp-image-9760 aligncenter\" src=\"https:\/\/havamall.vn\/wp-content\/uploads\/2018\/10\/4.png\" alt=\"\" width=\"574\" height=\"296\" srcset=\"https:\/\/havamall.vn\/wp-content\/uploads\/2018\/10\/4.png 1172w, https:\/\/havamall.vn\/wp-content\/uploads\/2018\/10\/4-430x222.png 430w, https:\/\/havamall.vn\/wp-content\/uploads\/2018\/10\/4-150x77.png 150w, https:\/\/havamall.vn\/wp-content\/uploads\/2018\/10\/4-700x361.png 700w\" sizes=\"(max-width: 574px) 100vw, 574px\" \/>\u00a0 \u00a0 \u00a0 \u00a0 \u00a0 \u00a0 \u00a0 \u00a0 \u00a0 \u00a0 \u00a0 \u00a0 \u00a0 \u00a0 \u00a0 \u00a0 \u00a0 \u00a0 \u00a0 \u00a0 \u00a0 \u00a0 \u00a0 \u00a0 \u00a0 \u00a0 \u00a0 \u00a0 \u00a0 \u00a0 \u00a0 \u00a0 \u00a0 K\u1eb9o s\u00f4 c\u00f4 la Andes s\u1eefa<\/em><\/p>\n<p>K\u1eb9o chocolate Andes \u0111\u01b0\u1ee3c s\u1ea3n xu\u1ea5t theo c\u00f4ng ti\u00ean ti\u1ebfn, \u0111\u01b0\u1ee3c tuy\u1ec3n ch\u1ecdn nghi\u00eam ng\u1eb7t t\u1eeb nguy\u00ean li\u1ec7u cho \u0111\u1ebfn th\u00e0nh ph\u1ea9m n\u00ean s\u1ebd mang l\u1ea1i cho b\u1ea1n nh\u1eefng thanh k\u1eb9o chocolate nguy\u00ean ch\u1ea5t v\u00e0 \u0111\u1eadm v\u1ecb chocolate \u0111\u1eb7c tr\u01b0ng.<\/p>\n<p>B\u00ean c\u1ea1nh t\u00e1c d\u1ee5ng nh\u01b0 l\u00e0 m\u1ed9t m\u00f3n tr\u00e1ng mi\u1ec7ng, m\u00f3n \u0103n v\u1eb7t h\u00e0ng ng\u00e0y th\u00ec chocolate c\u00f2n l\u00e0 m\u1ed9t ngu\u1ed3n n\u0103ng l\u01b0\u1ee3ng d\u1ed3i d\u00e0o cho c\u01a1 th\u1ec3. Khi b\u1ea1n c\u1ea3m th\u1ea5y m\u1ec7t m\u1ecfi th\u00ec h\u00e3y \u0103n m\u1ed9t vi\u00ean Chocolate \u0111\u1ec3 tr\u00e0n \u0111\u1ea7y s\u1ee9c s\u1ed1ng, gi\u00fap tim m\u1ea1ch ho\u1ea1t \u0111\u1ed9ng \u1ed5n \u0111\u1ecbnh h\u01a1n v\u00e0 th\u1ed5i bay m\u1ecdi stress, gi\u00fap b\u1ea1n vui v\u1ebb, y\u00eau \u0111\u1eddi h\u01a1n r\u1ea5t nhi\u1ec1u l\u1ea7n.<\/p>\n<p>K\u1eb9o chocolate Andes d\u01b0\u1edbi d\u1ea1ng thanh r\u1ea5t ti\u1ec7n l\u1ee3i n\u00ean r\u1ea5t thu\u1eadn ti\u1ec7n trong vi\u1ec7c s\u1eed d\u1ee5ng, \u0111\u00e2y s\u1ebd l\u00e0 m\u00f3n qu\u00e0 r\u1ea5t ng\u1ecdt ng\u00e0o \u0111\u1ec3 d\u00e0nh t\u1eb7ng cho nh\u1eefng ng\u01b0\u1eddi m\u00e0 b\u1ea1n th\u00e2n y\u00eau nh\u1ea5t.<\/p>\n<p><strong><u>C\u00e1ch d\u00f9ng:<\/u><\/strong><\/p>\n<p>B\u00f3c l\u1edbp v\u1ecf v\u00e0 th\u01b0\u1edfng th\u1ee9c.<\/p>\n<p>D\u00f9ng chung v\u1edbi tr\u00e0 v\u00e0 c\u00e0 ph\u00ea n\u00f3ng \u0111\u1ec3 t\u0103ng m\u00f9i v\u1ecb.<\/p>\n<p><strong><u>Th\u00e0nh ph\u1ea7n s\u1ea3n ph\u1ea9m:<\/u><\/strong><\/p>\n<p>Chocolate nguy\u00ean ch\u1ea5t, kh\u00f4ng ch\u1ee9a b\u1ea5t k\u1ef3 ch\u1ea5t b\u1ea3o qu\u1ea3n n\u00e0o.<\/p>\n<p><strong><u>H\u01b0\u1edbng d\u1eabn b\u1ea3o qu\u1ea3n:<\/u><\/strong><\/p>\n<p>N\u00ean \u0111\u1ec3 trong ng\u0103n m\u00e1t t\u1ee7 l\u1ea1nh \u0111\u1ec3 Chocolate kh\u00f4ng b\u1ecb tan ch\u1ea3y.<\/p>\n<p>\u0110\u1eady k\u00edn sau khi s\u1eed d\u1ee5ng, tr\u00e1nh \u0111\u1ec3 n\u01a1i c\u00f3 nhi\u1ec7t \u0111\u1ed9 cao.<\/p>\n<p>&nbsp;<\/p>","protected":false},"excerpt":{"rendered":"<p>&#8211; Kh\u00f4ng ch\u1ee9a h\u00f3a ch\u1ea5t, ch\u1ea5t b\u1ea3o qu\u1ea3n \u0111\u1ed9c h\u1ea1i<\/p>\n<p>&#8211; H\u01b0\u01a1ng v\u1ecb ng\u1ecdt ng\u00e0o truy\u1ec1n th\u1ed1ng, ph\u00f9 h\u1ee3p v\u1edbi m\u1ecdi l\u1ee9a tu\u1ed5i<\/p>\n<p>&#8211; Nhi\u1ec1u c\u00f4ng d\u1ee5ng t\u1ed1t cho s\u1ee9c kh\u1ecfe<\/p>\n<p>&#8211; S\u1ea3n ph\u1ea9m \u0111\u1ea1t ti\u00eau chu\u1ea9n ch\u1ea5t l\u01b0\u1ee3ng M\u1ef9<\/p>\n<p>&nbsp;<\/p>\n<p>&nbsp;<\/p>","protected":false},"featured_media":12915,"comment_status":"open","ping_status":"closed","template":"","meta":[],"product_brand":[],"product_cat":[36,133,143],"product_tag":[],"class_list":{"0":"post-12914","1":"product","2":"type-product","3":"status-publish","4":"has-post-thumbnail","6":"product_cat-thuc-pham-tieu-dung","7":"product_cat-banh-keo-chocolate","8":"product_cat-thuc-pham-dong-hop","9":"pa_brand-andes","11":"first","12":"outofstock","13":"sale","14":"shipping-taxable","15":"purchasable","16":"product-type-simple"},"_links":{"self":[{"href":"https:\/\/havamall.vn\/en\/wp-json\/wp\/v2\/product\/12914"}],"collection":[{"href":"https:\/\/havamall.vn\/en\/wp-json\/wp\/v2\/product"}],"about":[{"href":"https:\/\/havamall.vn\/en\/wp-json\/wp\/v2\/types\/product"}],"replies":[{"embeddable":true,"href":"https:\/\/havamall.vn\/en\/wp-json\/wp\/v2\/comments?post=12914"}],"version-history":[{"count":0,"href":"https:\/\/havamall.vn\/en\/wp-json\/wp\/v2\/product\/12914\/revisions"}],"wp:featuredmedia":[{"embeddable":true,"href":"https:\/\/havamall.vn\/en\/wp-json\/wp\/v2\/media\/12915"}],"wp:attachment":[{"href":"https:\/\/havamall.vn\/en\/wp-json\/wp\/v2\/media?parent=12914"}],"wp:term":[{"taxonomy":"product_brand","embeddable":true,"href":"https:\/\/havamall.vn\/en\/wp-json\/wp\/v2\/product_brand?post=12914"},{"taxonomy":"product_cat","embeddable":true,"href":"https:\/\/havamall.vn\/en\/wp-json\/wp\/v2\/product_cat?post=12914"},{"taxonomy":"product_tag","embeddable":true,"href":"https:\/\/havamall.vn\/en\/wp-json\/wp\/v2\/product_tag?post=12914"}],"curies":[{"name":"wp","href":"https:\/\/api.w.org\/{rel}","templated":true}]}}