{"id":12895,"date":"2019-12-03T13:16:41","date_gmt":"2019-12-03T06:16:41","guid":{"rendered":"https:\/\/havamall.vn\/?post_type=product&#038;p=12895"},"modified":"2021-06-05T11:58:47","modified_gmt":"2021-06-05T04:58:47","slug":"snack-quay-gao-truyen-thong-goi-110gr","status":"publish","type":"product","link":"https:\/\/havamall.vn\/en\/shop\/snack-quay-gao-truyen-thong-goi-110gr\/","title":{"rendered":"Snack Qu\u1ea9y G\u1ea1o Truy\u1ec1n Th\u1ed1ng g\u00f3i 110gr"},"content":{"rendered":"<p>Snack qu\u1ea9y \u1ed1ng g\u1ea1o truy\u1ec1n th\u1ed1ng\u00a0Selco Food\u00a0l\u00e0 s\u1ea3n ph\u1ea9m \u0111\u01b0\u1ee3c nh\u1eadp kh\u1ea9u tr\u1ef1c ti\u1ebfp t\u1eeb H\u00e0n Qu\u1ed1c. S\u1ea3n ph\u1ea9m\u00a0\u0111\u01b0\u1ee3c ch\u1ecdn l\u1ecdc t\u1eeb nh\u1eefng nguy\u00ean li\u1ec7u nh\u01b0: b\u1ed9t m\u00ec, g\u1ea1o, d\u1ea7u c\u1ecd, siro\u2026 c\u00f9ng qu\u00e1 tr\u00ecnh s\u1ea3n xu\u1ea5t khoa h\u1ecdc, hi\u1ec7n \u0111\u1ea1i v\u00e0 kh\u00e9p k\u00edn, cho ra \u0111\u1eddi nh\u1eefng mi\u1ebfng snack th\u01a1m ngon, h\u1ea5p d\u1eabn. Khi th\u01b0\u1edfng th\u1ee9c t\u1eebng mi\u1ebfng snack gi\u00f2n tan b\u1ea1n s\u1ebd c\u1ea3m nh\u1eadn \u0111\u01b0\u1ee3c h\u01b0\u01a1ng v\u1ecb qu\u1ea9y \u1ed1ng g\u1ea1o truy\u1ec1n th\u1ed1ng c\u1ee7a \u1ea9m th\u1ef1c H\u00e0n Qu\u1ed1c.\u00a0S\u1ea3n ph\u1ea9m\u00a0\u0111\u01b0\u1ee3c \u0111\u00f3ng g\u00f3i r\u1ea5t ti\u1ec7n l\u1ee3i khi s\u1eed d\u1ee5ng v\u00e0o b\u1ea3o qu\u1ea3n, b\u1ea1n c\u00f3 th\u1ec3 mang theo s\u1ea3n ph\u1ea9m trong nh\u1eefng chuy\u1ebfn du l\u1ecbch, d\u00e3 ngo\u1ea1i&#8230; \u0111\u1ec3 c\u00f9ng chia s\u1ebb v\u1edbi ng\u01b0\u1eddi th\u00e2n v\u00e0 b\u1ea1n b\u00e8.\u00a0Snack qu\u1ea9y \u1ed1ng g\u1ea1o truy\u1ec1n th\u1ed1ng Selco Food\u00a0l\u00e0 l\u1ef1a ch\u1ecdn h\u00e0ng \u0111\u1ea7u cho nh\u1eefng cu\u1ed9c vui, khi m\u1ecdi ng\u01b0\u1eddi qu\u00e2y qu\u1ea7n b\u00ean nhau, tr\u00f2 chuy\u1ec7n, vui ch\u01a1i v\u00e0 th\u01b0\u1edfng th\u1ee9c nh\u1eefng mi\u1ebfng b\u00e1nh gi\u00f2n tan r\u1ea5t th\u00fa v\u1ecb.<\/p>\n<p><img fetchpriority=\"high\" decoding=\"async\" class=\"wp-image-12898 aligncenter\" src=\"https:\/\/havamall.vn\/wp-content\/uploads\/2019\/12\/d20a998273689a370818da5c7f94111a-300x300.jpg\" alt=\"\" width=\"412\" height=\"412\" srcset=\"https:\/\/havamall.vn\/wp-content\/uploads\/2019\/12\/d20a998273689a370818da5c7f94111a-300x300.jpg 300w, https:\/\/havamall.vn\/wp-content\/uploads\/2019\/12\/d20a998273689a370818da5c7f94111a-430x430.jpg 430w, https:\/\/havamall.vn\/wp-content\/uploads\/2019\/12\/d20a998273689a370818da5c7f94111a-150x150.jpg 150w, https:\/\/havamall.vn\/wp-content\/uploads\/2019\/12\/d20a998273689a370818da5c7f94111a-700x700.jpg 700w, https:\/\/havamall.vn\/wp-content\/uploads\/2019\/12\/d20a998273689a370818da5c7f94111a-768x768.jpg 768w, https:\/\/havamall.vn\/wp-content\/uploads\/2019\/12\/d20a998273689a370818da5c7f94111a-600x600.jpg 600w, https:\/\/havamall.vn\/wp-content\/uploads\/2019\/12\/d20a998273689a370818da5c7f94111a-100x100.jpg 100w, https:\/\/havamall.vn\/wp-content\/uploads\/2019\/12\/d20a998273689a370818da5c7f94111a.jpg 960w\" sizes=\"(max-width: 412px) 100vw, 412px\" \/><\/p>\n<p><strong>&#8211; Th\u00e0nh ph\u1ea7n:\u00a0<\/strong>B\u1ed9t m\u00ec, g\u1ea1o, d\u1ea7u c\u1ecd, siro..<\/p>\n<p><strong>&#8211; \u0110\u1eb7c \u0111i\u1ec3m n\u1ed5i b\u1eadt:\u00a0<\/strong>Qu\u1ea9y ng\u1ecdt h\u00e0n qu\u1ed1c<\/p>\n<p>&#8211; B\u1ea3o qu\u1ea3n: n\u01a1i kh\u00f4 r\u00e1o tho\u00e1ng m\u00e1t v\u00e0 tr\u00e1nh \u00e1nh n\u1eafng m\u1eb7t tr\u1eddi<\/p>\n<p>&#8211; \u0110\u00f3ng g\u00f3i: 110g\/g\u00f3i<\/p>\n<p>&#8211; S\u1eed d\u1ee5ng: \u0103n tr\u1ef1c ti\u1ebfp nh\u01b0 m\u1ed9t m\u00f3n snack<\/p>\n<p>&#8211; H\u1ea1n s\u1eed d\u1ee5ng: xem tr\u00ean bao b\u00ec s\u1ea3n ph\u1ea9m<\/p>\n<p>&nbsp;<\/p>\n<p>&nbsp;<\/p>\n<p>&nbsp;<\/p>\n<p>&nbsp;<\/p>\n<p>&nbsp;<\/p>\n<p>&nbsp;<\/p>","protected":false},"excerpt":{"rendered":"<p>Nh\u1eefng mi\u1ebfng snack th\u01a1m ngon h\u00ecnh \u1ed1ng g\u1ea1o, v\u1ecb ng\u1ecdt, th\u01a1m ngon, h\u1ea5p d\u1eabn. Khi th\u01b0\u1edfng th\u1ee9c t\u1eebng mi\u1ebfng snack gi\u00f2n tan b\u1ea1n s\u1ebd c\u1ea3m nh\u1eadn \u0111\u01b0\u1ee3c h\u01b0\u01a1ng v\u1ecb c\u1ee7a m\u00f3n b\u00e1nh g\u1ea1o cay toppoki n\u1ed5i ti\u1ebfng c\u1ee7a H\u00e0n Qu\u1ed1c.\u00a0S\u1ea3n ph\u1ea9m\u00a0\u0111\u01b0\u1ee3c \u0111\u00f3ng g\u00f3i r\u1ea5t ti\u1ec7n l\u1ee3i khi s\u1eed d\u1ee5ng v\u00e0o b\u1ea3o qu\u1ea3n, b\u1ea1n c\u00f3 th\u1ec3 mang theo s\u1ea3n ph\u1ea9m trong nh\u1eefng chuy\u1ebfn du l\u1ecbch, d\u00e3 ngo\u1ea1i&#8230; \u0111\u1ec3 c\u00f9ng chia s\u1ebb v\u1edbi ng\u01b0\u1eddi th\u00e2n v\u00e0 b\u1ea1n b\u00e8.\u00a0Snack qu\u1ea9y Toppoki cay ng\u1ecdt l\u00e0 l\u1ef1a ch\u1ecdn h\u00e0ng \u0111\u1ea7u cho nh\u1eefng cu\u1ed9c vui, khi m\u1ecdi ng\u01b0\u1eddi qu\u00e2y qu\u1ea7n b\u00ean nhau, tr\u00f2 chuy\u1ec7n, vui ch\u01a1i v\u00e0 th\u01b0\u1edfng th\u1ee9c nh\u1eefng mi\u1ebfng b\u00e1nh gi\u00f2n tan r\u1ea5t th\u00fa v\u1ecb.<\/p>\n<p>&nbsp;<\/p>","protected":false},"featured_media":12896,"comment_status":"open","ping_status":"closed","template":"","meta":[],"product_brand":[],"product_cat":[626],"product_tag":[],"class_list":{"0":"post-12895","1":"product","2":"type-product","3":"status-publish","4":"has-post-thumbnail","6":"product_cat-het-hang","8":"first","9":"outofstock","10":"sale","11":"shipping-taxable","12":"purchasable","13":"product-type-simple"},"_links":{"self":[{"href":"https:\/\/havamall.vn\/en\/wp-json\/wp\/v2\/product\/12895"}],"collection":[{"href":"https:\/\/havamall.vn\/en\/wp-json\/wp\/v2\/product"}],"about":[{"href":"https:\/\/havamall.vn\/en\/wp-json\/wp\/v2\/types\/product"}],"replies":[{"embeddable":true,"href":"https:\/\/havamall.vn\/en\/wp-json\/wp\/v2\/comments?post=12895"}],"version-history":[{"count":0,"href":"https:\/\/havamall.vn\/en\/wp-json\/wp\/v2\/product\/12895\/revisions"}],"wp:featuredmedia":[{"embeddable":true,"href":"https:\/\/havamall.vn\/en\/wp-json\/wp\/v2\/media\/12896"}],"wp:attachment":[{"href":"https:\/\/havamall.vn\/en\/wp-json\/wp\/v2\/media?parent=12895"}],"wp:term":[{"taxonomy":"product_brand","embeddable":true,"href":"https:\/\/havamall.vn\/en\/wp-json\/wp\/v2\/product_brand?post=12895"},{"taxonomy":"product_cat","embeddable":true,"href":"https:\/\/havamall.vn\/en\/wp-json\/wp\/v2\/product_cat?post=12895"},{"taxonomy":"product_tag","embeddable":true,"href":"https:\/\/havamall.vn\/en\/wp-json\/wp\/v2\/product_tag?post=12895"}],"curies":[{"name":"wp","href":"https:\/\/api.w.org\/{rel}","templated":true}]}}