{"id":12892,"date":"2019-12-03T10:52:37","date_gmt":"2019-12-03T03:52:37","guid":{"rendered":"https:\/\/havamall.vn\/?post_type=product&#038;p=12892"},"modified":"2021-06-24T15:36:22","modified_gmt":"2021-06-24T08:36:22","slug":"sinh-to-golden-farm-viet-quat-chai-1000ml","status":"publish","type":"product","link":"https:\/\/havamall.vn\/en\/shop\/sinh-to-golden-farm-viet-quat-chai-1000ml\/","title":{"rendered":"Sinh T\u1ed1 Golden Farm Vi\u1ec7t Qu\u1ea5t chai 1000ml"},"content":{"rendered":"<p>Tr\u00e1i vi\u1ec7t qu\u1ea5t \u0111\u1ebfn t\u1eeb B\u1eafc M\u1ef9 xa x\u00f4i mang v\u1ecb chua d\u1ecbu nh\u1eb9, qu\u1ea3 l\u1ea1i c\u00f3 m\u00f9i th\u01a1m, k\u00edch th\u00edch c\u1ea3 v\u1ecb gi\u00e1c l\u1eabn kh\u1ee9u gi\u00e1c. N\u1ebfu b\u1ea1n l\u00e0 ng\u01b0\u1eddi \u0111am m\u00ea m\u00f9i v\u1ecb \u0111\u1eb7c tr\u01b0ng c\u1ee7a lo\u1ea1i tr\u00e1i c\u00e2y n\u00e0y th\u00ec s\u1ea3n ph\u1ea9m Sinh t\u1ed1 Vi\u1ec7t Qu\u1ea5t golden farm 1 l\u00edt gi\u00fap b\u1ea1n mang h\u01b0\u01a1ng v\u1ecb \u1ea5y \u0111\u1ebfn v\u1edbi c\u00e1c lo\u1ea1i m\u00f3n \u0103n, \u0111\u1ed3 u\u1ed1ng cho gia \u0111\u00ecnh c\u1ee7a m\u00ecnh.<\/p>\n<p><strong>\u0110\u1eb7c \u0111i\u1ec3m n\u1ed5i b\u1eadt c\u1ee7a s\u1ea3n ph\u1ea9m<\/strong><\/p>\n<p>S\u1ea3n ph\u1ea9m thu\u1ed9c c\u00f4ng ty Golden Farm \u2013 n\u01a1i chuy\u00ean s\u1ea3n xu\u1ea5t c\u00e1c lo\u1ea1i th\u1ef1c ph\u1ea9m qu\u1ed1c t\u1ebf v\u1edbi ti\u00eau ch\u00ed \u201cAn to\u00e0n, b\u1ed5 d\u01b0\u1ee1ng, ti\u1ec7n l\u1ee3i\u201d. Sinh t\u1ed1 vi\u1ec7t qu\u1ea5t Golden Farm nguy\u00ean ch\u1ea5t 500ml \u0111\u01b0\u1ee3c s\u1ea3n xu\u1ea5t tr\u00ean d\u00e2y chuy\u1ec1n c\u00f4ng ngh\u1ec7 hi\u1ec7n \u0111\u1ea1i \u0111\u01b0\u1ee3c ch\u1ee9ng nh\u1eadn v\u1edbi ti\u00eau chu\u1ea9n VSATTP Qu\u1ed1c t\u1ebf ISO 2000:2005, \u0111\u1ea3m b\u1ea3o mang \u0111\u1ebfn cho ng\u01b0\u1eddi ti\u00eau d\u00f9ng m\u1ed9t s\u1ea3n ph\u1ea9m ch\u1ea5t l\u01b0\u1ee3ng nh\u1ea5t.<\/p>\n<p><img fetchpriority=\"high\" decoding=\"async\" class=\"wp-image-12894 aligncenter\" src=\"https:\/\/havamall.vn\/wp-content\/uploads\/2019\/12\/blueberry-smoothie-11-200x300.jpg\" alt=\"\" width=\"416\" height=\"624\" srcset=\"https:\/\/havamall.vn\/wp-content\/uploads\/2019\/12\/blueberry-smoothie-11-200x300.jpg 200w, https:\/\/havamall.vn\/wp-content\/uploads\/2019\/12\/blueberry-smoothie-11-430x645.jpg 430w, https:\/\/havamall.vn\/wp-content\/uploads\/2019\/12\/blueberry-smoothie-11-150x225.jpg 150w, https:\/\/havamall.vn\/wp-content\/uploads\/2019\/12\/blueberry-smoothie-11-600x900.jpg 600w, https:\/\/havamall.vn\/wp-content\/uploads\/2019\/12\/blueberry-smoothie-11.jpg 680w\" sizes=\"(max-width: 416px) 100vw, 416px\" \/><\/p>\n<p>&nbsp;<\/p>\n<p><strong>Th\u00f4ng tin chi ti\u1ebft:<\/strong><\/p>\n<p>\u2013 Xu\u1ea5t x\u1ee9: Golden Farm Vi\u1ec7t Nam<\/p>\n<p>\u2013 Th\u1ec3 t\u00edch: 1000ml<\/p>\n<p>\u2013 Th\u00e0nh ph\u1ea7n: Tr\u00e1i vi\u1ec7t qu\u1ea5t (50%), \u0111\u01b0\u1eddng m\u00eda, siro b\u1eafp, n\u01b0\u1edbc, h\u01b0\u01a1ng vi\u1ec7t qu\u1ea5t t\u1ed5ng h\u1ee3p,\u2026.<\/p>\n<p>\u2013 C\u00f4ng d\u1ee5ng: d\u00f9ng l\u00e0m sinh t\u1ed1, n\u01b0\u1edbc tr\u00e1i c\u00e2y, trang tr\u00ed b\u00e1nh kem l\u1edbp ph\u1ee7, l\u00e0m b\u00e1nh\u2026<\/p>\n<p>\u2013 HSD: 2 n\u0103m k\u1ec3 t\u1eeb ng\u00e0y s\u1ea3n xu\u1ea5t<\/p>\n<p>&nbsp;<\/p>\n<p>&nbsp;<\/p>","protected":false},"excerpt":{"rendered":"<p>Sinh T\u1ed1 Golden Farm l\u00e0 s\u1ea3n ph\u1ea9m v\u00f4 c\u00f9ng ti\u1ec7n l\u1ee3i gi\u00fap b\u1ea1n t\u1ea1o ra c\u00e1c m\u00f3n \u0103n, \u0111\u1ed3 u\u1ed1ng mang h\u01b0\u01a1ng v\u1ecb tr\u00e1i c\u00e2y th\u01a1m ngon m\u1ed9t c\u00e1ch \u0111\u01a1n gi\u1ea3n v\u00e0 d\u1ec5 d\u00e0ng. Sinh t\u1ed1 tr\u00e1i c\u00e2y Golden Farm \u0111\u01b0\u1ee3c s\u1eed d\u1ee5ng v\u1edbi nhi\u1ec1u c\u00f4ng d\u1ee5ng kh\u00e1c nhau. C\u00f3 th\u1ec3 d\u00f9ng l\u00e0m nguy\u00ean li\u1ec7u cho c\u00e1c m\u00f3n \u0111\u00e1 xay, trang tr\u00ed b\u00e1nh kem, l\u00e0m rau c\u00e2u ho\u1eb7c l\u00e0m nh\u00e2n b\u00e1nh.<\/p>\n<p>&nbsp;<\/p>","protected":false},"featured_media":12893,"comment_status":"open","ping_status":"closed","template":"","meta":[],"product_brand":[],"product_cat":[36,143],"product_tag":[],"class_list":{"0":"post-12892","1":"product","2":"type-product","3":"status-publish","4":"has-post-thumbnail","6":"product_cat-thuc-pham-tieu-dung","7":"product_cat-thuc-pham-dong-hop","9":"first","10":"outofstock","11":"sale","12":"shipping-taxable","13":"purchasable","14":"product-type-simple"},"_links":{"self":[{"href":"https:\/\/havamall.vn\/en\/wp-json\/wp\/v2\/product\/12892"}],"collection":[{"href":"https:\/\/havamall.vn\/en\/wp-json\/wp\/v2\/product"}],"about":[{"href":"https:\/\/havamall.vn\/en\/wp-json\/wp\/v2\/types\/product"}],"replies":[{"embeddable":true,"href":"https:\/\/havamall.vn\/en\/wp-json\/wp\/v2\/comments?post=12892"}],"version-history":[{"count":0,"href":"https:\/\/havamall.vn\/en\/wp-json\/wp\/v2\/product\/12892\/revisions"}],"wp:featuredmedia":[{"embeddable":true,"href":"https:\/\/havamall.vn\/en\/wp-json\/wp\/v2\/media\/12893"}],"wp:attachment":[{"href":"https:\/\/havamall.vn\/en\/wp-json\/wp\/v2\/media?parent=12892"}],"wp:term":[{"taxonomy":"product_brand","embeddable":true,"href":"https:\/\/havamall.vn\/en\/wp-json\/wp\/v2\/product_brand?post=12892"},{"taxonomy":"product_cat","embeddable":true,"href":"https:\/\/havamall.vn\/en\/wp-json\/wp\/v2\/product_cat?post=12892"},{"taxonomy":"product_tag","embeddable":true,"href":"https:\/\/havamall.vn\/en\/wp-json\/wp\/v2\/product_tag?post=12892"}],"curies":[{"name":"wp","href":"https:\/\/api.w.org\/{rel}","templated":true}]}}