{"id":12860,"date":"2019-11-29T13:29:12","date_gmt":"2019-11-29T06:29:12","guid":{"rendered":"https:\/\/havamall.vn\/?post_type=product&#038;p=12860"},"modified":"2021-06-08T17:50:46","modified_gmt":"2021-06-08T10:50:46","slug":"tra-sua-thach-thao-moc-suong-sao-duong-den-209gr","status":"publish","type":"product","link":"https:\/\/havamall.vn\/en\/shop\/tra-sua-thach-thao-moc-suong-sao-duong-den-209gr\/","title":{"rendered":"Tr\u00e0 S\u1eefa Th\u1ea1ch Th\u1ea3o M\u1ed9c S\u01b0\u01a1ng S\u00e1o \u0110\u01b0\u1eddng \u0110en 209gr"},"content":{"rendered":"<p>Tr\u00e0 s\u1eefa th\u1ea1ch th\u1ea3o m\u1ed9c s\u01b0\u01a1ng s\u00e1o SUNITY &#8211; si\u00eau ph\u1ea9m gi\u1ea3i nhi\u1ec7t c\u1ef1c t\u1ed1t cho ng\u00e0y h\u00e8 n\u00f3ng b\u1ee9c<br \/>\nTr\u00e0 s\u1eefa k\u1ebft h\u1ee3p th\u1ea1ch s\u01b0\u01a1ng s\u00e1o, ly gi\u1ea5y u\u1ed1ng li\u1ec1n ti\u1ec7n l\u1ee3i, th\u1ebf h\u1ec7 m\u1edbi l\u1ea7n \u0111\u1ea7u ti\u00ean c\u00f3 m\u1eb7t t\u1ea1i Vi\u1ec7t Nam.<br \/>\nPhi\u00ean b\u1ea3n th\u1ea1ch th\u1ea3o m\u1ed9c (cao quy linh) n\u00e2ng c\u1ea5p, mix c\u00f9ng c\u00e1c v\u1ecb tr\u00e0 s\u1eefa c\u1ef1c ngon: matcha, \u0111\u01b0\u1eddng \u0111en, hongkong style. \u0110\u00f3ng c\u1ed1c gi\u1ea5y ti\u1ec7n l\u1ee3i, pha ch\u1ebf d\u1ec5 d\u00e0ng, ch\u1ec9 c\u1ea7n c\u00e1c b\u01b0\u1edbc \u0111\u01a1n gi\u1ea3n, \u0111\u00e3 c\u00f3 ngay th\u1ee9c u\u1ed1ng \u201cTr\u00e0 s\u1eefa &#8211; th\u1ea3o m\u1ed9c\u201d th\u01a1m ngon, t\u1ed1t cho s\u1ee9c kho\u1ebb, thanh nhi\u1ec7t cho ng\u00e0y h\u00e8 n\u00f3ng b\u1ee9c. T\u00e1c d\u1ee5ng: Thanh nhi\u1ec7t, gi\u1ea3i \u0111\u1ed9c, tr\u1ecb m\u1ee5n, t\u1ed1t cho da. Bao b\u00ec kh\u00e1c nhau tu\u1ef3 \u0111\u1ee3t nh\u1eadp h\u00e0ng.<\/p>\n<p><img fetchpriority=\"high\" decoding=\"async\" class=\"wp-image-12856 aligncenter\" src=\"https:\/\/havamall.vn\/wp-content\/uploads\/2019\/11\/8842915bb2a06c4d71fb18c99f00d1df-300x288.jpg\" alt=\"\" width=\"428\" height=\"411\" srcset=\"https:\/\/havamall.vn\/wp-content\/uploads\/2019\/11\/8842915bb2a06c4d71fb18c99f00d1df-300x288.jpg 300w, https:\/\/havamall.vn\/wp-content\/uploads\/2019\/11\/8842915bb2a06c4d71fb18c99f00d1df-430x413.jpg 430w, https:\/\/havamall.vn\/wp-content\/uploads\/2019\/11\/8842915bb2a06c4d71fb18c99f00d1df-150x144.jpg 150w, https:\/\/havamall.vn\/wp-content\/uploads\/2019\/11\/8842915bb2a06c4d71fb18c99f00d1df-700x672.jpg 700w, https:\/\/havamall.vn\/wp-content\/uploads\/2019\/11\/8842915bb2a06c4d71fb18c99f00d1df-600x576.jpg 600w, https:\/\/havamall.vn\/wp-content\/uploads\/2019\/11\/8842915bb2a06c4d71fb18c99f00d1df.jpg 750w\" sizes=\"(max-width: 428px) 100vw, 428px\" \/><br \/>\nThanh nhi\u1ec7t gi\u1ea3i \u0111\u1ed9c, gi\u1eef g\u00ecn v\u00f3c d\u00e1ng. V\u1edbi ch\u1ea5t li\u1ec7u c\u1ed1c gi\u1ea5y th\u00e2n thi\u1ec7n v\u1edbi m\u00f4i tr\u01b0\u1eddng, d\u1ec5 s\u1eed d\u1ee5ng, ch\u1ec9 c\u1ea7n c\u00e1c b\u01b0\u1edbc \u0111\u01a1n gi\u1ea3n l\u00e0 c\u00f3 ngay th\u1ee9c u\u1ed1ng &#8221; Tr\u00e0 s\u1eefa s\u01b0\u01a1ng s\u00e1o th\u1ea3o m\u1ed9c &#8220;, th\u01a1m ngon b\u1ed5 d\u01b0\u1ee1ng t\u1ed1t cho s\u1ee9c kh\u1ecfe, thanh nhi\u1ec7t cho ng\u00e0y h\u00e8 n\u00f3ng b\u1ee9c.<\/p>\n<p><img decoding=\"async\" class=\"wp-image-12857 aligncenter\" src=\"https:\/\/havamall.vn\/wp-content\/uploads\/2019\/11\/68784779_406186346683544_6319204011529556225_n-283x300.jpg\" alt=\"\" width=\"433\" height=\"460\" srcset=\"https:\/\/havamall.vn\/wp-content\/uploads\/2019\/11\/68784779_406186346683544_6319204011529556225_n-283x300.jpg 283w, https:\/\/havamall.vn\/wp-content\/uploads\/2019\/11\/68784779_406186346683544_6319204011529556225_n-430x456.jpg 430w, https:\/\/havamall.vn\/wp-content\/uploads\/2019\/11\/68784779_406186346683544_6319204011529556225_n-150x159.jpg 150w, https:\/\/havamall.vn\/wp-content\/uploads\/2019\/11\/68784779_406186346683544_6319204011529556225_n-700x742.jpg 700w, https:\/\/havamall.vn\/wp-content\/uploads\/2019\/11\/68784779_406186346683544_6319204011529556225_n-768x814.jpg 768w, https:\/\/havamall.vn\/wp-content\/uploads\/2019\/11\/68784779_406186346683544_6319204011529556225_n-966x1024.jpg 966w, https:\/\/havamall.vn\/wp-content\/uploads\/2019\/11\/68784779_406186346683544_6319204011529556225_n-1200x1273.jpg 1200w, https:\/\/havamall.vn\/wp-content\/uploads\/2019\/11\/68784779_406186346683544_6319204011529556225_n-600x636.jpg 600w, https:\/\/havamall.vn\/wp-content\/uploads\/2019\/11\/68784779_406186346683544_6319204011529556225_n.jpg 1440w\" sizes=\"(max-width: 433px) 100vw, 433px\" \/><br \/>\nV\u1edbi 3 h\u01b0\u01a1ng v\u1ecb \u0111\u1ed9c \u0111\u00e1o:<br \/>\n+ Th\u1ea1ch th\u1ea3o m\u1ed9c s\u01b0\u01a1ng s\u00e1o v\u1ecb Matcha<br \/>\n+ Th\u1ea1ch th\u1ea3o m\u1ed9c s\u01b0\u01a1ng s\u00e1o v\u1ecb \u0110\u01b0\u1eddng \u0110en<br \/>\n+ Th\u1ea1ch th\u1ea3o m\u1ed9c s\u01b0\u01a1ng s\u00e1o Hongkong style<\/p>\n<p><img decoding=\"async\" class=\"wp-image-12861 aligncenter\" src=\"https:\/\/havamall.vn\/wp-content\/uploads\/2019\/11\/duong_den_f3738a358f134a0a92d060db2bca4e5c_master-300x300.jpg\" alt=\"\" width=\"436\" height=\"436\" srcset=\"https:\/\/havamall.vn\/wp-content\/uploads\/2019\/11\/duong_den_f3738a358f134a0a92d060db2bca4e5c_master-300x300.jpg 300w, https:\/\/havamall.vn\/wp-content\/uploads\/2019\/11\/duong_den_f3738a358f134a0a92d060db2bca4e5c_master-430x430.jpg 430w, https:\/\/havamall.vn\/wp-content\/uploads\/2019\/11\/duong_den_f3738a358f134a0a92d060db2bca4e5c_master-150x150.jpg 150w, https:\/\/havamall.vn\/wp-content\/uploads\/2019\/11\/duong_den_f3738a358f134a0a92d060db2bca4e5c_master-600x600.jpg 600w, https:\/\/havamall.vn\/wp-content\/uploads\/2019\/11\/duong_den_f3738a358f134a0a92d060db2bca4e5c_master-100x100.jpg 100w, https:\/\/havamall.vn\/wp-content\/uploads\/2019\/11\/duong_den_f3738a358f134a0a92d060db2bca4e5c_master.jpg 636w\" sizes=\"(max-width: 436px) 100vw, 436px\" \/><br \/>\nC\u00e1c th\u00e0nh ph\u1ea7n bao g\u1ed3m:<br \/>\n1. C\u1ed1c gi\u1ea5y ch\u1ecbu \u0111\u01b0\u1ee3c nhi\u1ec7t, \u0111\u1ea3m b\u1ea3o v\u1ec7 sinh an to\u00e0n th\u1ef1c ph\u1ea9m, th\u00e2n thi\u1ec7n v\u1edbi m\u00f4i tr\u01b0\u1eddng.<br \/>\n2. \u1ed0ng h\u00fat PP ch\u1ecbu nhi\u1ec7t.<br \/>\n3. S\u01b0\u01a1ng s\u00e1o v\u1edbi c\u00f4ng th\u1ee9c \u0111\u1eb7c bi\u1ec7t, th\u1ea1ch dai gi\u00f2n, ngon mi\u1ec7ng t\u00e1c d\u1ee5ng thanh \u0111\u1ed9c gi\u1ea3i nhi\u1ec7t.<br \/>\n4. G\u00f3i b\u1ed9t pha tr\u00e0 h\u00f2a tan \u0111\u1eadm \u0111\u00e0: v\u1ecb matcha, \u0111\u01b0\u1eddng \u0111en, hongkong style.<br \/>\n5. \u0110\u1eadu \u0111\u1ecf b\u00f9i th\u01a1m v\u00e0 b\u1ed5 d\u01b0\u1ee1ng.<br \/>\n6. S\u1eefa: Th\u01a1m v\u00e0 b\u00e9o ng\u1eady.<br \/>\n7. Siro \u0111\u01b0\u1eddng v\u1edbi c\u00f4ng th\u1ee9c \u0111\u1eb7c ch\u1ebf.<br \/>\nXu\u1ea5t x\u1ee9: \u0110\u00e0i Loan<br \/>\nNg\u00e0y s\u1ea3n xu\u1ea5t: In tr\u00ean bao b\u00ec s\u1ea3n ph\u1ea9m<br \/>\nH\u1ea1n s\u1eed d\u1ee5ng: 9 th\u00e1ng k\u1ec3 t\u1eeb ng\u00e0y s\u1ea3n xu\u1ea5t.<\/p>","protected":false},"excerpt":{"rendered":"<p>Tr\u00e0 s\u1eefa th\u1ea1ch th\u1ea3o m\u1ed9c s\u01b0\u01a1ng s\u00e1o SUNITY &#8211; si\u00eau ph\u1ea9m gi\u1ea3i nhi\u1ec7t c\u1ef1c t\u1ed1t cho ng\u00e0y h\u00e8 n\u00f3ng b\u1ee9c<\/p>","protected":false},"featured_media":12862,"comment_status":"open","ping_status":"closed","template":"","meta":[],"product_brand":[],"product_cat":[626],"product_tag":[],"class_list":{"0":"post-12860","1":"product","2":"type-product","3":"status-publish","4":"has-post-thumbnail","6":"product_cat-het-hang","8":"first","9":"outofstock","10":"sale","11":"shipping-taxable","12":"purchasable","13":"product-type-simple"},"_links":{"self":[{"href":"https:\/\/havamall.vn\/en\/wp-json\/wp\/v2\/product\/12860"}],"collection":[{"href":"https:\/\/havamall.vn\/en\/wp-json\/wp\/v2\/product"}],"about":[{"href":"https:\/\/havamall.vn\/en\/wp-json\/wp\/v2\/types\/product"}],"replies":[{"embeddable":true,"href":"https:\/\/havamall.vn\/en\/wp-json\/wp\/v2\/comments?post=12860"}],"version-history":[{"count":0,"href":"https:\/\/havamall.vn\/en\/wp-json\/wp\/v2\/product\/12860\/revisions"}],"wp:featuredmedia":[{"embeddable":true,"href":"https:\/\/havamall.vn\/en\/wp-json\/wp\/v2\/media\/12862"}],"wp:attachment":[{"href":"https:\/\/havamall.vn\/en\/wp-json\/wp\/v2\/media?parent=12860"}],"wp:term":[{"taxonomy":"product_brand","embeddable":true,"href":"https:\/\/havamall.vn\/en\/wp-json\/wp\/v2\/product_brand?post=12860"},{"taxonomy":"product_cat","embeddable":true,"href":"https:\/\/havamall.vn\/en\/wp-json\/wp\/v2\/product_cat?post=12860"},{"taxonomy":"product_tag","embeddable":true,"href":"https:\/\/havamall.vn\/en\/wp-json\/wp\/v2\/product_tag?post=12860"}],"curies":[{"name":"wp","href":"https:\/\/api.w.org\/{rel}","templated":true}]}}