{"id":12839,"date":"2019-11-28T16:30:34","date_gmt":"2019-11-28T09:30:34","guid":{"rendered":"https:\/\/havamall.vn\/?post_type=product&#038;p=12839"},"modified":"2021-06-05T11:49:03","modified_gmt":"2021-06-05T04:49:03","slug":"qua-nam-viet-quat-kho-hop-250g-dried-cranberries","status":"publish","type":"product","link":"https:\/\/havamall.vn\/en\/shop\/qua-nam-viet-quat-kho-hop-250g-dried-cranberries\/","title":{"rendered":"Qu\u1ea3 Nam Vi\u1ec7t Qu\u1ea5t kh\u00f4 h\u1ed9p 250g &#8211; Dried Cranberries"},"content":{"rendered":"<p><strong>Nam vi\u1ec7t qu\u1ea5t<\/strong>\u00a0(ti\u1ebfng h\u00e1n vi\u1ec7t l\u00e0 Vi\u1ec7t qu\u1ea5t leo, ti\u1ebfng anh l\u00e0 Cranberry), \u00a0l\u00e0 lo\u00e0i c\u00e2y b\u1ee5i th\u1ea5p m\u1ecdc xanh quanh n\u0103m, ngo\u00e0i ra c\u00f3 th\u1ec3 m\u1ecdc theo d\u1ea1ng d\u00e2y leo b\u00f2 tr\u00ean \u0111\u1ea5t. Nam vi\u1ec7t qu\u1ea5t th\u01b0\u1eddng m\u1ecdc d\u1ea1i \u1edf c\u00e1c v\u00f9ng \u0111\u1ea7m l\u1ea7y ph\u00e2n h\u00f3a \u1edf mi\u1ec1n B\u1eafc b\u00e1n c\u1ea7u.<\/p>\n<p>Nam vi\u1ec7t qu\u1ea5t tuy c\u00f9ng h\u1ecd v\u1edbi tr\u00e1i vi\u1ec7t qu\u1ea5t nh\u01b0ng l\u1ea1i nh\u1ecf h\u01a1n c\u00e2y vi\u1ec7t qu\u1ea5t b\u1ee5i m\u1ecdc th\u1ea5p ngo\u00e0i ra nam vi\u1ec7t qu\u1ea5t t\u01b0\u01a1i chua h\u01a1n tr\u00e1i vi\u1ec7t qu\u1ea5t v\u00e0 c\u00f3 tr\u00e1i m\u00e0u \u0111\u1ecf khi ch\u00edn. Qu\u1ea3 nam vi\u1ec7t qu\u1ea5t c\u00f3 th\u1ec3 \u0111\u01b0\u1ee3c \u0103n t\u01b0\u01a1i ho\u1eb7c l\u00e0m m\u1ee9t, l\u00e0m m\u00f3n hoa qu\u1ea3 nghi\u1ec1n v\u00e0 kem, n\u01b0\u1edbc \u00e9p qu\u1ea3 hay b\u00e1nh h\u1ea5p. Trong c\u00e1c m\u00f3n \u0103n Ph\u00e1p v\u00e0 \u00dd, ch\u00fang \u0111\u01b0\u1ee3c d\u00f9ng l\u00e0m r\u01b0\u1ee3u m\u00f9i hay kem tr\u00e1i c\u00e2y v\u00e0 d\u00f9ng trong c\u00e1c m\u00f3n tr\u00e1ng mi\u1ec7ng kh\u00e1c.<\/p>\n<p><img fetchpriority=\"high\" decoding=\"async\" class=\"wp-image-12842 aligncenter\" src=\"https:\/\/havamall.vn\/wp-content\/uploads\/2019\/11\/81-uZF0CM4L._SL1500_-300x300.jpg\" alt=\"\" width=\"487\" height=\"487\" srcset=\"https:\/\/havamall.vn\/wp-content\/uploads\/2019\/11\/81-uZF0CM4L._SL1500_-300x300.jpg 300w, https:\/\/havamall.vn\/wp-content\/uploads\/2019\/11\/81-uZF0CM4L._SL1500_-430x430.jpg 430w, https:\/\/havamall.vn\/wp-content\/uploads\/2019\/11\/81-uZF0CM4L._SL1500_-150x150.jpg 150w, https:\/\/havamall.vn\/wp-content\/uploads\/2019\/11\/81-uZF0CM4L._SL1500_-700x700.jpg 700w, https:\/\/havamall.vn\/wp-content\/uploads\/2019\/11\/81-uZF0CM4L._SL1500_-768x768.jpg 768w, https:\/\/havamall.vn\/wp-content\/uploads\/2019\/11\/81-uZF0CM4L._SL1500_-1024x1024.jpg 1024w, https:\/\/havamall.vn\/wp-content\/uploads\/2019\/11\/81-uZF0CM4L._SL1500_-1200x1200.jpg 1200w, https:\/\/havamall.vn\/wp-content\/uploads\/2019\/11\/81-uZF0CM4L._SL1500_-600x600.jpg 600w, https:\/\/havamall.vn\/wp-content\/uploads\/2019\/11\/81-uZF0CM4L._SL1500_-100x100.jpg 100w, https:\/\/havamall.vn\/wp-content\/uploads\/2019\/11\/81-uZF0CM4L._SL1500_.jpg 1500w\" sizes=\"(max-width: 487px) 100vw, 487px\" \/><\/p>\n<p><strong>Nh\u1eefng l\u1ee3i \u00edch s\u1ee9c kh\u1ecfe c\u1ee7a Nam vi\u1ec7t qu\u1ea5t:<\/strong><\/p>\n<ol>\n<li>L\u00e0 m\u1ed9t li\u1ec1u thu\u1ed1c h\u1ea1n ch\u1ebf s\u1ef1 nhi\u1ec5m tr\u00f9ng \u0111\u01b0\u1eddng ti\u1ebft ni\u1ec7u b\u1eb1ng c\u00e1ch ng\u0103n ch\u1eb7n vi khu\u1ea9n b\u00e1m v\u00e0o ni\u00eam m\u1ea1c c\u1ee7a \u0111\u01b0\u1eddng ti\u1ebft ni\u1ec7u.<\/li>\n<li>G\u1ea7n \u0111\u00e2y lo\u1ea1i tr\u00e1i c\u00e2y n\u00e0y c\u00f2n \u0111\u01b0\u1ee3c ph\u00e1t hi\u1ec7n c\u00f3 c\u00e1c thu\u1ed9c t\u00ednh gi\u00fap gi\u1ea3m vi khu\u1ea9n b\u00e1m d\u00ednh v\u00e0o r\u0103ng mi\u1ec7ng, l\u00e0m gi\u1ea3m s\u1ef1 h\u00ecnh th\u00e0nh c\u00e1c m\u1ea3ng b\u00e1m tr\u00ean r\u0103ng, ph\u00f2ng tr\u00e1nh s\u00e2u r\u0103ng v\u00e0 c\u00e1c b\u1ec7nh r\u0103ng mi\u1ec7ng t\u1ed1i \u01b0u.<\/li>\n<li>C\u00e1c h\u1ee3p ch\u1ea5t trong tr\u00e1i nam vi\u1ec7t qu\u1ea5t c\u00f2n h\u1ea1n ch\u1ebf m\u1ed9t s\u1ed1 vi khu\u1ea9n c\u00f3 h\u1ea1i g\u00e2y b\u1ec7nh \u0111\u1ec3 kh\u00f4ng cho ch\u00fang d\u00ednh v\u00e0o ni\u00eam m\u1ea1c d\u1ea1 d\u00e0y, t\u1eeb \u0111\u00f3 gi\u00fap ng\u0103n ng\u1eeba vi\u00eam lo\u00e9t d\u1ea1 d\u00e0y.<\/li>\n<li>N\u00f3 c\u0169ng \u0111\u01b0\u1ee3c coi l\u00e0 m\u1ed9t lo\u1ea1i\u00a0th\u1ef1c ph\u1ea9m\u00a0tuy\u1ec7t v\u1eddi cho s\u1ee9c kh\u1ecfe t\u1ed1t v\u00ec ch\u1ee9a phenol &#8211; m\u1ed9t ch\u1ed1ng oxy h\u00f3a m\u1ea1nh m\u1ebd, gi\u00fap ch\u1ed1ng l\u1ea1i c\u00e1c t\u1ebf b\u00e0o g\u1ed1c t\u1ef1 do trong c\u01a1 th\u1ec3. Theo nghi\u00ean c\u1ee9u \u0111\u00e3 c\u00f4ng b\u1ed1 th\u00ec nam vi\u1ec7t qu\u1ea5t c\u00f3 ch\u1ee9a ch\u1ea5t phenol nhi\u1ec1u h\u01a1n h\u1eb3n 20 lo\u1ea1i tr\u00e1i c\u00e2y ph\u1ed5 bi\u1ebfn b\u1ea1n th\u01b0\u1eddng \u0103n.<img decoding=\"async\" class=\"wp-image-12843 aligncenter\" src=\"https:\/\/havamall.vn\/wp-content\/uploads\/2019\/11\/120028196-close-up-selective-focus-dried-cranberries-in-a-glass-jar-on-a-white-background-300x281.jpg\" alt=\"\" width=\"503\" height=\"471\" srcset=\"https:\/\/havamall.vn\/wp-content\/uploads\/2019\/11\/120028196-close-up-selective-focus-dried-cranberries-in-a-glass-jar-on-a-white-background-300x281.jpg 300w, https:\/\/havamall.vn\/wp-content\/uploads\/2019\/11\/120028196-close-up-selective-focus-dried-cranberries-in-a-glass-jar-on-a-white-background-430x402.jpg 430w, https:\/\/havamall.vn\/wp-content\/uploads\/2019\/11\/120028196-close-up-selective-focus-dried-cranberries-in-a-glass-jar-on-a-white-background-150x140.jpg 150w, https:\/\/havamall.vn\/wp-content\/uploads\/2019\/11\/120028196-close-up-selective-focus-dried-cranberries-in-a-glass-jar-on-a-white-background-700x655.jpg 700w, https:\/\/havamall.vn\/wp-content\/uploads\/2019\/11\/120028196-close-up-selective-focus-dried-cranberries-in-a-glass-jar-on-a-white-background-768x718.jpg 768w, https:\/\/havamall.vn\/wp-content\/uploads\/2019\/11\/120028196-close-up-selective-focus-dried-cranberries-in-a-glass-jar-on-a-white-background-1024x958.jpg 1024w, https:\/\/havamall.vn\/wp-content\/uploads\/2019\/11\/120028196-close-up-selective-focus-dried-cranberries-in-a-glass-jar-on-a-white-background-600x561.jpg 600w, https:\/\/havamall.vn\/wp-content\/uploads\/2019\/11\/120028196-close-up-selective-focus-dried-cranberries-in-a-glass-jar-on-a-white-background.jpg 1112w\" sizes=\"(max-width: 503px) 100vw, 503px\" \/><\/li>\n<li>C\u00e1c nh\u00e0 nghi\u00ean c\u1ee9u c\u00f2n tin r\u1eb1ng c\u00e1c h\u1ee3p ch\u1ea5t phenol hay c\u00f2n \u0111\u01b0\u1ee3c g\u1ecdi l\u00e0 flavonoid c\u00f2n c\u00f3 t\u00e1c d\u1ee5ng gi\u00fap gi\u1ea3m nguy c\u01a1 m\u1eafc b\u1ec7nh tim m\u1ea1ch, t\u01b0\u01a1ng t\u1ef1 hi\u1ec7u qu\u1ea3 nh\u01b0 r\u01b0\u1ee3u vang \u0111\u1ecf. \u0110i\u1ec1u n\u00e0y s\u1ebd khi\u1ebfn s\u1ee9c kh\u1ecfe tim m\u1ea1ch c\u1ee7a b\u1ea1n \u0111\u01b0\u1ee3c c\u1ea3i thi\u1ec7n r\u00f5 r\u1ec7t.<\/li>\n<li>Flavonoids c\u00f3 trong nam vi\u1ec7t qu\u1ea5t l\u00e0 m\u1ed9t ch\u1ea5t ch\u1ed1ng \u00f4 xy h\u00f3a m\u1ea1nh m\u1ebd v\u00e0 khi k\u1ebft h\u1ee3p v\u1edbi c\u00e1c ch\u1ea5t kh\u00e1c n\u00f3 c\u0169ng c\u00f3 th\u1ec3 \u0111\u00f3ng m\u1ed9t vai tr\u00f2 quan tr\u1ecdng trong vi\u1ec7c l\u00e0m gi\u1ea3m nguy c\u01a1 m\u1eafc\u00a0m\u1ed9t s\u1ed1 lo\u1ea1i b\u1ec7nh ung th\u01b0 \u1edf con ng\u01b0\u1eddi.<\/li>\n<li>Ngo\u00e0i ra, tr\u00e1i nam vi\u1ec7t qu\u1ea5t c\u0169ng \u0111\u01b0\u1ee3c coi nh\u01b0 m\u1ed9t &#8220;ch\u1ebf ph\u1ea9m sinh h\u1ecdc&#8221; t\u1ef1 nhi\u00ean v\u00ec n\u00f3 cho ph\u00e9p c\u00e1c vi khu\u1ea9n c\u00f3 l\u1ee3i trong \u0111\u01b0\u1eddng ru\u1ed9t ph\u00e1t tri\u1ec3n m\u1ea1nh, trong khi l\u1ea1i gi\u1ebft ch\u1ebft c\u00e1c vi khu\u1ea9n c\u00f3 h\u1ea1i lu\u00f4n th\u00fac \u0111\u1ea9y nhi\u1ec5m tr\u00f9ng v\u00e0 c\u00e1c b\u1ec7nh truy\u1ec1n qua\u00a0th\u1ef1c ph\u1ea9m\u00a0\u1edf con ng\u01b0\u1eddi.<\/li>\n<li>Tr\u00e1i nam vi\u1ec7t qu\u1ea5t c\u00f3 kho\u1ea3ng 80% n\u01b0\u1edbc, 10% tinh b\u1ed9t v\u00e0 10% c\u00e1c h\u1ee3p ch\u1ea5t h\u1eefu c\u01a1 kh\u00e1c. Ch\u00fang ch\u1ee9a 3 axit quan tr\u1ecdng l\u00e0: quinic, malic v\u00e0 citric. \u0110\u00e2y l\u00e0 nh\u1eefng axit m\u00e0 t\u1eeb l\u00e2u \u0111\u01b0\u1ee3c cho l\u00e0 li\u1ec1u thu\u1ed1c gi\u00fap h\u1ea1n ch\u1ebf s\u1ef1 nhi\u1ec5m tr\u00f9ng\u00a0\u0111\u01b0\u1eddng ti\u1ebft ni\u1ec7u.<\/li>\n<li>Nhi\u1ec1u nghi\u00ean c\u1ee9u kh\u1eb3ng \u0111\u1ecbnh nam vi\u1ec7t qu\u1ea5t c\u00f2n l\u00e0 li\u1ec1u thu\u1ed1c h\u1eefu hi\u1ec7u \u0111\u1ec3 h\u1ea1n ch\u1ebf nguy c\u01a1 b\u1ecb\u00a0ung th\u01b0, \u0111\u1ed9t qu\u1ef5, nhi\u1ec5m virus, b\u1ec7nh tim v\u00e0 b\u1ec7nh nhi\u1ec5m tr\u00f9ng men.<\/li>\n<li>Theo m\u1ed9t s\u1ed1 nghi\u00ean c\u1ee9u s\u01a1 b\u1ed9 c\u00f2n cho hay vi\u1ec7c ch\u0103m ch\u1ec9 u\u1ed1ng n\u01b0\u1edbc \u00e9p nam vi\u1ec7t qu\u1ea5t m\u1ed7i ng\u00e0y c\u00f3 th\u1ec3 l\u00e0m t\u0103ng m\u1ee9c \u0111\u1ed9 cholesterol HDL (cholesterol t\u1ed1t) v\u00e0 gi\u1ea3m m\u1ee9c \u0111\u1ed9 cholesterol LDL(cholesterol x\u1ea5u)<br \/>\n<strong><br \/>\nTH\u00c0NH PH\u1ea6N:<\/strong>\u00a0Nam vi\u1ec7t qu\u1ea5t, \u0110\u01b0\u1eddng m\u00eda, D\u1ea7u h\u01b0\u1edbng d\u01b0\u01a1ng<br \/>\n<strong>HDSD<\/strong>: D\u00f9ng \u0103n tr\u1ef1c ti\u1ebfp ho\u1eb7c d\u00f9ng l\u00e0m nguy\u00ean li\u1ec7u ch\u1ebf bi\u1ebfn<br \/>\n<strong>HSD<\/strong>: 12 th\u00e1ng<br \/>\n<strong>Xu\u1ea5t x\u1ee9<\/strong>: M\u1ef9, s\u1ea3n ph\u1ea9m c\u1ee7a c\u00f4ng ty Meduri Farms Inc..<\/li>\n<\/ol>\n<p>&nbsp;<\/p>\n<p>&nbsp;<\/p>\n<p>&nbsp;<\/p>\n<p>&nbsp;<\/p>","protected":false},"excerpt":{"rendered":"<p>Qu\u1ea3 nam vi\u1ec7t qu\u1ea5t ch\u1eefa \u0111\u01b0\u1ee3c nhi\u1ec1u b\u1ec7nh t\u1eadt nguy hi\u1ec3m do n\u00f3 c\u00f3 ch\u1ee9a ch\u1ea5t ch\u1ed1ng \u00f4xy h\u00f3a cao h\u01a1n h\u1eb3n c\u00e1c lo\u1ea1i qu\u1ea3 kh\u00e1c nh\u1edd m\u1ee9c \u0111\u1ed9 anthocyanins (m\u1ed9t trong nh\u1eefng ch\u1ea5t ch\u1ed1ng oxy h\u00f3a m\u1ea1nh nh\u1ea5t) cao.<\/p>\n<p>&nbsp;<\/p>","protected":false},"featured_media":12864,"comment_status":"open","ping_status":"closed","template":"","meta":[],"product_brand":[],"product_cat":[626],"product_tag":[],"class_list":{"0":"post-12839","1":"product","2":"type-product","3":"status-publish","4":"has-post-thumbnail","6":"product_cat-het-hang","8":"first","9":"outofstock","10":"sale","11":"shipping-taxable","12":"purchasable","13":"product-type-simple"},"_links":{"self":[{"href":"https:\/\/havamall.vn\/en\/wp-json\/wp\/v2\/product\/12839"}],"collection":[{"href":"https:\/\/havamall.vn\/en\/wp-json\/wp\/v2\/product"}],"about":[{"href":"https:\/\/havamall.vn\/en\/wp-json\/wp\/v2\/types\/product"}],"replies":[{"embeddable":true,"href":"https:\/\/havamall.vn\/en\/wp-json\/wp\/v2\/comments?post=12839"}],"version-history":[{"count":0,"href":"https:\/\/havamall.vn\/en\/wp-json\/wp\/v2\/product\/12839\/revisions"}],"wp:featuredmedia":[{"embeddable":true,"href":"https:\/\/havamall.vn\/en\/wp-json\/wp\/v2\/media\/12864"}],"wp:attachment":[{"href":"https:\/\/havamall.vn\/en\/wp-json\/wp\/v2\/media?parent=12839"}],"wp:term":[{"taxonomy":"product_brand","embeddable":true,"href":"https:\/\/havamall.vn\/en\/wp-json\/wp\/v2\/product_brand?post=12839"},{"taxonomy":"product_cat","embeddable":true,"href":"https:\/\/havamall.vn\/en\/wp-json\/wp\/v2\/product_cat?post=12839"},{"taxonomy":"product_tag","embeddable":true,"href":"https:\/\/havamall.vn\/en\/wp-json\/wp\/v2\/product_tag?post=12839"}],"curies":[{"name":"wp","href":"https:\/\/api.w.org\/{rel}","templated":true}]}}