{"id":12828,"date":"2019-11-28T15:53:47","date_gmt":"2019-11-28T08:53:47","guid":{"rendered":"https:\/\/havamall.vn\/?post_type=product&#038;p=12828"},"modified":"2021-06-05T11:48:44","modified_gmt":"2021-06-05T04:48:44","slug":"qua-viet-quat-say-kho-250g-dried-blueberries","status":"publish","type":"product","link":"https:\/\/havamall.vn\/en\/shop\/qua-viet-quat-say-kho-250g-dried-blueberries\/","title":{"rendered":"Qu\u1ea3 Vi\u1ec7t Qu\u1ea5t S\u1ea5y Kh\u00f4 250g- Dried Blueberries"},"content":{"rendered":"<p>Qu\u1ea3 Vi\u1ec7t Qu\u1ea5t\u00a0hay c\u00f2n g\u1ecdi l\u00e0 Blueberry l\u00e0 m\u1ed9t lo\u1ea1i qu\u1ea3 c\u00f3 r\u1ea5t nhi\u1ec1u c\u00f4ng d\u1ee5ng. Qu\u1ea3 Vi\u1ec7t Qu\u1ea5t c\u00f3 nhi\u1ec1u ch\u1ea5t b\u1ed5 d\u01b0\u1ee1ng gi\u00fap ch\u1ed1ng l\u1ea1i b\u1ec7nh ti\u1ec3u \u0111\u01b0\u1eddng, b\u1ec7nh tim m\u1ea1ch, gi\u1ea3m cholesterol v\u00e0 nh\u1ea5t l\u00e0 hi\u1ec7n t\u01b0\u1ee3ng l\u00e3o h\u00f3a c\u1ee7a c\u00e1c t\u1ebf b\u00e0o trong c\u01a1 th\u1ec3. \u0110\u00e2y c\u00f2n \u0111\u01b0\u1ee3c m\u1ec7nh danh l\u00e0 m\u1ed9t lo\u1ea1i qu\u1ea3 \u0111\u1ec3 ch\u1ebf thu\u1ed1c tr\u01b0\u1eddng sinh, mang l\u1ea1i tu\u1ed5i th\u1ecd l\u00fd t\u01b0\u1edfng cho con ng\u01b0\u1eddi .\u00a0Qu\u1ea3 Vi\u1ec7t Qu\u1ea5t l\u00e0 qu\u1ea3 c\u1ee7a m\u1ed9t lo\u1ea1i c\u00e2y b\u1ee5i thu\u1ed9c h\u1ecd Vaccinium, c\u0169ng gi\u1ed1ng nh\u01b0 nam Vi\u1ec7t Qu\u1ea5t , qu\u1ea3 Vi\u1ec7t Qu\u1ea5t c\u00f3 r\u1ea5t nhi\u1ec1u ch\u1ea5t c\u00f3 l\u1ee3i cho s\u1ee9c kh\u1ecfe v\u00e0 \u0111\u01b0\u1ee3c coi l\u00e0 ph\u01b0\u01a1ng thu\u1ed1c v\u00e0ng cho s\u1ee9c kh\u1ecfe.<\/p>\n<p><img fetchpriority=\"high\" decoding=\"async\" class=\"wp-image-12835 aligncenter\" src=\"https:\/\/havamall.vn\/wp-content\/uploads\/2019\/11\/Dried-Blueberry-Viet-Quat-Kho-002-300x179.jpg\" alt=\"\" width=\"541\" height=\"323\" srcset=\"https:\/\/havamall.vn\/wp-content\/uploads\/2019\/11\/Dried-Blueberry-Viet-Quat-Kho-002-300x179.jpg 300w, https:\/\/havamall.vn\/wp-content\/uploads\/2019\/11\/Dried-Blueberry-Viet-Quat-Kho-002-430x257.jpg 430w, https:\/\/havamall.vn\/wp-content\/uploads\/2019\/11\/Dried-Blueberry-Viet-Quat-Kho-002-150x90.jpg 150w, https:\/\/havamall.vn\/wp-content\/uploads\/2019\/11\/Dried-Blueberry-Viet-Quat-Kho-002-700x419.jpg 700w, https:\/\/havamall.vn\/wp-content\/uploads\/2019\/11\/Dried-Blueberry-Viet-Quat-Kho-002-768x459.jpg 768w, https:\/\/havamall.vn\/wp-content\/uploads\/2019\/11\/Dried-Blueberry-Viet-Quat-Kho-002-1024x613.jpg 1024w, https:\/\/havamall.vn\/wp-content\/uploads\/2019\/11\/Dried-Blueberry-Viet-Quat-Kho-002-600x359.jpg 600w, https:\/\/havamall.vn\/wp-content\/uploads\/2019\/11\/Dried-Blueberry-Viet-Quat-Kho-002.jpg 1170w\" sizes=\"(max-width: 541px) 100vw, 541px\" \/><\/p>\n<p>Qu\u1ea3 Vi\u1ec7t Qu\u1ea5t l\u00e0 lo\u1ea1i qu\u1ea3 \u0111\u01b0\u1ee3c y\u00eau th\u00edch tr\u00ean to\u00e0n th\u1ebf gi\u1edbi kh\u00f4ng ch\u1ec9 v\u00ec ch\u00fang ngon m\u00e0 c\u00f2n b\u1edfi ch\u00fang cung c\u1ea5p nhi\u1ec1u l\u1ee3i \u00edch s\u1ee9c kh\u1ecfe cho con ng\u01b0\u1eddi. C\u00e1c cu\u1ed9c nghi\u00ean c\u1ee9u \u0111\u00e3 ch\u1ec9 ra r\u1eb1ng, qu\u1ea3\u00a0Vi\u1ec7t Qu\u1ea5t l\u00e0 lo\u1ea1i qu\u1ea3 t\u1ed1t nh\u1ea5t cho s\u1ee9c kh\u1ecfe con ng\u01b0\u1eddi.\u00a0Qu\u1ea3 Vi\u1ec7t Qu\u1ea5t r\u1ea5t nhi\u1ec1u ch\u1ea5t ch\u1ed1ng oxy h\u00f3a, t\u00e1c d\u1ee5ng c\u1ee7a qu\u1ea3 Vi\u1ec7t Qu\u1ea5t l\u00e0 duy tr\u00ec s\u1ee9c kh\u1ecfe t\u1ed5ng th\u1ec3 v\u00e0 h\u1ec7 th\u1ed1ng mi\u1ec5n d\u1ecbch.<\/p>\n<h4><strong>D\u01b0\u1edbi \u0111\u00e2y l\u00e0 m\u1ed9t s\u1ed1 l\u1ee3i \u00edch s\u1ee9c kh\u1ecfe \u0111\u00e3 \u0111\u01b0\u1ee3c ch\u1ee9ng minh c\u1ee7a qu\u1ea3 Vi\u1ec7t Qu\u1ea5t.<\/strong><\/h4>\n<h4><strong style=\"color: #333333;font-family: Arial, 'Times New Roman', 'Bitstream Charter', Times, serif;font-size: 16px\">1.Tr\u00e1i vi\u1ec7t qu\u1ea5t gi\u00fap h\u1ea1n ch\u1ebf c\u00e1c t\u00e1c h\u1ea1i do g\u1ed1c t\u1ef1 do g\u00e2y ra<\/strong><\/h4>\n<p>Tr\u00e1i vi\u1ec7t qu\u1ea5t c\u00f3 ch\u1ee9a anthocyanin. Lo\u1ea1i ch\u1ea5t n\u00e0y c\u00f3 t\u00e1c d\u1ee5ng l\u00e0m gi\u1ea3m nguy c\u01a1 m\u1eafc b\u1ec7nh ung th\u01b0 v\u00e0 c\u00e1c b\u1ec7nh li\u00ean quan \u0111\u1ebfn tu\u1ed5i.<\/p>\n<p><strong>2. Tr\u00e1i vi\u1ec7t qu\u1ea5t t\u1ed1t cho tr\u00ed nh\u1edb<\/strong><\/p>\n<p>Qu\u1ea3 Vi\u1ec7t Qu\u1ea5t l\u00e0 lo\u1ea1i th\u1ef1c ph\u1ea9m t\u1ed1t nh\u1ea5t d\u00e0nh cho b\u1ed9 n\u00e3o, v\u00ec ch\u00fang k\u00edch th\u00edch c\u00e1c t\u00edn hi\u1ec7u th\u1ea7n kinh c\u1ee7a n\u00e3o. Ch\u00fang gi\u00fap b\u1ed9 n\u00e3o ch\u1ed1ng l\u1ea1i stress oxy h\u00f3a v\u00e0 gi\u1ea3m c\u00e1c v\u1ea5n \u0111\u1ec1 v\u1ec1 tr\u00ed nh\u1edb li\u00ean quan \u0111\u1ebfn tu\u1ed5i t\u00e1c nh\u01b0 ch\u1ee9ng m\u1ea5t tr\u00ed v\u00e0 b\u1ec7nh alzheimer.<\/p>\n<p><strong>3. Tr\u00e1i vi\u1ec7t qu\u1ea5t t\u1ed1t cho \u0111\u00f4i m\u1eaft<\/strong><\/p>\n<p>C\u00e1c ch\u1ea5t dinh d\u01b0\u1ee1ng c\u00f3 ch\u1ee9a trong tr\u00e1i vi\u1ec7t qu\u1ea5t \u0111\u01b0\u1ee3c ch\u1ee9ng minh l\u00e0 c\u00f3 t\u00e1c d\u1ee5ng duy tr\u00ec v\u00e0 t\u0103ng c\u01b0\u1eddng th\u1ecb l\u1ef1c. Qu\u1ea3 Vi\u1ec7t Qu\u1ea5t l\u00e0 ngu\u1ed3n cung c\u1ea5p vitamin A tuy\u1ec7t v\u1eddi, m\u1ed9t lo\u1ea1i ch\u1ea5t dinh d\u01b0\u1ee1ng c\u1ea7n thi\u1ebft cho th\u1ecb l\u1ef1c.<\/p>\n<p><strong>4. Tr\u00e1i vi\u1ec7t qu\u1ea5t h\u1ed7 tr\u1ee3 trong vi\u1ec7c l\u00e0m gi\u1ea3m cholesterol x\u1ea5u<\/strong><\/p>\n<p>M\u1ed9t trong nh\u1eefng l\u1ee3i \u00edch s\u1ee9c kh\u1ecfe tuy\u1ec7t v\u1eddi c\u1ee7a qu\u1ea3 Vi\u1ec7t Qu\u1ea5t l\u00e0 h\u1ea1 cholesterol. M\u1ed9t nghi\u00ean c\u1ee9u g\u1ea7n \u0111\u00e2y cho th\u1ea5y, trong qu\u1ea3 Vi\u1ec7t Qu\u1ea5t c\u00f3 ch\u1ee9a m\u1ed9t h\u1ee3p ch\u1ea5t c\u00f3 t\u00e1c d\u1ee5ng nh\u01b0 c\u00e1c lo\u1ea1i thu\u1ed1c gi\u00fap gi\u1ea3m cholesterol m\u00e0 kh\u00f4ng c\u00f3 t\u00e1c d\u1ee5ng ph\u1ee5.<\/p>\n<p><strong>5. Tr\u00e1i vi\u1ec7t qu\u1ea5t t\u1ed1t cho tim m\u1ea1ch<\/strong><\/p>\n<p>Qu\u1ea3 Vi\u1ec7t Qu\u1ea5t c\u00f3 t\u00e1c d\u1ee5ng gi\u1eef cholesterol d\u01b0\u1edbi m\u1ee9c cho ph\u00e9p, do \u0111\u00f3 m\u00e0 ch\u00fang c\u00f3 t\u00e1c d\u1ee5ng c\u1ea3i thi\u1ec7n s\u1ee9c kh\u1ecfe tim m\u1ea1ch. S\u1ef1 hi\u1ec7n di\u1ec7n c\u1ee7a ch\u1ea5t ch\u1ed1ng oxy h\u00f3a v\u00e0 ch\u1ea5t x\u01a1 bi\u1ebfn lo\u1ea1i qu\u1ea3 n\u00e0y tr\u1edf th\u00e0nh lo\u1ea1i qu\u1ea3 c\u00e2y tuy\u1ec7t v\u1eddi trong vi\u1ec7c b\u1ea3o v\u1ec7 s\u1ee9c kh\u1ecfe c\u1ee7a tr\u00e1i tim.<\/p>\n<p><img decoding=\"async\" class=\"wp-image-12836 aligncenter\" src=\"https:\/\/havamall.vn\/wp-content\/uploads\/2019\/11\/blueberries-300x228.jpg\" alt=\"\" width=\"501\" height=\"381\" srcset=\"https:\/\/havamall.vn\/wp-content\/uploads\/2019\/11\/blueberries-300x228.jpg 300w, https:\/\/havamall.vn\/wp-content\/uploads\/2019\/11\/blueberries-430x327.jpg 430w, https:\/\/havamall.vn\/wp-content\/uploads\/2019\/11\/blueberries-150x114.jpg 150w, https:\/\/havamall.vn\/wp-content\/uploads\/2019\/11\/blueberries-700x532.jpg 700w, https:\/\/havamall.vn\/wp-content\/uploads\/2019\/11\/blueberries-768x584.jpg 768w, https:\/\/havamall.vn\/wp-content\/uploads\/2019\/11\/blueberries-1024x779.jpg 1024w, https:\/\/havamall.vn\/wp-content\/uploads\/2019\/11\/blueberries-600x456.jpg 600w, https:\/\/havamall.vn\/wp-content\/uploads\/2019\/11\/blueberries.jpg 1028w\" sizes=\"(max-width: 501px) 100vw, 501px\" \/><\/p>\n<p><strong>6. Tr\u00e1i vi\u1ec7t qu\u1ea5t l\u00e0m gi\u1ea3m nguy c\u01a1 b\u1ecb\u00a0\u00a0nhi\u1ec5m tr\u00f9ng \u0111\u01b0\u1eddng ti\u1ebft ni\u1ec7u<\/strong><\/p>\n<p>Trong cu\u1ed9c nghi\u00ean c\u1ee9u g\u1ea7n \u0111\u00e2y c\u1ee7a Trung t\u00e2m v\u1ec1 qu\u1ea3 nam Vi\u1ec7t Qu\u1ea5t v\u00e0 qu\u1ea3 Vi\u1ec7t Qu\u1ea5t cho bi\u1ebft, qu\u1ea3 Vi\u1ec7t Qu\u1ea5t c\u0169ng c\u00f3 ch\u1ee9a m\u1ed9t h\u1ee3p ch\u1ea5t t\u01b0\u01a1ng t\u1ef1 nh\u01b0 qu\u1ea3 nam Vi\u1ec7t Qu\u1ea5t gi\u00fap ng\u0103n ng\u1eeba v\u00e0 ch\u1eefa tr\u1ecb vi\u00eam \u0111\u01b0\u1eddng ti\u1ebft ni\u1ec7u<\/p>\n<p><strong>7. Tr\u00e1i vi\u1ec7t qu\u1ea5t t\u1ed1t cho h\u1ec7 ti\u00eau h\u00f3a<\/strong><\/p>\n<p>Qu\u1ea3 Vi\u1ec7t Qu\u1ea5t r\u1ea5t gi\u00e0u ch\u1ea5t x\u01a1, m\u1ed9t lo\u1ea1i ch\u1ea5t dinh d\u01b0\u1ee1ng gi\u00fap ng\u0103n ng\u1eeba t\u00e1o b\u00f3n. B\u00ean c\u1ea1nh \u0111\u00f3, kh\u1ea3 n\u0103ng \u0111\u1ed3ng h\u00f3a ch\u1ea5t natri, fructose v\u00e0 c\u00e1c vitamin trong qu\u1ea3 Vi\u1ec7t Qu\u1ea5t c\u00f3 t\u00e1c d\u1ee5ng r\u1ea5t l\u1edbn trong vi\u1ec7c c\u1ea3i thi\u1ec7n ti\u00eau h\u00f3a.<\/p>\n<p><strong><strong>8. Tr\u00e1i\u00a0<\/strong>vi\u1ec7t qu\u1ea5t t\u1ed1t cho ng\u01b0\u1eddi mu\u1ed1n gi\u1ea3m c\u00e2n<\/strong><\/p>\n<p>C\u00e1c nh\u00e0 nghi\u00ean c\u1ee9u c\u1ee7a \u0110\u1ea1i h\u1ecdc Michigan \u0111\u00e3 ch\u1ec9 ra r\u1eb1ng,\u00a0qu\u1ea3 Vi\u1ec7t Qu\u1ea5t\u00a0c\u00f3 t\u00e1c d\u1ee5ng gi\u1ea3m m\u1ee1 b\u1ee5ng. Nghi\u00ean c\u1ee9u \u0111\u01b0\u1ee3c ti\u1ebfn h\u00e0nh tr\u00ean chu\u1ed9t trong th\u1eddi h\u1ea1n 90 ng\u00e0y. C\u00e1c nh\u00e0 khoa h\u1ecdc \u0111\u00e3 t\u1ea1o ra m\u1ed9t h\u1ed7n h\u1ee3p b\u1ed9t trong \u0111\u00f3 th\u00e0nh ph\u1ea7n ch\u1ee7 y\u1ebfu l\u00e0 qu\u1ea3 Vi\u1ec7t Qu\u1ea5t v\u00e0 k\u1ebft qu\u1ea3 l\u00e0 nh\u1eefng con chu\u1ed9t n\u00e0y c\u00f3 \u00edt m\u1ee1 b\u1ee5ng h\u01a1n so v\u1edbi chu\u1ed9t kh\u00f4ng c\u00f3 qu\u1ea3 Vi\u1ec7t Qu\u1ea5t trong ch\u1ebf \u0111\u1ed9 \u0103n.<\/p>\n<p><a href=\"https:\/\/vipfood.vn\/\" target=\"_blank\" rel=\"noopener\">\u200b<\/a><strong>9. Tr\u00e1i vi\u1ec7t qu\u1ea5t c\u00f3 t\u00e1c d\u1ee5ng l\u00e0m ch\u1eadm qu\u00e1 tr\u00ecnh l\u00e3o h\u00f3a<\/strong><\/p>\n<p>Qu\u1ea3 Vi\u1ec7t Qu\u1ea5t \u0111\u00e3 \u0111\u01b0\u1ee3c ch\u1ee9ng minh c\u00f3 t\u00e1c d\u1ee5ng l\u00e0m ch\u1eadm qu\u00e1 tr\u00ecnh l\u00e3o h\u00f3a. C\u00e1c ch\u1ea5t ch\u1ed1ng oxy h\u00f3a v\u00e0 ch\u1ed1ng vi\u00eam c\u1ee7a q\u1ee7a Vi\u1ec7t Qu\u1ea5t c\u00f3 t\u00e1c d\u1ee5ng x\u00e2y d\u1ef1ng m\u1ed9t l\u1edbp b\u1ea3o v\u1ec7 xung quanh n\u00e3o \u0111\u1ec3 ch\u1ed1ng l\u1ea1i nh\u1eefng d\u1ea5u hi\u1ec7u c\u1ee7a l\u00e3o h\u00f3a v\u00e0 suy gi\u1ea3m.<\/p>\n<p><strong>10. Tr\u00e1i vi\u1ec7t qu\u1ea5t \u00a0t\u1ed1t cho h\u1ec7 th\u1ed1ng mi\u1ec5n d\u1ecbch<\/strong><\/p>\n<p>C\u00e1c\u00a0ch\u1ea5t ch\u1ed1ng oxy h\u00f3a\u00a0nh\u01b0\u00a0vitamin A, vitamin\u00a0B\u00a0ph\u1ee9c t\u1ea1p,\u00a0vitamin C,\u00a0vitamin\u00a0E, anthocyanin, \u0111\u1ed3ng, s\u1eaft, selen,\u00a0k\u1ebdm\u00a0ch\u1ee9a\u00a0trong\u00a0tr\u00e1i Vi\u1ec7t Qu\u1ea5t\u00a0gi\u00fap\u00a0t\u0103ng c\u01b0\u1eddng h\u1ec7 th\u1ed1ng\u00a0mi\u1ec5n d\u1ecbch. V\u00ec\u00a0v\u1eady\u00a0ch\u00fang gi\u00fap\u00a0c\u01a1 th\u1ec3 chi\u1ebfn\u00a0\u0111\u1ea5u\u00a0ch\u1ed1ng l\u1ea1i\u00a0c\u00e1c\u00a0b\u1ec7nh nhi\u1ec5m tr\u00f9ng\u00a0do virus\u00a0v\u00e0 vi khu\u1ea9n.<\/p>\n<p>&nbsp;<\/p>\n<p><strong>TH\u00c0NH PH\u1ea6N:<\/strong> Vi\u1ec7t qu\u1ea5t, \u0110\u01b0\u1eddng m\u00eda, D\u1ea7u h\u01b0\u1edbng d\u01b0\u01a1ng<\/p>\n<p><strong>HDSD<\/strong>: D\u00f9ng \u0103n tr\u1ef1c ti\u1ebfp ho\u1eb7c d\u00f9ng l\u00e0m nguy\u00ean li\u1ec7u ch\u1ebf bi\u1ebfn<\/p>\n<p><strong>HSD<\/strong>: 12 th\u00e1ng<\/p>\n<p><strong>Xu\u1ea5t x\u1ee9<\/strong>: M\u1ef9, s\u1ea3n ph\u1ea9m c\u1ee7a c\u00f4ng ty Meduri Farms Inc.<\/p>\n<p>&nbsp;<\/p>\n<p>&nbsp;<\/p>\n<p>&nbsp;<\/p>\n<p>&nbsp;<\/p>\n<p>&nbsp;<\/p>\n<p>&nbsp;<\/p>","protected":false},"excerpt":{"rendered":"<p>Qu\u1ea3 Vi\u1ec7t Qu\u1ea5t\u00a0hay c\u00f2n g\u1ecdi l\u00e0 Blueberry l\u00e0 m\u1ed9t lo\u1ea1i qu\u1ea3 c\u00f3 r\u1ea5t nhi\u1ec1u c\u00f4ng d\u1ee5ng. Qu\u1ea3 Vi\u1ec7t Qu\u1ea5t c\u00f3 nhi\u1ec1u ch\u1ea5t b\u1ed5 d\u01b0\u1ee1ng gi\u00fap ch\u1ed1ng l\u1ea1i b\u1ec7nh ti\u1ec3u \u0111\u01b0\u1eddng, b\u1ec7nh tim m\u1ea1ch, gi\u1ea3m cholesterol v\u00e0 nh\u1ea5t l\u00e0 hi\u1ec7n t\u01b0\u1ee3ng l\u00e3o h\u00f3a c\u1ee7a c\u00e1c t\u1ebf b\u00e0o trong c\u01a1 th\u1ec3. \u0110\u00e2y c\u00f2n \u0111\u01b0\u1ee3c m\u1ec7nh danh l\u00e0 m\u1ed9t lo\u1ea1i qu\u1ea3 \u0111\u1ec3 ch\u1ebf thu\u1ed1c tr\u01b0\u1eddng sinh, mang l\u1ea1i tu\u1ed5i th\u1ecd l\u00fd t\u01b0\u1edfng cho con ng\u01b0\u1eddi<\/p>\n<p>&nbsp;<\/p>","protected":false},"featured_media":12875,"comment_status":"open","ping_status":"closed","template":"","meta":[],"product_brand":[],"product_cat":[626],"product_tag":[],"class_list":{"0":"post-12828","1":"product","2":"type-product","3":"status-publish","4":"has-post-thumbnail","6":"product_cat-het-hang","8":"first","9":"outofstock","10":"sale","11":"shipping-taxable","12":"purchasable","13":"product-type-simple"},"_links":{"self":[{"href":"https:\/\/havamall.vn\/en\/wp-json\/wp\/v2\/product\/12828"}],"collection":[{"href":"https:\/\/havamall.vn\/en\/wp-json\/wp\/v2\/product"}],"about":[{"href":"https:\/\/havamall.vn\/en\/wp-json\/wp\/v2\/types\/product"}],"replies":[{"embeddable":true,"href":"https:\/\/havamall.vn\/en\/wp-json\/wp\/v2\/comments?post=12828"}],"version-history":[{"count":0,"href":"https:\/\/havamall.vn\/en\/wp-json\/wp\/v2\/product\/12828\/revisions"}],"wp:featuredmedia":[{"embeddable":true,"href":"https:\/\/havamall.vn\/en\/wp-json\/wp\/v2\/media\/12875"}],"wp:attachment":[{"href":"https:\/\/havamall.vn\/en\/wp-json\/wp\/v2\/media?parent=12828"}],"wp:term":[{"taxonomy":"product_brand","embeddable":true,"href":"https:\/\/havamall.vn\/en\/wp-json\/wp\/v2\/product_brand?post=12828"},{"taxonomy":"product_cat","embeddable":true,"href":"https:\/\/havamall.vn\/en\/wp-json\/wp\/v2\/product_cat?post=12828"},{"taxonomy":"product_tag","embeddable":true,"href":"https:\/\/havamall.vn\/en\/wp-json\/wp\/v2\/product_tag?post=12828"}],"curies":[{"name":"wp","href":"https:\/\/api.w.org\/{rel}","templated":true}]}}