{"id":12793,"date":"2019-11-27T16:06:39","date_gmt":"2019-11-27T09:06:39","guid":{"rendered":"https:\/\/havamall.vn\/?post_type=product&#038;p=12793"},"modified":"2021-06-05T11:28:54","modified_gmt":"2021-06-05T04:28:54","slug":"hong-say-deo-1-nang-han-quoc-300gr-semi-dried-persimmon","status":"publish","type":"product","link":"https:\/\/havamall.vn\/en\/shop\/hong-say-deo-1-nang-han-quoc-300gr-semi-dried-persimmon\/","title":{"rendered":"H\u1ed3ng S\u1ea5y D\u1ebbo 1 N\u1eafng H\u00e0n Qu\u1ed1c 300gr &#8211; Semi Dried Persimmon"},"content":{"rendered":"<h3><strong>Th\u00f4ng tin s\u1ea3n ph\u1ea9m<\/strong><\/h3>\n<p>H\u1ed3ng l\u00e0 lo\u1ea1i tr\u00e1i c\u00e2y r\u1ea5t ph\u1ed5 bi\u1ebfn \u1edf H\u00e0n Qu\u1ed1c v\u00e0 c\u00f2n l\u00e0 lo\u1ea1i qu\u1ea3 t\u01b0\u1ee3ng tr\u01b0ng cho m\u00f9a thu c\u1ee7a ng\u01b0\u1eddi H\u00e0n.<\/p>\n<p>Ngh\u1ec1 tr\u1ed3ng h\u1ed3ng ph\u00e1t tri\u1ec3n t\u1eadp trung \u1edf khu v\u1ef1c ph\u00eda Nam H\u00e0n Qu\u1ed1c. Hoa m\u00e0u da cam, n\u1edf v\u00e0o th\u00e1ng 5 v\u00e0 th\u00e1ng 6, tr\u00e1i ch\u00edn v\u00e0o th\u00e1ng 9 \u2013 10. \u1ede H\u00e0n Qu\u1ed1c, h\u1ed3ng l\u00e0 c\u00e2y \u0103n qu\u1ea3 \u0111\u01b0\u1ee3c tr\u1ed3ng \u1edf kh\u1eafp n\u01a1i: tr\u01b0\u1edbc hi\u00ean nh\u00e0, tr\u00ean \u0111\u01b0\u1eddng ph\u1ed1, trong ng\u00f5 nh\u1ecf, c\u00f4ng s\u1edf, c\u00f4ng vi\u00ean cho \u0111\u1ebfn nh\u1eefng ng\u00f4i \u0111\u1ec1n ch\u00f9a tr\u00ean n\u00fai.<\/p>\n<p><img fetchpriority=\"high\" decoding=\"async\" class=\"wp-image-12806 aligncenter\" src=\"https:\/\/havamall.vn\/wp-content\/uploads\/2019\/11\/picturemessage_r3pazxon.wgv_-300x226.png\" alt=\"\" width=\"545\" height=\"411\" srcset=\"https:\/\/havamall.vn\/wp-content\/uploads\/2019\/11\/picturemessage_r3pazxon.wgv_-300x226.png 300w, https:\/\/havamall.vn\/wp-content\/uploads\/2019\/11\/picturemessage_r3pazxon.wgv_-430x324.png 430w, https:\/\/havamall.vn\/wp-content\/uploads\/2019\/11\/picturemessage_r3pazxon.wgv_-150x113.png 150w, https:\/\/havamall.vn\/wp-content\/uploads\/2019\/11\/picturemessage_r3pazxon.wgv_-700x527.png 700w, https:\/\/havamall.vn\/wp-content\/uploads\/2019\/11\/picturemessage_r3pazxon.wgv_-768x579.png 768w, https:\/\/havamall.vn\/wp-content\/uploads\/2019\/11\/picturemessage_r3pazxon.wgv_-1024x771.png 1024w, https:\/\/havamall.vn\/wp-content\/uploads\/2019\/11\/picturemessage_r3pazxon.wgv_-600x452.png 600w, https:\/\/havamall.vn\/wp-content\/uploads\/2019\/11\/picturemessage_r3pazxon.wgv_.png 1115w\" sizes=\"(max-width: 545px) 100vw, 545px\" \/><\/p>\n<p>N\u01a1i s\u1ea3n xu\u1ea5t h\u1ed3ng d\u1ebbo nhi\u1ec1u nh\u1ea5t l\u00e0 \u1edf th\u00e0nh ph\u1ed1\u00a0Sangju, ph\u00eda B\u1eafc t\u1ec9nh Gyeongsang, n\u01a1i c\u00f3 \u0111i\u1ec1u ki\u1ec7n \u0111\u1ea5t tr\u1ed3ng gi\u00fap c\u00e2y h\u1ed3ng cho ch\u1ea5t l\u01b0\u1ee3ng t\u1ed1t nh\u1ea5t. Sangju l\u00e0 n\u01a1i s\u1ea3n xu\u1ea5t 70% l\u01b0\u1ee3ng h\u1ed3ng trong c\u1ea3 n\u01b0\u1edbc. \u0110\u1eb7c bi\u1ec7t \u1edf \u0111\u00e2y c\u00f3 nhi\u1ec1u lo\u1ea1i th\u1ef1c ph\u1ea9m ch\u1ebf bi\u1ebfn t\u1eeb c\u1ea3 l\u00e1 h\u1ed3ng v\u00e0 tr\u00e0 h\u1ed3ng. Qu\u1ea3 h\u1ed3ng d\u1ebbo kh\u00f4 c\u00f3 l\u01b0\u1ee3ng \u0111\u01b0\u1eddng t\u1ef1 nhi\u00ean cao, \u0103n m\u1ec1m v\u00e0 h\u01b0\u01a1ng v\u1ecb r\u1ea5t ng\u1ecdt ng\u00e0o.<\/p>\n<p>Quy tr\u00ecnh s\u1ea3n xu\u1ea5t h\u1ed3ng d\u1ebbo\u00a0H\u00e0n Qu\u1ed1c\u00a0r\u1ea5t k\u1ef3 c\u00f4ng. Tr\u01b0\u1edbc ti\u00ean, ng\u01b0\u1eddi ta h\u00e1i nh\u1eefng qu\u1ea3 h\u1ed3ng ch\u00edn v\u00e0 g\u1ecdt v\u1ecf. Sau \u0111\u00f3 treo cu\u1ed1ng l\u00ean s\u1ee3i d\u00e2y, ph\u01a1i kh\u00f4 t\u1ef1 nhi\u00ean b\u1eb1ng \u00e1nh n\u1eafng m\u1eb7t tr\u1eddi. Trung b\u00ecnh c\u1ea7n 45 ng\u00e0y \u0111\u1ec3 \u0111\u1ea1t \u0111\u1ebfn \u0111\u1ed9 kh\u00f4 c\u1ea7n thi\u1ebft. Qu\u1ea3 h\u1ed3ng sau \u0111\u00f3 ti\u1ebfp t\u1ee5c \u0111\u01b0\u1ee3c l\u00e0m kh\u00f4 b\u1eb1ng c\u00e1ch cho ti\u1ebfp x\u00fac v\u1edbi nhi\u1ec7t \u0111\u1ed9 trong v\u00f2ng v\u00e0i ng\u00e0y tr\u01b0\u1edbc khi l\u00ean \u0111\u01b0\u1eddng xu\u1ea5t kh\u1ea9u.<\/p>\n<p><img decoding=\"async\" class=\"wp-image-12805 aligncenter\" src=\"https:\/\/havamall.vn\/wp-content\/uploads\/2019\/11\/FYI_Page_2_Image_0002_54-300x218.jpg\" alt=\"\" width=\"546\" height=\"396\" srcset=\"https:\/\/havamall.vn\/wp-content\/uploads\/2019\/11\/FYI_Page_2_Image_0002_54-300x218.jpg 300w, https:\/\/havamall.vn\/wp-content\/uploads\/2019\/11\/FYI_Page_2_Image_0002_54-430x312.jpg 430w, https:\/\/havamall.vn\/wp-content\/uploads\/2019\/11\/FYI_Page_2_Image_0002_54-150x109.jpg 150w, https:\/\/havamall.vn\/wp-content\/uploads\/2019\/11\/FYI_Page_2_Image_0002_54-700x508.jpg 700w, https:\/\/havamall.vn\/wp-content\/uploads\/2019\/11\/FYI_Page_2_Image_0002_54-768x557.jpg 768w, https:\/\/havamall.vn\/wp-content\/uploads\/2019\/11\/FYI_Page_2_Image_0002_54-1024x743.jpg 1024w, https:\/\/havamall.vn\/wp-content\/uploads\/2019\/11\/FYI_Page_2_Image_0002_54-1200x871.jpg 1200w, https:\/\/havamall.vn\/wp-content\/uploads\/2019\/11\/FYI_Page_2_Image_0002_54-600x436.jpg 600w\" sizes=\"(max-width: 546px) 100vw, 546px\" \/><\/p>\n<p>&nbsp;<\/p>\n<p>C\u00e1c qu\u1ea3 h\u1ed3ng b\u00e1n kh\u00f4 \u0111\u01b0\u1ee3c b\u00f3c v\u1ecf v\u00e0 s\u1ea5y kh\u00f4 n\u00f3i chung. Kh\u00f4ng c\u00f3 ch\u1ea5t ph\u1ee5 gia \u0111\u01b0\u1ee3c y\u00eau c\u1ea7u trong qu\u00e1 tr\u00ecnh s\u1ea5y kh\u00f4, t\u1ea1o cho qu\u1ea3 h\u1ed3ng c\u00f3 k\u1ebft c\u1ea5u gi\u1ed1ng nh\u01b0 th\u1ea1ch c\u00f3 t\u1ea5t c\u1ea3 c\u00e1c h\u01b0\u01a1ng v\u1ecb c\u1ee7a m\u1ed9t qu\u1ea3 h\u1ed3ng ch\u00edn ho\u00e0n to\u00e0n. L\u1edbp da b\u00ean ngo\u00e0i \u0111\u01b0\u1ee3c nhai m\u1ed9t c\u00e1ch th\u00fa v\u1ecb trong khi b\u00ean trong m\u1ec1m, gi\u00e0u vitamin, minera ls v\u00e0 c\u00e1c h\u1ee3p ch\u1ea5t v\u00f4 c\u01a1.<\/p>\n<p>H\u1ed3ng d\u1ebbo c\u00f3 th\u1ec3 coi l\u00e0 \u201c\u0111\u1eb7c s\u1ea3n\u201d, l\u00e0 m\u00f3n qu\u00e0 v\u00f4 c\u00f9ng cao c\u1ea5p v\u00e0 sang tr\u1ecdng t\u1ea1i Havamall. S\u1ea3n ph\u1ea9m th\u00edch h\u1ee3p l\u00e0m qu\u00e0 t\u1eb7ng ng\u01b0\u1eddi th\u00e2n y\u00eau v\u00e0 b\u1ea1n b\u00e8 b\u1edfi s\u1ef1 sang tr\u1ecdng v\u00e0 ch\u1ea5t l\u01b0\u1ee3ng t\u1eeb c\u00e1ch \u0111\u00f3ng g\u00f3i cho \u0111\u1ebfn s\u1ea3n ph\u1ea9m<\/p>\n<h3><strong>C\u00f4ng d\u1ee5ng<\/strong><\/h3>\n<p>H\u1ed3ng c\u00f3 t\u00e1c d\u1ee5ng xoa d\u1ecbu th\u1ea7n kinh, gi\u00fap con ng\u01b0\u1eddi t\u1ec9nh t\u00e1o, t\u0103ng hi\u1ec7u qu\u1ea3 l\u00e0m vi\u1ec7c. \u0110\u01b0\u1eddng th\u1ef1c v\u1eadt trong h\u1ed3ng r\u1ea5t b\u1ed5 d\u01b0\u1ee1ng v\u1edbi nh\u1eefng ng\u01b0\u1eddi b\u1ecb b\u1ec7nh tim m\u1ea1ch. Qu\u1ea3 h\u1ed3ng ng\u1ecdt gI\u00fap ch\u1ebf ng\u1ef1 c\u01a1n \u0111\u00f3i r\u1ea5t t\u1ed1t m\u00e0 kh\u00f4ng c\u00f3 nhi\u1ec1u calories, b\u1edfi v\u1eady c\u00e1c nh\u00e0 dinh d\u01b0\u1ee1ng khuy\u00ean nh\u1eefng ng\u01b0\u1eddi th\u1eeba c\u00e2n n\u00ean b\u1ed5 sung h\u1ed3ng v\u00e0o kh\u1ea9u ph\u1ea7n \u0103n c\u1ee7a m\u00ecnh.<\/p>\n<p>Thay b\u00e1nh k\u1eb9o b\u1eb1ng h\u1ed3ng d\u1ebbo \u0103n v\u1edbi tr\u00e0 v\u1eeba t\u1ed1t cho s\u1ee9c kh\u1ecfe l\u1ea1i v\u1eeba th\u01a1m ngon kh\u00f3 c\u01b0\u1ee1ng.<\/p>\n<p><img decoding=\"async\" class=\"wp-image-12798 aligncenter\" src=\"https:\/\/havamall.vn\/wp-content\/uploads\/2019\/11\/rolling3-300x150.jpg\" alt=\"\" width=\"564\" height=\"282\" srcset=\"https:\/\/havamall.vn\/wp-content\/uploads\/2019\/11\/rolling3-300x150.jpg 300w, https:\/\/havamall.vn\/wp-content\/uploads\/2019\/11\/rolling3-430x215.jpg 430w, https:\/\/havamall.vn\/wp-content\/uploads\/2019\/11\/rolling3-150x75.jpg 150w, https:\/\/havamall.vn\/wp-content\/uploads\/2019\/11\/rolling3-700x349.jpg 700w, https:\/\/havamall.vn\/wp-content\/uploads\/2019\/11\/rolling3-768x383.jpg 768w, https:\/\/havamall.vn\/wp-content\/uploads\/2019\/11\/rolling3-600x299.jpg 600w, https:\/\/havamall.vn\/wp-content\/uploads\/2019\/11\/rolling3.jpg 988w\" sizes=\"(max-width: 564px) 100vw, 564px\" \/><\/p>\n<h3><strong>H\u01b0\u1edbng d\u1eabn b\u1ea3o qu\u1ea3n v\u00e0 s\u1eed d\u1ee5ng<\/strong><\/h3>\n<ul>\n<li>H\u1ed3ng d\u1ebbo H\u00e0n Qu\u1ed1c \u0111\u01b0\u1ee3c b\u1ea3o qu\u1ea3n \u1edf nhi\u1ec7t \u0111\u1ed9 -10 \u0111\u1ed9 C (\u0111\u00f4ng l\u1ea1nh).<\/li>\n<li>Khi \u0103n, chuy\u1ec3n H\u1ed3ng v\u00e0o ng\u0103n m\u00e1t t\u1ee7 l\u1ea1nh nhi\u1ec7t \u0111\u1ed9 3-5 \u0111\u1ed9 C v\u00e0 s\u1eed d\u1ee5ng trong v\u00f2ng 7 ng\u00e0y k\u1ec3 t\u1eeb khi chuy\u1ec3n nhi\u1ec7t \u0111\u1ed9.<\/li>\n<li>Th\u01b0\u1edfng th\u1ee9c h\u1ed3ng d\u1ebbo H\u00e0n Qu\u1ed1c ph\u00f9 h\u1ee3p nh\u1ea5t l\u00e0 v\u1edbi ch\u00e9n tr\u00e0 n\u00f3ng h\u00e0n huy\u00ean ng\u00e0y T\u1ebft<\/li>\n<\/ul>\n<p>&nbsp;<\/p>","protected":false},"excerpt":{"rendered":"<p>H\u1ed3ng c\u00f3 t\u00e1c d\u1ee5ng xoa d\u1ecbu th\u1ea7n kinh, gi\u00fap con ng\u01b0\u1eddi t\u1ec9nh t\u00e1o, t\u0103ng hi\u1ec7u qu\u1ea3 l\u00e0m vi\u1ec7c. \u0110\u01b0\u1eddng th\u1ef1c v\u1eadt trong h\u1ed3ng r\u1ea5t b\u1ed5 d\u01b0\u1ee1ng v\u1edbi nh\u1eefng ng\u01b0\u1eddi b\u1ecb b\u1ec7nh tim m\u1ea1ch. Qu\u1ea3 h\u1ed3ng ng\u1ecdt gI\u00fap ch\u1ebf ng\u1ef1 c\u01a1n \u0111\u00f3i r\u1ea5t t\u1ed1t m\u00e0 kh\u00f4ng c\u00f3 nhi\u1ec1u calories, b\u1edfi v\u1eady c\u00e1c nh\u00e0 dinh d\u01b0\u1ee1ng khuy\u00ean nh\u1eefng ng\u01b0\u1eddi th\u1eeba c\u00e2n n\u00ean b\u1ed5 sung h\u1ed3ng v\u00e0o kh\u1ea9u ph\u1ea7n \u0103n c\u1ee7a m\u00ecnh.<\/p>","protected":false},"featured_media":12795,"comment_status":"open","ping_status":"closed","template":"","meta":[],"product_brand":[],"product_cat":[626],"product_tag":[],"class_list":{"0":"post-12793","1":"product","2":"type-product","3":"status-publish","4":"has-post-thumbnail","6":"product_cat-het-hang","8":"first","9":"outofstock","10":"sale","11":"shipping-taxable","12":"purchasable","13":"product-type-simple"},"_links":{"self":[{"href":"https:\/\/havamall.vn\/en\/wp-json\/wp\/v2\/product\/12793"}],"collection":[{"href":"https:\/\/havamall.vn\/en\/wp-json\/wp\/v2\/product"}],"about":[{"href":"https:\/\/havamall.vn\/en\/wp-json\/wp\/v2\/types\/product"}],"replies":[{"embeddable":true,"href":"https:\/\/havamall.vn\/en\/wp-json\/wp\/v2\/comments?post=12793"}],"version-history":[{"count":0,"href":"https:\/\/havamall.vn\/en\/wp-json\/wp\/v2\/product\/12793\/revisions"}],"wp:featuredmedia":[{"embeddable":true,"href":"https:\/\/havamall.vn\/en\/wp-json\/wp\/v2\/media\/12795"}],"wp:attachment":[{"href":"https:\/\/havamall.vn\/en\/wp-json\/wp\/v2\/media?parent=12793"}],"wp:term":[{"taxonomy":"product_brand","embeddable":true,"href":"https:\/\/havamall.vn\/en\/wp-json\/wp\/v2\/product_brand?post=12793"},{"taxonomy":"product_cat","embeddable":true,"href":"https:\/\/havamall.vn\/en\/wp-json\/wp\/v2\/product_cat?post=12793"},{"taxonomy":"product_tag","embeddable":true,"href":"https:\/\/havamall.vn\/en\/wp-json\/wp\/v2\/product_tag?post=12793"}],"curies":[{"name":"wp","href":"https:\/\/api.w.org\/{rel}","templated":true}]}}