{"id":12784,"date":"2019-11-27T14:33:38","date_gmt":"2019-11-27T07:33:38","guid":{"rendered":"https:\/\/havamall.vn\/?post_type=product&#038;p=12784"},"modified":"2021-06-24T15:36:46","modified_gmt":"2021-06-24T08:36:46","slug":"nuoc-tuong-dam-da-maruni-chai-360ml-soy-sauce-maruni","status":"publish","type":"product","link":"https:\/\/havamall.vn\/en\/shop\/nuoc-tuong-dam-da-maruni-chai-360ml-soy-sauce-maruni\/","title":{"rendered":"N\u01b0\u1edbc T\u01b0\u01a1ng \u0110\u1eadm \u0110\u00e0 MARUNI chai 360ml &#8211; Soy Sauce MARUNI"},"content":{"rendered":"<h3><strong>GI\u1edaI THI\u1ec6U C\u00d4NG TY<\/strong><\/h3>\n<p>Tokutaro Niihara \u0111\u00e3 th\u00e0nh l\u1eadp C\u00f4ng ty Niihara Miso Syoyu h\u01a1n <strong>m\u1ed9t tr\u0103m n\u0103m<\/strong> tr\u01b0\u1edbc t\u1ea1i Kumanojyo, Sendai. Kenji Niihara l\u00e0 h\u1eadu du\u1ec7 \u0111\u1eddi th\u1ee9 ba c\u1ee7a doanh nghi\u1ec7p gia \u0111\u00ecnh. \u00d4ng \u0111\u00e3 qu\u1ea3n l\u00fd doanh nghi\u1ec7p gia \u0111\u00ecnh trong kho\u1ea3ng ba m\u01b0\u01a1i n\u0103m nay<\/p>\n<p>\u00d4ng n\u00f3i: \u201cB\u00e2y gi\u1edd, tr\u00e1ch nhi\u1ec7m c\u1ee7a t\u00f4i l\u00e0 b\u1ea3o v\u1ec7 m\u1ed9t gia t\u00e0i h\u01a1n m\u1ed9t tr\u0103m n\u0103m t\u1eeb \u00f4ng t\u00f4i. Di s\u1ea3n c\u1ee7a \u00f4ng t\u00f4i l\u00e0 g\u00ec? T\u00f4i ch\u1ec9 c\u00f3 m\u1ed9t c\u00e2u tr\u1ea3 l\u1eddi cho c\u00e2u h\u1ecfi n\u00e0y, &#8220;S\u1ea3n ph\u1ea9m ch\u1ea5t l\u01b0\u1ee3ng cao.&#8221; Ch\u00fang t\u00f4i ph\u1ea3i lu\u00f4n gi\u1eef ch\u1ea5t l\u01b0\u1ee3ng s\u1ea3n ph\u1ea9m v\u00e0 s\u1ef1 h\u00e0i l\u00f2ng c\u1ee7a kh\u00e1ch h\u00e0ng \u1edf m\u1ee9c t\u1ed1t nh\u1ea5t. T\u00f4i s\u1ebd v\u00f4 c\u00f9ng h\u1ea1nh ph\u00fac n\u1ebfu c\u00f4ng ty c\u1ee7a t\u00f4i c\u00f3 th\u1ec3 \u0111\u00f3ng g\u00f3p m\u1ed9t ph\u1ea7n \u0111\u00e1ng k\u1ec3 cho n\u1ec1n v\u0103n h\u00f3a \u1ea9m th\u1ef1c\u201d.<\/p>\n<p><img fetchpriority=\"high\" decoding=\"async\" class=\"wp-image-12786 aligncenter\" src=\"https:\/\/havamall.vn\/wp-content\/uploads\/2019\/11\/f9934d2b50fb0e66956555e762ed4c39-300x200.jpg\" alt=\"\" width=\"521\" height=\"347\" srcset=\"https:\/\/havamall.vn\/wp-content\/uploads\/2019\/11\/f9934d2b50fb0e66956555e762ed4c39-300x200.jpg 300w, https:\/\/havamall.vn\/wp-content\/uploads\/2019\/11\/f9934d2b50fb0e66956555e762ed4c39-430x287.jpg 430w, https:\/\/havamall.vn\/wp-content\/uploads\/2019\/11\/f9934d2b50fb0e66956555e762ed4c39-150x100.jpg 150w, https:\/\/havamall.vn\/wp-content\/uploads\/2019\/11\/f9934d2b50fb0e66956555e762ed4c39-700x467.jpg 700w, https:\/\/havamall.vn\/wp-content\/uploads\/2019\/11\/f9934d2b50fb0e66956555e762ed4c39-768x512.jpg 768w, https:\/\/havamall.vn\/wp-content\/uploads\/2019\/11\/f9934d2b50fb0e66956555e762ed4c39-600x400.jpg 600w, https:\/\/havamall.vn\/wp-content\/uploads\/2019\/11\/f9934d2b50fb0e66956555e762ed4c39.jpg 1000w\" sizes=\"(max-width: 521px) 100vw, 521px\" \/><\/p>\n<h3><strong>TH\u00d4NG TIN S\u1ea2N PH\u1ea8M<\/strong><\/h3>\n<p>Nh\u1eadt B\u1ea3n c\u00f3 b\u1ed1n m\u00f9a r\u00f5 r\u00e0ng, \u0111\u00f3 l\u00e0 m\u00f9a xu\u00e2n, m\u00f9a h\u00e8 (nhi\u1ec7t \u0111\u1ed9 cao v\u00e0 \u0111\u1ed9 \u1ea9m), m\u00f9a thu v\u00e0 m\u00f9a \u0111\u00f4ng (nhi\u1ec7t \u0111\u1ed9 th\u1ea5p). T\u1eadn d\u1ee5ng nh\u1eefng m\u00f9a \u0111\u1eb7c tr\u01b0ng n\u00e0y; \u0110\u1eb7c bi\u1ec7t l\u00e0 nhi\u1ec7t \u0111\u1ed9 th\u1ea5p v\u00e0o m\u00f9a \u0111\u00f4ng v\u00e0 nhi\u1ec7t \u0111\u1ed9 cao v\u1edbi \u0111\u1ed9 \u1ea9m v\u00e0o m\u00f9a h\u00e8, Nh\u1eadt B\u1ea3n \u0111\u00e3 ph\u00e1t tri\u1ec3n \u0111\u1ec3 t\u1ea1o ra n\u01b0\u1edbc t\u01b0\u01a1ng ch\u1ea5t l\u01b0\u1ee3ng, x\u01b0\u01a1ng s\u1ed1ng c\u1ee7a \u1ea9m th\u1ef1c Nh\u1eadt B\u1ea3n.<\/p>\n<p>Ng\u00e0y nay c\u00f3 r\u1ea5t nhi\u1ec1u lo\u1ea1i n\u01b0\u1edbc t\u01b0\u01a1ng kh\u00e1c nhau \u0111\u1ec3 l\u1ef1a ch\u1ecdn. C\u0169ng nh\u01b0 n\u01b0\u1edbc t\u01b0\u01a1ng Nh\u1eadt B\u1ea3n c\u00f3 h\u01b0\u01a1ng v\u1ecb kh\u00e1c v\u1edbi n\u01b0\u1edbc t\u01b0\u01a1ng Trung Qu\u1ed1c, b\u1ed1n th\u00e0nh ph\u1ea7n ch\u00ednh trong n\u01b0\u1edbc t\u01b0\u01a1ng Nh\u1eadt B\u1ea3n (\u0111\u1eadu n\u00e0nh, l\u00faa m\u00ec, mu\u1ed1i v\u00e0 koji) c\u0169ng \u0111\u01b0\u1ee3c s\u1eed d\u1ee5ng \u1edf c\u00e1c c\u1ea5p \u0111\u1ed9 kh\u00e1c nhau \u0111\u1ec3 t\u1ea1o ra c\u00e1c lo\u1ea1i n\u01b0\u1edbc t\u01b0\u01a1ng kh\u00e1c nhau c\u1ee7a Nh\u1eadt B\u1ea3n, bao g\u1ed3m n\u01b0\u1edbc t\u01b0\u01a1ng \u0111en, n\u01b0\u1edbc t\u01b0\u01a1ng nh\u1ea1t, n\u01b0\u1edbc t\u01b0\u01a1ng \u00edt natri, v\u00e0 n\u01b0\u1edbc t\u01b0\u01a1ng ho\u1eb7c \u0111\u1eadu n\u00e0nh marudaizu.<\/p>\n<p><img decoding=\"async\" class=\"wp-image-12787 aligncenter\" src=\"https:\/\/havamall.vn\/wp-content\/uploads\/2019\/11\/jc_soysauce_general_860-560-300x195.jpg\" alt=\"\" width=\"528\" height=\"343\" srcset=\"https:\/\/havamall.vn\/wp-content\/uploads\/2019\/11\/jc_soysauce_general_860-560-300x195.jpg 300w, https:\/\/havamall.vn\/wp-content\/uploads\/2019\/11\/jc_soysauce_general_860-560-430x280.jpg 430w, https:\/\/havamall.vn\/wp-content\/uploads\/2019\/11\/jc_soysauce_general_860-560-150x98.jpg 150w, https:\/\/havamall.vn\/wp-content\/uploads\/2019\/11\/jc_soysauce_general_860-560-700x456.jpg 700w, https:\/\/havamall.vn\/wp-content\/uploads\/2019\/11\/jc_soysauce_general_860-560-768x500.jpg 768w, https:\/\/havamall.vn\/wp-content\/uploads\/2019\/11\/jc_soysauce_general_860-560-600x391.jpg 600w, https:\/\/havamall.vn\/wp-content\/uploads\/2019\/11\/jc_soysauce_general_860-560.jpg 860w\" sizes=\"(max-width: 528px) 100vw, 528px\" \/><\/p>\n<p>N\u01b0\u1edbc t\u01b0\u01a1ng lo\u1ea1i Koikuchi ngh\u0129a \u0111en c\u00f3 ngh\u0129a l\u00e0 &#8220;mi\u1ec7ng t\u1ed1i&#8221;. \u0110\u00e2y l\u00e0 n\u01b0\u1edbc t\u01b0\u01a1ng tinh t\u00fay v\u00e0 d\u1ec5 t\u00ecm m\u00e0 b\u1ea1n nh\u00ecn th\u1ea5y \u0111\u1ec3 b\u00e1n t\u1eeb c\u00e1c nh\u00e3n hi\u1ec7u nh\u01b0 Kikkoman v\u00e0 Yamasa trong c\u00e1c c\u1eeda h\u00e0ng t\u1ea1p h\u00f3a Nh\u1eadt B\u1ea3n tr\u00ean to\u00e0n th\u1ebf gi\u1edbi. B\u1edfi v\u00ec n\u00f3 l\u00e0 n\u01b0\u1edbc t\u01b0\u01a1ng quen thu\u1ed9c nh\u1ea5t \u0111\u1ed1i v\u1edbi nhi\u1ec1u ng\u01b0\u1eddi n\u00ean kh\u00f4ng ph\u1ea3i lu\u00f4n lu\u00f4n \u0111\u01b0\u1ee3c g\u1eafn nh\u00e3n l\u00e0 koikuchi. Th\u1ecb ph\u1ea7n c\u1ee7a n\u01b0\u1edbc t\u01b0\u01a1ng Koikuchi chi\u1ebfm \u0111\u1ebfn h\u01a1n 80% th\u1ecb tr\u01b0\u1eddng h\u01a1n t\u1ea1i Nh\u1eadt B\u1ea3n theo Trung t\u00e2m th\u00f4ng tin n\u01b0\u1edbc t\u01b0\u01a1ng c\u1ee7a nh\u1eadt (SOYIC). \u0110\u00f3 l\u00e0 n\u01b0\u1edbc t\u01b0\u01a1ng th\u01b0\u1eddng \u0111\u01b0\u1ee3c c\u00e1c b\u00e0 n\u00f4\u1ecb tr\u1ee3 khu v\u1ef1c Tokyo \/ Kanto \u01b0a dung nh\u1ea5t. N\u01b0\u1edbc t\u01b0\u01a1ng koikuchi th\u01b0\u1eddng \u0111\u01b0\u1ee3c l\u00e0m b\u1eb1ng v\u1edbi c\u00e1c nguy\u00ean li\u1ec7u nh\u01b0 \u0111\u1eadu n\u00e0nh v\u00e0 l\u00faa m\u00ec, c\u1ed9ng v\u1edbi mu\u1ed1i v\u00e0 men.<\/p>\n<p><strong>H\u01af\u1edaNG D\u1eaaN S\u1eec D\u1ee4NG<\/strong>: d\u00f9ng \u0111\u1ec3 ch\u1ea5m v\u00e0 d\u00f9ng tr\u1ef1c ti\u1ebfp ho\u1eb7c n\u1ea5u n\u01b0\u1edbng \u0111\u1ec1u r\u1ea5t ngon<\/p>\n<p><strong><img decoding=\"async\" class=\"wp-image-12834 aligncenter\" src=\"https:\/\/havamall.vn\/wp-content\/uploads\/2019\/11\/7a8c598295f36cad35e2-300x300.png\" alt=\"\" width=\"601\" height=\"601\" srcset=\"https:\/\/havamall.vn\/wp-content\/uploads\/2019\/11\/7a8c598295f36cad35e2-300x300.png 300w, https:\/\/havamall.vn\/wp-content\/uploads\/2019\/11\/7a8c598295f36cad35e2-430x430.png 430w, https:\/\/havamall.vn\/wp-content\/uploads\/2019\/11\/7a8c598295f36cad35e2-150x150.png 150w, https:\/\/havamall.vn\/wp-content\/uploads\/2019\/11\/7a8c598295f36cad35e2-700x700.png 700w, https:\/\/havamall.vn\/wp-content\/uploads\/2019\/11\/7a8c598295f36cad35e2-768x768.png 768w, https:\/\/havamall.vn\/wp-content\/uploads\/2019\/11\/7a8c598295f36cad35e2-600x600.png 600w, https:\/\/havamall.vn\/wp-content\/uploads\/2019\/11\/7a8c598295f36cad35e2-100x100.png 100w, https:\/\/havamall.vn\/wp-content\/uploads\/2019\/11\/7a8c598295f36cad35e2.png 921w\" sizes=\"(max-width: 601px) 100vw, 601px\" \/><\/strong><\/p>\n<p><strong>TH\u00c0NH PH\u1ea6N<\/strong>: \u0110\u1eadu n\u00e0nh, amino axit l\u1ecfng v\u00e0 mu\u1ed1i \u0111\u1ec3 lo\u1ea1i b\u1ecf ch\u1ea5t b\u00e9o ch\u1ebf bi\u1ebfn \u0111\u1eadu n\u00e0nh, l\u00faa m\u00ec, \u0111\u01b0\u1eddng, s\u1eafc t\u1ed1 caramel, gia v\u1ecb (axit amin), ch\u1ea5t l\u00e0m ng\u1ecdt (saccharin Na), vitamin B1<\/p>\n<p>B\u1ea3o qu\u1ea3n : Tr\u00e1nh \u00e1nh n\u1eafng tr\u1ef1c ti\u1ebfp, b\u1ea3o qu\u1ea3n nhi\u1ec7t \u0111\u1ed9 th\u01b0\u1eddng. Khi \u0111\u00e3 s\u1eed d\u1ee5ng b\u1ea3o qu\u1ea3n t\u1ee7 m\u00e1t.<\/p>\n<p><strong>HSD<\/strong>: 1.5 n\u0103m<\/p>\n<p>&nbsp;<\/p>","protected":false},"excerpt":{"rendered":"<p>N\u01b0\u1edbc t\u01b0\u01a1ng Maruni l\u00e0m t\u1eeb n\u01b0\u1edbc s\u1ed1t \u0111\u1eadu n\u00e0nh nguy\u00ean ch\u1ea5t t\u1ef1 nhi\u00ean Satsuma mang \u0111\u1ebfn h\u01b0\u01a1ng v\u1ecb c\u1ee7a c\u00e1c th\u00e0nh ph\u1ea7n. N\u01b0\u1edbc s\u1ed1t \u0111\u1eadu n\u00e0nh nguy\u00ean ch\u1ea5t t\u1ef1 nhi\u00ean c\u1ee7a Satsuma l\u00e0 m\u1ed9t lo\u1ea1i n\u01b0\u1edbc t\u01b0\u01a1ng t\u1ef1 nhi\u00ean l\u00e2u \u0111\u1eddi \u0111\u01b0\u1ee3c truy\u1ec1n l\u1ea1i t\u1eeb th\u1eddi c\u1ed5 \u0111\u1ea1i. Quy tr\u00ecnh \u1ee7 moromi t\u1ef1 nhi\u00ean v\u00e0 qu\u00e1 tr\u00ecnh v\u1eaft n\u01b0\u1edbc t\u01b0\u01a1ng c\u1ef1c k\u1ef3 hi\u1ebfm \u1edf Nh\u1eadt B\u1ea3n. H\u00e3y th\u01b0\u1edfng th\u1ee9c h\u01b0\u01a1ng v\u1ecb \u0111\u1ed9c \u0111\u00e1o.<\/p>","protected":false},"featured_media":12785,"comment_status":"open","ping_status":"closed","template":"","meta":[],"product_brand":[],"product_cat":[36,134,143],"product_tag":[],"class_list":{"0":"post-12784","1":"product","2":"type-product","3":"status-publish","4":"has-post-thumbnail","6":"product_cat-thuc-pham-tieu-dung","7":"product_cat-thucpham-saykho","8":"product_cat-thuc-pham-dong-hop","10":"first","11":"outofstock","12":"sale","13":"shipping-taxable","14":"purchasable","15":"product-type-simple"},"_links":{"self":[{"href":"https:\/\/havamall.vn\/en\/wp-json\/wp\/v2\/product\/12784"}],"collection":[{"href":"https:\/\/havamall.vn\/en\/wp-json\/wp\/v2\/product"}],"about":[{"href":"https:\/\/havamall.vn\/en\/wp-json\/wp\/v2\/types\/product"}],"replies":[{"embeddable":true,"href":"https:\/\/havamall.vn\/en\/wp-json\/wp\/v2\/comments?post=12784"}],"version-history":[{"count":0,"href":"https:\/\/havamall.vn\/en\/wp-json\/wp\/v2\/product\/12784\/revisions"}],"wp:featuredmedia":[{"embeddable":true,"href":"https:\/\/havamall.vn\/en\/wp-json\/wp\/v2\/media\/12785"}],"wp:attachment":[{"href":"https:\/\/havamall.vn\/en\/wp-json\/wp\/v2\/media?parent=12784"}],"wp:term":[{"taxonomy":"product_brand","embeddable":true,"href":"https:\/\/havamall.vn\/en\/wp-json\/wp\/v2\/product_brand?post=12784"},{"taxonomy":"product_cat","embeddable":true,"href":"https:\/\/havamall.vn\/en\/wp-json\/wp\/v2\/product_cat?post=12784"},{"taxonomy":"product_tag","embeddable":true,"href":"https:\/\/havamall.vn\/en\/wp-json\/wp\/v2\/product_tag?post=12784"}],"curies":[{"name":"wp","href":"https:\/\/api.w.org\/{rel}","templated":true}]}}