{"id":12775,"date":"2019-11-27T12:00:33","date_gmt":"2019-11-27T05:00:33","guid":{"rendered":"https:\/\/havamall.vn\/?post_type=product&#038;p=12775"},"modified":"2021-06-08T17:54:51","modified_gmt":"2021-06-08T10:54:51","slug":"tuong-miso-nhat-ban-hop-500gr-utsukushi-mugi-miso-500gr","status":"publish","type":"product","link":"https:\/\/havamall.vn\/en\/shop\/tuong-miso-nhat-ban-hop-500gr-utsukushi-mugi-miso-500gr\/","title":{"rendered":"T\u01b0\u01a1ng MISO Nh\u1eadt B\u1ea3n h\u1ed9p 500gr &#8211; UTSUKUSHI MUGI MISO"},"content":{"rendered":"<h3><strong>GI\u1edaI THI\u1ec6U C\u00d4NG TY<\/strong><\/h3>\n<p>Tokutaro Niihara \u0111\u00e3 th\u00e0nh l\u1eadp C\u00f4ng ty Niihara Miso Syoyu h\u01a1n <strong>m\u1ed9t tr\u0103m n\u0103m<\/strong> tr\u01b0\u1edbc t\u1ea1i Kumanojyo, Sendai. Kenji Niihara l\u00e0 h\u1eadu du\u1ec7 \u0111\u1eddi th\u1ee9 ba c\u1ee7a doanh nghi\u1ec7p gia \u0111\u00ecnh. \u00d4ng \u0111\u00e3 qu\u1ea3n l\u00fd doanh nghi\u1ec7p gia \u0111\u00ecnh trong kho\u1ea3ng ba m\u01b0\u01a1i n\u0103m nay<\/p>\n<p>\u00d4ng n\u00f3i: \u201cB\u00e2y gi\u1edd, tr\u00e1ch nhi\u1ec7m c\u1ee7a t\u00f4i l\u00e0 b\u1ea3o v\u1ec7 m\u1ed9t gia t\u00e0i h\u01a1n m\u1ed9t tr\u0103m n\u0103m t\u1eeb \u00f4ng t\u00f4i. Di s\u1ea3n c\u1ee7a \u00f4ng t\u00f4i l\u00e0 g\u00ec? T\u00f4i ch\u1ec9 c\u00f3 m\u1ed9t c\u00e2u tr\u1ea3 l\u1eddi cho c\u00e2u h\u1ecfi n\u00e0y, &#8220;S\u1ea3n ph\u1ea9m ch\u1ea5t l\u01b0\u1ee3ng cao.&#8221; Ch\u00fang t\u00f4i ph\u1ea3i lu\u00f4n gi\u1eef ch\u1ea5t l\u01b0\u1ee3ng s\u1ea3n ph\u1ea9m v\u00e0 s\u1ef1 h\u00e0i l\u00f2ng c\u1ee7a kh\u00e1ch h\u00e0ng \u1edf m\u1ee9c t\u1ed1t nh\u1ea5t. T\u00f4i s\u1ebd v\u00f4 c\u00f9ng h\u1ea1nh ph\u00fac n\u1ebfu c\u00f4ng ty c\u1ee7a t\u00f4i c\u00f3 th\u1ec3 \u0111\u00f3ng g\u00f3p m\u1ed9t ph\u1ea7n \u0111\u00e1ng k\u1ec3 cho n\u1ec1n v\u0103n h\u00f3a \u1ea9m th\u1ef1c\u201d.<\/p>\n<p><img fetchpriority=\"high\" decoding=\"async\" class=\"wp-image-12779 aligncenter\" src=\"https:\/\/havamall.vn\/wp-content\/uploads\/2019\/11\/Capture-2-300x223.png\" alt=\"\" width=\"467\" height=\"347\" srcset=\"https:\/\/havamall.vn\/wp-content\/uploads\/2019\/11\/Capture-2-300x223.png 300w, https:\/\/havamall.vn\/wp-content\/uploads\/2019\/11\/Capture-2-430x319.png 430w, https:\/\/havamall.vn\/wp-content\/uploads\/2019\/11\/Capture-2-150x111.png 150w, https:\/\/havamall.vn\/wp-content\/uploads\/2019\/11\/Capture-2-700x520.png 700w, https:\/\/havamall.vn\/wp-content\/uploads\/2019\/11\/Capture-2-600x446.png 600w, https:\/\/havamall.vn\/wp-content\/uploads\/2019\/11\/Capture-2.png 712w\" sizes=\"(max-width: 467px) 100vw, 467px\" \/><\/p>\n<h3><strong>TH\u00d4NG TIN S\u1ea2N PH\u1ea8M<\/strong><\/h3>\n<p>Nguy\u00ean li\u1ec7u c\u1ee7a Mugi Miso \u0111\u01b0\u1ee3c l\u1ef1a ch\u1ecdn c\u1ea9n th\u1eadn. \u0110\u1eadu n\u00e0nh s\u1eed d\u1ee5ng lo\u1ea1i \u0111\u1eadu n\u00e0nh t\u1ed1t nh\u1ea5t c\u1ee7a Kyushu v\u00e0 l\u00faa m\u00ec s\u1eed d\u1ee5ng l\u00faa m\u00ec tr\u1ea7n \u0111\u01b0\u1ee3c l\u1ef1a ch\u1ecdn c\u1ea9n th\u1eadn t\u1eeb Shikoku. Mu\u1ed1i l\u00e0 mu\u1ed1i kho\u00e1ng c\u1ee7a Ako v\u00e0 l\u00faa m\u00ec, l\u00faa m\u1ea1ch \u0111\u01b0\u1ee3c s\u1eed d\u1ee5ng 25%, v\u00ec v\u1eady n\u00f3 c\u00f3 v\u1ecb ng\u1ecdt thanh. Ch\u1ea5t t\u1ea9y tr\u1eafng, ch\u1ea5t b\u1ea3o qu\u1ea3n t\u1ed5ng h\u1ee3p, ch\u1ea5t l\u00e0m ng\u1ecdt v\u00e0 gia v\u1ecb kh\u00f4ng \u0111\u01b0\u1ee3c th\u00eam v\u00e0o.<\/p>\n<p>Miso l\u00e2u n\u0103m l\u00e0 lo\u1ea1i th\u1ef1c ph\u1ea9m r\u1ea5t t\u1ed1t cho \u0111\u01b0\u1eddng ru\u1ed9t c\u1ee7a b\u1ea1n, do n\u00f3 ch\u1ee9a ph\u1ea7n l\u1edbn c\u00e1c vi sinh v\u1eadt c\u00f3 \u00edch \u0111\u1ed1i v\u1edbi qu\u00e1 tr\u00ecnh ti\u00eau h\u00f3a, ph\u00e2n gi\u1ea3i v\u00e0 chuy\u1ec3n h\u00f3a th\u1ee9c \u0103n trong th\u00e0nh ru\u1ed9t. C\u00e1c qu\u00e1 tr\u00ecnh n\u00e0y c\u00f3 m\u1ed1i li\u00ean quan m\u1eadt thi\u1ebft \u0111\u1ebfn t\u00e2m sinh l\u00fd c\u1ee7a c\u01a1 th\u1ec3. Vi\u1ec7c \u0111\u01b0\u1eddng ru\u1ed9t c\u1ee7a con ng\u01b0\u1eddi hi\u1ec7n nay \u0111ang b\u1ecb nhi\u1ec5m \u0111\u1ed9c v\u00e0 kh\u00f4ng c\u00f2n t\u1ed1i \u01b0u nh\u01b0 x\u01b0a \u0111\u00e3 g\u00e2y ra nh\u1eefng h\u1ec7 l\u1ee5y r\u1ea5t l\u1edbn \u0111\u1ed1i v\u1edbi s\u1ee9c kh\u1ecfe v\u00e0 t\u00e2m tr\u1ea1ng: stress, hay qu\u00ean, m\u1ea5t ng\u1ee7, tr\u1ea7m c\u1ea3m\u2026V\u00ec th\u1ebf, \u0111\u1ed1i v\u1edbi nh\u1eefng ng\u01b0\u1eddi \u0111\u00e3 \u0103n u\u1ed1ng sai l\u1ea7m l\u00e2u ng\u00e0y, hay do s\u1eed d\u1ee5ng m\u1ed9t l\u01b0\u1ee3ng l\u1edbn c\u00e1c thu\u1ed1c t\u00e2y khi\u1ebfn cho h\u1ec7 vi sinh \u0111\u01b0\u1eddng ru\u1ed9t kh\u00f4ng c\u00f3 kh\u1ea3 n\u0103ng ho\u1ea1t \u0111\u1ed9ng v\u00e0 ph\u00e1t tri\u1ec3n, b\u00ean c\u1ea1nh vi\u1ec7c \u0111i\u1ec1u ch\u1ec9nh ch\u1ebf \u0111\u1ed9 \u0103n u\u1ed1ng sao cho \u0111\u00fang \u0111\u1eafn, n\u00ean d\u00f9ng miso h\u1eb1ng ng\u00e0y \u0111\u1ec3 ph\u1ee5c h\u1ed3i l\u1ea1i \u0111\u01b0\u1eddng ru\u1ed9t c\u1ee7a m\u00ecnh. S\u1ef1 \u0111i\u1ec1u ch\u1ec9nh v\u1ec1 \u0111\u01b0\u1eddng ru\u1ed9t th\u00f4ng qua miso, c\u0169ng s\u1ebd c\u1ea3i thi\u1ec7n c\u00e1c r\u1ed1i lo\u1ea1n v\u1ec1 tinh th\u1ea7n. Vitamin nh\u00f3m B, \u0111\u1eb7c bi\u1ec7t l\u00e0 vitamin B1 v\u1ed1n thi\u1ebfu h\u1ee5t trong kh\u1ea9u ph\u1ea7n \u0103n hi\u1ec7n \u0111\u1ea1i s\u1ebd \u0111\u01b0\u1ee3c b\u1ed5 sung. C\u00e1c vitamin n\u00e0y \u0111\u1eb7c bi\u1ec7t quan tr\u1ecdng trong c\u00e1c qu\u00e1 tr\u00ecnh chuy\u1ec3n h\u00f3a th\u1ea7n kinh trong c\u01a1 th\u1ec3, v\u00e0 th\u01b0\u1eddng b\u1ecb hao h\u1ee5t \u0111i do b\u1ecb l\u1ec7 thu\u1ed9c v\u00e0o c\u00e1c \u0111\u1ed3 \u0103n th\u1ee9c u\u1ed1ng ti\u00eau c\u1ef1c nh\u01b0 r\u01b0\u1ee3u, b\u00e1nh k\u1eb9o\u2026<\/p>\n<p><img decoding=\"async\" class=\"wp-image-12780 aligncenter\" src=\"https:\/\/havamall.vn\/wp-content\/uploads\/2019\/11\/636075364966810524-300x188.jpg\" alt=\"\" width=\"480\" height=\"301\" srcset=\"https:\/\/havamall.vn\/wp-content\/uploads\/2019\/11\/636075364966810524-300x188.jpg 300w, https:\/\/havamall.vn\/wp-content\/uploads\/2019\/11\/636075364966810524-430x269.jpg 430w, https:\/\/havamall.vn\/wp-content\/uploads\/2019\/11\/636075364966810524-150x94.jpg 150w, https:\/\/havamall.vn\/wp-content\/uploads\/2019\/11\/636075364966810524-700x438.jpg 700w, https:\/\/havamall.vn\/wp-content\/uploads\/2019\/11\/636075364966810524-768x480.jpg 768w, https:\/\/havamall.vn\/wp-content\/uploads\/2019\/11\/636075364966810524-1024x640.jpg 1024w, https:\/\/havamall.vn\/wp-content\/uploads\/2019\/11\/636075364966810524-600x375.jpg 600w, https:\/\/havamall.vn\/wp-content\/uploads\/2019\/11\/636075364966810524.jpg 1080w\" sizes=\"(max-width: 480px) 100vw, 480px\" \/><\/p>\n<p>Ngo\u00e0i ra miso c\u0169ng c\u00f3 t\u00e1c d\u1ee5ng r\u1ea5t t\u1ed1t v\u1edbi b\u1ec7nh gan, c\u00e1c ch\u1ee9ng thi\u1ebfu m\u00e1u, suy nh\u01b0\u1ee3c c\u01a1 th\u1ec3. B\u1eb1ng quan s\u00e1t tr\u1ef1c quan, ta c\u00f3 th\u1ec3 th\u1ea5y b\u00e1nh miso c\u00f3 h\u00ecnh d\u1ea1ng v\u00e0 m\u00e0u s\u1eafc r\u1ea5t t\u01b0\u01a1ng \u0111\u1ed3ng v\u1edbi l\u00e1 gan. S\u1ef1 tr\u00f9ng h\u1ee3p n\u00e0y c\u0169ng c\u00f3 th\u1ec3 l\u00e0 m\u00ecnh ch\u1ee9ng cho nh\u1eefng t\u00e1c d\u1ee5ng tuy\u1ec7t v\u1eddi m\u00e0 miso \u0111em l\u1ea1i. L\u00e1 gan h\u1eb1ng ng\u00e0y ph\u1ea3i ti\u1ebfp x\u00fac v\u00e0 x\u1eed l\u00ed v\u00f4 v\u00e0n c\u00e1c h\u00f3a ch\u1ea5t \u0111\u1ed9c h\u1ea1i khi\u1ebfn n\u00f3 s\u1edbm b\u1ecb qu\u00e1 t\u1ea3i. C\u00e1c bi\u1ec3u hi\u1ec7n tr\u00ean da (m\u1ea9n, ng\u1ee9a, da nh\u1eddn\u2026) c\u0169ng nh\u01b0 v\u1ec1 ti\u00eau h\u00f3a c\u00f3 th\u1ec3 n\u00f3i l\u00ean ph\u1ea7n n\u00e0o t\u00ecnh tr\u1ea1ng n\u00e0y. Miso c\u00f3 t\u00e1c d\u1ee5ng trung h\u00f2a c\u00e1c h\u00f3a ch\u1ea5t \u0111\u1ed9c h\u1ea1i trong gan, nh\u01b0 l\u00e0 l\u00e0 t\u1eeb r\u01b0\u1ee3u, thu\u1ed1c l\u00e1, kh\u00f3i b\u1ee5i \u00f4 nhi\u1ec5m, ph\u00f3ng x\u1ea1.<\/p>\n<p>(*) \u0110\u1ed1i v\u1edbi c\u00e1c b\u1ec7nh m\u00e3n t\u00ednh l\u00e2u ng\u00e0y n\u00ean s\u1eed d\u1ee5ng miso c\u00f3 \u0111\u1ed9 tu\u1ed5i t\u1eeb 8 th\u00e1ng tr\u1edf l\u00ean. Miso c\u00e0ng l\u00e2u n\u0103m c\u00e0ng c\u00f3 hi\u1ec7u qu\u1ea3 \u0111\u1ed1i v\u1edbi c\u00e1c c\u0103n b\u1ec7nh m\u00e3n t\u00ednh.<\/p>\n<p><img decoding=\"async\" class=\"wp-image-12781 aligncenter\" src=\"https:\/\/havamall.vn\/wp-content\/uploads\/2019\/11\/miso-paste-300x167.jpg\" alt=\"\" width=\"485\" height=\"270\" srcset=\"https:\/\/havamall.vn\/wp-content\/uploads\/2019\/11\/miso-paste-300x167.jpg 300w, https:\/\/havamall.vn\/wp-content\/uploads\/2019\/11\/miso-paste-430x239.jpg 430w, https:\/\/havamall.vn\/wp-content\/uploads\/2019\/11\/miso-paste-150x83.jpg 150w, https:\/\/havamall.vn\/wp-content\/uploads\/2019\/11\/miso-paste-700x389.jpg 700w, https:\/\/havamall.vn\/wp-content\/uploads\/2019\/11\/miso-paste-768x427.jpg 768w, https:\/\/havamall.vn\/wp-content\/uploads\/2019\/11\/miso-paste-1024x569.jpg 1024w, https:\/\/havamall.vn\/wp-content\/uploads\/2019\/11\/miso-paste-1200x667.jpg 1200w, https:\/\/havamall.vn\/wp-content\/uploads\/2019\/11\/miso-paste-600x333.jpg 600w, https:\/\/havamall.vn\/wp-content\/uploads\/2019\/11\/miso-paste.jpg 2000w\" sizes=\"(max-width: 485px) 100vw, 485px\" \/><\/p>\n<h3><strong>H\u01af\u1edaNG D\u1eaaN S\u1eec D\u1ee4NG<\/strong><\/h3>\n<p>S\u00fap miso c\u00f3 th\u1ec3 l\u00e0m \u0103n bu\u1ed5i s\u00e1ng ho\u1eb7c bu\u1ed5i chi\u1ec1u. N\u1ea5u v\u1edbi rau c\u1ee7, \u0111\u1eadu, rong bi\u1ec3n, h\u1ea1t c\u1ed1c ho\u1eb7c c\u00e1c th\u1ee9c \u0103n m\u00ecnh \u01b0a th\u00edch ho\u1eb7c ch\u1ec9 h\u00f2a tan miso v\u00e0o n\u01b0\u1edbc n\u00f3ng.<\/p>\n<p>Mu\u1ed1n l\u00e0m m\u00f3n s\u00fap \u00c2m (h\u01a1n), ch\u1ec9 c\u1ea7n b\u1ecf th\u1ee9c \u0103n s\u1ed1ng v\u00e0o n\u1ea5u; mu\u1ed1n D\u01b0\u01a1ng h\u01a1n, th\u00ec chi\u00ean x\u00e0o s\u01a1 th\u1ee9c \u0103n tr\u01b0\u1edbc khi n\u1ea5u. Mu\u1ed1n s\u00fap th\u00eam h\u01b0\u01a1ng v\u1ecb, c\u00f3 th\u1ec3 n\u1ea5u v\u1edbi c\u00e1 m\u00f3n n\u01b0\u1edbc canh. Ng\u01b0\u1eddi tr\u1ecb b\u1ec7nh theo ph\u01b0\u01a1ng ph\u00e1p Th\u1ef1c d\u01b0\u1ee1ng m\u1edbi b\u1eaft \u0111\u1ea7u \u0103n th\u00eam th\u1ee9c \u0103n ph\u1ee5 c\u00f3 th\u1ec3 d\u00f9ng s\u00fap miso n\u1ea5u v\u1edbi \u00edt rau c\u1ee7 v\u00e0 n\u01b0\u1edbc trong, n\u1ebfu c\u1ea7n x\u00e0o th\u00ec ch\u1ec9 d\u00f9ng d\u1ea7u m\u00e8.<\/p>\n<p>V\u00ec miso n\u1ea5u l\u00e2u k\u00e9m ngon v\u00e0 m\u1ea5t c\u00e1c enzim qu\u00fd, do \u0111\u00f3, t\u1ed1t nh\u1ea5t l\u00e0 pha miso v\u00e0o s\u00fap n\u00f3ng r\u1ed3i \u0111em d\u00f9ng ngay, v\u00e0 m\u1ed9t khi s\u00fap \u0111\u00e3 n\u00eam miso th\u00ec kh\u00f4ng n\u00ean \u0111\u1ec3 d\u01b0 r\u1ed3i h\u00e2m l\u1ea1i. N\u1ebfu c\u00f3 ng\u01b0\u1eddi th\u00edch \u0103n s\u00fap miso v\u00e0o nh\u1eefng l\u00fac kh\u00e1c nhau, th\u00ec n\u1ea5u s\u00fap kh\u00f4ng n\u00eam v\u00e0 \u0111\u1eb7t m\u1ed9t ch\u00e9n miso b\u00ean c\u1ea1nh \u0111\u1ec3 m\u1ed7i ng\u01b0\u1eddi t\u1ef1 \u00fd n\u00eam n\u1ebfm.<\/p>\n<p><img loading=\"lazy\" decoding=\"async\" class=\"wp-image-12782 aligncenter\" src=\"https:\/\/havamall.vn\/wp-content\/uploads\/2019\/11\/basic-miso-soup-3377886_09-5b3f7fb6c9e77c00378bf68f-300x200.jpg\" alt=\"\" width=\"531\" height=\"354\" srcset=\"https:\/\/havamall.vn\/wp-content\/uploads\/2019\/11\/basic-miso-soup-3377886_09-5b3f7fb6c9e77c00378bf68f-300x200.jpg 300w, https:\/\/havamall.vn\/wp-content\/uploads\/2019\/11\/basic-miso-soup-3377886_09-5b3f7fb6c9e77c00378bf68f-430x287.jpg 430w, https:\/\/havamall.vn\/wp-content\/uploads\/2019\/11\/basic-miso-soup-3377886_09-5b3f7fb6c9e77c00378bf68f-150x100.jpg 150w, https:\/\/havamall.vn\/wp-content\/uploads\/2019\/11\/basic-miso-soup-3377886_09-5b3f7fb6c9e77c00378bf68f-700x467.jpg 700w, https:\/\/havamall.vn\/wp-content\/uploads\/2019\/11\/basic-miso-soup-3377886_09-5b3f7fb6c9e77c00378bf68f-768x513.jpg 768w, https:\/\/havamall.vn\/wp-content\/uploads\/2019\/11\/basic-miso-soup-3377886_09-5b3f7fb6c9e77c00378bf68f-1024x684.jpg 1024w, https:\/\/havamall.vn\/wp-content\/uploads\/2019\/11\/basic-miso-soup-3377886_09-5b3f7fb6c9e77c00378bf68f-1200x801.jpg 1200w, https:\/\/havamall.vn\/wp-content\/uploads\/2019\/11\/basic-miso-soup-3377886_09-5b3f7fb6c9e77c00378bf68f-600x401.jpg 600w\" sizes=\"(max-width: 531px) 100vw, 531px\" \/><\/p>\n<h3><strong>TH\u00c0NH PH\u1ea6N<\/strong><\/h3>\n<p>\u0110\u1eadu n\u00e0nh nguy\u00ean h\u1ea1t, l\u00faa m\u1ea1ch, mu\u1ed1i, n\u01b0\u1edbc, men koji<\/p>\n<p><strong>B\u1ea3o qu\u1ea3n<\/strong>: Sau khi mua v\u1ec1 n\u00ean b\u1ecf v\u00e0o t\u1ee7 m\u00e1t \u0111\u1ec3 b\u1ea3o qu\u1ea3n.<\/p>\n<p><strong>HSD<\/strong> : 1 n\u0103m<\/p>\n<p>&nbsp;<\/p>\n<p>&nbsp;<\/p>\n<p>&nbsp;<\/p>","protected":false},"excerpt":{"rendered":"<p>Miso l\u00e0 m\u1ed9t lo\u1ea1i gia v\u1ecb ph\u1ed5 bi\u1ebfn v\u00e0 truy\u1ec1n th\u1ed1ng c\u1ee7a Nh\u1eadt B\u1ea3n, th\u01b0\u1eddng \u0111\u01b0\u1ee3c d\u00f9ng \u0111\u1ec3 n\u1ea5u s\u00fap. \u0110\u00e2y l\u00e0 m\u00f3n \u0103n b\u1ed5 d\u01b0\u1ee1ng gi\u00fap t\u0103ng c\u01b0\u1eddng s\u1ee9c kh\u1ecfe n\u00ean c\u00f3 th\u1ec3 d\u00f9ng h\u00e0ng ng\u00e0y, nh\u1ea5t l\u00e0 nh\u1eefng ng\u01b0\u1eddi \u0103n chay, ng\u01b0\u1eddi lao l\u1ef1c, c\u00e1c b\u00e0 m\u1eb9 mang thai v\u00e0 cho con b\u00fa. Ngo\u00e0i ra, Mugi Miso c\u00f2n t\u1ed1t cho tim, ti\u1ec3u \u0111\u01b0\u1eddng, phong th\u1ea5p, b\u1ea1i li\u1ec7t, suy\u1ec5n, lao v\u00e0 b\u1ec7nh ngo\u00e0i da, c\u00f3 ch\u1ee9a men vi sinh. D\u00f9ng\u00a0n\u00eam n\u1ea5u m\u00f3n \u0103n.<\/p>","protected":false},"featured_media":12778,"comment_status":"open","ping_status":"closed","template":"","meta":[],"product_brand":[],"product_cat":[626],"product_tag":[],"class_list":{"0":"post-12775","1":"product","2":"type-product","3":"status-publish","4":"has-post-thumbnail","6":"product_cat-het-hang","8":"first","9":"outofstock","10":"sale","11":"shipping-taxable","12":"purchasable","13":"product-type-simple"},"_links":{"self":[{"href":"https:\/\/havamall.vn\/en\/wp-json\/wp\/v2\/product\/12775"}],"collection":[{"href":"https:\/\/havamall.vn\/en\/wp-json\/wp\/v2\/product"}],"about":[{"href":"https:\/\/havamall.vn\/en\/wp-json\/wp\/v2\/types\/product"}],"replies":[{"embeddable":true,"href":"https:\/\/havamall.vn\/en\/wp-json\/wp\/v2\/comments?post=12775"}],"version-history":[{"count":0,"href":"https:\/\/havamall.vn\/en\/wp-json\/wp\/v2\/product\/12775\/revisions"}],"wp:featuredmedia":[{"embeddable":true,"href":"https:\/\/havamall.vn\/en\/wp-json\/wp\/v2\/media\/12778"}],"wp:attachment":[{"href":"https:\/\/havamall.vn\/en\/wp-json\/wp\/v2\/media?parent=12775"}],"wp:term":[{"taxonomy":"product_brand","embeddable":true,"href":"https:\/\/havamall.vn\/en\/wp-json\/wp\/v2\/product_brand?post=12775"},{"taxonomy":"product_cat","embeddable":true,"href":"https:\/\/havamall.vn\/en\/wp-json\/wp\/v2\/product_cat?post=12775"},{"taxonomy":"product_tag","embeddable":true,"href":"https:\/\/havamall.vn\/en\/wp-json\/wp\/v2\/product_tag?post=12775"}],"curies":[{"name":"wp","href":"https:\/\/api.w.org\/{rel}","templated":true}]}}