{"id":12765,"date":"2019-11-26T14:42:50","date_gmt":"2019-11-26T07:42:50","guid":{"rendered":"https:\/\/havamall.vn\/?post_type=product&#038;p=12765"},"modified":"2025-03-18T14:58:37","modified_gmt":"2025-03-18T07:58:37","slug":"nui-lasicilia-goi-500gr-lasicilia-penne-rigate-2","status":"publish","type":"product","link":"https:\/\/havamall.vn\/en\/shop\/nui-lasicilia-goi-500gr-lasicilia-penne-rigate-2\/","title":{"rendered":"Nui Lasicilia g\u00f3i 500gr &#8211; Lasicilia Penne Rigate"},"content":{"rendered":"<h4><b>Gi\u1edbi thi\u1ec7u c\u00f4ng ty:<\/b><\/h4>\n<p><span style=\"font-weight: 400\">N\u1eb1m \u1edf t\u1ec9nh Napoli, v\u00f9ng Campania c\u1ee7a \u00dd, c\u00f4ng ty\u00a0Spicy Sicilian \u0111\u01b0\u1ee3c th\u00e0nh l\u1eadp v\u00e0o n\u0103m 1883. Trong t\u1ea5t c\u1ea3 nh\u1eefng n\u0103m n\u00e0y, c\u00f4ng ty lu\u00f4n ch\u00fa \u00fd \u0111\u1eb7c bi\u1ec7t \u0111\u1ebfn nhu c\u1ea7u c\u1ee7a ng\u01b0\u1eddi ti\u00eau d\u00f9ng v\u00e0 v\u1ec1 ch\u1ea5t l\u01b0\u1ee3ng s\u1ea3n ph\u1ea9m. Nh\u1edd s\u1ef1 ch\u00fa \u00fd c\u1ee7a m\u00ecnh, qua h\u01a1n 100 n\u0103m \u0111\u1ed5i m\u1edbi v\u00e0 nghi\u00ean c\u1ee9u c\u00f4ng ngh\u1ec7, danh ti\u1ebfng c\u1ee7a c\u00f4ng ty \u0111\u00e3 \u0111\u1ea1t \u0111\u1ebfn m\u1ee9c r\u1ea5t cao kh\u00f4ng ch\u1ec9 \u1edf \u00dd m\u00e0 c\u00f2n tr\u00ean to\u00e0n ch\u00e2u \u00c2u.<\/span><\/p>\n<p>Cho \u0111\u1ebfn nay, nh\u00e0 m\u00e1y c\u00f3 s\u1ea3n l\u01b0\u1ee3ng h\u00e0ng n\u0103m h\u01a1n 100 tri\u1ec7u t\u1ea5n m\u00ec \u1ed1ng, \u0111\u01b0\u1ee3c xu\u1ea5t kh\u1ea9u sang Hoa K\u1ef3, V\u01b0\u01a1ng qu\u1ed1c Anh, \u0110\u1ee9c, T\u00e2y Ban Nha, C\u00e1c Ti\u1ec3u v\u01b0\u01a1ng qu\u1ed1c \u1ea2 R\u1eadp Th\u1ed1ng nh\u1ea5t, Nh\u1eadt B\u1ea3n v\u00e0 c\u00e1c n\u01b0\u1edbc kh\u00e1c.<\/p>\n<p><img fetchpriority=\"high\" decoding=\"async\" class=\"wp-image-12766 aligncenter\" src=\"https:\/\/havamall.vn\/wp-content\/uploads\/2025\/03\/9235873-300x200.jpg\" alt=\"\" width=\"643\" height=\"428\" \/><\/p>\n<p>Spicy Sicilian l\u00e0 m\u1ed9t li\u00ean doanh c\u1ee7a Trung Qu\u1ed1c, \u00dd v\u00e0 V\u01b0\u01a1ng qu\u1ed1c Anh. C\u00f3 tr\u1ee5 s\u1edf t\u1ea1i B\u1eafc Kinh, n\u00f3 c\u0169ng c\u00f3 v\u0103n ph\u00f2ng mua s\u1eafm \u1edf \u00dd v\u00e0 V\u01b0\u01a1ng qu\u1ed1c Anh, v\u1edbi c\u00e1c ngu\u1ed3n l\u1ef1c \u0111\u1ed1i t\u00e1c kinh doanh m\u1ea1nh m\u1ebd.<\/p>\n<p>Spicy Sicilian \u0111\u1ea7u t\u01b0 v\u00e0o nh\u00e0 h\u00e0ng pizza th\u1ee7 c\u00f4ng c\u1ee7a \u00dd &#8220;PIZZA SAPORITA&#8221; t\u1ea1i B\u1eafc Kinh. Th\u00f4ng qua pizza \u00dd v\u00e0 c\u00e1c m\u00f3n \u00dd \u0111\u00edch th\u1ef1c, nhi\u1ec1u ng\u01b0\u1eddi c\u00f3 th\u1ec3 n\u1ebfm h\u01b0\u01a1ng v\u1ecb \u00dd v\u00e0 tr\u1ea3i nghi\u1ec7m cu\u1ed9c s\u1ed1ng \u00dd!<\/p>\n<h4><b>Th\u00f4ng tin s\u1ea3n ph\u1ea9m:<\/b><\/h4>\n<p><span style=\"font-weight: 400\">Nui Penne Rigate c\u1ee7a La Sicilia \u0111\u01b0\u1ee3c l\u00e0m t\u1eeb 100% l\u00faa m\u00ec c\u1ee9ng t\u1ef1 nhi\u00ean. K\u00edch th\u01b0\u1edbc kh\u00e1c nhau, h\u00ecnh d\u1ea1ng, v\u00e0 c\u00e1c lo\u1ea1i m\u00ec \u1ed1ng c\u00f3 s\u1eb5n. La Sicilia Pasta l\u00e0 k\u1ebft qu\u1ea3 c\u1ee7a vi\u1ec7c l\u1ef1a ch\u1ecdn nh\u1eefng nguy\u00ean li\u1ec7u th\u00f4 m\u1ed9t c\u00e1ch xu\u1ea5t s\u1eafc, c\u00f4ng ngh\u1ec7 t\u1ed1t nh\u1ea5t v\u00e0 h\u01a1n 100 n\u0103m kinh nghi\u1ec7m.<\/span><\/p>\n<p>\u0110\u01b0\u1eddng k\u00ednh l\u1edbn v\u00e0 nh\u1eefng \u0111\u01b0\u1eddng v\u00e2n c\u1ee7a Penne khi\u1ebfn n\u00f3 tr\u1edf n\u00ean l\u00fd t\u01b0\u1edfng \u0111\u1ec3 gi\u1eef l\u1ea1i n\u01b0\u1edbc s\u1ed1t tr\u00ean to\u00e0n b\u1ed9 b\u1ec1 m\u1eb7t, t\u1eeb trong ra ngo\u00e0i! H\u00e3y th\u1eed lo\u1ea1i nui Penne v\u1edbi n\u01b0\u1edbc s\u1ed1t th\u1ecbt ho\u1eb7c rau, n\u01b0\u1edbc s\u1ed1t tinh ch\u1ebf t\u1eeb s\u1eefa, nh\u01b0 s\u1ed1t kem n\u1ea5m, n\u01b0\u1edbc s\u1ed1t c\u00e0 chua ho\u1eb7c n\u01b0\u1edbc s\u1ed1t cay. Penne c\u0169ng ngon khi n\u1ea5u chung v\u1edbi c\u00e1c m\u00f3n th\u1ecbt h\u1ea7m ho\u1eb7c \u0111\u00fat l\u00f2,&#8230; Ngo\u00e0i ra, Penne s\u1ebd \u0111\u1ee1 b\u1ecb nh\u00e3o h\u01a1n khi n\u1ea5u so v\u1edbi c\u00e1c lo\u1ea1i kh\u00e1c.<\/p>\n<p><img decoding=\"async\" class=\"wp-image-12758 aligncenter\" src=\"https:\/\/havamall.vn\/wp-content\/uploads\/2025\/03\/HeaderProducts_Penne-Rigate-300x169.jpg\" alt=\"\" width=\"597\" height=\"336\" \/><\/p>\n<h4>H\u01b0\u1edbng d\u1eabn s\u1eed d\u1ee5ng:<\/h4>\n<p>&#8211; Th\u00f4ng th\u01b0\u1eddng nui s\u1ebd \u0111\u01b0\u1ee3c lu\u1ed9c trong n\u01b0\u1edbc s\u00f4i trong 8 ph\u00fat nh\u01b0ng s\u1ee3i nui c\u1ee7a La Sicilia n\u00ean lu\u1ed9c trong 11 ph\u00fat \u0111\u1ec3 c\u00f3 \u0111\u1ed9 dai ngon \u0111\u00fang \u0111\u1ed9. T\u1ed1t nh\u1ea5t n\u00ean\u00a0<strong>th\u1ea3 nui v\u00e0o<\/strong>\u00a0<strong>khi n\u01b0\u1edbc c\u00f2n l\u1ea1nh<\/strong>, th\u1eddi gian n\u01b0\u1edbc \u1ea5m d\u1ea7n s\u1ebd gi\u00fap nui m\u1ec1m, ch\u00edn \u0111\u1ec1u m\u00e0 kh\u00f4ng b\u1ecb b\u1edf.<\/p>\n<p>&#8211; Th\u00eam\u00a0mu\u1ed1i\u00a0v\u00e0o n\u01b0\u1edbc t\u0103ng h\u01b0\u01a1ng v\u1ecb c\u1ee7a nui sau khi lu\u1ed9c.<\/p>\n<p>&#8211; Nh\u1ecf v\u00e0i gi\u1ecdt\u00a0d\u1ea7u \u0103n\u00a0v\u00e0o n\u01b0\u1edbc v\u00e0 \u0111\u1ea3o \u0111\u1ec1u, tr\u00e1nh t\u00ecnh tr\u1ea1ng nui d\u00ednh l\u1ea1i v\u1edbi nhau.<\/p>\n<p>&#8211; Nui sau khi lu\u1ed9c ph\u1ea3i \u0111\u01b0\u1ee3c\u00a0<strong>ng\u00e2m ngay v\u00e0o<\/strong>\u00a0<strong>n\u01b0\u1edbc \u0111\u00e1 l\u1ea1nh<\/strong>\u00a0gi\u00fap nui gi\u1eef \u0111\u01b0\u1ee3c \u0111\u1ed9 dai. V\u1edbi nui c\u00f3 \u0111\u1ed9 m\u1ec1m nh\u01b0 nui xo\u1eafn, nui n\u01a1 kh\u00f4ng c\u1ea7n nh\u00fang n\u01b0\u1edbc l\u1ea1nh, ch\u1ec9 c\u1ea7n \u0111\u1ec3 r\u00e1o n\u01b0\u1edbc l\u00e0 \u0111\u01b0\u1ee3c. Thay v\u00ec n\u1ea5u ch\u00fang tr\u1ef1c ti\u1ebfp tr\u00ean b\u1ebfp b\u1ea1n n\u00ean x\u00e0o ch\u00edn c\u00e1c nguy\u00ean li\u1ec7u,<strong>\u00a0tr\u1ed9n \u0111\u1ec1u v\u1edbi nui<\/strong>\u00a0khi c\u00f2n \u1ea5m.<\/p>\n<p>&#8211; N\u1ebfu mu\u1ed1n th\u1ea3 nui v\u00e0o n\u1ea5u c\u00f9ng n\u01b0\u1edbc d\u00f9ng, b\u1ea1n n\u00ean\u00a0<strong>ng\u00e2m nui v\u1edbi n\u01b0\u1edbc \u1ea5m<\/strong>\u00a0tr\u01b0\u1edbc 30 ph\u00fat. Th\u1ea3 nui v\u00e0o c\u00f9ng l\u00fac v\u1edbi c\u00e1c lo\u1ea1i c\u1ee7 c\u00f3 \u0111\u1ed9 c\u1ee9ng nh\u01b0 c\u00e0 r\u1ed1t, xu h\u00e0o&#8230;<\/p>\n<p><img decoding=\"async\" class=\"wp-image-12749 aligncenter\" src=\"https:\/\/havamall.vn\/wp-content\/uploads\/2025\/03\/rua-sach-va-luoc-nui-chin-300x200.jpg\" alt=\"\" width=\"553\" height=\"369\" \/><\/p>\n<ul>\n<li style=\"font-weight: 400\"><span style=\"font-weight: 400\">Xu\u1ea5t x\u1ee9: \u00dd<\/span><\/li>\n<li style=\"font-weight: 400\"><span style=\"font-weight: 400\">Kh\u1ed1i l\u01b0\u1ee3ng: 500g<\/span><\/li>\n<li style=\"font-weight: 400\"><span style=\"font-weight: 400\">Th\u1eddi h\u1ea1n s\u1eed d\u1ee5ng: 3 n\u0103m<\/span><\/li>\n<\/ul>","protected":false},"excerpt":{"rendered":"<p><span style=\"font-weight: 400\">La Sicilia Pasta \u0111\u01b0\u1ee3c l\u00e0m ra t\u1eeb 100% l\u00faa m\u00ec c\u1ee9ng t\u1ef1 nhi\u00ean v\u00e0 l\u00e0 k\u1ebft qu\u1ea3 c\u1ee7a vi\u1ec7c l\u1ef1a ch\u1ecdn nh\u1eefng nguy\u00ean li\u1ec7u th\u00f4 m\u1ed9t c\u00e1ch xu\u1ea5t s\u1eafc<\/span><\/p>\n<p>&nbsp;<\/p>","protected":false},"featured_media":24160,"comment_status":"open","ping_status":"closed","template":"","meta":[],"product_brand":[],"product_cat":[672,36,134,143],"product_tag":[],"class_list":{"0":"post-12765","1":"product","2":"type-product","3":"status-publish","4":"has-post-thumbnail","6":"product_cat-nhap-khau-y","7":"product_cat-thuc-pham-tieu-dung","8":"product_cat-thucpham-saykho","9":"product_cat-thuc-pham-dong-hop","10":"pa_brand-lasicilia","12":"first","13":"instock","14":"sale","15":"shipping-taxable","16":"purchasable","17":"product-type-simple"},"_links":{"self":[{"href":"https:\/\/havamall.vn\/en\/wp-json\/wp\/v2\/product\/12765"}],"collection":[{"href":"https:\/\/havamall.vn\/en\/wp-json\/wp\/v2\/product"}],"about":[{"href":"https:\/\/havamall.vn\/en\/wp-json\/wp\/v2\/types\/product"}],"replies":[{"embeddable":true,"href":"https:\/\/havamall.vn\/en\/wp-json\/wp\/v2\/comments?post=12765"}],"version-history":[{"count":0,"href":"https:\/\/havamall.vn\/en\/wp-json\/wp\/v2\/product\/12765\/revisions"}],"wp:featuredmedia":[{"embeddable":true,"href":"https:\/\/havamall.vn\/en\/wp-json\/wp\/v2\/media\/24160"}],"wp:attachment":[{"href":"https:\/\/havamall.vn\/en\/wp-json\/wp\/v2\/media?parent=12765"}],"wp:term":[{"taxonomy":"product_brand","embeddable":true,"href":"https:\/\/havamall.vn\/en\/wp-json\/wp\/v2\/product_brand?post=12765"},{"taxonomy":"product_cat","embeddable":true,"href":"https:\/\/havamall.vn\/en\/wp-json\/wp\/v2\/product_cat?post=12765"},{"taxonomy":"product_tag","embeddable":true,"href":"https:\/\/havamall.vn\/en\/wp-json\/wp\/v2\/product_tag?post=12765"}],"curies":[{"name":"wp","href":"https:\/\/api.w.org\/{rel}","templated":true}]}}