{"id":12730,"date":"2019-11-21T11:27:24","date_gmt":"2019-11-21T04:27:24","guid":{"rendered":"https:\/\/havamall.vn\/?post_type=product&#038;p=12730"},"modified":"2021-06-24T15:17:45","modified_gmt":"2021-06-24T08:17:45","slug":"tra-sua-toffee-toffee-milk-tea-300ml","status":"publish","type":"product","link":"https:\/\/havamall.vn\/en\/shop\/tra-sua-toffee-toffee-milk-tea-300ml\/","title":{"rendered":"Tr\u00e0 s\u1eefa Toffee &#8211; Toffee Milk Tea 300ml"},"content":{"rendered":"<p>Tr\u00e0 s\u1eefa Meco l\u00e0 s\u1ea3n ph\u1ea9m c\u1ee7a th\u01b0\u01a1ng hi\u1ec7u tr\u00e0 s\u1eefa Xiang Piao Piao, n\u1ed5i ti\u1ebfng v\u1edbi v\u1ecb tr\u00e0 s\u1eefa \u0111\u01b0\u1ee3c \u0111i\u1ec1u ch\u1ebf t\u1ec9 m\u1ec9, \u0111\u1ea3m b\u1ea3o \u0111\u01b0\u1ee3c \u0111\u1ed9 dung h\u00f2a ho\u00e0n h\u1ea3o gi\u1eefa h\u1ed3ng tr\u00e0 v\u00e0 s\u1eefa b\u00f2, h\u01b0\u01a1ng s\u1eefa n\u1ed3ng \u0111\u01b0\u1ee3m, m\u00f9i v\u1ecb nguy\u00ean ch\u1ea5t tinh khi\u1ebft, l\u00e0 m\u1ed9t s\u1ea3n ph\u1ea9m hi\u1ebfm hoi v\u1edbi ch\u1ea5t l\u01b0\u1ee3ng an to\u00e0n cho s\u1ee9c kh\u1ecfe cao.<\/p>\n<p><img fetchpriority=\"high\" decoding=\"async\" class=\"wp-image-12731 aligncenter\" src=\"https:\/\/havamall.vn\/wp-content\/uploads\/2019\/11\/xpp-baitao-taifei-01-1-300x300.jpg\" alt=\"\" width=\"407\" height=\"407\" srcset=\"https:\/\/havamall.vn\/wp-content\/uploads\/2019\/11\/xpp-baitao-taifei-01-1-300x300.jpg 300w, https:\/\/havamall.vn\/wp-content\/uploads\/2019\/11\/xpp-baitao-taifei-01-1-430x430.jpg 430w, https:\/\/havamall.vn\/wp-content\/uploads\/2019\/11\/xpp-baitao-taifei-01-1-150x150.jpg 150w, https:\/\/havamall.vn\/wp-content\/uploads\/2019\/11\/xpp-baitao-taifei-01-1-700x700.jpg 700w, https:\/\/havamall.vn\/wp-content\/uploads\/2019\/11\/xpp-baitao-taifei-01-1-768x768.jpg 768w, https:\/\/havamall.vn\/wp-content\/uploads\/2019\/11\/xpp-baitao-taifei-01-1-600x600.jpg 600w, https:\/\/havamall.vn\/wp-content\/uploads\/2019\/11\/xpp-baitao-taifei-01-1-100x100.jpg 100w, https:\/\/havamall.vn\/wp-content\/uploads\/2019\/11\/xpp-baitao-taifei-01-1.jpg 800w\" sizes=\"(max-width: 407px) 100vw, 407px\" \/><\/p>\n<p>Tr\u00e0 s\u1eefa \u0111\u01b0\u1ee3c gi\u1edbi tr\u1ebb \u01b0a chu\u1ed9ng do c\u1ea3m gi\u00e1c ngon, v\u1ecb th\u01a1m v\u00e0 b\u00e9o. V\u1edbi t\u00edn \u0111\u1ed3 tr\u00e0 s\u1eefa, th\u01b0\u1edfng th\u1ee9c m\u1ed9t ly tr\u00e0 s\u1eefa mang l\u1ea1i c\u1ea3m gi\u00e1c d\u1ec5 ch\u1ecbu, c\u00f9ng b\u1ea1n b\u00e8 vui v\u1ebb g\u1eb7p m\u1eb7t nh\u1eefng bu\u1ed5i cu\u1ed1i tu\u1ea7n. Kh\u00e1c v\u1edbi c\u00e0 ph\u00ea hay r\u01b0\u1ee3u l\u00e0 lo\u1ea1i th\u1ee9c u\u1ed1ng c\u00f3 ch\u1ea5t k\u00edch th\u00edch th\u1ea7n kinh th\u00ec tr\u00e0 s\u1eefa l\u00e0 m\u00f3n n\u01b0\u1edbc d\u1ec5 u\u1ed1ng, x\u1ea3 stress hi\u1ec7u qu\u1ea3 v\u00e0 c\u00f3 th\u1ec3 d\u00f9ng b\u1ea5t k\u00ec th\u1eddi \u0111i\u1ec3m n\u00e0o trong ng\u00e0y m\u00e0 kh\u00f4ng ph\u1ea3i lo l\u1eafng v\u1ec1 \u0111i\u1ec1u g\u00ec<\/p>\n<h4>C\u00f3 3 v\u1ecb: Oolong \u0110\u00e0o, Matcha Latte, Toffee<\/h4>\n<h3><strong>Th\u00e0nh ph\u1ea7n nguy\u00ean li\u1ec7u:\u00a0<\/strong><\/h3>\n<ul>\n<li>H\u1ed3ng Tr\u00e0 Assam \u1ea4n \u0110\u1ed9: V\u00f9ng \u0111\u1ea5t tr\u1ed3ng tr\u00e0 n\u1ed5i ti\u1ebfng tr\u1ea3i d\u00e0i t\u1eeb s\u00f4ng Brahmaputra \u0111\u1ebfn bi\u00ean gi\u1edbi Bangladesh v\u00e0 Myanmar.<\/li>\n<li>S\u1eefa b\u00f2 Australia: \u0111\u01b0\u1ee3c gi\u00e1m s\u00e1t \u0111\u1ecbnh k\u00ec, qu\u1ea3n l\u00fd, ki\u1ec3m tra ch\u1ea5t l\u01b0\u1ee3ng nghi\u00eam ng\u1eb7t.<\/li>\n<\/ul>\n<p><img decoding=\"async\" class=\"wp-image-12710 aligncenter\" src=\"https:\/\/havamall.vn\/wp-content\/uploads\/2019\/11\/O1CN01jMA8Ex1vctm05MuUL__2200805606194_2048x2048-266x300.jpg\" alt=\"\" width=\"404\" height=\"456\" srcset=\"https:\/\/havamall.vn\/wp-content\/uploads\/2019\/11\/O1CN01jMA8Ex1vctm05MuUL__2200805606194_2048x2048-266x300.jpg 266w, https:\/\/havamall.vn\/wp-content\/uploads\/2019\/11\/O1CN01jMA8Ex1vctm05MuUL__2200805606194_2048x2048-430x484.jpg 430w, https:\/\/havamall.vn\/wp-content\/uploads\/2019\/11\/O1CN01jMA8Ex1vctm05MuUL__2200805606194_2048x2048-150x169.jpg 150w, https:\/\/havamall.vn\/wp-content\/uploads\/2019\/11\/O1CN01jMA8Ex1vctm05MuUL__2200805606194_2048x2048-700x789.jpg 700w, https:\/\/havamall.vn\/wp-content\/uploads\/2019\/11\/O1CN01jMA8Ex1vctm05MuUL__2200805606194_2048x2048-768x865.jpg 768w, https:\/\/havamall.vn\/wp-content\/uploads\/2019\/11\/O1CN01jMA8Ex1vctm05MuUL__2200805606194_2048x2048-600x676.jpg 600w, https:\/\/havamall.vn\/wp-content\/uploads\/2019\/11\/O1CN01jMA8Ex1vctm05MuUL__2200805606194_2048x2048.jpg 790w\" sizes=\"(max-width: 404px) 100vw, 404px\" \/><\/p>\n<ul>\n<li><strong style=\"color: #1b1919;font-family: Karla, Arial, Helvetica, sans-serif;font-size: 22px\">\u0110\u1eb7c \u0111i\u1ec3m<\/strong>\n<ul>\n<li>Tr\u00e0 s\u1eefa Meco v\u1edbi thi\u1ebft k\u1ebf h\u1ed9p ti\u1ec7n l\u1ee3i: n\u1eafp nh\u1ef1a PP ch\u1eafc ch\u1eafn.<\/li>\n<li>Nguy\u00ean li\u1ec7u l\u00e0m h\u1ed9p gi\u1ea5y \u0111\u01b0\u1ee3c s\u1ea3n xu\u1ea5t 100% t\u1eeb b\u00e3 m\u00eda, gi\u1ea5y d\u00e0y \u0111\u1ed9 c\u1ee9ng cao khi \u0111\u1ed5 n\u01b0\u1edbc n\u00f3ng v\u00e0o ho\u00e0n to\u00e0n kh\u00f4ng b\u1ecb m\u1ec1m hay bi\u1ebfn d\u1ea1ng<\/li>\n<li>S\u1ea3n ph\u1ea9m \u0111\u01b0\u1ee3c s\u1ea3n xu\u1ea5t theo ti\u00eau chu\u1ea9n 5 kh\u00f4ng: kh\u00f4ng th\u00eam kem s\u1eefa, kh\u00f4ng th\u00eam ch\u1ea5t b\u1ea3o qu\u1ea3n, kh\u00f4ng th\u00eam ch\u1ea5t \u0111i\u1ec1u m\u00f9i, kh\u00f4ng th\u00eam ch\u1ea5t l\u00e0m ng\u1ecdt, kh\u00f4ng ch\u1ee9a ch\u1ea5t b\u00e9o<\/li>\n<li>S\u1ea3n xu\u1ea5t theo c\u00f4ng ngh\u1ec7 th\u00e2n thi\u1ec7n v\u1edbi m\u00f4i tr\u01b0\u1eddng. S\u1ea3n ph\u1ea9m c\u00f3 th\u1ec3 mang theo trong nh\u1eefng chuy\u1ebfn du l\u1ecbch, d\u00e3 ngo\u1ea1i ngo\u00e0i tr\u1eddi \u0111\u1ec3 th\u01b0\u1edfng th\u1ee9c c\u00f9ng gia \u0111\u00ecnh, b\u1ea1n b\u00e8.<\/li>\n<\/ul>\n<p><strong>\u2714\ufe0f D\u1ea0NG N\u01af\u1edaC \u0111\u00f3ng ly ti\u1ec7t tr\u00f9ng, ti\u1ec7n l\u1ee3i v\u00e0 \u0111\u1ea3m b\u1ea3o v\u1ec7 sinh.<\/strong><br \/>\n<strong>\u2714\ufe0f Mang \u0111i h\u1ecdc, \u0111i l\u00e0m, \u0111i ch\u01a1i, du l\u1ecbch d\u1ec5 d\u00e0ng.<\/strong><\/li>\n<\/ul>\n<p>&nbsp;<\/p>\n<p>&nbsp;<\/p>\n<p>&nbsp;<\/p>\n<p>&nbsp;<\/p>\n<p>&nbsp;<\/p>","protected":false},"excerpt":{"rendered":"<p>Tr\u00e0 s\u1eefa \u0111\u01b0\u1ee3c \u0111i\u1ec1u ch\u1ebf t\u1ec9 m\u1ec9, \u0111\u1ea3m b\u1ea3o \u0111\u01b0\u1ee3c \u0111\u1ed9 dung h\u00f2a ho\u00e0n h\u1ea3o gi\u1eefa h\u1ed3ng tr\u00e0 v\u00e0 s\u1eefa b\u00f2, h\u01b0\u01a1ng s\u1eefa n\u1ed3ng \u0111\u01b0\u1ee3m, m\u00f9i v\u1ecb nguy\u00ean ch\u1ea5t tinh khi\u1ebft, l\u00e0 m\u1ed9t s\u1ea3n ph\u1ea9m hi\u1ebfm hoi v\u1edbi ch\u1ea5t l\u01b0\u1ee3ng an to\u00e0n cho s\u1ee9c kh\u1ecfe cao<\/p>\n<p>&nbsp;<\/p>","protected":false},"featured_media":12740,"comment_status":"open","ping_status":"closed","template":"","meta":[],"product_brand":[],"product_cat":[626],"product_tag":[],"class_list":{"0":"post-12730","1":"product","2":"type-product","3":"status-publish","4":"has-post-thumbnail","6":"product_cat-het-hang","7":"pa_brand-meco","9":"first","10":"outofstock","11":"sale","12":"shipping-taxable","13":"purchasable","14":"product-type-simple"},"_links":{"self":[{"href":"https:\/\/havamall.vn\/en\/wp-json\/wp\/v2\/product\/12730"}],"collection":[{"href":"https:\/\/havamall.vn\/en\/wp-json\/wp\/v2\/product"}],"about":[{"href":"https:\/\/havamall.vn\/en\/wp-json\/wp\/v2\/types\/product"}],"replies":[{"embeddable":true,"href":"https:\/\/havamall.vn\/en\/wp-json\/wp\/v2\/comments?post=12730"}],"version-history":[{"count":0,"href":"https:\/\/havamall.vn\/en\/wp-json\/wp\/v2\/product\/12730\/revisions"}],"wp:featuredmedia":[{"embeddable":true,"href":"https:\/\/havamall.vn\/en\/wp-json\/wp\/v2\/media\/12740"}],"wp:attachment":[{"href":"https:\/\/havamall.vn\/en\/wp-json\/wp\/v2\/media?parent=12730"}],"wp:term":[{"taxonomy":"product_brand","embeddable":true,"href":"https:\/\/havamall.vn\/en\/wp-json\/wp\/v2\/product_brand?post=12730"},{"taxonomy":"product_cat","embeddable":true,"href":"https:\/\/havamall.vn\/en\/wp-json\/wp\/v2\/product_cat?post=12730"},{"taxonomy":"product_tag","embeddable":true,"href":"https:\/\/havamall.vn\/en\/wp-json\/wp\/v2\/product_tag?post=12730"}],"curies":[{"name":"wp","href":"https:\/\/api.w.org\/{rel}","templated":true}]}}