{"id":12658,"date":"2019-11-15T17:17:51","date_gmt":"2019-11-15T10:17:51","guid":{"rendered":"https:\/\/havamall.vn\/?post_type=product&#038;p=12658"},"modified":"2025-03-18T15:00:27","modified_gmt":"2025-03-18T08:00:27","slug":"mi-y-lasicilia-goi-500gr-lasicilia-spaghetti-5","status":"publish","type":"product","link":"https:\/\/havamall.vn\/en\/shop\/mi-y-lasicilia-goi-500gr-lasicilia-spaghetti-5\/","title":{"rendered":"M\u00ec \u00dd Lasicilia g\u00f3i 500gr &#8211; Lasicilia Spaghetti s\u1ed1 5"},"content":{"rendered":"<h4><b>Gi\u1edbi thi\u1ec7u c\u00f4ng ty:<\/b><\/h4>\n<p><span style=\"font-weight: 400\">N\u1eb1m \u1edf t\u1ec9nh Napoli, v\u00f9ng Campania c\u1ee7a \u00dd, Spicy Sicilian \u0111\u01b0\u1ee3c th\u00e0nh l\u1eadp v\u00e0o n\u0103m 1883. Trong t\u1ea5t c\u1ea3 nh\u1eefng n\u0103m n\u00e0y, c\u00f4ng ty lu\u00f4n ch\u00fa \u00fd \u0111\u1eb7c bi\u1ec7t \u0111\u1ebfn nhu c\u1ea7u c\u1ee7a ng\u01b0\u1eddi ti\u00eau d\u00f9ng v\u00e0 v\u1ec1 ch\u1ea5t l\u01b0\u1ee3ng s\u1ea3n ph\u1ea9m. Nh\u1edd s\u1ef1 ch\u00fa \u00fd c\u1ee7a m\u00ecnh, qua h\u01a1n 100 n\u0103m \u0111\u1ed5i m\u1edbi v\u00e0 nghi\u00ean c\u1ee9u c\u00f4ng ngh\u1ec7, danh ti\u1ebfng c\u1ee7a c\u00f4ng ty \u0111\u00e3 \u0111\u1ea1t \u0111\u1ebfn m\u1ee9c r\u1ea5t cao kh\u00f4ng ch\u1ec9 \u1edf \u00dd m\u00e0 c\u00f2n tr\u00ean to\u00e0n ch\u00e2u \u00c2u.<\/span><\/p>\n<p>Cho \u0111\u1ebfn nay, nh\u00e0 m\u00e1y c\u00f3 s\u1ea3n l\u01b0\u1ee3ng h\u00e0ng n\u0103m h\u01a1n 100 tri\u1ec7u t\u1ea5n m\u00ec \u1ed1ng, \u0111\u01b0\u1ee3c xu\u1ea5t kh\u1ea9u sang Hoa K\u1ef3, V\u01b0\u01a1ng qu\u1ed1c Anh, \u0110\u1ee9c, T\u00e2y Ban Nha, C\u00e1c Ti\u1ec3u v\u01b0\u01a1ng qu\u1ed1c \u1ea2 R\u1eadp Th\u1ed1ng nh\u1ea5t, Nh\u1eadt B\u1ea3n v\u00e0 c\u00e1c n\u01b0\u1edbc kh\u00e1c.<\/p>\n<p><img fetchpriority=\"high\" decoding=\"async\" class=\"wp-image-12766 aligncenter\" src=\"https:\/\/havamall.vn\/wp-content\/uploads\/2025\/03\/9235873-300x200.jpg\" alt=\"\" width=\"643\" height=\"428\" \/><\/p>\n<p>Spicy Sicilian l\u00e0 m\u1ed9t li\u00ean doanh c\u1ee7a Trung Qu\u1ed1c, \u00dd v\u00e0 V\u01b0\u01a1ng qu\u1ed1c Anh. C\u00f3 tr\u1ee5 s\u1edf t\u1ea1i B\u1eafc Kinh, n\u00f3 c\u0169ng c\u00f3 v\u0103n ph\u00f2ng mua s\u1eafm \u1edf \u00dd v\u00e0 V\u01b0\u01a1ng qu\u1ed1c Anh, v\u1edbi c\u00e1c ngu\u1ed3n l\u1ef1c \u0111\u1ed1i t\u00e1c kinh doanh m\u1ea1nh m\u1ebd.<\/p>\n<p>Spicy Sicilian \u0111\u1ea7u t\u01b0 v\u00e0o nh\u00e0 h\u00e0ng pizza th\u1ee7 c\u00f4ng c\u1ee7a \u00dd &#8220;PIZZA SAPORITA&#8221; t\u1ea1i B\u1eafc Kinh. Th\u00f4ng qua pizza \u00dd v\u00e0 c\u00e1c m\u00f3n \u00dd \u0111\u00edch th\u1ef1c, nhi\u1ec1u ng\u01b0\u1eddi c\u00f3 th\u1ec3 n\u1ebfm h\u01b0\u01a1ng v\u1ecb \u00dd v\u00e0 tr\u1ea3i nghi\u1ec7m cu\u1ed9c s\u1ed1ng \u00dd!<\/p>\n<h4><b>Th\u00f4ng tin s\u1ea3n ph\u1ea9m:<\/b><\/h4>\n<p><span style=\"font-weight: 400\">M\u00ec Spaghetti c\u1ee7a La Sicilia \u0111\u01b0\u1ee3c l\u00e0m t\u1eeb 100% l\u00faa m\u00ec c\u1ee9ng t\u1ef1 nhi\u00ean. K\u00edch th\u01b0\u1edbc kh\u00e1c nhau, h\u00ecnh d\u1ea1ng, v\u00e0 c\u00e1c lo\u1ea1i m\u00ec \u1ed1ng c\u00f3 s\u1eb5n. La Sicilia Pasta l\u00e0 k\u1ebft qu\u1ea3 c\u1ee7a vi\u1ec7c l\u1ef1a ch\u1ecdn nh\u1eefng nguy\u00ean li\u1ec7u th\u00f4 m\u1ed9t c\u00e1ch xu\u1ea5t s\u1eafc, c\u00f4ng ngh\u1ec7 t\u1ed1t nh\u1ea5t v\u00e0 h\u01a1n 100 n\u0103m kinh nghi\u1ec7m.<\/span><\/p>\n<p>Spaghetti l\u00e0 m\u1ed9t lo\u1ea1i m\u1ef3 Pasta c\u00f3 d\u1ea1ng s\u1ee3i tr\u00f2n nh\u1ecf, \u0111\u01b0\u1ee3c l\u00e0m t\u1eeb b\u1ed9t m\u00ec lo\u1ea1i Semolina v\u00e0 n\u01b0\u1edbc. Th\u1ee9 \u0111\u1eb7c tr\u01b0ng nh\u1ea5t gi\u00fap ph\u00e2n bi\u1ec7t Spaghetti &#8211; \u201cN\u1eef ho\u00e0ng\u00a0\u1ea9m th\u1ef1c \u00dd\u201d so v\u1edbi c\u00e1c lo\u1ea1i m\u1ef3 c\u1ee7a n\u01b0\u1edbc kh\u00e1c \u0111\u00f3 l\u00e0 nh\u1edd v\u00e0o th\u00e0nh ph\u1ea7n ch\u00ednh l\u00e0 lo\u1ea1i b\u1ed9t m\u1ef3 Semolina, \u0111\u01b0\u1ee3c l\u00e0m t\u1eeb lo\u1ea1i l\u00faa m\u1ef3 c\u1ee9ng nh\u1ea5t c\u00f3 m\u00e0u h\u1ed5 ph\u00e1ch sinh s\u00f4i n\u01a1i n\u01b0\u1edbc \u00dd. C\u00f3 v\u00f4 v\u00e0n m\u00f3n \u0103n \u0111\u01b0\u1ee3c ch\u1ebf bi\u1ebfn t\u1eeb m\u1ef3 Spaghetti nh\u01b0: Spaghetti c\u00f9ng v\u1edbi pho m\u00e1t v\u00e0 t\u1ecfi, Spaghetti v\u1edbi c\u00e0 chua th\u1ecbt b\u1eb1m, Spaghetti v\u1edbi c\u00e0 chua, Spaghetti c\u00e1 ng\u1eeb, Spaghetti c\u00e1 h\u1ed3i, Spaghetti h\u1ea3i s\u1ea3n, Spaghetti s\u1ed1t kem,&#8230;<\/p>\n<p><img decoding=\"async\" class=\"wp-image-12770 aligncenter\" src=\"https:\/\/havamall.vn\/wp-content\/uploads\/2025\/03\/Pomodoro-Sauce-16-237x300.jpg\" alt=\"\" width=\"493\" height=\"624\" \/><\/p>\n<h4>H\u01b0\u1edbng d\u1eabn s\u1eed d\u1ee5ng:<\/h4>\n<p>Cho n\u1ed3i c\u00f3 1 l\u00edt n\u01b0\u1edbc l\u00ean \u0111un s\u00f4i. Cho th\u00eam 1 mu\u1ed7ng cafe mu\u1ed1i, 1 mu\u1ed7ng d\u1ea7u \u0103n v\u00e0o. Khi n\u01b0\u1edbc s\u00f4i gi\u00e0 th\u00ec cho s\u1ee3i m\u1ef3 Spaghetti kh\u00f4 v\u00e0o, \u0111\u1eady n\u1eafp, lu\u1ed9c m\u1ef3 trong kho\u1ea3ng 8 \u2013 10 ph\u00fat (theo h\u01b0\u1edbng d\u1eabn tr\u00ean bao b\u00ec) cho c\u1ecdng m\u1ef3 ch\u00edn m\u1ec1m. B\u1ea1n d\u00f9ng tay b\u1ea5m v\u00e0o c\u1ecdng m\u1ef3, n\u1ebfu th\u1ea5y c\u00f2n h\u01a1i c\u1ee9ng th\u00ec ti\u1ebfp t\u1ee5c lu\u1ed9c th\u00eam, c\u00f2n n\u1ebfu m\u1ef3 \u0111\u00e3 ch\u00edn m\u1ec1m th\u00ec v\u1edbt ra, cho v\u00e0o thau n\u01b0\u1edbc \u0111un s\u00f4i \u0111\u1ec3 ngu\u1ed9i. C\u00e1ch n\u00e0y gi\u00fap s\u1ee3i m\u1ef3 dai, gi\u00f2n m\u00e0 kh\u00f4ng b\u1ecb d\u00ednh ch\u00f9m v\u1edbi nhau. Sau \u0111\u00f3, v\u1edbt m\u1ef3 ra, \u0111\u1ec3 r\u00e1o. Khi m\u1ef3 \u0111\u00e3 r\u00e1o n\u01b0\u1edbc, cho 2 mu\u1ed7ng d\u1ea7u olive v\u00e0o m\u1ef3 r\u1ed3i tr\u1ed9n \u0111\u1ec1u, sao cho s\u1ee3i m\u1ef3 th\u1ea5m d\u1ea7u b\u00f3ng v\u00e0 \u0111\u1eb9p.<\/p>\n<p><img decoding=\"async\" class=\"wp-image-12752 aligncenter\" src=\"https:\/\/havamall.vn\/wp-content\/uploads\/2025\/03\/luoc-mi-y-bang-nuoc-soi-300x200.jpg\" alt=\"\" width=\"519\" height=\"346\" \/><\/p>\n<ul>\n<li>Xu\u1ea5t x\u1ee9: \u00dd<\/li>\n<li>Kh\u1ed1i l\u01b0\u1ee3ng: 500g<\/li>\n<li>Th\u1eddi h\u1ea1n s\u1eed d\u1ee5ng: 3 n\u0103m<\/li>\n<\/ul>\n<p>&nbsp;<\/p>\n<p>&nbsp;<\/p>\n<p>&nbsp;<\/p>\n<p>&nbsp;<\/p>\n<p>&nbsp;<\/p>\n<p>&nbsp;<\/p>\n<p>&nbsp;<\/p>","protected":false},"excerpt":{"rendered":"<p>La Sicilia Pasta \u0111\u01b0\u1ee3c l\u00e0m ra t\u1eeb 100% l\u00faa m\u00ec c\u1ee9ng t\u1ef1 nhi\u00ean v\u00e0 l\u00e0 k\u1ebft qu\u1ea3 c\u1ee7a vi\u1ec7c l\u1ef1a ch\u1ecdn nh\u1eefng nguy\u00ean li\u1ec7u th\u00f4 m\u1ed9t c\u00e1ch xu\u1ea5t s\u1eafc<\/p>\n<p>&nbsp;<\/p>\n<p>&nbsp;<\/p>","protected":false},"featured_media":24163,"comment_status":"open","ping_status":"closed","template":"","meta":[],"product_brand":[],"product_cat":[672,36,134],"product_tag":[],"class_list":{"0":"post-12658","1":"product","2":"type-product","3":"status-publish","4":"has-post-thumbnail","6":"product_cat-nhap-khau-y","7":"product_cat-thuc-pham-tieu-dung","8":"product_cat-thucpham-saykho","9":"pa_brand-lasicilia","11":"first","12":"instock","13":"sale","14":"shipping-taxable","15":"purchasable","16":"product-type-simple"},"_links":{"self":[{"href":"https:\/\/havamall.vn\/en\/wp-json\/wp\/v2\/product\/12658"}],"collection":[{"href":"https:\/\/havamall.vn\/en\/wp-json\/wp\/v2\/product"}],"about":[{"href":"https:\/\/havamall.vn\/en\/wp-json\/wp\/v2\/types\/product"}],"replies":[{"embeddable":true,"href":"https:\/\/havamall.vn\/en\/wp-json\/wp\/v2\/comments?post=12658"}],"version-history":[{"count":0,"href":"https:\/\/havamall.vn\/en\/wp-json\/wp\/v2\/product\/12658\/revisions"}],"wp:featuredmedia":[{"embeddable":true,"href":"https:\/\/havamall.vn\/en\/wp-json\/wp\/v2\/media\/24163"}],"wp:attachment":[{"href":"https:\/\/havamall.vn\/en\/wp-json\/wp\/v2\/media?parent=12658"}],"wp:term":[{"taxonomy":"product_brand","embeddable":true,"href":"https:\/\/havamall.vn\/en\/wp-json\/wp\/v2\/product_brand?post=12658"},{"taxonomy":"product_cat","embeddable":true,"href":"https:\/\/havamall.vn\/en\/wp-json\/wp\/v2\/product_cat?post=12658"},{"taxonomy":"product_tag","embeddable":true,"href":"https:\/\/havamall.vn\/en\/wp-json\/wp\/v2\/product_tag?post=12658"}],"curies":[{"name":"wp","href":"https:\/\/api.w.org\/{rel}","templated":true}]}}