{"id":12647,"date":"2019-11-15T14:00:15","date_gmt":"2019-11-15T07:00:15","guid":{"rendered":"https:\/\/havamall.vn\/?post_type=product&#038;p=12647"},"modified":"2022-02-17T11:16:34","modified_gmt":"2022-02-17T04:16:34","slug":"nuoc-tang-luc-vita-thung-10-chai-500mg","status":"publish","type":"product","link":"https:\/\/havamall.vn\/en\/shop\/nuoc-tang-luc-vita-thung-10-chai-500mg\/","title":{"rendered":"N\u01b0\u1edbc T\u0103ng L\u1ef1c Vita &#8211; Th\u00f9ng 10 chai 500"},"content":{"rendered":"<p><strong>M\u00f4 t\u1ea3 s\u1ea3n ph\u1ea9m<\/strong><\/p>\n<p><strong>N\u01b0\u1edbc t\u0103ng l\u1ef1c\u00a0Kwangdong\u00a0Vita 500\u00a0H\u1ed9p 10 chai x 100ml\u00a0<\/strong>l\u00e0 s\u1ea3n ph\u1ea9m b\u00e1n ch\u1ea1y tr\u00ean th\u1ecb tr\u01b0\u1eddng n\u01b0\u1edbc \u0111\u00f3ng chai \u1edf H\u00e0n Qu\u1ed1c. Hi\u1ec7n nay,\u00a0<strong>Vita 500<\/strong>\u00a0\u0111\u00e3 \u0111\u01b0\u1ee3c xu\u1ea5t kh\u1ea9u t\u1edbi 19 n\u01b0\u1edbc tr\u00ean th\u1ebf gi\u1edbi, trong \u0111\u00f3 c\u00f3 M\u1ef9, Trung Qu\u1ed1c, Nh\u1eadt B\u1ea3n.\u00a0V\u1edbi th\u00e0nh ph\u1ea7n: Vitamin C (Acid Ascorbic) 0.5 (500mg), Vitamin B2 (1.2 mg), \u0111\u01b0\u1eddng Fructose, chi\u1ebft xu\u1ea5t t\u00e1o, chi\u1ebft xu\u1ea5t cam, Acid Citric, Acid amin Taurine, Collagen Peptide,\u2026\u00a0<strong>Vita 500<\/strong>\u00a0gi\u00fap duy tr\u00ec s\u1ef1 tr\u1ebb trung v\u00e0 l\u00e0m l\u00e1ng m\u1ecbn da m\u1ed9t c\u00e1ch hi\u1ec7u qu\u1ea3.\u00a0<strong>Vita 500<\/strong>\u00a0Vitamin C c\u00f2n gi\u00fap t\u0103ng s\u1ee9c kh\u1ecfe v\u1eadt l\u00fd c\u1ee7a c\u01a1 th\u1ec3, mang \u0111\u1ebfn nhi\u1ec1u n\u0103ng l\u01b0\u1ee3ng trong c\u01a1 th\u1ec3, v\u00e0 gi\u00fap c\u01a1 th\u1ec3 ph\u1ee5c h\u1ed3i nhanh ch\u00f3ng, d\u1ebbo dai.\u00a0Vitamin C t\u1ef1 nhi\u00ean \u0111\u00f3ng vai tr\u00f2 quan tr\u1ecdng trong vi\u1ec7c h\u00ecnh th\u00e0nh collagen trong c\u01a1 th\u1ec3. Vitamin C t\u1ed3n t\u1ea1i trong c\u00e1c t\u1ebf b\u00e0o gi\u00fap t\u00e1i t\u1ea1o m\u00f4, l\u00e0m \u1ed5n \u0111\u1ecbnh c\u00e1c c\u1ea5u tr\u00fac collagen v\u00e0 c\u00f3 t\u00e1c d\u1ee5ng ch\u1ed1ng \u00f4 xi h\u00f3a. Thi\u1ebfu vitamin C s\u1ebd l\u00e0m ng\u01b0ng qu\u00e1 tr\u00ecnh s\u1ea3n xu\u1ea5t collagen v\u00e0 c\u00f3 th\u1ec3 d\u1eabn t\u1edbi c\u00e1c h\u1ed9i ch\u1ee9ng r\u1ed1i lo\u1ea1n.<\/p>\n<p><img fetchpriority=\"high\" decoding=\"async\" class=\"wp-image-12641 aligncenter\" src=\"https:\/\/havamall.vn\/wp-content\/uploads\/2019\/11\/1-300x300.jpg\" alt=\"\" width=\"404\" height=\"404\" srcset=\"https:\/\/havamall.vn\/wp-content\/uploads\/2019\/11\/1-300x300.jpg 300w, https:\/\/havamall.vn\/wp-content\/uploads\/2019\/11\/1-430x430.jpg 430w, https:\/\/havamall.vn\/wp-content\/uploads\/2019\/11\/1-150x150.jpg 150w, https:\/\/havamall.vn\/wp-content\/uploads\/2019\/11\/1-700x700.jpg 700w, https:\/\/havamall.vn\/wp-content\/uploads\/2019\/11\/1-768x768.jpg 768w, https:\/\/havamall.vn\/wp-content\/uploads\/2019\/11\/1-600x600.jpg 600w, https:\/\/havamall.vn\/wp-content\/uploads\/2019\/11\/1-100x100.jpg 100w, https:\/\/havamall.vn\/wp-content\/uploads\/2019\/11\/1.jpg 800w\" sizes=\"(max-width: 404px) 100vw, 404px\" \/><\/p>\n<p><strong>N\u01b0\u1edbc t\u0103ng l\u1ef1c\u00a0Kwangdong\u00a0Vita 500\u00a0H\u1ed9p 10 chai x 100ml<\/strong>\u00a0mang \u0111\u1ebfn ngu\u1ed3n Vitamin C ch\u1ea5t l\u01b0\u1ee3ng cao v\u00e0 \u1edf d\u1ea1ng c\u01a1 th\u1ec3 r\u1ea5t d\u1ec5 h\u1ea5p th\u1ee5. Vitamin C l\u00e0 lo\u1ea1i\u00a0Vitamin c\u1ee7a s\u1ee9c \u0111\u1ec1 kh\u00e1ng, s\u1ef1 tr\u1ebb trung v\u00e0 s\u1eafc \u0111\u1eb9p. Tuy nhi\u00ean c\u01a1 th\u1ec3 kh\u00f4ng th\u1ec3 t\u1ef1 t\u1ed5ng h\u1ee3p \u0111\u01b0\u1ee3c lo\u1ea1i Vitamin C thi\u1ebft y\u1ebfu n\u00e0y v\u00e0 v\u00ec th\u1ebf ch\u00fang ta c\u1ea7n ph\u1ea3i \u0111\u01b0a Vitamin v\u00e0o c\u01a1 th\u1ec3 d\u01b0\u1edbi d\u1ea1ng \u0111\u1ed3 \u0103n u\u1ed1ng (\u0111\u1ed3 u\u1ed1ng d\u1ec5 h\u1ea5p th\u1ee5 h\u01a1n) \u0111\u1ec3 c\u01a1 th\u1ec3 h\u1ea5p th\u1ee5.<\/p>\n<p>&nbsp;<\/p>\n<p>&nbsp;<\/p>","protected":false},"excerpt":{"rendered":"<p>Vita 500 mang \u0111\u1ebfn ngu\u1ed3n Vitamin C ch\u1ea5t l\u01b0\u1ee3ng cao v\u00e0 \u1edf d\u1ea1ng c\u01a1 th\u1ec3 r\u1ea5t d\u1ec5 h\u1ea5p th\u1ee5. C\u1ea3i thi\u1ec7n h\u1ec7 mi\u1ec5n d\u1ecbch, t\u0103ng c\u01b0\u1eddng n\u0103ng l\u01b0\u1ee3ng v\u00e0 gi\u00fap c\u01a1 th\u1ec3 l\u1ea5y l\u1ea1i s\u1ee9c s\u1ed1ng<\/p>","protected":false},"featured_media":16635,"comment_status":"open","ping_status":"closed","template":"","meta":[],"product_brand":[],"product_cat":[36,135,143],"product_tag":[],"class_list":{"0":"post-12647","1":"product","2":"type-product","3":"status-publish","4":"has-post-thumbnail","6":"product_cat-thuc-pham-tieu-dung","7":"product_cat-sua-do-uong","8":"product_cat-thuc-pham-dong-hop","9":"pa_brand-dai-thuan","11":"first","12":"outofstock","13":"sale","14":"shipping-taxable","15":"purchasable","16":"product-type-simple"},"_links":{"self":[{"href":"https:\/\/havamall.vn\/en\/wp-json\/wp\/v2\/product\/12647"}],"collection":[{"href":"https:\/\/havamall.vn\/en\/wp-json\/wp\/v2\/product"}],"about":[{"href":"https:\/\/havamall.vn\/en\/wp-json\/wp\/v2\/types\/product"}],"replies":[{"embeddable":true,"href":"https:\/\/havamall.vn\/en\/wp-json\/wp\/v2\/comments?post=12647"}],"version-history":[{"count":0,"href":"https:\/\/havamall.vn\/en\/wp-json\/wp\/v2\/product\/12647\/revisions"}],"wp:featuredmedia":[{"embeddable":true,"href":"https:\/\/havamall.vn\/en\/wp-json\/wp\/v2\/media\/16635"}],"wp:attachment":[{"href":"https:\/\/havamall.vn\/en\/wp-json\/wp\/v2\/media?parent=12647"}],"wp:term":[{"taxonomy":"product_brand","embeddable":true,"href":"https:\/\/havamall.vn\/en\/wp-json\/wp\/v2\/product_brand?post=12647"},{"taxonomy":"product_cat","embeddable":true,"href":"https:\/\/havamall.vn\/en\/wp-json\/wp\/v2\/product_cat?post=12647"},{"taxonomy":"product_tag","embeddable":true,"href":"https:\/\/havamall.vn\/en\/wp-json\/wp\/v2\/product_tag?post=12647"}],"curies":[{"name":"wp","href":"https:\/\/api.w.org\/{rel}","templated":true}]}}