{"id":12390,"date":"2019-11-13T13:35:34","date_gmt":"2019-11-13T06:35:34","guid":{"rendered":"https:\/\/havamall.vn\/?post_type=product&#038;p=12390"},"modified":"2023-06-09T11:15:46","modified_gmt":"2023-06-09T04:15:46","slug":"dau-ha-lan-vang-nguyen-hat-whole-yellow-peas-200gr","status":"publish","type":"product","link":"https:\/\/havamall.vn\/en\/shop\/dau-ha-lan-vang-nguyen-hat-whole-yellow-peas-200gr\/","title":{"rendered":"\u0110\u1eadu H\u00e0 Lan v\u00e0ng nguy\u00ean h\u1ea1t &#8211; Whole Yellow Peas 200gr"},"content":{"rendered":"<p>H\u1ea1t \u0111\u1eadu H\u00e0 Lan v\u00e0ng \u0111\u01b0\u1ee3c nh\u1eadp kh\u1ea9u t\u1eeb \u1ea4n \u0110\u1ed9 minh ch\u1ee9ng chu\u1ea9n m\u1ef1c v\u1ec1 An to\u00e0n v\u1ec7 sinh th\u1ef1c ph\u1ea9m; C\u00f4ng ngh\u1ec7 gieo tr\u1ed3ng thu\u1ea7n khi\u1ebft t\u1ef1 nhi\u00ean, sinh h\u1ecdc; Kh\u00f4ng bi\u1ebfn \u0111\u1ed5i Gen; Kh\u00f4ng s\u1eed d\u1ee5ng thu\u1ed1c b\u1ea3o qu\u1ea3n th\u1ef1c v\u1eadt; Kh\u00f4ng s\u1eed d\u1ee5ng ph\u00e2n h\u00f3a h\u1ecdc v\u00e0 k\u00edch th\u00edch sinh tr\u01b0\u1edfng.<\/p>\n<p><img fetchpriority=\"high\" decoding=\"async\" class=\"wp-image-12396 aligncenter\" src=\"https:\/\/havamall.vn\/wp-content\/uploads\/2019\/11\/img_2372-768x512-300x200.jpg\" alt=\"\" width=\"662\" height=\"442\" srcset=\"https:\/\/havamall.vn\/wp-content\/uploads\/2019\/11\/img_2372-768x512-300x200.jpg 300w, https:\/\/havamall.vn\/wp-content\/uploads\/2019\/11\/img_2372-768x512-430x287.jpg 430w, https:\/\/havamall.vn\/wp-content\/uploads\/2019\/11\/img_2372-768x512-150x100.jpg 150w, https:\/\/havamall.vn\/wp-content\/uploads\/2019\/11\/img_2372-768x512-700x467.jpg 700w, https:\/\/havamall.vn\/wp-content\/uploads\/2019\/11\/img_2372-768x512.jpg 768w, https:\/\/havamall.vn\/wp-content\/uploads\/2019\/11\/img_2372-768x512-600x400.jpg 600w\" sizes=\"(max-width: 662px) 100vw, 662px\" \/><\/p>\n<p>&nbsp;<\/p>\n<p>&nbsp;<\/p>\n<h2><strong>Th\u00e0nh ph\u1ea7n dinh d\u01b0\u1ee1ng<\/strong><\/h2>\n<p><img decoding=\"async\" class=\"wp-image-12391 aligncenter\" src=\"https:\/\/havamall.vn\/wp-content\/uploads\/2019\/11\/bang-gia-tri-din-duong-dau-ha-lan-vang-300x146.jpg\" alt=\"\" width=\"519\" height=\"253\" srcset=\"https:\/\/havamall.vn\/wp-content\/uploads\/2019\/11\/bang-gia-tri-din-duong-dau-ha-lan-vang-300x146.jpg 300w, https:\/\/havamall.vn\/wp-content\/uploads\/2019\/11\/bang-gia-tri-din-duong-dau-ha-lan-vang-430x210.jpg 430w, https:\/\/havamall.vn\/wp-content\/uploads\/2019\/11\/bang-gia-tri-din-duong-dau-ha-lan-vang-150x73.jpg 150w, https:\/\/havamall.vn\/wp-content\/uploads\/2019\/11\/bang-gia-tri-din-duong-dau-ha-lan-vang-600x293.jpg 600w, https:\/\/havamall.vn\/wp-content\/uploads\/2019\/11\/bang-gia-tri-din-duong-dau-ha-lan-vang.jpg 633w\" sizes=\"(max-width: 519px) 100vw, 519px\" \/><\/p>\n<h2><strong>C\u00f4ng d\u1ee5ng<\/strong><\/h2>\n<div>Theo c\u00e1c nh\u00e0 nghi\u00ean c\u1ee9u thu\u1ed9c Tr\u01b0\u1eddng \u0110H Manitoba (Canada), b\u1ed9t \u0111\u1eadu H\u00e0 Lan v\u00e0ng c\u00f3 th\u1ec3 gi\u00fap ng\u0103n ng\u1eeba v\u00e0 \u0111i\u1ec1u tr\u1ecb b\u1ec7nh \u0111\u00e1i th\u00e1o \u0111\u01b0\u1eddng type 2, r\u1ea5t c\u00f3 l\u1ee3i cho s\u1ee9c kh\u1ecfe b\u1edfi th\u00e0nh ph\u1ea7n ch\u1ee9a nhi\u1ec1u ch\u1ea5t x\u01a1, \u0111\u1ea1m, ch\u1ea5t ch\u1ed1ng oxy h\u00f3a, \u00edt ch\u1ea5t b\u00e9o.<\/div>\n<div><\/div>\n<div>B\u00ean c\u1ea1nh \u0111\u00f3, \u0110\u1eadu H\u00e0 Lan v\u00e0ng b\u1ed5 sung dinh d\u01b0\u1ee1ng h\u1eb1ng ng\u00e0y cho m\u1ed7i c\u01a1 th\u1ec3 s\u1ed1ng \u1edf m\u1ecdi l\u1ee9a tu\u1ed5i, m\u1ecdi gi\u1edbi t\u00ednh\u2026\u0110\u1eb7c bi\u1ec7t h\u01a1n n\u1eefa l\u00e0 ch\u0103m s\u00f3c tr\u1ebb em c\u00f2i c\u1ecdc, b\u00e9o ph\u00ec, ph\u1ee5 n\u1eef mang thai, ph\u1ee5 n\u1eef \u0111ang cho con b\u00fa, \u00a0ng\u01b0\u1eddi b\u1ec7nh, ng\u01b0\u1eddi gi\u00e0\u2026.S\u1eed d\u1ee5ng H\u1ea1t \u0110\u1eadu H\u00e0 Lan l\u00e0 m\u1ed9t l\u1ef1a ch\u1ecdn th\u00f4ng th\u00e1i trong m\u1ecdi th\u1eddi \u0111\u1ea1i.<\/div>\n<div><img decoding=\"async\" class=\"wp-image-12394 aligncenter\" src=\"https:\/\/havamall.vn\/wp-content\/uploads\/2019\/11\/indian-yellow-split-pea-dal-recipe-3378495_13_preview-5b1988540e23d90036f1f739-1-300x200.jpeg\" alt=\"\" width=\"599\" height=\"399\" srcset=\"https:\/\/havamall.vn\/wp-content\/uploads\/2019\/11\/indian-yellow-split-pea-dal-recipe-3378495_13_preview-5b1988540e23d90036f1f739-1-300x200.jpeg 300w, https:\/\/havamall.vn\/wp-content\/uploads\/2019\/11\/indian-yellow-split-pea-dal-recipe-3378495_13_preview-5b1988540e23d90036f1f739-1-430x287.jpeg 430w, https:\/\/havamall.vn\/wp-content\/uploads\/2019\/11\/indian-yellow-split-pea-dal-recipe-3378495_13_preview-5b1988540e23d90036f1f739-1-150x100.jpeg 150w, https:\/\/havamall.vn\/wp-content\/uploads\/2019\/11\/indian-yellow-split-pea-dal-recipe-3378495_13_preview-5b1988540e23d90036f1f739-1-700x467.jpeg 700w, https:\/\/havamall.vn\/wp-content\/uploads\/2019\/11\/indian-yellow-split-pea-dal-recipe-3378495_13_preview-5b1988540e23d90036f1f739-1-768x513.jpeg 768w, https:\/\/havamall.vn\/wp-content\/uploads\/2019\/11\/indian-yellow-split-pea-dal-recipe-3378495_13_preview-5b1988540e23d90036f1f739-1-1024x683.jpeg 1024w, https:\/\/havamall.vn\/wp-content\/uploads\/2019\/11\/indian-yellow-split-pea-dal-recipe-3378495_13_preview-5b1988540e23d90036f1f739-1-1200x801.jpeg 1200w, https:\/\/havamall.vn\/wp-content\/uploads\/2019\/11\/indian-yellow-split-pea-dal-recipe-3378495_13_preview-5b1988540e23d90036f1f739-1-600x400.jpeg 600w, https:\/\/havamall.vn\/wp-content\/uploads\/2019\/11\/indian-yellow-split-pea-dal-recipe-3378495_13_preview-5b1988540e23d90036f1f739-1.jpeg 1500w\" sizes=\"(max-width: 599px) 100vw, 599px\" \/><\/div>\n<h2><strong>H\u01b0\u1edbng d\u1eabn s\u1eed d\u1ee5ng<\/strong><\/h2>\n<div>&#8211; Lu\u1ed9c \u0111\u1eadu s\u00f4i kho\u1ea3ng 30 ph\u00fat \u0111\u1ec3 \u0111\u1eadu m\u1ec1m v\u1eeba \u00fd.<\/div>\n<div>&#8211; D\u00f9ng ch\u1ebf bi\u1ebfn c\u00e1c m\u00f3n \u0103n t\u00f9y th\u00edch: Salads, n\u1ea5u x\u00f4i, n\u1ea5u s\u00fap, n\u1ea5u ch\u00e8, x\u00e0o th\u1eadp c\u1ea9m, s\u1eefa \u0111\u1eadu H\u00e0 Lan, nghi\u1ec1n nhuy\u1ec5n + d\u1ea7u Oliu \u0103n v\u1edbi b\u00e1nh m\u1ef3, b\u1ed9t dinh d\u01b0\u1ee1ng, l\u00e0m b\u00e1nh, xay h\u1ea1t t\u01b0\u01a1i s\u1ed1ng th\u00e0nh sinh t\u1ed1 n\u1ea5u c\u00e1c m\u00f3n canh, pha b\u1ed9t cho b\u00e9, ch\u00e1o dinh d\u01b0\u1ee1ng.<\/div>\n<p>&nbsp;<\/p>\n<p>&nbsp;<\/p>\n<p>&nbsp;<\/p>\n<p>&nbsp;<\/p>\n<p>&nbsp;<\/p>\n<p>&nbsp;<\/p>\n<p>&nbsp;<\/p>\n<p>&nbsp;<\/p>\n<p>&nbsp;<\/p>","protected":false},"excerpt":{"rendered":"<p>\u0110\u1eadu h\u00e0 lan l\u00e0 th\u1ef1c ph\u1ea9m \u0111\u1eb7c bi\u1ec7t t\u1ed1t cho ng\u01b0\u1eddi mu\u1ed1n \u0103n ki\u00eang gi\u1ea3m b\u00e9o, ph\u1ee5 n\u1eef sau khi sinh thi\u1ebfu s\u1eefa, ph\u1ee5 n\u1eef mang thai, tr\u1ebb em ch\u1eadm ph\u00e1t tri\u1ec3n, ng\u01b0\u1eddi gi\u00e0, ng\u01b0\u1eddi m\u1edbi \u1ed1m d\u1eady, b\u1ec7nh nh\u00e2n ti\u1ec3u \u0111\u01b0\u1eddng v\u00e0 huy\u1ebft \u00e1p cao.<\/p>\n<p>&nbsp;<\/p>","protected":false},"featured_media":13034,"comment_status":"open","ping_status":"closed","template":"","meta":[],"product_brand":[],"product_cat":[594,36,134],"product_tag":[],"class_list":{"0":"post-12390","1":"product","2":"type-product","3":"status-publish","4":"has-post-thumbnail","6":"product_cat-dau-cu-qua-kho","7":"product_cat-thuc-pham-tieu-dung","8":"product_cat-thucpham-saykho","9":"pa_brand-skx","11":"first","12":"instock","13":"sale","14":"shipping-taxable","15":"purchasable","16":"product-type-simple"},"_links":{"self":[{"href":"https:\/\/havamall.vn\/en\/wp-json\/wp\/v2\/product\/12390"}],"collection":[{"href":"https:\/\/havamall.vn\/en\/wp-json\/wp\/v2\/product"}],"about":[{"href":"https:\/\/havamall.vn\/en\/wp-json\/wp\/v2\/types\/product"}],"replies":[{"embeddable":true,"href":"https:\/\/havamall.vn\/en\/wp-json\/wp\/v2\/comments?post=12390"}],"version-history":[{"count":0,"href":"https:\/\/havamall.vn\/en\/wp-json\/wp\/v2\/product\/12390\/revisions"}],"wp:featuredmedia":[{"embeddable":true,"href":"https:\/\/havamall.vn\/en\/wp-json\/wp\/v2\/media\/13034"}],"wp:attachment":[{"href":"https:\/\/havamall.vn\/en\/wp-json\/wp\/v2\/media?parent=12390"}],"wp:term":[{"taxonomy":"product_brand","embeddable":true,"href":"https:\/\/havamall.vn\/en\/wp-json\/wp\/v2\/product_brand?post=12390"},{"taxonomy":"product_cat","embeddable":true,"href":"https:\/\/havamall.vn\/en\/wp-json\/wp\/v2\/product_cat?post=12390"},{"taxonomy":"product_tag","embeddable":true,"href":"https:\/\/havamall.vn\/en\/wp-json\/wp\/v2\/product_tag?post=12390"}],"curies":[{"name":"wp","href":"https:\/\/api.w.org\/{rel}","templated":true}]}}