{"id":12373,"date":"2019-11-13T11:52:05","date_gmt":"2019-11-13T04:52:05","guid":{"rendered":"https:\/\/havamall.vn\/?post_type=product&#038;p=12373"},"modified":"2023-06-09T11:19:09","modified_gmt":"2023-06-09T04:19:09","slug":"dau-ha-lan-xanh-nguyen-hat-whole-green-peas-200gr","status":"publish","type":"product","link":"https:\/\/havamall.vn\/en\/shop\/dau-ha-lan-xanh-nguyen-hat-whole-green-peas-200gr\/","title":{"rendered":"\u0110\u1eadu H\u00e0 Lan xanh nguy\u00ean h\u1ea1t &#8211; Whole Green Peas 200gr"},"content":{"rendered":"<p>H\u1ea1t \u0111\u1eadu H\u00e0 Lan xanh\u00a0\u0111\u01b0\u1ee3c nh\u1eadp kh\u1ea9u t\u1eeb M\u1ef9\u00a0\u0111\u1ea3m b\u1ea3o ti\u00eau chu\u1ea9n\u00a0an to\u00e0n v\u1ec7 sinh th\u1ef1c ph\u1ea9m, c\u00f4ng ngh\u1ec7 gieo tr\u1ed3ng thu\u1ea7n khi\u1ebft t\u1ef1 nhi\u00ean, sinh h\u1ecdc,\u00a0kh\u00f4ng bi\u1ebfn \u0111\u1ed5i gen,\u00a0kh\u00f4ng s\u1eed d\u1ee5ng thu\u1ed1c b\u1ea3o qu\u1ea3n th\u1ef1c v\u1eadt,\u00a0kh\u00f4ng s\u1eed d\u1ee5ng ph\u00e2n h\u00f3a h\u1ecdc v\u00e0 k\u00edch th\u00edch sinh tr\u01b0\u1edfng.<\/p>\n<h4><img fetchpriority=\"high\" decoding=\"async\" class=\"wp-image-12378 aligncenter\" style=\"color: #333333;font-family: Arial, 'Times New Roman', 'Bitstream Charter', Times, serif;font-size: 16px\" src=\"https:\/\/havamall.vn\/wp-content\/uploads\/2019\/11\/pea-salad-39-of-50-200x300.jpg\" alt=\"\" width=\"321\" height=\"482\" srcset=\"https:\/\/havamall.vn\/wp-content\/uploads\/2019\/11\/pea-salad-39-of-50-200x300.jpg 200w, https:\/\/havamall.vn\/wp-content\/uploads\/2019\/11\/pea-salad-39-of-50-430x645.jpg 430w, https:\/\/havamall.vn\/wp-content\/uploads\/2019\/11\/pea-salad-39-of-50-150x225.jpg 150w, https:\/\/havamall.vn\/wp-content\/uploads\/2019\/11\/pea-salad-39-of-50-700x1050.jpg 700w, https:\/\/havamall.vn\/wp-content\/uploads\/2019\/11\/pea-salad-39-of-50-683x1024.jpg 683w, https:\/\/havamall.vn\/wp-content\/uploads\/2019\/11\/pea-salad-39-of-50-600x900.jpg 600w, https:\/\/havamall.vn\/wp-content\/uploads\/2019\/11\/pea-salad-39-of-50.jpg 760w\" sizes=\"(max-width: 321px) 100vw, 321px\" \/><strong>Th\u00e0nh ph\u1ea7n dinh d\u01b0\u1ee1ng:<\/strong><\/h4>\n<p>100 gam \u0111\u1eadu H\u00e0 lan c\u00f3 ch\u1ee9a t\u1edbi 16,78g protein th\u1ef1c v\u1eadt; 6,5g \u0111\u01b0\u1eddng t\u1ed5ng s\u1ed1;\u00a04,85g ch\u1ea5t x\u01a1; 0,93mg Thimin;\u00a0254 mcg Axit Folic; 336 Kcal (m\u1ed9t n\u0103ng l\u01b0\u1ee3ng t\u01b0\u01a1ng \u0111\u01b0\u01a1ng v\u1edbi 150g th\u1ecbt b\u00f2 b\u1eafp); 79,9mg canxi; 6,79mg s\u1eaft; 115mg Magi\u00ea; 460mg Phospho; 820mg Kali; 2,88mg k\u1ebdm; 0,76mg \u0111\u1ed3ng; 1,17mg Mangan.<\/p>\n<h4><strong>C\u00f4ng d\u1ee5ng:<\/strong><\/h4>\n<p>Theo c\u00e1c nh\u00e0 nghi\u00ean c\u1ee9u thu\u1ed9c Tr\u01b0\u1eddng \u0110H Manitoba (Canada), \u0111\u1eadu H\u00e0 Lan c\u00f3 th\u1ec3 gi\u00fap ng\u0103n ng\u1eeba v\u00e0 \u0111i\u1ec1u tr\u1ecb b\u1ec7nh \u0111\u00e1i th\u00e1o \u0111\u01b0\u1eddng type 2, r\u1ea5t c\u00f3 l\u1ee3i cho s\u1ee9c kh\u1ecfe b\u1edfi th\u00e0nh ph\u1ea7n ch\u1ee9a nhi\u1ec1u ch\u1ea5t x\u01a1, \u0111\u1ea1m, ch\u1ea5t ch\u1ed1ng oxy h\u00f3a, \u00edt ch\u1ea5t b\u00e9o.<\/p>\n<p>B\u00ean c\u1ea1nh \u0111\u00f3, \u0111\u1eadu H\u00e0 lan b\u1ed5 sung dinh d\u01b0\u1ee1ng h\u1eb1ng ng\u00e0y cho m\u1ed7i c\u01a1 th\u1ec3 s\u1ed1ng \u1edf m\u1ecdi l\u1ee9a tu\u1ed5i, m\u1ecdi gi\u1edbi t\u00ednh\u2026 \u0110\u1eb7c bi\u1ec7t h\u01a1n n\u1eefa l\u00e0 ch\u0103m s\u00f3c tr\u1ebb em c\u00f2i c\u1ecdc, b\u00e9o ph\u00ec, ph\u1ee5 n\u1eef mang thai, ph\u1ee5 n\u1eef \u0111ang cho con b\u00fa, \u00a0ng\u01b0\u1eddi b\u1ec7nh, ng\u01b0\u1eddi gi\u00e0\u2026. S\u1eed d\u1ee5ng \u0111\u1eadu H\u00e0 Lan l\u00e0 m\u1ed9t l\u1ef1a ch\u1ecdn kh\u00f4n ngoan cho ngu\u1ed3n dinh d\u01b0\u1ee1ng l\u00e0nh m\u1ea1nh.<\/p>\n<p><img decoding=\"async\" class=\"wp-image-12382 aligncenter\" src=\"https:\/\/havamall.vn\/wp-content\/uploads\/2019\/11\/Green-Pea-Curry-Hummus-v1-1456-04-2-200x300.jpg\" alt=\"\" width=\"309\" height=\"464\" srcset=\"https:\/\/havamall.vn\/wp-content\/uploads\/2019\/11\/Green-Pea-Curry-Hummus-v1-1456-04-2-200x300.jpg 200w, https:\/\/havamall.vn\/wp-content\/uploads\/2019\/11\/Green-Pea-Curry-Hummus-v1-1456-04-2-430x645.jpg 430w, https:\/\/havamall.vn\/wp-content\/uploads\/2019\/11\/Green-Pea-Curry-Hummus-v1-1456-04-2-150x225.jpg 150w, https:\/\/havamall.vn\/wp-content\/uploads\/2019\/11\/Green-Pea-Curry-Hummus-v1-1456-04-2-700x1050.jpg 700w, https:\/\/havamall.vn\/wp-content\/uploads\/2019\/11\/Green-Pea-Curry-Hummus-v1-1456-04-2-768x1152.jpg 768w, https:\/\/havamall.vn\/wp-content\/uploads\/2019\/11\/Green-Pea-Curry-Hummus-v1-1456-04-2-683x1024.jpg 683w, https:\/\/havamall.vn\/wp-content\/uploads\/2019\/11\/Green-Pea-Curry-Hummus-v1-1456-04-2-1200x1800.jpg 1200w, https:\/\/havamall.vn\/wp-content\/uploads\/2019\/11\/Green-Pea-Curry-Hummus-v1-1456-04-2-600x900.jpg 600w, https:\/\/havamall.vn\/wp-content\/uploads\/2019\/11\/Green-Pea-Curry-Hummus-v1-1456-04-2.jpg 1440w\" sizes=\"(max-width: 309px) 100vw, 309px\" \/><\/p>\n<h4><strong>H\u01b0\u1edbng d\u1eabn s\u1eed d\u1ee5ng \u0111\u1eadu H\u00e0 Lan xanh nguy\u00ean h\u1ea1t t\u1ea1i M\u1ef9:<\/strong><\/h4>\n<p>\u2013 R\u1eeda s\u1ea1ch \u0111\u1eadu v\u00e0 ng\u00e2m \u0111\u1eadu trong n\u01b0\u1edbc s\u1ea1ch kho\u1ea3ng 8 gi\u1edd (hay qua \u0111\u00eam) tr\u01b0\u1edbc khi ch\u1ebf bi\u1ebfn.<br \/>\n\u2013 Gi\u1eef \u1ea9m \u0111\u1eadu nguy\u00ean h\u1ea1t t\u01b0\u01a1i s\u1ed1ng th\u00eam 12-18h sau khi ng\u00e2m, h\u1ea1t \u0111\u1eadu s\u1ebd n\u1ea9y m\u1ea7m c\u00e0ng th\u00eam d\u01b0\u1ee1ng ch\u1ea5t, d\u00f9ng l\u00e0m gi\u00e1, rau m\u1ea7m, sinh t\u1ed1,&#8230;<\/p>\n<p>\u2013 Cho v\u00e0o n\u1ed3i \u00e1p su\u1ea5t h\u1ea7m nh\u1eeb s\u1ebd nhanh h\u01a1n.<br \/>\n\u2013 Lu\u1ed9c \u0111\u1eadu s\u00f4i kho\u1ea3ng 30 ph\u00fat \u0111\u1ec3 \u0111\u1eadu m\u1ec1m v\u1eeba \u00fd.<br \/>\n\u2013 D\u00f9ng ch\u1ebf bi\u1ebfn c\u00e1c m\u00f3n \u0103n t\u00f9y th\u00edch: Salad, n\u1ea5u x\u00f4i, n\u1ea5u s\u00fap, n\u1ea5u ch\u00e8, x\u00e0o th\u1eadp c\u1ea9m, s\u1eefa \u0111\u1eadu H\u00e0 Lan, nghi\u1ec1n nhuy\u1ec5n + d\u1ea7u Oliu \u0103n v\u1edbi b\u00e1nh m\u1ef3, b\u1ed9t dinh d\u01b0\u1ee1ng, l\u00e0m b\u00e1nh, xay h\u1ea1t t\u01b0\u01a1i s\u1ed1ng th\u00e0nh sinh t\u1ed1 n\u1ea5u c\u00e1c m\u00f3n canh, pha b\u1ed9t cho b\u00e9, ch\u00e1o dinh d\u01b0\u1ee1ng.<br \/>\n\u2013 B\u1ea3o qu\u1ea3n n\u00f3i kh\u00f4 r\u00e1o, tho\u00e1ng m\u00e1t, tr\u00e1nh \u00e1nh n\u1eafng m\u1eb7t tr\u1eddi.<\/p>\n<p><strong>Xu\u1ea5t x\u1ee9<\/strong>: M\u1ef9<\/p>\n<p><strong>Kh\u1ed1i l\u01b0\u1ee3ng<\/strong>: 250gr<\/p>","protected":false},"excerpt":{"rendered":"<p>H\u1ea1t Gi\u1ed1ng \u0110\u1eadu H\u00e0 Lan Xanh\u00a0khi tr\u01b0\u1edfng th\u00e0nh l\u00e0 ngu\u1ed3n\u00a0dinh d\u01b0\u1ee1ng l\u00e0nh m\u1ea1nh b\u1eadc nh\u1ea5t trong ngu\u1ed3n th\u1ef1c ph\u1ea9m thi\u00ean nhi\u00ean ban t\u1eb7ng con ng\u01b0\u1eddi<\/p>\n<p>&nbsp;<\/p>\n<p>&nbsp;<\/p>\n<p>&nbsp;<\/p>","protected":false},"featured_media":13029,"comment_status":"open","ping_status":"closed","template":"","meta":[],"product_brand":[],"product_cat":[594,36,134],"product_tag":[],"class_list":{"0":"post-12373","1":"product","2":"type-product","3":"status-publish","4":"has-post-thumbnail","6":"product_cat-dau-cu-qua-kho","7":"product_cat-thuc-pham-tieu-dung","8":"product_cat-thucpham-saykho","9":"pa_brand-skx","11":"first","12":"instock","13":"sale","14":"shipping-taxable","15":"purchasable","16":"product-type-simple"},"_links":{"self":[{"href":"https:\/\/havamall.vn\/en\/wp-json\/wp\/v2\/product\/12373"}],"collection":[{"href":"https:\/\/havamall.vn\/en\/wp-json\/wp\/v2\/product"}],"about":[{"href":"https:\/\/havamall.vn\/en\/wp-json\/wp\/v2\/types\/product"}],"replies":[{"embeddable":true,"href":"https:\/\/havamall.vn\/en\/wp-json\/wp\/v2\/comments?post=12373"}],"version-history":[{"count":0,"href":"https:\/\/havamall.vn\/en\/wp-json\/wp\/v2\/product\/12373\/revisions"}],"wp:featuredmedia":[{"embeddable":true,"href":"https:\/\/havamall.vn\/en\/wp-json\/wp\/v2\/media\/13029"}],"wp:attachment":[{"href":"https:\/\/havamall.vn\/en\/wp-json\/wp\/v2\/media?parent=12373"}],"wp:term":[{"taxonomy":"product_brand","embeddable":true,"href":"https:\/\/havamall.vn\/en\/wp-json\/wp\/v2\/product_brand?post=12373"},{"taxonomy":"product_cat","embeddable":true,"href":"https:\/\/havamall.vn\/en\/wp-json\/wp\/v2\/product_cat?post=12373"},{"taxonomy":"product_tag","embeddable":true,"href":"https:\/\/havamall.vn\/en\/wp-json\/wp\/v2\/product_tag?post=12373"}],"curies":[{"name":"wp","href":"https:\/\/api.w.org\/{rel}","templated":true}]}}