{"id":12254,"date":"2019-10-30T12:11:46","date_gmt":"2019-10-30T05:11:46","guid":{"rendered":"https:\/\/havamall.vn\/?post_type=product&#038;p=12254"},"modified":"2021-03-03T16:21:58","modified_gmt":"2021-03-03T09:21:58","slug":"bong-duong-trang-tri-banh-sugar-cake-decorating-cake-golden-farm-100gr","status":"publish","type":"product","link":"https:\/\/havamall.vn\/en\/shop\/bong-duong-trang-tri-banh-sugar-cake-decorating-cake-golden-farm-100gr\/","title":{"rendered":"B\u00f4ng \u0110\u01b0\u1eddng Trang Tr\u00ed B\u00e1nh &#8211; Sugar Cake Decorating Cake Golden Farm 100gr"},"content":{"rendered":"<p>B\u00f4ng \u0111\u01b0\u1eddng Golden Farm \u0111\u01b0\u1ee3c t\u1ea1o n\u00ean b\u1edfi nh\u1eefng vi\u00ean k\u1eb9o nh\u1ecf li ti v\u1edbi c\u00e1c m\u00e0u s\u1eafc r\u1ef1c r\u1ee1 nh\u01b0 m\u00e0u h\u1ed3ng, \u0111\u1ecf, cam, xanh, tr\u1eafng,&#8230;. t\u1ea1o n\u00ean m\u1ed9t t\u1ed5ng th\u1ec3 m\u00e0u s\u1eafc \u0111a d\u1ea1ng v\u00e0 n\u1ed5i b\u1eadt.<\/p>\n<p>S\u1ea3n ph\u1ea9m c\u00f3 h\u00ecnh tr\u00e1i tim ho\u1eb7c b\u00f4ng hoa xinh x\u1eafn, nhi\u1ec1u m\u00e0u s\u1eafc mang \u0111\u1ebfn v\u1ecb ng\u1ecdt nh\u1eb9, b\u1edfi \u0111\u01b0\u1ee3c l\u00e0m t\u1eeb nguy\u00ean li\u1ec7u ch\u00ednh l\u00e0 \u0111\u01b0\u1eddng m\u00eda v\u00e0 c\u00e1c nguy\u00ean li\u1ec7u an to\u00e0n kh\u00e1c.<\/p>\n<p><img fetchpriority=\"high\" decoding=\"async\" class=\"wp-image-12271 aligncenter\" src=\"https:\/\/havamall.vn\/wp-content\/uploads\/2019\/10\/521xVh-216x300.jpg\" alt=\"\" width=\"389\" height=\"540\" srcset=\"https:\/\/havamall.vn\/wp-content\/uploads\/2019\/10\/521xVh-216x300.jpg 216w, https:\/\/havamall.vn\/wp-content\/uploads\/2019\/10\/521xVh-430x597.jpg 430w, https:\/\/havamall.vn\/wp-content\/uploads\/2019\/10\/521xVh-150x208.jpg 150w, https:\/\/havamall.vn\/wp-content\/uploads\/2019\/10\/521xVh.jpg 550w\" sizes=\"(max-width: 389px) 100vw, 389px\" \/><\/p>\n<p>D\u00f9ng trang tr\u00ed b\u00e1nh kem, kem t\u01b0\u01a1i, cupcake ho\u1eb7c b\u00e1nh donut,\u2026<\/p>\n<p>B\u00f4ng \u0111\u01b0\u1eddng \u0111\u01b0\u1ee3c d\u00f9ng \u0111\u1ec3 trang tr\u00ed tr\u1ef1c ti\u1ebfp l\u00ean b\u00e1nh b\u1eb1ng c\u00e1ch r\u1eafc \u0111\u1ec1u ho\u1eb7c x\u1ebfp ch\u1eef, t\u1ea1o \u0111i\u1ec3m nh\u1ea5n v\u00e0 th\u1ec3 hi\u1ec7n \u0111\u01b0\u1ee3c s\u1ef1 s\u00e1ng t\u1ea1o c\u00e1 nh\u00e2n.<\/p>\n<p><img decoding=\"async\" class=\"wp-image-12275 aligncenter\" src=\"https:\/\/havamall.vn\/wp-content\/uploads\/2019\/10\/maxresdefault-1-300x169.jpg\" alt=\"\" width=\"785\" height=\"442\" srcset=\"https:\/\/havamall.vn\/wp-content\/uploads\/2019\/10\/maxresdefault-1-300x169.jpg 300w, https:\/\/havamall.vn\/wp-content\/uploads\/2019\/10\/maxresdefault-1-430x242.jpg 430w, https:\/\/havamall.vn\/wp-content\/uploads\/2019\/10\/maxresdefault-1-150x84.jpg 150w, https:\/\/havamall.vn\/wp-content\/uploads\/2019\/10\/maxresdefault-1-700x394.jpg 700w, https:\/\/havamall.vn\/wp-content\/uploads\/2019\/10\/maxresdefault-1-768x432.jpg 768w, https:\/\/havamall.vn\/wp-content\/uploads\/2019\/10\/maxresdefault-1-1024x576.jpg 1024w, https:\/\/havamall.vn\/wp-content\/uploads\/2019\/10\/maxresdefault-1-1200x675.jpg 1200w, https:\/\/havamall.vn\/wp-content\/uploads\/2019\/10\/maxresdefault-1-600x338.jpg 600w, https:\/\/havamall.vn\/wp-content\/uploads\/2019\/10\/maxresdefault-1.jpg 1280w\" sizes=\"(max-width: 785px) 100vw, 785px\" \/><\/p>\n<p>S\u1ea3n ph\u1ea9m \u0111\u01b0\u1ee3c s\u1ea3n xu\u1ea5t tr\u1ef1c ti\u1ebfp tr\u00ean d\u00e2y chuy\u1ec1n hi\u1ec7n \u0111\u1ea1i, c\u00f3 s\u1ef1 ki\u1ec3m tra nghi\u00eam ng\u1eb7t \u1edf m\u1ecdi quy tr\u00ecnh, mang \u0111\u1ebfn ng\u01b0\u1eddi ti\u00eau d\u00f9ng s\u1ef1 an t\u00e2m tuy\u1ec7t \u0111\u1ed1i, \u0111\u1ea3m b\u1ea3o ch\u1ea5t l\u01b0\u1ee3ng v\u00e0 an to\u00e0n v\u1ec7 sinh th\u1ef1c ph\u1ea9m.<\/p>\n<p>&nbsp;<\/p>\n<div><img decoding=\"async\" class=\"wp-image-12276 aligncenter\" src=\"https:\/\/havamall.vn\/wp-content\/uploads\/2019\/10\/008edca6f397aecb4b59295170938eca-1-150x300.jpg\" alt=\"\" width=\"399\" height=\"798\" srcset=\"https:\/\/havamall.vn\/wp-content\/uploads\/2019\/10\/008edca6f397aecb4b59295170938eca-1-150x300.jpg 150w, https:\/\/havamall.vn\/wp-content\/uploads\/2019\/10\/008edca6f397aecb4b59295170938eca-1-430x860.jpg 430w, https:\/\/havamall.vn\/wp-content\/uploads\/2019\/10\/008edca6f397aecb4b59295170938eca-1-512x1024.jpg 512w, https:\/\/havamall.vn\/wp-content\/uploads\/2019\/10\/008edca6f397aecb4b59295170938eca-1.jpg 564w\" sizes=\"(max-width: 399px) 100vw, 399px\" \/><\/div>\n<p>\u0110\u00e2y l\u00e0 ph\u01b0\u01a1ng \u00e1n trang tr\u00ed \u0111\u01a1n gi\u1ea3n, ti\u1ebft ki\u1ec7m th\u1eddi gian t\u1ed1i \u0111a d\u00e0nh cho b\u1ea1n v\u00e0 \u0111\u01b0\u1ee3c \u01b0a chu\u1ed9ng hi\u1ec7n nay.<\/p>\n<p>&nbsp;<\/p>\n<div><img loading=\"lazy\" decoding=\"async\" class=\"wp-image-12277 aligncenter\" src=\"https:\/\/havamall.vn\/wp-content\/uploads\/2019\/10\/fe02ea926341851fdc50-300x256.jpg\" alt=\"\" width=\"787\" height=\"671\" srcset=\"https:\/\/havamall.vn\/wp-content\/uploads\/2019\/10\/fe02ea926341851fdc50-300x256.jpg 300w, https:\/\/havamall.vn\/wp-content\/uploads\/2019\/10\/fe02ea926341851fdc50-430x367.jpg 430w, https:\/\/havamall.vn\/wp-content\/uploads\/2019\/10\/fe02ea926341851fdc50-150x128.jpg 150w, https:\/\/havamall.vn\/wp-content\/uploads\/2019\/10\/fe02ea926341851fdc50-700x598.jpg 700w, https:\/\/havamall.vn\/wp-content\/uploads\/2019\/10\/fe02ea926341851fdc50-768x656.jpg 768w, https:\/\/havamall.vn\/wp-content\/uploads\/2019\/10\/fe02ea926341851fdc50-1024x875.jpg 1024w, https:\/\/havamall.vn\/wp-content\/uploads\/2019\/10\/fe02ea926341851fdc50-1200x1025.jpg 1200w, https:\/\/havamall.vn\/wp-content\/uploads\/2019\/10\/fe02ea926341851fdc50-600x512.jpg 600w\" sizes=\"(max-width: 787px) 100vw, 787px\" \/><\/div>\n<p>S\u1ea3n ph\u1ea9m \u0111\u01b0\u1ee3c s\u1ea3n xu\u1ea5t tr\u1ef1c ti\u1ebfp tr\u00ean d\u00e2y chuy\u1ec1n hi\u1ec7n \u0111\u1ea1i, c\u00f3 s\u1ef1 ki\u1ec3m tra nghi\u00eam ng\u1eb7t \u1edf m\u1ecdi quy tr\u00ecnh, mang \u0111\u1ebfn ng\u01b0\u1eddi ti\u00eau d\u00f9ng s\u1ef1 an t\u00e2m tuy\u1ec7t \u0111\u1ed1i, \u0111\u1ea3m b\u1ea3o ch\u1ea5t l\u01b0\u1ee3ng v\u00e0 an to\u00e0n v\u1ec7 sinh th\u1ef1c ph\u1ea9m. K\u00edch th\u01b0\u1edbc b\u00f4ng \u0111\u01b0\u1eddng 4mm. Bao b\u00ec kh\u00e1c nhau tu\u1ef3 \u0111\u1ee3t nh\u1eadp h\u00e0ng.<\/p>\n<p>&nbsp;<\/p>\n<p>&nbsp;<\/p>\n<p>&nbsp;<\/p>\n<div><\/div>\n<p>&nbsp;<\/p>\n<p>&nbsp;<\/p>\n<p>&nbsp;<\/p>\n<p>&nbsp;<\/p>\n<p>&nbsp;<\/p>\n<p>&nbsp;<\/p>\n<p>&nbsp;<\/p>\n<p>&nbsp;<\/p>\n<p>&nbsp;<\/p>\n<p>&nbsp;<\/p>\n<p>&nbsp;<\/p>\n<p>&nbsp;<\/p>\n<p>&nbsp;<\/p>\n<p>&nbsp;<\/p>\n<p>&nbsp;<\/p>\n<p>&nbsp;<\/p>\n<p>&nbsp;<\/p>\n<p>&nbsp;<\/p>\n<p>&nbsp;<\/p>\n<p>&nbsp;<\/p>\n<p>&nbsp;<\/p>","protected":false},"excerpt":{"rendered":"<p>B\u00f4ng \u0111\u01b0\u1eddng Golden Farm \u0111\u01b0\u1ee3c t\u1ea1o n\u00ean b\u1edfi nh\u1eefng vi\u00ean k\u1eb9o nh\u1ecf li ti v\u1edbi c\u00e1c m\u00e0u s\u1eafc r\u1ef1c r\u1ee1 nh\u01b0 m\u00e0u h\u1ed3ng, \u0111\u1ecf, cam, xanh, tr\u1eafng,&#8230;. t\u1ea1o n\u00ean m\u1ed9t t\u1ed5ng th\u1ec3 m\u00e0u s\u1eafc \u0111a d\u1ea1ng v\u00e0 n\u1ed5i b\u1eadt.<\/p>\n<p>S\u1ea3n ph\u1ea9m c\u00f3 h\u00ecnh tr\u00e1i tim ho\u1eb7c b\u00f4ng hoa xinh x\u1eafn, nhi\u1ec1u m\u00e0u s\u1eafc mang \u0111\u1ebfn v\u1ecb ng\u1ecdt nh\u1eb9, b\u1edfi \u0111\u01b0\u1ee3c l\u00e0m t\u1eeb nguy\u00ean li\u1ec7u ch\u00ednh l\u00e0 \u0111\u01b0\u1eddng m\u00eda v\u00e0 c\u00e1c nguy\u00ean li\u1ec7u an to\u00e0n kh\u00e1c.<\/p>\n<p>&nbsp;<\/p>\n<p>&nbsp;<\/p>","protected":false},"featured_media":12328,"comment_status":"open","ping_status":"closed","template":"","meta":[],"product_brand":[],"product_cat":[36,133],"product_tag":[],"class_list":{"0":"post-12254","1":"product","2":"type-product","3":"status-publish","4":"has-post-thumbnail","6":"product_cat-thuc-pham-tieu-dung","7":"product_cat-banh-keo-chocolate","9":"first","10":"outofstock","11":"shipping-taxable","12":"product-type-simple"},"_links":{"self":[{"href":"https:\/\/havamall.vn\/en\/wp-json\/wp\/v2\/product\/12254"}],"collection":[{"href":"https:\/\/havamall.vn\/en\/wp-json\/wp\/v2\/product"}],"about":[{"href":"https:\/\/havamall.vn\/en\/wp-json\/wp\/v2\/types\/product"}],"replies":[{"embeddable":true,"href":"https:\/\/havamall.vn\/en\/wp-json\/wp\/v2\/comments?post=12254"}],"version-history":[{"count":0,"href":"https:\/\/havamall.vn\/en\/wp-json\/wp\/v2\/product\/12254\/revisions"}],"wp:featuredmedia":[{"embeddable":true,"href":"https:\/\/havamall.vn\/en\/wp-json\/wp\/v2\/media\/12328"}],"wp:attachment":[{"href":"https:\/\/havamall.vn\/en\/wp-json\/wp\/v2\/media?parent=12254"}],"wp:term":[{"taxonomy":"product_brand","embeddable":true,"href":"https:\/\/havamall.vn\/en\/wp-json\/wp\/v2\/product_brand?post=12254"},{"taxonomy":"product_cat","embeddable":true,"href":"https:\/\/havamall.vn\/en\/wp-json\/wp\/v2\/product_cat?post=12254"},{"taxonomy":"product_tag","embeddable":true,"href":"https:\/\/havamall.vn\/en\/wp-json\/wp\/v2\/product_tag?post=12254"}],"curies":[{"name":"wp","href":"https:\/\/api.w.org\/{rel}","templated":true}]}}