{"id":12244,"date":"2019-10-25T17:03:01","date_gmt":"2019-10-25T10:03:01","guid":{"rendered":"https:\/\/havamall.vn\/?post_type=product&#038;p=12244"},"modified":"2021-06-24T15:11:46","modified_gmt":"2021-06-24T08:11:46","slug":"ca-phe-bot-arabica-nguyen-chat-la-viet-500gr","status":"publish","type":"product","link":"https:\/\/havamall.vn\/en\/shop\/ca-phe-bot-arabica-nguyen-chat-la-viet-500gr\/","title":{"rendered":"C\u00e0 Ph\u00ea B\u1ed9t Arabica V\u1ecb \u0110\u1eadm Nguy\u00ean Ch\u1ea5t L\u00e0 Vi\u1ec7t 500gr"},"content":{"rendered":"<p>L\u00e0 Vi\u1ec7t l\u00e0 m\u1ed9t trong nh\u1eefng th\u01b0\u01a1ng hi\u1ec7u c\u00e0 ph\u00ea n\u1ed5i ti\u1ebfng \u1edf Vi\u1ec7t Nam, c\u00f3 r\u1ea5t nhi\u1ec1u\u00a0d\u00f2ng kh\u00e1c nhau \u0111\u00e1p \u1ee9ng \u0111\u01b0\u1ee3c \u0111a d\u1ea1ng kh\u1ea9u v\u1ecb\u00a0ng\u01b0\u1eddi ti\u00eau d\u00f9ng.<\/p>\n<p>Vi\u1ec7t Nam t\u1ef1 h\u00e0o s\u1edf h\u1eefu m\u1ed9t di s\u1ea3n v\u0103n h\u00f3a c\u00e0 ph\u00ea gi\u00e0u c\u00f3, v\u00e0 \u2018C\u00e0 Ph\u00ea Phin\u2019 ch\u00ednh l\u00e0 linh h\u1ed3n, l\u00e0 n\u00e9t v\u0103n h\u00f3a th\u01b0\u1edfng th\u1ee9c c\u00e0 ph\u00ea \u0111\u00e3 \u0103n s\u00e2u v\u00e0o ti\u1ec1m th\u1ee9c bi\u1ebft bao ng\u01b0\u1eddi Vi\u1ec7t.<\/p>\n<p><img fetchpriority=\"high\" decoding=\"async\" class=\"wp-image-19403 aligncenter\" src=\"https:\/\/havamall.vn\/wp-content\/uploads\/2019\/10\/165522422_2820803924903072_2569493159352016389_n-225x300.jpg\" alt=\"\" width=\"590\" height=\"786\" srcset=\"https:\/\/havamall.vn\/wp-content\/uploads\/2019\/10\/165522422_2820803924903072_2569493159352016389_n-225x300.jpg 225w, https:\/\/havamall.vn\/wp-content\/uploads\/2019\/10\/165522422_2820803924903072_2569493159352016389_n-430x573.jpg 430w, https:\/\/havamall.vn\/wp-content\/uploads\/2019\/10\/165522422_2820803924903072_2569493159352016389_n-150x200.jpg 150w, https:\/\/havamall.vn\/wp-content\/uploads\/2019\/10\/165522422_2820803924903072_2569493159352016389_n-700x933.jpg 700w, https:\/\/havamall.vn\/wp-content\/uploads\/2019\/10\/165522422_2820803924903072_2569493159352016389_n-768x1024.jpg 768w, https:\/\/havamall.vn\/wp-content\/uploads\/2019\/10\/165522422_2820803924903072_2569493159352016389_n-600x800.jpg 600w, https:\/\/havamall.vn\/wp-content\/uploads\/2019\/10\/165522422_2820803924903072_2569493159352016389_n.jpg 1080w\" sizes=\"(max-width: 590px) 100vw, 590px\" \/><\/p>\n<p>Nguy\u00ean li\u1ec7u s\u1ea3n ph\u1ea9m \u0111\u01b0\u1ee3c l\u1ef1a ch\u1ecdn k\u0129 c\u00e0ng t\u1eeb nh\u1eefng h\u1ea1t c\u00e0 ph\u00ea ch\u00ednh \u0111\u1ec1u t\u1ea1i v\u00f9ng \u0111\u1ea5t c\u00e0 ph\u00ea b\u1eadt nh\u1ea5t Vi\u1ec7t Nam. C\u00f4ng \u0111o\u1ea1n rang c\u0169ng r\u1ea5t t\u1ec9 m\u1ec9, \u0111\u00fang \u0111\u1ed9 l\u1eeda v\u00e0 th\u1eddi gian chu\u1ea9n x\u00e1c nh\u1ea5t. H\u1ea1t v\u1eeba ch\u00edn t\u1edbi n\u00ean v\u1eabn gi\u1eef \u0111\u01b0\u1ee3c t\u00ednh axit, mang \u0111\u1ebfn v\u1ecb chua r\u00f5 r\u00e0ng v\u00e0 v\u1ecb ng\u1ecdt, \u0111\u1eafng v\u1eeba nhen nh\u00f3m, r\u1ea5t ho\u00e0n h\u1ea3o.<\/p>\n<p><img decoding=\"async\" class=\"wp-image-19404 aligncenter\" src=\"https:\/\/havamall.vn\/wp-content\/uploads\/2019\/10\/164406233_2815465085436956_3887793706941711937_n-207x300.jpg\" alt=\"\" width=\"590\" height=\"855\" srcset=\"https:\/\/havamall.vn\/wp-content\/uploads\/2019\/10\/164406233_2815465085436956_3887793706941711937_n-207x300.jpg 207w, https:\/\/havamall.vn\/wp-content\/uploads\/2019\/10\/164406233_2815465085436956_3887793706941711937_n-430x624.jpg 430w, https:\/\/havamall.vn\/wp-content\/uploads\/2019\/10\/164406233_2815465085436956_3887793706941711937_n-150x218.jpg 150w, https:\/\/havamall.vn\/wp-content\/uploads\/2019\/10\/164406233_2815465085436956_3887793706941711937_n-700x1016.jpg 700w, https:\/\/havamall.vn\/wp-content\/uploads\/2019\/10\/164406233_2815465085436956_3887793706941711937_n-600x871.jpg 600w, https:\/\/havamall.vn\/wp-content\/uploads\/2019\/10\/164406233_2815465085436956_3887793706941711937_n.jpg 992w\" sizes=\"(max-width: 590px) 100vw, 590px\" \/><\/p>\n<p>V\u1edbi nh\u1eefng h\u1ea1t c\u00e0 ph\u00ea c\u00f3 ch\u1ea5t l\u01b0\u1ee3ng v\u00e0 \u0111\u01b0\u1ee3c rang \u0111\u00fang \u0111\u1ed9\u00a0s\u1ebd mang m\u1ed9t h\u01b0\u01a1ng v\u1ecb ho\u00e0n h\u1ea3o cho th\u1ef1c kh\u00e1ch. C\u00e1c h\u1ea1t cafe rang chu\u1ea9n s\u1ebd t\u1ea1o ra \u0111\u01b0\u1ee3c h\u01b0\u01a1ng th\u01a1m nh\u1ea5t,\u00a0\u0111\u1ed3ng th\u1eddi ti\u1ebft ra \u0111\u01b0\u1ee3c c\u00e1c vitamin v\u00e0 mu\u1ed1i kho\u00e1ng, tinh d\u1ea7u c\u00f3 trong c\u00e0 ph\u00ea.<\/p>\n<p>Hi\u1ec7n t\u1ea1i Havamall c\u00f3 3 m\u00f9i v\u1ecb cho kh\u00e1ch h\u00e0ng l\u1ef1a ch\u1ecdn:<\/p>\n<ul>\n<li>C\u00e0 Ph\u00ea B\u1ed9t Arabica \u0110\u1eadm: \u0110\u1eafng, \u0111\u1eadm v\u1ecb c\u00e0 ph\u00ea truy\u1ec1n th\u1ed1ng, k\u1ebft h\u1ee3p t\u1ed1t v\u1edbi \u0111\u01b0\u1eddng, s\u1eefa \u0111\u1eb7c, s\u1eefa t\u01b0\u01a1i.<\/li>\n<li>C\u00e0 Ph\u00ea B\u1ed9t Arabica D\u1ecbu: \u00a0V\u1ecb trung h\u00f2a, d\u1ec5 ch\u1ecbu, d\u00f9ng pha n\u00f3ng ho\u1eb7c \u0111\u00e1, th\u00eam \u0111\u01b0\u1eddng s\u1eefa t\u00f9y kh\u1ea9u v\u1ecb..<\/li>\n<li>C\u00e0 Ph\u00ea B\u1ed9t Arabica Phi\u00eau:\u00a0K\u1ebft h\u1ee3p c\u1ee7a nhi\u1ec1u ki\u1ec3u rang \u0111\u1eadm nh\u1ea1t kh\u00e1c nhau, cho h\u01b0\u01a1ng v\u1ecb ly c\u00e0 ph\u00ea th\u00eam phong ph\u00fa.<\/li>\n<\/ul>","protected":false},"excerpt":{"rendered":"<div class=\"html-content pdp-product-highlights\">\n<ul class=\"\">\n<li class=\"\">100% C\u00e0 ph\u00ea Arabica nguy\u00ean ch\u1ea5t. Rang xay theo c\u00f4ng th\u1ee9c ph\u00f9 h\u1ee3p v\u1edbi pha phin truy\u1ec1n th\u00f4ng. Nh\u1eefng h\u1ea1t Arabica \u0111\u01b0\u1ee3c h\u00e1i b\u1eb1ng tay, sau \u0111\u00f3 ch\u1ebf bi\u1ebfn c\u1ea9n th\u1eadn v\u00e0 rang \u1edf ba c\u1ea5p \u0111\u1ed9 kh\u00e1c nhau t\u1ea1o n\u00ean d\u00f2ng c\u00e0 ph\u00ea nguy\u00ean h\u1ea1t c\u1ee7a L\u00e0 Vi\u1ec7t.<\/li>\n<\/ul>\n<\/div>\n<div class=\"html-content detail-content\"><\/div>","protected":false},"featured_media":12249,"comment_status":"open","ping_status":"closed","template":"","meta":[],"product_brand":[],"product_cat":[36,135],"product_tag":[],"class_list":{"0":"post-12244","1":"product","2":"type-product","3":"status-publish","4":"has-post-thumbnail","6":"product_cat-thuc-pham-tieu-dung","7":"product_cat-sua-do-uong","8":"pa_brand-la-viet","10":"first","11":"outofstock","12":"sale","13":"shipping-taxable","14":"purchasable","15":"product-type-simple"},"_links":{"self":[{"href":"https:\/\/havamall.vn\/en\/wp-json\/wp\/v2\/product\/12244"}],"collection":[{"href":"https:\/\/havamall.vn\/en\/wp-json\/wp\/v2\/product"}],"about":[{"href":"https:\/\/havamall.vn\/en\/wp-json\/wp\/v2\/types\/product"}],"replies":[{"embeddable":true,"href":"https:\/\/havamall.vn\/en\/wp-json\/wp\/v2\/comments?post=12244"}],"version-history":[{"count":0,"href":"https:\/\/havamall.vn\/en\/wp-json\/wp\/v2\/product\/12244\/revisions"}],"wp:featuredmedia":[{"embeddable":true,"href":"https:\/\/havamall.vn\/en\/wp-json\/wp\/v2\/media\/12249"}],"wp:attachment":[{"href":"https:\/\/havamall.vn\/en\/wp-json\/wp\/v2\/media?parent=12244"}],"wp:term":[{"taxonomy":"product_brand","embeddable":true,"href":"https:\/\/havamall.vn\/en\/wp-json\/wp\/v2\/product_brand?post=12244"},{"taxonomy":"product_cat","embeddable":true,"href":"https:\/\/havamall.vn\/en\/wp-json\/wp\/v2\/product_cat?post=12244"},{"taxonomy":"product_tag","embeddable":true,"href":"https:\/\/havamall.vn\/en\/wp-json\/wp\/v2\/product_tag?post=12244"}],"curies":[{"name":"wp","href":"https:\/\/api.w.org\/{rel}","templated":true}]}}