{"id":12166,"date":"2019-10-17T14:51:39","date_gmt":"2019-10-17T07:51:39","guid":{"rendered":"https:\/\/havamall.vn\/?post_type=product&#038;p=12166"},"modified":"2020-09-15T17:58:17","modified_gmt":"2020-09-15T10:58:17","slug":"thung-ot-chung-laoganma-tau-xi-4-vi-moi-vi-6-lo","status":"publish","type":"product","link":"https:\/\/havamall.vn\/en\/shop\/thung-ot-chung-laoganma-tau-xi-4-vi-moi-vi-6-lo\/","title":{"rendered":"Th\u00f9ng \u1edat Ch\u01b0ng Laoganma T\u00e0u X\u00ec 4 V\u1ecb (M\u1ed7i V\u1ecb 6 L\u1ecd)"},"content":{"rendered":"<p>\u1edat ch\u01b0ng d\u1ea7u Laoganma \u0111\u01b0\u1ee3c s\u1ea3n xu\u1ea5t theo c\u00f4ng ngh\u1ec7 hi\u1ec7n \u0111\u1ea1i, m\u1ecdi kh\u00e2u t\u1eeb tuy\u1ec3n ch\u1ecdn nguy\u00ean li\u1ec7u t\u1edbi ch\u1ebf bi\u1ebfn, \u0111\u00f3ng bao b\u00ec \u0111\u1ec1u di\u1ec5n ra kh\u00e9p k\u00edn d\u01b0\u1edbi s\u1ef1 gi\u00e1m s\u00e1t v\u00e0 ki\u1ec3m tra nghi\u00eam ng\u1eb7t. S\u1ea3n ph\u1ea9m kh\u00f4ng ch\u1ee9a h\u00f3a ch\u1ea5t, ch\u1ea5t b\u1ea3o qu\u1ea3n \u0111\u1ed9c h\u1ea1i, \u0111\u1ea3m b\u1ea3o an to\u00e0n cho s\u1ee9c kh\u1ecfe ng\u01b0\u1eddi ti\u00eau d\u00f9ng. S\u1ea3n ph\u1ea9m c\u00f3 h\u01b0\u01a1ng v\u1ecb th\u01a1m ngon c\u1ee7a nh\u1eefng nguy\u00ean li\u1ec7u t\u1ef1 nhi\u00ean \u0111\u01b0\u1ee3c ch\u1ecdn l\u1ecdc k\u1ef9 c\u00e0ng.<\/p>\n<div><img fetchpriority=\"high\" decoding=\"async\" class=\"wp-image-12072 aligncenter\" src=\"https:\/\/havamall.vn\/wp-content\/uploads\/2019\/08\/5ad81887na6c0edb7_1024x1024-300x256.jpg\" alt=\"\" width=\"679\" height=\"579\" srcset=\"https:\/\/havamall.vn\/wp-content\/uploads\/2019\/08\/5ad81887na6c0edb7_1024x1024-300x256.jpg 300w, https:\/\/havamall.vn\/wp-content\/uploads\/2019\/08\/5ad81887na6c0edb7_1024x1024-430x366.jpg 430w, https:\/\/havamall.vn\/wp-content\/uploads\/2019\/08\/5ad81887na6c0edb7_1024x1024-150x128.jpg 150w, https:\/\/havamall.vn\/wp-content\/uploads\/2019\/08\/5ad81887na6c0edb7_1024x1024-700x596.jpg 700w, https:\/\/havamall.vn\/wp-content\/uploads\/2019\/08\/5ad81887na6c0edb7_1024x1024-768x654.jpg 768w, https:\/\/havamall.vn\/wp-content\/uploads\/2019\/08\/5ad81887na6c0edb7_1024x1024-600x511.jpg 600w, https:\/\/havamall.vn\/wp-content\/uploads\/2019\/08\/5ad81887na6c0edb7_1024x1024.jpg 790w\" sizes=\"(max-width: 679px) 100vw, 679px\" \/><\/div>\n<div><\/div>\n<div><\/div>\n<div>\u1edat ch\u01b0ng d\u1ea7u Laoganma \u0111\u01b0\u1ee3c \u0111\u00f3ng l\u1ecd ti\u1ec7n d\u1ee5ng cho ban s\u1eed d\u1ee5ng b\u1ea3o qu\u1ea3n, v\u1ecf \u0111\u1ef1ng s\u1ea3n ph\u1ea9m l\u00e0m t\u1eeb nguy\u00ean li\u1ec7u s\u1ea1ch, kh\u00f4ng l\u1eabn t\u1ea1p ch\u1ea5t h\u00f3a h\u1ecdc \u0111\u1ed9c h\u1ea1i. S\u1ea3n ph\u1ea9m th\u00edch h\u1ee3p \u0111\u1ec3 s\u1eed d\u1ee5ng v\u1edbi c\u01a1m, m\u1ef3, salad rau c\u1ee7 hay t\u1ea9m \u01b0\u1edbp c\u00e1c m\u00f3n chi\u00ean, x\u00e0o, n\u1ea5u.<\/div>\n<div><\/div>\n<div>\n<div><img decoding=\"async\" class=\"wp-image-12073 aligncenter\" src=\"https:\/\/havamall.vn\/wp-content\/uploads\/2019\/08\/cc0a8c962eeacab493fb-300x196.png\" alt=\"\" width=\"685\" height=\"447\" srcset=\"https:\/\/havamall.vn\/wp-content\/uploads\/2019\/08\/cc0a8c962eeacab493fb-300x196.png 300w, https:\/\/havamall.vn\/wp-content\/uploads\/2019\/08\/cc0a8c962eeacab493fb-430x281.png 430w, https:\/\/havamall.vn\/wp-content\/uploads\/2019\/08\/cc0a8c962eeacab493fb-150x98.png 150w, https:\/\/havamall.vn\/wp-content\/uploads\/2019\/08\/cc0a8c962eeacab493fb.png 600w\" sizes=\"(max-width: 685px) 100vw, 685px\" \/><\/div>\n<div><\/div>\n<p>\u0110\u01b0\u1ee3c l\u00e0m t\u1eeb \u1edbt nguy\u00ean ch\u1ea5t, kh\u00f4ng ch\u1ee9a ch\u1ea5t ph\u1ee5 gia. S\u1ea3n ph\u1ea9m \u0111\u01b0\u1ee3c nh\u1eadp kh\u1ea9u t\u1eeb Trung Qu\u1ed1c. Bao b\u00ec s\u1ea3n ph\u1ea9m c\u00f3 th\u1ec3 thay \u0111\u1ed5i theo Nh\u00e0 cung c\u1ea5p. \u0110\u00f3ng chai ti\u1ec7n d\u1ee5ng, \u0111\u1ea3m b\u1ea3o v\u1ec7 sinh Th\u00f4ng tin d\u1ecb \u1ee9ng: S\u1ea3n ph\u1ea9m c\u00f3 ch\u1ee9a \u0111\u1eadu t\u01b0\u01a1ng, \u0111\u1eadu ph\u1ed9ng v\u00e0 c\u00e1c lo\u1ea1i<\/p>\n<p>Ng\u00e0y s\u1ea3n xu\u1ea5t: In tr\u00ean bao b\u00ec s\u1ea3n ph\u1ea9m<\/p>\n<\/div>\n<div>H\u1ea1n s\u1eed d\u1ee5ng: 12 th\u00e1ng k\u1ec3 t\u1eeb ng\u00e0y s\u1ea3n xu\u1ea5t.<\/div>\n<div><\/div>\n<div><\/div>\n<div><img decoding=\"async\" class=\"wp-image-11711 aligncenter\" src=\"https:\/\/havamall.vn\/wp-content\/uploads\/2019\/08\/TB2zkHIgiOYBuNjSsD4XXbSkFXa_3903942080.jpg\" alt=\"\" width=\"681\" height=\"946\" srcset=\"https:\/\/havamall.vn\/wp-content\/uploads\/2019\/08\/TB2zkHIgiOYBuNjSsD4XXbSkFXa_3903942080.jpg 790w, https:\/\/havamall.vn\/wp-content\/uploads\/2019\/08\/TB2zkHIgiOYBuNjSsD4XXbSkFXa_3903942080-430x597.jpg 430w, https:\/\/havamall.vn\/wp-content\/uploads\/2019\/08\/TB2zkHIgiOYBuNjSsD4XXbSkFXa_3903942080-150x208.jpg 150w, https:\/\/havamall.vn\/wp-content\/uploads\/2019\/08\/TB2zkHIgiOYBuNjSsD4XXbSkFXa_3903942080-700x972.jpg 700w\" sizes=\"(max-width: 681px) 100vw, 681px\" \/><\/div>","protected":false},"excerpt":{"rendered":"<p>\u1edat ch\u01b0ng d\u1ea7u Laoganma \u0111\u01b0\u1ee3c \u0111\u00f3ng l\u1ecd ti\u1ec7n d\u1ee5ng cho ban s\u1eed d\u1ee5ng b\u1ea3o qu\u1ea3n, v\u1ecf \u0111\u1ef1ng s\u1ea3n ph\u1ea9m l\u00e0m t\u1eeb nguy\u00ean li\u1ec7u s\u1ea1ch, kh\u00f4ng l\u1eabn t\u1ea1p ch\u1ea5t h\u00f3a h\u1ecdc \u0111\u1ed9c h\u1ea1i. S\u1ea3n ph\u1ea9m th\u00edch h\u1ee3p \u0111\u1ec3 s\u1eed d\u1ee5ng v\u1edbi c\u01a1m, m\u1ef3, salad rau c\u1ee7 hay t\u1ea9m \u01b0\u1edbp c\u00e1c m\u00f3n chi\u00ean, x\u00e0o, n\u1ea5u.<\/p>","protected":false},"featured_media":12167,"comment_status":"open","ping_status":"closed","template":"","meta":[],"product_brand":[],"product_cat":[143],"product_tag":[],"class_list":{"0":"post-12166","1":"product","2":"type-product","3":"status-publish","4":"has-post-thumbnail","6":"product_cat-thuc-pham-dong-hop","7":"pa_brand-laoganma","9":"first","10":"outofstock","11":"sale","12":"shipping-taxable","13":"purchasable","14":"product-type-simple"},"_links":{"self":[{"href":"https:\/\/havamall.vn\/en\/wp-json\/wp\/v2\/product\/12166"}],"collection":[{"href":"https:\/\/havamall.vn\/en\/wp-json\/wp\/v2\/product"}],"about":[{"href":"https:\/\/havamall.vn\/en\/wp-json\/wp\/v2\/types\/product"}],"replies":[{"embeddable":true,"href":"https:\/\/havamall.vn\/en\/wp-json\/wp\/v2\/comments?post=12166"}],"version-history":[{"count":0,"href":"https:\/\/havamall.vn\/en\/wp-json\/wp\/v2\/product\/12166\/revisions"}],"wp:featuredmedia":[{"embeddable":true,"href":"https:\/\/havamall.vn\/en\/wp-json\/wp\/v2\/media\/12167"}],"wp:attachment":[{"href":"https:\/\/havamall.vn\/en\/wp-json\/wp\/v2\/media?parent=12166"}],"wp:term":[{"taxonomy":"product_brand","embeddable":true,"href":"https:\/\/havamall.vn\/en\/wp-json\/wp\/v2\/product_brand?post=12166"},{"taxonomy":"product_cat","embeddable":true,"href":"https:\/\/havamall.vn\/en\/wp-json\/wp\/v2\/product_cat?post=12166"},{"taxonomy":"product_tag","embeddable":true,"href":"https:\/\/havamall.vn\/en\/wp-json\/wp\/v2\/product_tag?post=12166"}],"curies":[{"name":"wp","href":"https:\/\/api.w.org\/{rel}","templated":true}]}}