{"id":12100,"date":"2019-10-17T13:25:49","date_gmt":"2019-10-17T06:25:49","guid":{"rendered":"https:\/\/havamall.vn\/?post_type=product&#038;p=12100"},"modified":"2025-03-18T14:38:14","modified_gmt":"2025-03-18T07:38:14","slug":"nui-divella-penne-so-27-500g","status":"publish","type":"product","link":"https:\/\/havamall.vn\/en\/shop\/nui-divella-penne-so-27-500g\/","title":{"rendered":"Nui Divella Penne S\u1ed1 27 (500g)"},"content":{"rendered":"<p>Penne l\u00e0 m\u1ed9t trong nh\u1eefng lo\u1ea1i m\u00ec \u00dd n\u1ed5i ti\u1ebfng. Penne c\u00f3 ngh\u0129a l\u00e0 &#8221; b\u00fat &#8221; trong ti\u1ebfng \u00dd, \u0111\u01b0\u1ee3c \u0111\u1eb7t b\u1edfi ki\u1ec3u d\u00e1ng c\u1ee7a nui. Nui Penne c\u00f3 h\u00ecnh \u1ed1ng v\u1edbi k\u1ebft th\u00fac c\u1eaft g\u00f3c c\u1ea1nh tr\u00f4ng gi\u1ed1ng nh\u01b0 m\u1ed9t c\u00e2y b\u00fat l\u00f4ng, cho ph\u00e9p nui gi\u1eef n\u01b0\u1edbc s\u1ed1t nhi\u1ec1u h\u01a1n n\u1eefa.<\/p>\n<div>Nui \u0111\u01b0\u1ee3c ch\u1ebf bi\u1ebfn t\u1eeb h\u1ea1t m\u00ec c\u1ee9ng v\u00e0 tr\u1ee9ng, gia v\u1ecb qua quy tr\u00ecnh s\u1ea3n xu\u1ea5t kh\u00e9p k\u00edn d\u01b0\u1edbi s\u1ef1 gi\u00e1m s\u00e1t v\u00e0 ki\u1ec3m tra nghi\u00eam ng\u1eb7t \u0111\u1ec3 t\u1ea1o ra mi\u1ebfng nui dai, v\u00e0ng \u00f3ng.<\/div>\n<div><img fetchpriority=\"high\" decoding=\"async\" class=\"wp-image-22669 aligncenter\" src=\"https:\/\/havamall.vn\/wp-content\/uploads\/2025\/03\/penne-1-300x273.png\" alt=\"\" width=\"735\" height=\"669\" \/><\/div>\n<p>C\u00e1c nguy\u00ean li\u1ec7u \u0111\u1ec1u l\u1ea5y t\u1eeb t\u1ef1 nhi\u00ean, kh\u00f4ng ch\u1ee9a h\u00f3a ch\u1ea5t, kh\u00f4ng s\u1eed d\u1ee5ng ch\u1ea5t b\u1ea3o qu\u1ea3n, \u0111\u1ea1t y\u00eau c\u1ea7u an<\/p>\n<p>to\u00e0n v\u1ec7 sinh th\u1ef1c ph\u1ea9m. S\u1ea3n ph\u1ea9m cung c\u1ea5p h\u00e0m l\u01b0\u1ee3ng tinh b\u1ed9t, protein \u0111\u00e1ng k\u1ec3 v\u00e0 cung c\u1ea5p ngu\u1ed3n n\u0103ng l\u01b0\u1ee3ng d\u1ed3i d\u00e0o cho c\u01a1 th\u1ec3 su\u1ed1t ng\u00e0y d\u00e0i ho\u1ea1t \u0111\u1ed9ng. Nui d\u1ea1ng xo\u1eafn v\u1eeba, dai, d\u1ec5 \u0103n, c\u00f3 th\u1ec3 ch\u1ebf bi\u1ebfn th\u00e0nh nhi\u1ec1u m\u00f3n \u0103n kh\u00e1c nhau nh\u01b0 nui x\u00e0o rau c\u1ee7, nui x\u00e0o h\u1ea3i s\u1ea3n, h\u1ee7 ti\u1ebfu nui,\u2026<\/p>\n<p>S\u1ea3n ph\u1ea9m \u0111\u01b0\u1ee3c \u0111\u00f3ng g\u00f3i k\u1ef9 l\u01b0\u1ee1ng, thu\u1eadn l\u1ee3i cho b\u1ea1n mang \u0111i du l\u1ecbch hay d\u00e3 ngo\u1ea1i c\u00f9ng b\u1ea1n b\u00e8, ng\u01b0\u1eddi th\u00e2n.<\/p>\n<div><img decoding=\"async\" class=\"wp-image-22672 aligncenter\" src=\"https:\/\/havamall.vn\/wp-content\/uploads\/2025\/03\/penne-300x225.png\" alt=\"\" width=\"750\" height=\"562\" \/><\/div>","protected":false},"excerpt":{"rendered":"<ul class=\"\">\n<li class=\"\">Nui Divella Penne S\u1ed1 27 (500g)- Divella, th\u01b0\u01a1ng hi\u1ec7u t\u1eeb n\u0103m 1890 l\u00e0 m\u1ed9t trong nh\u1eefng c\u00f4ng ty d\u1eabn \u0111\u1ea7u trong ng\u00e0nh th\u1ef1c ph\u1ea9m t\u1ea1i th\u1ecb tr\u01b0\u1eddng \u00dd n\u00f3i ri\u00eang v\u00e0 th\u1ecb tr\u01b0\u1eddng qu\u1ed1c t\u1ebf n\u00f3i chung.<\/li>\n<li class=\"\">V\u1edbi ni\u1ec1m \u0111am m\u00ea trong l\u0129nh v\u1ef1c th\u1ef1c ph\u1ea9m, Divella t\u1ef1 h\u00e0o l\u00e0 nh\u00e0 s\u1ea3n xu\u1ea5t ra ngu\u1ed3n th\u1ef1c ph\u1ea9m cho t\u1eebng gia \u0111\u00ecnh v\u00e0 c\u00e1c b\u1eefa \u0103n tr\u00ean to\u00e0n th\u1ebf gi\u1edbi.<\/li>\n<li class=\"\">\u0110\u01b0\u1ee3c l\u00e0m t\u1eeb 100% tinh b\u1ed9t l\u00faa m\u1ef3 c\u1ee9ng semola, \u0111\u00e2y l\u00e0 lo\u1ea1i th\u1ef1c ph\u1ea9m c\u00f3 gi\u00e1 tr\u1ecb dinh d\u01b0\u1ee1ng r\u1ea5t cao, v\u00e0 kh\u00f4ng c\u00f3 th\u1ef1c ph\u1ea9m n\u00e0o t\u1ed1t h\u01a1n ho\u1eb7c b\u1ed5 d\u01b0\u1ee1ng h\u01a1n cho c\u01a1 th\u1ec3 nh\u01b0 m\u00ec \u00fd, n\u00f3 l\u00e0 ngu\u1ed3n th\u1ef1c ph\u1ea9m \u0111\u01b0\u1ee3c to\u00e0n th\u1ebf gi\u1edbi \u0111\u00e1nh gi\u00e1 v\u00e0 \u0111\u00f3n nh\u1eadn m\u1ea1nh m\u1ebd, Divella t\u1ef1 h\u00e0o l\u00e0 th\u01b0\u01a1ng hi\u1ec7u d\u1eabn \u0111\u1ea7u h\u01a1n 125 n\u0103m.<\/li>\n<\/ul>","protected":false},"featured_media":12101,"comment_status":"open","ping_status":"closed","template":"","meta":[],"product_brand":[],"product_cat":[672,36,134],"product_tag":[],"class_list":{"0":"post-12100","1":"product","2":"type-product","3":"status-publish","4":"has-post-thumbnail","6":"product_cat-nhap-khau-y","7":"product_cat-thuc-pham-tieu-dung","8":"product_cat-thucpham-saykho","9":"pa_brand-divella","11":"first","12":"instock","13":"sale","14":"shipping-taxable","15":"purchasable","16":"product-type-simple"},"_links":{"self":[{"href":"https:\/\/havamall.vn\/en\/wp-json\/wp\/v2\/product\/12100"}],"collection":[{"href":"https:\/\/havamall.vn\/en\/wp-json\/wp\/v2\/product"}],"about":[{"href":"https:\/\/havamall.vn\/en\/wp-json\/wp\/v2\/types\/product"}],"replies":[{"embeddable":true,"href":"https:\/\/havamall.vn\/en\/wp-json\/wp\/v2\/comments?post=12100"}],"version-history":[{"count":0,"href":"https:\/\/havamall.vn\/en\/wp-json\/wp\/v2\/product\/12100\/revisions"}],"wp:featuredmedia":[{"embeddable":true,"href":"https:\/\/havamall.vn\/en\/wp-json\/wp\/v2\/media\/12101"}],"wp:attachment":[{"href":"https:\/\/havamall.vn\/en\/wp-json\/wp\/v2\/media?parent=12100"}],"wp:term":[{"taxonomy":"product_brand","embeddable":true,"href":"https:\/\/havamall.vn\/en\/wp-json\/wp\/v2\/product_brand?post=12100"},{"taxonomy":"product_cat","embeddable":true,"href":"https:\/\/havamall.vn\/en\/wp-json\/wp\/v2\/product_cat?post=12100"},{"taxonomy":"product_tag","embeddable":true,"href":"https:\/\/havamall.vn\/en\/wp-json\/wp\/v2\/product_tag?post=12100"}],"curies":[{"name":"wp","href":"https:\/\/api.w.org\/{rel}","templated":true}]}}