{"id":12026,"date":"2019-09-30T11:54:26","date_gmt":"2019-09-30T04:54:26","guid":{"rendered":"https:\/\/havamall.vn\/?post_type=product&#038;p=12026"},"modified":"2021-06-10T09:34:18","modified_gmt":"2021-06-10T02:34:18","slug":"tra-sua-cao-cap-meco-300ml","status":"publish","type":"product","link":"https:\/\/havamall.vn\/en\/shop\/tra-sua-cao-cap-meco-300ml\/","title":{"rendered":"Tr\u00e0 S\u1eefa Cao C\u1ea5p Meco-300ml"},"content":{"rendered":"<p>Tr\u00e0 s\u1eefa cao c\u1ea5p Meco \u0111\u01b0\u1ee3c l\u00e0m t\u1eeb h\u1ed3ng tr\u00e0 ASSAM \u1ea4N \u0110\u1ed8: V\u00f9ng \u0111\u1ea5t tr\u1ed3ng tr\u00e0 n\u1ed5i ti\u1ebfng tr\u1ea3i d\u00e0i t\u1eeb s\u00f4ng Brahmaputra \u0111\u1ebfn bi\u00ean gi\u1edbi Bangladesh v\u00e0 Myanmar\u1ed3i v\u00e0\u00a0s\u1eefa b\u00f2 AUSTRALIA n\u01a1i b\u00f2 \u0111\u01b0\u1ee3c gi\u00e1m s\u00e1t \u0111\u1ecbnh k\u00ec, qu\u1ea3n l\u00fd, ki\u1ec3m tra ch\u1ea5t l\u01b0\u1ee3ng nghi\u00eam ng\u1eb7t.<\/p>\n<p><img fetchpriority=\"high\" decoding=\"async\" class=\"wp-image-12029 aligncenter\" src=\"https:\/\/havamall.vn\/wp-content\/uploads\/2019\/09\/h13_grande-300x193.jpg\" alt=\"\" width=\"646\" height=\"415\" srcset=\"https:\/\/havamall.vn\/wp-content\/uploads\/2019\/09\/h13_grande-300x193.jpg 300w, https:\/\/havamall.vn\/wp-content\/uploads\/2019\/09\/h13_grande-430x276.jpg 430w, https:\/\/havamall.vn\/wp-content\/uploads\/2019\/09\/h13_grande-150x96.jpg 150w, https:\/\/havamall.vn\/wp-content\/uploads\/2019\/09\/h13_grande.jpg 600w\" sizes=\"(max-width: 646px) 100vw, 646px\" \/><\/p>\n<p>\u0110\u01b0\u1ee3c \u0111i\u1ec1u ch\u1ebf m\u1ed9t c\u00e1ch t\u1ec9 m\u1ec9, \u0111\u1ea3m b\u1ea3o \u0111\u01b0\u1ee3c \u0111\u1ed9 dung h\u00f2a ho\u00e0n h\u1ea3o gi\u1eefa h\u1ed3ng tr\u00e0 v\u00e0 s\u1eefa b\u00f2, h\u01b0\u01a1ng s\u1eefa n\u1ed3ng \u0111\u01b0\u1ee3m, m\u00f9i v\u1ecb nguy\u00ean ch\u1ea5t tinh khi\u1ebft, l\u00e0 m\u1ed9t s\u1ea3n ph\u1ea9m hi\u1ebfm hoi v\u1edbi ch\u1ea5t l\u01b0\u1ee3ng an to\u00e0n cho s\u1ee9c kh\u1ecfe cao<\/p>\n<p>S\u1ea3n ph\u1ea9m s\u1eed d\u1ee5ng ph\u01b0\u01a1ng ph\u00e1p \u0111\u00f3ng g\u00f3i b\u1eb1ng thi\u1ebft b\u1ecb v\u00f4 tr\u00f9ng ti\u00ean ti\u1ebfn nh\u1ea5t c\u1ee7a c\u00e1c n\u01b0\u1edbc Ch\u00e2u \u00c2u nh\u01b0 \u0110\u1ee9c v\u00e0 Th\u1ee5y S\u0129, kho b\u1ea3o qu\u1ea3n ti\u00eau chu\u1ea9n \u0111\u01b0\u1ee3c x\u00f4ng thu\u1ed1c ti\u1ec7t tr\u00f9ng si\u00eau s\u1ea1ch, v\u1edbi ti\u00eau chu\u1ea9n 5 kh\u00f4ng: Kh\u00f4ng th\u00eam kem s\u1eefa,kh\u00f4ng th\u00eam ch\u1ea5t b\u1ea3o qu\u1ea3n,kh\u00f4ng th\u00eam ch\u1ea5t \u0111i\u1ec1u m\u00f9i,kh\u00f4ng th\u00eam ch\u1ea5t l\u00e0m ng\u1ecdt,kh\u00f4ng ch\u1ee9a ch\u1ea5t b\u00e9o.<\/p>\n<p>Ki\u1ec3u d\u00e1ng ti\u1ec7n l\u1ee3i, nh\u1ecf g\u1ecdn d\u1ec5 d\u00e0ng mang theo,n\u1eafp \u0111\u01b0\u1ee3c l\u00e0m t\u1eeb ch\u1ea5t li\u1ec7u nh\u1ef1a PP ch\u1eafc ch\u1eafn,nguy\u00ean li\u1ec7u nh\u1eadp kh\u1ea9u an to\u00e0n, kh\u00f4ng ch\u1ea5t \u0111\u1ed9c h\u1ea1i,h\u01b0\u01a1ng v\u1ecb th\u01a1m ngon, b\u1ed5 d\u01b0\u1ee1ng.<\/p>\n<p><img decoding=\"async\" class=\"wp-image-12030 aligncenter\" src=\"https:\/\/havamall.vn\/wp-content\/uploads\/2019\/09\/158a4a6e32cec03baa0c69920dcdbd17-300x300.jpg\" alt=\"\" width=\"546\" height=\"546\" srcset=\"https:\/\/havamall.vn\/wp-content\/uploads\/2019\/09\/158a4a6e32cec03baa0c69920dcdbd17-300x300.jpg 300w, https:\/\/havamall.vn\/wp-content\/uploads\/2019\/09\/158a4a6e32cec03baa0c69920dcdbd17-150x150.jpg 150w, https:\/\/havamall.vn\/wp-content\/uploads\/2019\/09\/158a4a6e32cec03baa0c69920dcdbd17-100x100.jpg 100w, https:\/\/havamall.vn\/wp-content\/uploads\/2019\/09\/158a4a6e32cec03baa0c69920dcdbd17.jpg 350w\" sizes=\"(max-width: 546px) 100vw, 546px\" \/><\/p>\n<p>H\u01b0\u1edbng d\u1eabn s\u1eed d\u1ee5ng: u\u1ed1ng tr\u1ef1c ti\u1ebfp ngon h\u01a1n khi u\u1ed1ng l\u1ea1nh.<\/p>\n<p>Tr\u00e0 s\u1eefa ti\u1ec7t tr\u00f9ng u\u1ed1ng li\u1ec1n cao c\u1ea5p MECO \u0111\u01b0\u1ee3c tung ra l\u1ea7n n\u00e0y v\u1edbi h\u00ecnh t\u01b0\u1ee3ng cao c\u1ea5p tr\u01b0\u1edbc nay ch\u01b0a t\u1eebng c\u00f3, s\u1eb5n s\u00e0ng mang \u0111\u1ebfn h\u01b0\u01a1ng v\u1ecb v\u00e0 ch\u1ea5t l\u01b0\u1ee3ng tuy\u1ec7t h\u1ea3o, l\u00e0m h\u00e0i l\u00f2ng m\u1ecdi th\u1ef1c kh\u00e1ch.<\/p>\n<p>&nbsp;<\/p>\n<p>&nbsp;<\/p>\n<p>&nbsp;<\/p>\n<p>&nbsp;<\/p>\n<p>&nbsp;<\/p>\n<p>&nbsp;<\/p>\n<p>&nbsp;<\/p>","protected":false},"excerpt":{"rendered":"<p>Tr\u00e0 s\u1eefa cao c\u1ea5p Meco \u0111\u01b0\u1ee3c l\u00e0m t\u1eeb h\u1ed3ng tr\u00e0 ASSAM \u1ea4N \u0110\u1ed8: V\u00f9ng \u0111\u1ea5t tr\u1ed3ng tr\u00e0 n\u1ed5i ti\u1ebfng tr\u1ea3i<\/p>","protected":false},"featured_media":12031,"comment_status":"open","ping_status":"closed","template":"","meta":[],"product_brand":[],"product_cat":[135],"product_tag":[],"class_list":{"0":"post-12026","1":"product","2":"type-product","3":"status-publish","4":"has-post-thumbnail","6":"product_cat-sua-do-uong","7":"pa_brand-meco","9":"first","10":"outofstock","11":"sale","12":"shipping-taxable","13":"purchasable","14":"product-type-simple"},"_links":{"self":[{"href":"https:\/\/havamall.vn\/en\/wp-json\/wp\/v2\/product\/12026"}],"collection":[{"href":"https:\/\/havamall.vn\/en\/wp-json\/wp\/v2\/product"}],"about":[{"href":"https:\/\/havamall.vn\/en\/wp-json\/wp\/v2\/types\/product"}],"replies":[{"embeddable":true,"href":"https:\/\/havamall.vn\/en\/wp-json\/wp\/v2\/comments?post=12026"}],"version-history":[{"count":0,"href":"https:\/\/havamall.vn\/en\/wp-json\/wp\/v2\/product\/12026\/revisions"}],"wp:featuredmedia":[{"embeddable":true,"href":"https:\/\/havamall.vn\/en\/wp-json\/wp\/v2\/media\/12031"}],"wp:attachment":[{"href":"https:\/\/havamall.vn\/en\/wp-json\/wp\/v2\/media?parent=12026"}],"wp:term":[{"taxonomy":"product_brand","embeddable":true,"href":"https:\/\/havamall.vn\/en\/wp-json\/wp\/v2\/product_brand?post=12026"},{"taxonomy":"product_cat","embeddable":true,"href":"https:\/\/havamall.vn\/en\/wp-json\/wp\/v2\/product_cat?post=12026"},{"taxonomy":"product_tag","embeddable":true,"href":"https:\/\/havamall.vn\/en\/wp-json\/wp\/v2\/product_tag?post=12026"}],"curies":[{"name":"wp","href":"https:\/\/api.w.org\/{rel}","templated":true}]}}