{"id":12006,"date":"2019-09-25T12:37:34","date_gmt":"2019-09-25T05:37:34","guid":{"rendered":"https:\/\/havamall.vn\/?post_type=product&#038;p=12006"},"modified":"2025-06-18T11:39:10","modified_gmt":"2025-06-18T04:39:10","slug":"ca-phe-la-viet-pha-phin-f1-1kg","status":"publish","type":"product","link":"https:\/\/havamall.vn\/en\/shop\/ca-phe-la-viet-pha-phin-f1-1kg\/","title":{"rendered":"C\u00e0 Ph\u00ea B\u1ed9t Nguy\u00ean Ch\u1ea5t L\u00e0 Vi\u1ec7t Pha Phin F1 &#8211; V\u1ecb D\u1ecbu Nh\u1eb9 1000gr"},"content":{"rendered":"<p>L\u00e0 Vi\u1ec7t l\u00e0 m\u1ed9t trong nh\u1eefng th\u01b0\u01a1ng hi\u1ec7u c\u00e0 ph\u00ea n\u1ed5i ti\u1ebfng \u1edf Vi\u1ec7t Nam,c\u00f3 r\u1ea5t nhi\u1ec1u\u00a0d\u00f2ng kh\u00e1c nhau \u0111\u00e1p \u1ee9ng \u0111\u01b0\u1ee3c \u0111a d\u1ea1ng kh\u1ea9u v\u1ecb\u00a0ng\u01b0\u1eddi ti\u00eau d\u00f9ng.Trong \u0111\u00f3 ph\u1ea3i k\u1ec3 \u0111\u1ebfn d\u00f2ng C\u00e0 Ph\u00ea Pha Phin F1 v\u1edbi m\u00f9i h\u01b0\u01a1ng d\u1ecbu nh\u1eb9 lan t\u1ecfa kh\u1eafp v\u00f2m h\u1ecdng, v\u1ecb c\u00e0 ph\u00ea d\u1ecbu nh\u1eb9 s\u00e1nh quy\u1ec7n n\u01a1i \u0111\u1ea7u l\u01b0\u1ee1i v\u00e0 cu\u1ed1i c\u00f9ng l\u00e0 h\u1eadu v\u1ecb ng\u1ecdt ng\u00e0o, d\u1ec5 ch\u1ecbu.<\/p>\n<p><img fetchpriority=\"high\" decoding=\"async\" class=\"wp-image-19417 aligncenter\" src=\"https:\/\/havamall.com\/wp-content\/uploads\/2025\/06\/97088072_2554545731528894_7465571939851960320_n-1-200x300.jpg\" alt=\"\" width=\"540\" height=\"810\" \/><\/p>\n<p>Vi\u1ec7t Nam t\u1ef1 h\u00e0o s\u1edf h\u1eefu m\u1ed9t di s\u1ea3n v\u0103n h\u00f3a c\u00e0 ph\u00ea gi\u00e0u c\u00f3, v\u00e0 &#8216;C\u00e0 Ph\u00ea Phin&#8217; ch\u00ednh l\u00e0 linh h\u1ed3n, l\u00e0 n\u00e9t v\u0103n h\u00f3a th\u01b0\u1edfng th\u1ee9c c\u00e0 ph\u00ea \u0111\u00e3 \u0103n s\u00e2u v\u00e0o ti\u1ec1m th\u1ee9c bi\u1ebft bao ng\u01b0\u1eddi Vi\u1ec7t.<\/p>\n<p><img decoding=\"async\" class=\"wp-image-19418 aligncenter\" src=\"https:\/\/havamall.com\/wp-content\/uploads\/2025\/06\/71149507_2346008552382614_4688624022458466304_n-300x300.jpg\" alt=\"\" width=\"548\" height=\"510\" \/><\/p>\n<p>C\u00f4ng \u0111o\u1ea1n rang c\u0169ng r\u1ea5t t\u1ec9 m\u1ec9, \u0111\u00fang \u0111\u1ed9 l\u1eeda v\u00e0 th\u1eddi gian chu\u1ea9n x\u00e1c nh\u1ea5t. H\u1ea1t v\u1eeba ch\u00edn t\u1edbi n\u00ean v\u1eabn gi\u1eef \u0111\u01b0\u1ee3c t\u00ednh axit, mang \u0111\u1ebfn v\u1ecb chua r\u00f5 r\u00e0ng v\u00e0 v\u1ecb ng\u1ecdt, \u0111\u1eafng v\u1eeba nhen nh\u00f3m, r\u1ea5t ho\u00e0n h\u1ea3o.<\/p>\n<p>V\u1edbi nh\u1eefng h\u1ea1t c\u00e0 ph\u00ea c\u00f3 ch\u1ea5t l\u01b0\u1ee3ng v\u00e0 \u0111\u01b0\u1ee3c rang \u0111\u00fang \u0111\u1ed9\u00a0s\u1ebd mang m\u1ed9t h\u01b0\u01a1ng v\u1ecb ho\u00e0n h\u1ea3o cho th\u1ef1c kh\u00e1ch. C\u00e1c h\u1ea1t cafe rang chu\u1ea9n s\u1ebd t\u1ea1o ra \u0111\u01b0\u1ee3c h\u01b0\u01a1ng th\u01a1m nh\u1ea5t,\u00a0\u0111\u1ed3ng th\u1eddi ti\u1ebft ra \u0111\u01b0\u1ee3c c\u00e1c vitamin v\u00e0 mu\u1ed1i kho\u00e1ng, tinh d\u1ea7u c\u00f3 trong c\u00e0 ph\u00ea.<\/p>\n<p><img decoding=\"async\" class=\"wp-image-19419 aligncenter\" src=\"https:\/\/havamall.com\/wp-content\/uploads\/2025\/06\/56415715_2213031359013668_1149056476422078464_n-1-300x213.jpg\" alt=\"\" width=\"544\" height=\"386\" \/><\/p>\n<p>Hi\u1ec7n t\u1ea1i Havamall c\u00f3 2 m\u00f9i v\u1ecb cho kh\u00e1ch h\u00e0ng l\u1ef1a ch\u1ecdn:<\/p>\n<ul>\n<li>C\u00e0 Ph\u00ea Pha Phin F1:\u00a0d\u00e0nh cho kh\u00e1ch h\u00e0ng th\u00edch h\u01b0\u01a1ng v\u1ecb d\u1ecbu nh\u1eb9, tinh t\u1ebf.<\/li>\n<li>C\u00e0 Ph\u00ea Pha Phin F2:\u00a0d\u00e0nh cho kh\u00e1ch h\u00e0ng th\u00edch h\u01b0\u01a1ng v\u1ecb \u0111\u1eadm \u0111\u00e0, s\u00e2u l\u1eafng.<\/li>\n<\/ul>","protected":false},"excerpt":{"rendered":"<p>L\u00e0 Vi\u1ec7t l\u00e0 m\u1ed9t trong nh\u1eefng th\u01b0\u01a1ng hi\u1ec7u c\u00e0 ph\u00ea n\u1ed5i ti\u1ebfng \u1edf Vi\u1ec7t Nam,c\u00f3 r\u1ea5t nhi\u1ec1u\u00a0d\u00f2ng kh\u00e1c nhau \u0111\u00e1p<\/p>","protected":false},"featured_media":12018,"comment_status":"open","ping_status":"closed","template":"","meta":[],"product_brand":[],"product_cat":[135],"product_tag":[],"class_list":{"0":"post-12006","1":"product","2":"type-product","3":"status-publish","4":"has-post-thumbnail","6":"product_cat-sua-do-uong","7":"pa_brand-la-viet","9":"first","10":"instock","11":"sale","12":"shipping-taxable","13":"purchasable","14":"product-type-simple"},"_links":{"self":[{"href":"https:\/\/havamall.vn\/en\/wp-json\/wp\/v2\/product\/12006"}],"collection":[{"href":"https:\/\/havamall.vn\/en\/wp-json\/wp\/v2\/product"}],"about":[{"href":"https:\/\/havamall.vn\/en\/wp-json\/wp\/v2\/types\/product"}],"replies":[{"embeddable":true,"href":"https:\/\/havamall.vn\/en\/wp-json\/wp\/v2\/comments?post=12006"}],"version-history":[{"count":0,"href":"https:\/\/havamall.vn\/en\/wp-json\/wp\/v2\/product\/12006\/revisions"}],"wp:featuredmedia":[{"embeddable":true,"href":"https:\/\/havamall.vn\/en\/wp-json\/wp\/v2\/media\/12018"}],"wp:attachment":[{"href":"https:\/\/havamall.vn\/en\/wp-json\/wp\/v2\/media?parent=12006"}],"wp:term":[{"taxonomy":"product_brand","embeddable":true,"href":"https:\/\/havamall.vn\/en\/wp-json\/wp\/v2\/product_brand?post=12006"},{"taxonomy":"product_cat","embeddable":true,"href":"https:\/\/havamall.vn\/en\/wp-json\/wp\/v2\/product_cat?post=12006"},{"taxonomy":"product_tag","embeddable":true,"href":"https:\/\/havamall.vn\/en\/wp-json\/wp\/v2\/product_tag?post=12006"}],"curies":[{"name":"wp","href":"https:\/\/api.w.org\/{rel}","templated":true}]}}