{"id":12003,"date":"2019-09-25T12:32:49","date_gmt":"2019-09-25T05:32:49","guid":{"rendered":"https:\/\/havamall.vn\/?post_type=product&#038;p=12003"},"modified":"2025-06-18T11:44:04","modified_gmt":"2025-06-18T04:44:04","slug":"ca-phe-la-viet-espresso-e2-1kg","status":"publish","type":"product","link":"https:\/\/havamall.vn\/en\/shop\/ca-phe-la-viet-espresso-e2-1kg\/","title":{"rendered":"C\u00e0 Ph\u00ea Nguy\u00ean H\u1ea1t L\u00e0 Vi\u1ec7t Espresso E2 ( V\u1ecb \u0110\u1eadm \u0110\u00e0 ) 1000gr"},"content":{"rendered":"<p>L\u00e0 Vi\u1ec7t l\u00e0 m\u1ed9t trong nh\u1eefng th\u01b0\u01a1ng hi\u1ec7u c\u00e0 ph\u00ea n\u1ed5i ti\u1ebfng \u1edf Vi\u1ec7t Nam, c\u00f3 r\u1ea5t nhi\u1ec1u\u00a0d\u00f2ng kh\u00e1c nhau \u0111\u00e1p \u1ee9ng \u0111\u01b0\u1ee3c \u0111a d\u1ea1ng kh\u1ea9u v\u1ecb\u00a0ng\u01b0\u1eddi ti\u00eau d\u00f9ng. Trong \u0111\u00f3 ph\u1ea3i k\u1ec3 \u0111\u1ebfn d\u00f2ng\u00a0C\u00e0\u00a0Ph\u00ea Espresso\u00a0E2 v\u1edbi m\u00f9i th\u01a1m \u0111\u1eadm \u0111\u00e0 nguy\u00ean ch\u1ea5t. Espresso b\u1eaft ngu\u1ed3n t\u1eeb ti\u1ebfng \u00dd \u201cespressivo\u201d \u2013 t\u1eeb di\u1ec5n t\u1ea3 m\u1ed9t th\u1ee9c \u0103n u\u1ed1ng \u0111\u01b0\u1ee3c pha ch\u1ebf theo c\u00e1ch \u0111\u1eb7c bi\u1ec7t.\u00a0Espresso \u0111\u00fang ra l\u00e0 t\u00ean c\u1ee7a m\u1ed9t ph\u01b0\u01a1ng ph\u00e1p pha ch\u1ebf c\u00e0 ph\u00ea, ch\u1ee9 kh\u00f4ng ph\u1ea3i l\u00e0 t\u00ean ri\u00eang c\u1ee7a m\u1ed9t lo\u1ea1i c\u00e0 ph\u00ea n\u00e0o.<\/p>\n<p><img fetchpriority=\"high\" decoding=\"async\" class=\"wp-image-19421 aligncenter\" src=\"https:\/\/havamall.com\/wp-content\/uploads\/2025\/06\/146155957_2781812052135593_1321804612801103707_n-300x225.jpg\" alt=\"\" width=\"482\" height=\"361\" \/><\/p>\n<p>S\u1edf d\u0129\u00a0C\u00e0 Ph\u00ea Espresso E2 c\u1ee7a L\u00e0 Vi\u1ec7t lu\u00f4n \u0111\u01b0\u1ee3c m\u1ecdi ng\u01b0\u1eddi tin t\u01b0\u1edfng s\u1eed d\u1ee5ng b\u1edfi t\u1eeb nh\u1eefng b\u01b0\u1edbc \u0111\u1ea7u ti\u00ean \u0111\u00e3 r\u1ea5t k\u1ef9 l\u01b0\u1ee1ng trong kh\u00e2u tuy\u1ec3n ch\u1ecdn ngu\u1ed3n nguy\u00ean li\u1ec7u \u0111\u1ea7u v\u00e0o, ch\u1ecdn \u0111\u01b0\u1ee3c nh\u1eefng tr\u00e1i ch\u00edn t\u1ea1i \u0110\u00e0 L\u1ea1t n\u01a1i m\u00e0 c\u00f3 th\u1ec3 tr\u1ed3ng Arabica ngon c\u00f3 ch\u1ea5t l\u01b0\u1ee3ng cao t\u1ea1i Vi\u1ec7t Nam.<\/p>\n<p><img decoding=\"async\" class=\"wp-image-19423 aligncenter\" src=\"https:\/\/havamall.com\/wp-content\/uploads\/2025\/06\/56415715_2213031359013668_1149056476422078464_n-2-300x213.jpg\" alt=\"\" width=\"486\" height=\"345\" \/><\/p>\n<p>C\u00f4ng \u0111o\u1ea1n rang c\u0169ng r\u1ea5t t\u1ec9 m\u1ec9, \u0111\u00fang \u0111\u1ed9 l\u1eeda v\u00e0 th\u1eddi gian chu\u1ea9n x\u00e1c nh\u1ea5t. H\u1ea1t v\u1eeba ch\u00edn t\u1edbi n\u00ean v\u1eabn gi\u1eef \u0111\u01b0\u1ee3c t\u00ednh axit, mang \u0111\u1ebfn v\u1ecb chua r\u00f5 r\u00e0ng v\u00e0 v\u1ecb ng\u1ecdt, \u0111\u1eafng v\u1eeba nhen nh\u00f3m, r\u1ea5t ho\u00e0n h\u1ea3o.<\/p>\n<p>V\u1edbi nh\u1eefng h\u1ea1t c\u00e0 ph\u00ea c\u00f3 ch\u1ea5t l\u01b0\u1ee3ng v\u00e0 \u0111\u01b0\u1ee3c rang \u0111\u00fang \u0111\u1ed9\u00a0s\u1ebd mang m\u1ed9t h\u01b0\u01a1ng v\u1ecb ho\u00e0n h\u1ea3o cho th\u1ef1c kh\u00e1ch. C\u00e1c h\u1ea1t cafe rang chu\u1ea9n s\u1ebd t\u1ea1o ra \u0111\u01b0\u1ee3c h\u01b0\u01a1ng th\u01a1m nh\u1ea5t,\u00a0\u0111\u1ed3ng th\u1eddi ti\u1ebft ra \u0111\u01b0\u1ee3c c\u00e1c vitamin v\u00e0 mu\u1ed1i kho\u00e1ng, tinh d\u1ea7u c\u00f3 trong c\u00e0 ph\u00ea.<\/p>\n<p>Hi\u1ec7n t\u1ea1i Havamall c\u00f3 2 m\u00f9i v\u1ecb cho kh\u00e1ch h\u00e0ng l\u1ef1a ch\u1ecdn:<\/p>\n<ul>\n<li>C\u00e0 Ph\u00ea Espresso E1:\u00a0d\u00e0nh cho kh\u00e1ch h\u00e0ng th\u00edch m\u00f9i c\u00e0 ph\u00ea v\u1ecb thanh, h\u01b0\u01a1ng d\u1ecbu nh\u1eb9.<\/li>\n<li>C\u00e0 Ph\u00ea Espresso E2: d\u00e0nh cho kh\u00e1ch h\u00e0ng th\u00edch m\u00f9i c\u00e0 ph\u00ea \u0111\u1eadm \u0111\u00e0.<\/li>\n<\/ul>","protected":false},"excerpt":{"rendered":"<p>L\u00e0 Vi\u1ec7t l\u00e0 m\u1ed9t trong nh\u1eefng th\u01b0\u01a1ng hi\u1ec7u c\u00e0 ph\u00ea n\u1ed5i ti\u1ebfng \u1edf Vi\u1ec7t Nam, c\u00f3 r\u1ea5t nhi\u1ec1u\u00a0d\u00f2ng kh\u00e1c nhau<\/p>","protected":false},"featured_media":12016,"comment_status":"open","ping_status":"closed","template":"","meta":[],"product_brand":[],"product_cat":[135],"product_tag":[],"class_list":{"0":"post-12003","1":"product","2":"type-product","3":"status-publish","4":"has-post-thumbnail","6":"product_cat-sua-do-uong","7":"pa_brand-la-viet","9":"first","10":"instock","11":"sale","12":"shipping-taxable","13":"purchasable","14":"product-type-simple"},"_links":{"self":[{"href":"https:\/\/havamall.vn\/en\/wp-json\/wp\/v2\/product\/12003"}],"collection":[{"href":"https:\/\/havamall.vn\/en\/wp-json\/wp\/v2\/product"}],"about":[{"href":"https:\/\/havamall.vn\/en\/wp-json\/wp\/v2\/types\/product"}],"replies":[{"embeddable":true,"href":"https:\/\/havamall.vn\/en\/wp-json\/wp\/v2\/comments?post=12003"}],"version-history":[{"count":0,"href":"https:\/\/havamall.vn\/en\/wp-json\/wp\/v2\/product\/12003\/revisions"}],"wp:featuredmedia":[{"embeddable":true,"href":"https:\/\/havamall.vn\/en\/wp-json\/wp\/v2\/media\/12016"}],"wp:attachment":[{"href":"https:\/\/havamall.vn\/en\/wp-json\/wp\/v2\/media?parent=12003"}],"wp:term":[{"taxonomy":"product_brand","embeddable":true,"href":"https:\/\/havamall.vn\/en\/wp-json\/wp\/v2\/product_brand?post=12003"},{"taxonomy":"product_cat","embeddable":true,"href":"https:\/\/havamall.vn\/en\/wp-json\/wp\/v2\/product_cat?post=12003"},{"taxonomy":"product_tag","embeddable":true,"href":"https:\/\/havamall.vn\/en\/wp-json\/wp\/v2\/product_tag?post=12003"}],"curies":[{"name":"wp","href":"https:\/\/api.w.org\/{rel}","templated":true}]}}