{"id":11991,"date":"2019-09-24T17:27:22","date_gmt":"2019-09-24T10:27:22","guid":{"rendered":"https:\/\/havamall.vn\/?post_type=product&#038;p=11991"},"modified":"2021-03-03T16:05:51","modified_gmt":"2021-03-03T09:05:51","slug":"banh-com-rong-bien-younger-farm-pop-rice","status":"publish","type":"product","link":"https:\/\/havamall.vn\/en\/shop\/banh-com-rong-bien-younger-farm-pop-rice\/","title":{"rendered":"B\u00e1nh G\u1ea1o Rong Bi\u1ec3n Younger Farm 30g &#8211; Younger Farm Seaweed Pop Rice"},"content":{"rendered":"<p>B\u00e1nh G\u1ea1o Rong Bi\u1ec3n Younger Farm Pop Rice \u0111\u01b0\u1ee3c l\u00e0m t\u1eeb 100% g\u1ea1o hoa nh\u00e0i tinh khi\u1ebft cho nh\u1eefng ng\u01b0\u1eddi th\u00edch \u0103n \u0111\u1ed3 \u0103n v\u1eb7t m\u00e0 kh\u00f4ng s\u1ee3 b\u1ecb b\u00e9o ph\u00ec.<\/p>\n<p>S\u1ea3n ph\u1ea9m l\u00e0m t\u1eeb b\u1ed9t m\u00ec kh\u00f4ng gluten, kh\u00f4ng b\u1ed9t ng\u1ecdt , \u00edt calo, s\u1ea3n ph\u1ea9m th\u00edch h\u1ee3p d\u00e0nh cho m\u1ecdi l\u1ee9a tu\u1ed5i.<\/p>\n<p><img fetchpriority=\"high\" decoding=\"async\" class=\"wp-image-11993 aligncenter\" src=\"https:\/\/havamall.vn\/wp-content\/uploads\/2019\/09\/53881563_845883335764565_1479277678379925504_n-300x200.jpg\" alt=\"\" width=\"536\" height=\"357\" srcset=\"https:\/\/havamall.vn\/wp-content\/uploads\/2019\/09\/53881563_845883335764565_1479277678379925504_n-300x200.jpg 300w, https:\/\/havamall.vn\/wp-content\/uploads\/2019\/09\/53881563_845883335764565_1479277678379925504_n-430x287.jpg 430w, https:\/\/havamall.vn\/wp-content\/uploads\/2019\/09\/53881563_845883335764565_1479277678379925504_n-150x100.jpg 150w, https:\/\/havamall.vn\/wp-content\/uploads\/2019\/09\/53881563_845883335764565_1479277678379925504_n-700x467.jpg 700w, https:\/\/havamall.vn\/wp-content\/uploads\/2019\/09\/53881563_845883335764565_1479277678379925504_n-768x513.jpg 768w, https:\/\/havamall.vn\/wp-content\/uploads\/2019\/09\/53881563_845883335764565_1479277678379925504_n-600x401.jpg 600w, https:\/\/havamall.vn\/wp-content\/uploads\/2019\/09\/53881563_845883335764565_1479277678379925504_n.jpg 960w\" sizes=\"(max-width: 536px) 100vw, 536px\" \/><\/p>\n<p>\u0110\u01b0\u1ee3c \u0111\u00f3ng g\u00f3i r\u1ea5t ti\u1ec7n l\u1ee3i khi s\u1eed d\u1ee5ng v\u00e0o b\u1ea3o qu\u1ea3n, b\u1ea1n c\u00f3 th\u1ec3 mang theo s\u1ea3n ph\u1ea9m trong nh\u1eefng chuy\u1ebfn du l\u1ecbch, d\u00e3 ngo\u1ea1i\u2026 \u0111\u1ec3 c\u00f9ng chia s\u1ebb v\u1edbi ng\u01b0\u1eddi th\u00e2n v\u00e0 b\u1ea1n b\u00e8. L\u00e0 l\u1ef1a ch\u1ecdn h\u00e0ng \u0111\u1ea7u cho nh\u1eefng cu\u1ed9c vui, khi m\u1ecdi ng\u01b0\u1eddi qu\u00e2y qu\u1ea7n b\u00ean nhau, tr\u00f2 chuy\u1ec7n, vui ch\u01a1i v\u00e0 th\u01b0\u1edfng th\u1ee9c nh\u1eefng mi\u1ebfng b\u00e1nh gi\u00f2n tan r\u1ea5t th\u00fa v\u1ecb.<\/p>\n<p>Hi\u1ec7n havamall c\u00f3 2 m\u00f9i v\u1ecb cho kh\u00e1ch h\u00e0ng l\u1ef1a ch\u1ecdn:<\/p>\n<p>-B\u00e1nh G\u1ea1o Rong Bi\u1ec3n<\/p>\n<p>-B\u00e1nh G\u1ea1o Wasabi<\/p>\n<p><strong>H\u01b0\u1edbng d\u1eabn s\u1eed d\u1ee5ng:<\/strong><strong>\u00a0<\/strong>\u0102n tr\u1ef1c ti\u1ebfp, n\u00ean \u0111\u00f3ng b\u1ecf h\u1ed9p sau khi s\u1eed d\u1ee5ng.<\/p>","protected":false},"excerpt":{"rendered":"<p>B\u00e1nh G\u1ea1o Rong Bi\u1ec3n Younger Farm Pop Rice \u0111\u01b0\u1ee3c l\u00e0m t\u1eeb 100% g\u1ea1o hoa nh\u00e0i tinh khi\u1ebft cho nh\u1eefng ng\u01b0\u1eddi<\/p>","protected":false},"featured_media":11992,"comment_status":"open","ping_status":"closed","template":"","meta":[],"product_brand":[],"product_cat":[133],"product_tag":[],"class_list":{"0":"post-11991","1":"product","2":"type-product","3":"status-publish","4":"has-post-thumbnail","6":"product_cat-banh-keo-chocolate","8":"first","9":"outofstock","10":"sale","11":"shipping-taxable","12":"purchasable","13":"product-type-simple"},"_links":{"self":[{"href":"https:\/\/havamall.vn\/en\/wp-json\/wp\/v2\/product\/11991"}],"collection":[{"href":"https:\/\/havamall.vn\/en\/wp-json\/wp\/v2\/product"}],"about":[{"href":"https:\/\/havamall.vn\/en\/wp-json\/wp\/v2\/types\/product"}],"replies":[{"embeddable":true,"href":"https:\/\/havamall.vn\/en\/wp-json\/wp\/v2\/comments?post=11991"}],"version-history":[{"count":0,"href":"https:\/\/havamall.vn\/en\/wp-json\/wp\/v2\/product\/11991\/revisions"}],"wp:featuredmedia":[{"embeddable":true,"href":"https:\/\/havamall.vn\/en\/wp-json\/wp\/v2\/media\/11992"}],"wp:attachment":[{"href":"https:\/\/havamall.vn\/en\/wp-json\/wp\/v2\/media?parent=11991"}],"wp:term":[{"taxonomy":"product_brand","embeddable":true,"href":"https:\/\/havamall.vn\/en\/wp-json\/wp\/v2\/product_brand?post=11991"},{"taxonomy":"product_cat","embeddable":true,"href":"https:\/\/havamall.vn\/en\/wp-json\/wp\/v2\/product_cat?post=11991"},{"taxonomy":"product_tag","embeddable":true,"href":"https:\/\/havamall.vn\/en\/wp-json\/wp\/v2\/product_tag?post=11991"}],"curies":[{"name":"wp","href":"https:\/\/api.w.org\/{rel}","templated":true}]}}