{"id":11957,"date":"2019-09-24T16:17:04","date_gmt":"2019-09-24T09:17:04","guid":{"rendered":"https:\/\/havamall.vn\/?post_type=product&#038;p=11957"},"modified":"2023-10-24T16:40:03","modified_gmt":"2023-10-24T09:40:03","slug":"keo-the-icee-blueberyy-vi-viet-quat-lo-23gr","status":"publish","type":"product","link":"https:\/\/havamall.vn\/en\/shop\/keo-the-icee-blueberyy-vi-viet-quat-lo-23gr\/","title":{"rendered":"K\u1eb9o The Icee Blueberyy-V\u1ecb Vi\u1ec7t Qu\u1ea5t-L\u1ecd 23gr"},"content":{"rendered":"<p><strong>K\u1eb9o The Icee Blueberyy (v\u1ecb Vi\u1ec7t Qu\u1ea5t)<\/strong> v\u1edbi c\u00e1c th\u00e0nh ph\u1ea7n g\u1ed3m ch\u1ea5t t\u1ea1o ng\u1ecdt 97,999%, tinh d\u1ea7u b\u1ea1c h\u00e0 0,8 %,\u2026\u0111\u00e3 t\u1ea1o n\u00ean vi\u00ean k\u1eb9o th\u01a1m ng\u1ecdn, thanh v\u00e0 the nh\u1eb9.<\/p>\n<p><img fetchpriority=\"high\" decoding=\"async\" class=\"wp-image-11989 aligncenter\" src=\"https:\/\/havamall.vn\/wp-content\/uploads\/2019\/09\/1569318921202_2-300x300.jpg\" alt=\"\" width=\"463\" height=\"463\" srcset=\"https:\/\/havamall.vn\/wp-content\/uploads\/2019\/09\/1569318921202_2-300x300.jpg 300w, https:\/\/havamall.vn\/wp-content\/uploads\/2019\/09\/1569318921202_2-430x430.jpg 430w, https:\/\/havamall.vn\/wp-content\/uploads\/2019\/09\/1569318921202_2-150x150.jpg 150w, https:\/\/havamall.vn\/wp-content\/uploads\/2019\/09\/1569318921202_2-700x700.jpg 700w, https:\/\/havamall.vn\/wp-content\/uploads\/2019\/09\/1569318921202_2-768x768.jpg 768w, https:\/\/havamall.vn\/wp-content\/uploads\/2019\/09\/1569318921202_2-600x600.jpg 600w, https:\/\/havamall.vn\/wp-content\/uploads\/2019\/09\/1569318921202_2-100x100.jpg 100w, https:\/\/havamall.vn\/wp-content\/uploads\/2019\/09\/1569318921202_2.jpg 800w\" sizes=\"(max-width: 463px) 100vw, 463px\" \/><\/p>\n<p>L\u00e0m th\u01a1m mi\u1ec7ng v\u00e0 h\u01a1i th\u1edf c\u00f3 th\u1ec3 s\u1eed d\u1ee5ng sau khi \u0103n u\u1ed1ng, h\u00fat thu\u1ed1c,\u2026 \u0111\u1ec3 kh\u1eed m\u00f9i h\u00f4i. V\u1ecb the m\u00e1t gi\u00fap th\u00f4ng c\u1ed5 v\u00e0 t\u1ea1o c\u1ea3m gi\u00e1c s\u1ea3ng kho\u00e1i, t\u1ef1 tin, t\u1ec9nh t\u00e1o ngay t\u1ee9c th\u1eddi. K\u1eb9o 2 l\u1edbp m\u00e0u si\u00eau xinh k\u1ebft h\u1ee3p cho c\u1ea3m gi\u00e1c t\u01b0\u01a1i m\u1edbi kh\u00f4ng bao gi\u1edd qu\u00ean \u0111\u01b0\u1ee3c, \u0111\u00e2y l\u00e0 h\u01b0\u01a1ng v\u1ecb y\u00eau th\u00edch nh\u1ea5t hi\u1ec7n nay.<\/p>\n<p>S\u1ea3n ph\u1ea9m nh\u1eadp kh\u1ea9u t\u1eeb n\u01b0\u1edbc ngo\u00e0i, \u0111\u01b0\u1ee3c s\u1ea3n xu\u1ea5t theo c\u00f4ng ngh\u1ec7 ti\u00ean ti\u1ebfn v\u1edbi c\u00f4ng th\u1ee9c \u0111\u1ed9c quy\u1ec1n v\u00e0 \u0111\u00e1ng tinh c\u1eady t\u1eeb nh\u00e0 s\u1ea3n xu\u1ea5t.Thi\u1ebft k\u1ebf d\u1ea1ng l\u1ecd nh\u1ecf ti\u1ec7n d\u1ee5ng khi mang theo b\u00ean ng\u01b0\u1eddi.<\/p>\n<p>Hi\u1ec7n t\u1ea1i havamall c\u00f3 4 m\u00f9i v\u1ecb kh\u00e1c nhau \u0111\u1ec3 kh\u00e1ch h\u00e0ng c\u00f3 s\u1ef1 l\u1ef1a ch\u1ecdn:<\/p>\n<p><strong>-K\u1eb9o the Icee Blueberyy (v\u1ecb Vi\u1ec7t Qu\u1ea5t)<\/strong><\/p>\n<p><strong>-K\u1eb9o the Icee Mint (v\u1ecb B\u1ea1c H\u00e0)<\/strong><\/p>\n<p><strong>-K\u1eb9o the Icee Apple (v\u1ecb T\u00e1o)<\/strong><\/p>\n<p><strong>-K\u1eb9o the Icee Watermelon (v\u1ecb D\u01b0a H\u1ea5u)<\/strong><\/p>\n<p><strong>H\u01b0\u1edbng d\u1eabn s\u1eed d\u1ee5ng:<\/strong>\u00a0\u0102n tr\u1ef1c ti\u1ebfp, \u0111\u00f3ng k\u00edn h\u1ed9p sau khi s\u1eed d\u1ee5ng.<\/p>","protected":false},"excerpt":{"rendered":"<p>K\u1eb9o The Icee Blueberyy (v\u1ecb Vi\u1ec7t Qu\u1ea5t) v\u1edbi c\u00e1c th\u00e0nh ph\u1ea7n g\u1ed3m ch\u1ea5t t\u1ea1o ng\u1ecdt 97,999%, tinh d\u1ea7u b\u1ea1c h\u00e0<\/p>","protected":false},"featured_media":11989,"comment_status":"open","ping_status":"closed","template":"","meta":[],"product_brand":[],"product_cat":[133],"product_tag":[],"class_list":{"0":"post-11957","1":"product","2":"type-product","3":"status-publish","4":"has-post-thumbnail","6":"product_cat-banh-keo-chocolate","7":"pa_brand-icee","9":"first","10":"outofstock","11":"sale","12":"shipping-taxable","13":"purchasable","14":"product-type-simple"},"_links":{"self":[{"href":"https:\/\/havamall.vn\/en\/wp-json\/wp\/v2\/product\/11957"}],"collection":[{"href":"https:\/\/havamall.vn\/en\/wp-json\/wp\/v2\/product"}],"about":[{"href":"https:\/\/havamall.vn\/en\/wp-json\/wp\/v2\/types\/product"}],"replies":[{"embeddable":true,"href":"https:\/\/havamall.vn\/en\/wp-json\/wp\/v2\/comments?post=11957"}],"version-history":[{"count":0,"href":"https:\/\/havamall.vn\/en\/wp-json\/wp\/v2\/product\/11957\/revisions"}],"wp:featuredmedia":[{"embeddable":true,"href":"https:\/\/havamall.vn\/en\/wp-json\/wp\/v2\/media\/11989"}],"wp:attachment":[{"href":"https:\/\/havamall.vn\/en\/wp-json\/wp\/v2\/media?parent=11957"}],"wp:term":[{"taxonomy":"product_brand","embeddable":true,"href":"https:\/\/havamall.vn\/en\/wp-json\/wp\/v2\/product_brand?post=11957"},{"taxonomy":"product_cat","embeddable":true,"href":"https:\/\/havamall.vn\/en\/wp-json\/wp\/v2\/product_cat?post=11957"},{"taxonomy":"product_tag","embeddable":true,"href":"https:\/\/havamall.vn\/en\/wp-json\/wp\/v2\/product_tag?post=11957"}],"curies":[{"name":"wp","href":"https:\/\/api.w.org\/{rel}","templated":true}]}}