{"id":11905,"date":"2019-09-19T15:09:44","date_gmt":"2019-09-19T08:09:44","guid":{"rendered":"https:\/\/havamall.vn\/?post_type=product&#038;p=11905"},"modified":"2022-11-01T14:54:18","modified_gmt":"2022-11-01T07:54:18","slug":"nui-divella-orecchiette-sventola-so-86-goi-500gr","status":"publish","type":"product","link":"https:\/\/havamall.vn\/en\/shop\/nui-divella-orecchiette-sventola-so-86-goi-500gr\/","title":{"rendered":"Nui Divella Orecchiette Sventola S\u1ed1 86 g\u00f3i 500gr"},"content":{"rendered":"<p>Divella\u00a0l\u00e0 c\u00f4ng ty c\u00f3 l\u1ecbch s\u1eed h\u01a1n 130 n\u0103m trong ng\u00e0nh ch\u1ebf bi\u1ebfn m\u1ef3 pastase molina t\u1eeb b\u1ed9t m\u00ec durum. N\u0103m 1890, \u00f4ng Francesco Divella \u0111\u00e3 x\u00e2y d\u1ef1ng nh\u00e0 m\u00e1y b\u1ed9t m\u00ec \u0111\u1ea7u ti\u00ean t\u1ea1i Rutigliano \u1edf mi\u1ec1n \u0110\u00f4ng Nam n\u01b0\u1edbc \u00dd, tr\u00e1i tim c\u1ee7a v\u00f9ng \u0111\u1ed3ng b\u1eb1ng Apulian, n\u1ed5i ti\u1ebfng l\u00e0 n\u01a1i c\u00f3 ch\u1ea5t l\u01b0\u1ee3ng b\u1ed9t m\u00ec t\u1ed1t c\u1ea3 n\u01b0\u1edbc.<\/p>\n<p><img fetchpriority=\"high\" decoding=\"async\" class=\"wp-image-11902 aligncenter\" src=\"https:\/\/havamall.vn\/wp-content\/uploads\/2019\/09\/1f588392af686882ae0f97a7d210ea8e-300x158.jpg\" alt=\"\" width=\"706\" height=\"372\" srcset=\"https:\/\/havamall.vn\/wp-content\/uploads\/2019\/09\/1f588392af686882ae0f97a7d210ea8e-300x158.jpg 300w, https:\/\/havamall.vn\/wp-content\/uploads\/2019\/09\/1f588392af686882ae0f97a7d210ea8e-430x226.jpg 430w, https:\/\/havamall.vn\/wp-content\/uploads\/2019\/09\/1f588392af686882ae0f97a7d210ea8e-150x79.jpg 150w, https:\/\/havamall.vn\/wp-content\/uploads\/2019\/09\/1f588392af686882ae0f97a7d210ea8e-700x368.jpg 700w, https:\/\/havamall.vn\/wp-content\/uploads\/2019\/09\/1f588392af686882ae0f97a7d210ea8e-600x315.jpg 600w, https:\/\/havamall.vn\/wp-content\/uploads\/2019\/09\/1f588392af686882ae0f97a7d210ea8e.jpg 750w\" sizes=\"(max-width: 706px) 100vw, 706px\" \/><\/p>\n<p style=\"text-align: center;\"><em>( Hi\u1ec7n Divella \u0111ang \u0111\u01b0\u1ee3c xu\u1ea5t kh\u1ea9u \u0111i h\u01a1n 100 n\u01b0\u1edbc v\u00e0 \u0111\u00e3 \u0111ang chi\u1ebfm v\u1ecb tr\u00ed s\u1ed1 1 t\u1ea1i th\u1ecb tr\u01b0\u1eddng nhi\u1ec1u n\u01b0\u1edbc tr\u00ean th\u1ebf gi\u1edbi.)<\/em><\/p>\n<p><img decoding=\"async\" class=\"wp-image-11909 aligncenter\" src=\"https:\/\/havamall.vn\/wp-content\/uploads\/2019\/09\/nss_1301026086-300x300.jpg\" alt=\"\" width=\"397\" height=\"397\" srcset=\"https:\/\/havamall.vn\/wp-content\/uploads\/2019\/09\/nss_1301026086-300x300.jpg 300w, https:\/\/havamall.vn\/wp-content\/uploads\/2019\/09\/nss_1301026086-150x150.jpg 150w, https:\/\/havamall.vn\/wp-content\/uploads\/2019\/09\/nss_1301026086-100x100.jpg 100w, https:\/\/havamall.vn\/wp-content\/uploads\/2019\/09\/nss_1301026086.jpg 400w\" sizes=\"(max-width: 397px) 100vw, 397px\" \/><\/p>\n<p><strong>C\u00e1ch ch\u1ebf bi\u1ebfn nui s\u1ed1 86<\/strong><\/p>\n<p><em><strong>B\u01b0\u1edbc 1: Lu\u1ed9c nui<\/strong><\/em><\/p>\n<p>&#8211;\u00a0B\u1ea1n \u0111ong n\u01b0\u1edbc theo t\u1ec9 l\u1ec7: c\u1ee9\u00a0100 g m\u1ef3 th\u00ec d\u00f9ng 1L n\u01b0\u1edbc. \u0110un n\u01b0\u1edbc cho \u0111\u1ebfn khi s\u00f4i, b\u1ea1n ti\u1ebfn h\u00e0nh b\u1ecf mu\u1ed1i v\u00e0o theo t\u1ec9 l\u1ec7: c\u1ee9 1L n\u01b0\u1edbc th\u00ec t\u01b0\u01a1ng \u1ee9ng\u00a05g mu\u1ed1i. Mu\u1ed1i tan, b\u1eadt l\u1eeda to \u0111\u1ec3 n\u01b0\u1edbc s\u00f4i b\u00f9ng l\u00ean r\u1ed3i th\u1ea3 m\u1ef3 v\u00e0o.<\/p>\n<p>&#8211; Khi n\u00e0o s\u1ee3i m\u1ef3 c\u1eafn v\u00e0o th\u1ea5y h\u01a1i d\u1ebbo, kh\u00f4ng b\u1ecb s\u01b0\u1ee3ng l\u00e0 \u0111\u00e3 ch\u00edn t\u1edbi. B\u1ea1n v\u1edbt ra \u0111\u1ec3 r\u00e1o.<\/p>\n<p><strong><em>B\u01b0\u1edbc 2: Ch\u1ebf bi\u1ebfn n\u01b0\u1edbc s\u1ed1t<\/em><\/strong><\/p>\n<p>T\u00f9y theo kh\u1ea9u v\u1ecb c\u1ee7a gia \u0111\u00ecnh, c\u00e1c b\u1ea1n c\u00f3 th\u1ec3 pha ch\u1ebf c\u00e1c lo\u1ea1i s\u1ed1t m\u1ef3 \u00dd quen thu\u1ed9c nh\u01b0: s\u1ed1t b\u00f2 b\u0103m, s\u1ed1t kem, s\u1ed1t h\u1ea3i s\u1ea3n, tr\u1ed9n l\u00ean v\u1edbi\u00a0M\u1ef3 \u00dd Divella Spaghetti S\u1ed1 86 \u0111\u00e3 lu\u1ed9c \u1edf tr\u00ean l\u00e0 \u0111\u00e3 ho\u00e0n th\u00e0nh m\u00f3n m\u1ef3 \u00dd ngon \u0111\u00fang chu\u1ea9n r\u1ed3i \u0111\u00f3.<\/p>\n<p><img decoding=\"async\" class=\"wp-image-11910 aligncenter\" src=\"https:\/\/havamall.vn\/wp-content\/uploads\/2019\/09\/b0c2adaead6178a31c0b2c1a6231d54f-200x300.jpg\" alt=\"\" width=\"276\" height=\"414\" srcset=\"https:\/\/havamall.vn\/wp-content\/uploads\/2019\/09\/b0c2adaead6178a31c0b2c1a6231d54f-200x300.jpg 200w, https:\/\/havamall.vn\/wp-content\/uploads\/2019\/09\/b0c2adaead6178a31c0b2c1a6231d54f-430x645.jpg 430w, https:\/\/havamall.vn\/wp-content\/uploads\/2019\/09\/b0c2adaead6178a31c0b2c1a6231d54f-150x225.jpg 150w, https:\/\/havamall.vn\/wp-content\/uploads\/2019\/09\/b0c2adaead6178a31c0b2c1a6231d54f.jpg 564w\" sizes=\"(max-width: 276px) 100vw, 276px\" \/><\/p>\n<p><strong>L\u01b0u \u00fd khi ch\u1ebf bi\u1ebfn:<\/strong><\/p>\n<p>&#8211; N\u1ebfu kh\u00f4ng may lu\u1ed9c m\u1ef3 qu\u00e1 k\u0129, b\u1ea1n c\u00f3 th\u1ec3 d\u1ed9i m\u1ef3 qua n\u01b0\u1edbc l\u1ea1nh, s\u1ee3i m\u1ef3 s\u1ebd c\u1ee9ng h\u01a1n.<\/p>\n<p>&#8211; Ngo\u00e0i ra, nui c\u00f3 \u0111\u1ed9 n\u1edf kh\u00e1 l\u1edbn n\u00ean c\u1ea7n \u0111\u1ecbnh l\u01b0\u1ee3ng k\u0129 l\u01b0\u1ee3ng c\u1ea7n n\u1ea5u t\u00f9y theo s\u1ee9c \u0103n c\u1ee7a m\u1ed7i ng\u01b0\u1eddi \u0111\u1ec3 b\u1ecb th\u1eeba, b\u1ecf ph\u00ed.<\/p>\n<p>Kinh nghi\u1ec7m \u0111\u1ed1i v\u1edbi\u00a0ch\u00e2u \u00c1, m\u1ed7i ng\u01b0\u1eddi c\u00f3 th\u1ec3 ti\u00eau th\u1ee5 \u0111\u01b0\u1ee3c\u00a0kho\u1ea3ng 80g m\u1ef3\/b\u1eefa\u00a0trong khi v\u1edbi ng\u01b0\u1eddi Ch\u00e2u \u00c2u &#8211; M\u1ef9 con s\u1ed1 n\u00e0y v\u00e0o\u00a0kho\u1ea3ng 120g. \u0110\u00e2y l\u00e0 kh\u1ed1i l\u01b0\u1ee3ng m\u1ef3 kh\u00f4, b\u1ea1n c\u00f3 th\u1ec3\u00a0c\u00e2n tr\u01b0\u1edbc khi n\u1ea5u.<\/p>\n<p>&#8211; V\u1edbi tr\u1ebb nh\u1ecf, n\u00ean \u0111un s\u1ee3i m\u1ef3 k\u0129 h\u01a1n b\u00ecnh th\u01b0\u1eddng \u0111\u1ec3 m\u1ef3 m\u1ec1m h\u01a1n, d\u1ec5 \u0103n h\u01a1n v\u1edbi tr\u1ebb.<\/p>\n<p><img loading=\"lazy\" decoding=\"async\" class=\"wp-image-11911 aligncenter\" src=\"https:\/\/havamall.vn\/wp-content\/uploads\/2019\/09\/ea74123f26269647cf41aa9db7ca5405-300x250.jpg\" alt=\"\" width=\"528\" height=\"440\" srcset=\"https:\/\/havamall.vn\/wp-content\/uploads\/2019\/09\/ea74123f26269647cf41aa9db7ca5405-300x250.jpg 300w, https:\/\/havamall.vn\/wp-content\/uploads\/2019\/09\/ea74123f26269647cf41aa9db7ca5405-430x358.jpg 430w, https:\/\/havamall.vn\/wp-content\/uploads\/2019\/09\/ea74123f26269647cf41aa9db7ca5405-150x125.jpg 150w, https:\/\/havamall.vn\/wp-content\/uploads\/2019\/09\/ea74123f26269647cf41aa9db7ca5405-700x583.jpg 700w, https:\/\/havamall.vn\/wp-content\/uploads\/2019\/09\/ea74123f26269647cf41aa9db7ca5405-768x640.jpg 768w, https:\/\/havamall.vn\/wp-content\/uploads\/2019\/09\/ea74123f26269647cf41aa9db7ca5405-1024x853.jpg 1024w, https:\/\/havamall.vn\/wp-content\/uploads\/2019\/09\/ea74123f26269647cf41aa9db7ca5405-1200x1000.jpg 1200w, https:\/\/havamall.vn\/wp-content\/uploads\/2019\/09\/ea74123f26269647cf41aa9db7ca5405-600x500.jpg 600w, https:\/\/havamall.vn\/wp-content\/uploads\/2019\/09\/ea74123f26269647cf41aa9db7ca5405.jpg 1212w\" sizes=\"(max-width: 528px) 100vw, 528px\" \/><\/p>\n<p>&nbsp;<\/p>\n<p>&nbsp;<\/p>\n<p>&nbsp;<\/p>\n<p>&nbsp;<\/p>\n<p>&nbsp;<\/p>\n<p>&nbsp;<\/p>\n<p>&nbsp;<\/p>\n<p>&nbsp;<\/p>\n<p>&nbsp;<\/p>\n<p>&nbsp;<\/p>\n<p>&nbsp;<\/p>","protected":false},"excerpt":{"rendered":"<p>Divella\u00a0l\u00e0 c\u00f4ng ty c\u00f3 l\u1ecbch s\u1eed h\u01a1n 130 n\u0103m trong ng\u00e0nh ch\u1ebf bi\u1ebfn m\u1ef3 pastase molina t\u1eeb b\u1ed9t m\u00ec durum.<\/p>","protected":false},"featured_media":12067,"comment_status":"open","ping_status":"closed","template":"","meta":[],"product_brand":[],"product_cat":[36,134],"product_tag":[],"class_list":{"0":"post-11905","1":"product","2":"type-product","3":"status-publish","4":"has-post-thumbnail","6":"product_cat-thuc-pham-tieu-dung","7":"product_cat-thucpham-saykho","8":"pa_brand-divella","10":"first","11":"instock","12":"sale","13":"shipping-taxable","14":"purchasable","15":"product-type-simple"},"_links":{"self":[{"href":"https:\/\/havamall.vn\/en\/wp-json\/wp\/v2\/product\/11905"}],"collection":[{"href":"https:\/\/havamall.vn\/en\/wp-json\/wp\/v2\/product"}],"about":[{"href":"https:\/\/havamall.vn\/en\/wp-json\/wp\/v2\/types\/product"}],"replies":[{"embeddable":true,"href":"https:\/\/havamall.vn\/en\/wp-json\/wp\/v2\/comments?post=11905"}],"version-history":[{"count":0,"href":"https:\/\/havamall.vn\/en\/wp-json\/wp\/v2\/product\/11905\/revisions"}],"wp:featuredmedia":[{"embeddable":true,"href":"https:\/\/havamall.vn\/en\/wp-json\/wp\/v2\/media\/12067"}],"wp:attachment":[{"href":"https:\/\/havamall.vn\/en\/wp-json\/wp\/v2\/media?parent=11905"}],"wp:term":[{"taxonomy":"product_brand","embeddable":true,"href":"https:\/\/havamall.vn\/en\/wp-json\/wp\/v2\/product_brand?post=11905"},{"taxonomy":"product_cat","embeddable":true,"href":"https:\/\/havamall.vn\/en\/wp-json\/wp\/v2\/product_cat?post=11905"},{"taxonomy":"product_tag","embeddable":true,"href":"https:\/\/havamall.vn\/en\/wp-json\/wp\/v2\/product_tag?post=11905"}],"curies":[{"name":"wp","href":"https:\/\/api.w.org\/{rel}","templated":true}]}}