{"id":11891,"date":"2019-09-19T15:10:42","date_gmt":"2019-09-19T08:10:42","guid":{"rendered":"https:\/\/havamall.vn\/?post_type=product&#038;p=11891"},"modified":"2025-03-18T14:27:25","modified_gmt":"2025-03-18T07:27:25","slug":"nui-divella-fagiolini-lisci-so-66-noodles-fagiolini-lisci-66-divella-500gr","status":"publish","type":"product","link":"https:\/\/havamall.vn\/en\/shop\/nui-divella-fagiolini-lisci-so-66-noodles-fagiolini-lisci-66-divella-500gr\/","title":{"rendered":"Nui Divella Fagiolini Lisci S\u1ed1 66 &#8211; Noodles Fagiolini Lisci 66 Divella 500gr"},"content":{"rendered":"<p>Divella\u00a0l\u00e0 c\u00f4ng ty c\u00f3 l\u1ecbch s\u1eed h\u01a1n 130 n\u0103m trong ng\u00e0nh ch\u1ebf bi\u1ebfn m\u1ef3 pastase molina t\u1eeb b\u1ed9t m\u00ec durum. N\u0103m 1890, \u00f4ng Francesco Divella \u0111\u00e3 x\u00e2y d\u1ef1ng nh\u00e0 m\u00e1y b\u1ed9t m\u00ec \u0111\u1ea7u ti\u00ean t\u1ea1i Rutigliano \u1edf mi\u1ec1n \u0110\u00f4ng Nam n\u01b0\u1edbc \u00dd, tr\u00e1i tim c\u1ee7a v\u00f9ng \u0111\u1ed3ng b\u1eb1ng Apulian, n\u1ed5i ti\u1ebfng l\u00e0 n\u01a1i c\u00f3 ch\u1ea5t l\u01b0\u1ee3ng b\u1ed9t m\u00ec t\u1ed1t c\u1ea3 n\u01b0\u1edbc.<\/p>\n<div><img fetchpriority=\"high\" decoding=\"async\" class=\"wp-image-11902 aligncenter\" src=\"https:\/\/havamall.vn\/wp-content\/uploads\/2025\/03\/1f588392af686882ae0f97a7d210ea8e-300x158.jpg\" alt=\"\" width=\"828\" height=\"436\" \/><\/div>\n<p>Hi\u1ec7n Divella \u0111ang \u0111\u01b0\u1ee3c xu\u1ea5t kh\u1ea9u \u0111i h\u01a1n 100 n\u01b0\u1edbc v\u00e0 \u0111\u00e3 \u0111ang chi\u1ebfm v\u1ecb tr\u00ed s\u1ed1 1 t\u1ea1i th\u1ecb tr\u01b0\u1eddng nhi\u1ec1u n\u01b0\u1edbc tr\u00ean th\u1ebf gi\u1edbi.<\/p>\n<p>\u2013 V\u1edbi th\u00e0nh ph\u1ea7n 100% b\u1ed9t l\u00faa m\u00ec nguy\u00ean ch\u1ea5t, gi\u00fap s\u1ee3i m\u00ec c\u00f3 \u0111\u1ed9 dai ngon ho\u00e0n h\u1ea3o, \u0111\u1ea3m b\u1ea3o gi\u1eef \u0111\u01b0\u1ee3c h\u01b0\u01a1ng v\u1ecb th\u01a1m ngon t\u1ef1 nhi\u00ean cho m\u00f3n m\u00ec\u1ea9n v\u1ecb \u00dd, gi\u00fap cho c\u00e1c m\u00f3n \u0103n c\u1ee7a b\u1ea1n th\u00eam ph\u1ea7n th\u01a1m ngon h\u1ea5p d\u1eabn, h\u1ec7t nh\u01b0 \u0111i \u0103n t\u1ea1i nh\u1eefng nh\u00e0 h\u00e0ng \u0111\u1eaft ti\u1ec1n.<\/p>\n<p>\u2013 Th\u01a1m ngon,\u00a0chu\u1ea9n v\u1ecb \u00dd, gi\u00fap cho c\u00e1c m\u00f3n \u0103n c\u1ee7a b\u1ea1n th\u00eam ph\u1ea7n th\u01a1m ngon h\u1ea5p d\u1eabn, h\u1ec7t nh\u01b0 \u0111i \u0103n t\u1ea1i nh\u1eefng nh\u00e0 h\u00e0ng \u0111\u1eaft ti\u1ec1n.<\/p>\n<p>\u2013 D\u1ea1ng m\u1ef3 kh\u00f4, c\u00f3 th\u1ec3 d\u00f9ng x\u00e0o, n\u1ea5u v\u00e0 k\u1ebft h\u1ee3p v\u1edbi nhi\u1ec1u lo\u1ea1i n\u01b0\u1edbc s\u1ed1t kh\u00e1c nhau t\u00f9y s\u1edf th\u00edch.<\/p>\n<p>\u2013 D\u1ec5 ch\u1ebf bi\u1ebfn v\u00e0 b\u1ea3o qu\u1ea3n.<\/p>\n<p>B\u1ea1n \u0111ong n\u01b0\u1edbc theo t\u1ec9 l\u1ec7: c\u1ee9\u00a0100 g m\u1ef3 th\u00ec d\u00f9ng 1L n\u01b0\u1edbc. \u0110un n\u01b0\u1edbc cho \u0111\u1ebfn khi s\u00f4i, b\u1ea1n ti\u1ebfn h\u00e0nh b\u1ecf mu\u1ed1i v\u00e0o theo t\u1ec9 l\u1ec7: c\u1ee9 1L n\u01b0\u1edbc th\u00ec t\u01b0\u01a1ng \u1ee9ng\u00a05g mu\u1ed1i. Mu\u1ed1i tan, b\u1eadt l\u1eeda to \u0111\u1ec3 n\u01b0\u1edbc s\u00f4i b\u00f9ng l\u00ean r\u1ed3i th\u1ea3 m\u1ef3 v\u00e0o.<\/p>\n<p>&#8211; Khi n\u00e0o s\u1ee3i m\u1ef3 c\u1eafn v\u00e0o th\u1ea5y h\u01a1i d\u1ebbo, kh\u00f4ng b\u1ecb s\u01b0\u1ee3ng l\u00e0 \u0111\u00e3 ch\u00edn t\u1edbi. B\u1ea1n v\u1edbt ra \u0111\u1ec3 r\u00e1o.<\/p>\n<div><img decoding=\"async\" class=\"wp-image-11916 aligncenter\" src=\"https:\/\/havamall.vn\/wp-content\/uploads\/2025\/03\/accb954cbd6b8846a27976e7795d644d-200x300.jpg\" alt=\"\" width=\"636\" height=\"954\" \/><\/div>\n<p><strong>L\u01b0u \u00fd khi ch\u1ebf bi\u1ebfn<\/strong><\/p>\n<p>&#8211; N\u1ebfu kh\u00f4ng may lu\u1ed9c m\u1ef3 qu\u00e1 k\u0129, b\u1ea1n c\u00f3 th\u1ec3 d\u1ed9i m\u1ef3 qua n\u01b0\u1edbc l\u1ea1nh, s\u1ee3i m\u1ef3 s\u1ebd c\u1ee9ng h\u01a1n.<\/p>\n<p>&#8211; Ngo\u00e0i ra, nui c\u00f3 \u0111\u1ed9 n\u1edf kh\u00e1 l\u1edbn n\u00ean c\u1ea7n \u0111\u1ecbnh l\u01b0\u1ee3ng k\u0129 l\u01b0\u1ee3ng c\u1ea7n n\u1ea5u t\u00f9y theo s\u1ee9c \u0103n c\u1ee7a m\u1ed7i ng\u01b0\u1eddi \u0111\u1ec3 b\u1ecb th\u1eeba, b\u1ecf ph\u00ed.<\/p>\n<p>Kinh nghi\u1ec7m \u0111\u1ed1i v\u1edbi\u00a0ch\u00e2u \u00c1, m\u1ed7i ng\u01b0\u1eddi c\u00f3 th\u1ec3 ti\u00eau th\u1ee5 \u0111\u01b0\u1ee3c\u00a0kho\u1ea3ng 80g m\u1ef3\/b\u1eefa\u00a0trong khi v\u1edbi ng\u01b0\u1eddi Ch\u00e2u \u00c2u &#8211; M\u1ef9 con s\u1ed1 n\u00e0y v\u00e0o\u00a0kho\u1ea3ng 120g. \u0110\u00e2y l\u00e0 kh\u1ed1i l\u01b0\u1ee3ng m\u1ef3 kh\u00f4, b\u1ea1n c\u00f3 th\u1ec3\u00a0c\u00e2n tr\u01b0\u1edbc khi n\u1ea5u.<\/p>\n<p>&#8211; V\u1edbi tr\u1ebb nh\u1ecf, n\u00ean \u0111un s\u1ee3i m\u1ef3 k\u0129 h\u01a1n b\u00ecnh th\u01b0\u1eddng \u0111\u1ec3 m\u1ef3 m\u1ec1m h\u01a1n, d\u1ec5 \u0103n h\u01a1n v\u1edbi tr\u1ebb.<\/p>","protected":false},"excerpt":{"rendered":"<p>Divella\u00a0l\u00e0 c\u00f4ng ty c\u00f3 l\u1ecbch s\u1eed h\u01a1n 130 n\u0103m trong ng\u00e0nh ch\u1ebf bi\u1ebfn m\u1ef3 pastase molina t\u1eeb b\u1ed9t m\u00ec durum.<\/p>","protected":false},"featured_media":12068,"comment_status":"open","ping_status":"closed","template":"","meta":[],"product_brand":[],"product_cat":[672,36],"product_tag":[],"class_list":{"0":"post-11891","1":"product","2":"type-product","3":"status-publish","4":"has-post-thumbnail","6":"product_cat-nhap-khau-y","7":"product_cat-thuc-pham-tieu-dung","8":"pa_brand-divella","10":"first","11":"outofstock","12":"sale","13":"shipping-taxable","14":"purchasable","15":"product-type-simple"},"_links":{"self":[{"href":"https:\/\/havamall.vn\/en\/wp-json\/wp\/v2\/product\/11891"}],"collection":[{"href":"https:\/\/havamall.vn\/en\/wp-json\/wp\/v2\/product"}],"about":[{"href":"https:\/\/havamall.vn\/en\/wp-json\/wp\/v2\/types\/product"}],"replies":[{"embeddable":true,"href":"https:\/\/havamall.vn\/en\/wp-json\/wp\/v2\/comments?post=11891"}],"version-history":[{"count":0,"href":"https:\/\/havamall.vn\/en\/wp-json\/wp\/v2\/product\/11891\/revisions"}],"wp:featuredmedia":[{"embeddable":true,"href":"https:\/\/havamall.vn\/en\/wp-json\/wp\/v2\/media\/12068"}],"wp:attachment":[{"href":"https:\/\/havamall.vn\/en\/wp-json\/wp\/v2\/media?parent=11891"}],"wp:term":[{"taxonomy":"product_brand","embeddable":true,"href":"https:\/\/havamall.vn\/en\/wp-json\/wp\/v2\/product_brand?post=11891"},{"taxonomy":"product_cat","embeddable":true,"href":"https:\/\/havamall.vn\/en\/wp-json\/wp\/v2\/product_cat?post=11891"},{"taxonomy":"product_tag","embeddable":true,"href":"https:\/\/havamall.vn\/en\/wp-json\/wp\/v2\/product_tag?post=11891"}],"curies":[{"name":"wp","href":"https:\/\/api.w.org\/{rel}","templated":true}]}}