{"id":11886,"date":"2019-09-19T13:41:13","date_gmt":"2019-09-19T06:41:13","guid":{"rendered":"https:\/\/havamall.vn\/?post_type=product&#038;p=11886"},"modified":"2021-06-24T15:37:39","modified_gmt":"2021-06-24T08:37:39","slug":"rong-bien-nau-canh-wakame-seaweed-for-soup-wakame-green-world-20gr","status":"publish","type":"product","link":"https:\/\/havamall.vn\/en\/shop\/rong-bien-nau-canh-wakame-seaweed-for-soup-wakame-green-world-20gr\/","title":{"rendered":"Rong Bi\u1ec3n N\u1ea5u Canh Wakame &#8211; Seaweed For Soup Wakame Green World 20gr"},"content":{"rendered":"<div class=\"html-content pdp-product-highlights\">\n<p>S\u1ea3n ph\u1ea9m \u0111\u1ebfn t\u1eeb c\u00f4ng ty\u00a0TNHH Green World chuy\u00ean ch\u1ebf bi\u1ebfn c\u00e1c lo\u1ea1i th\u1ef1c ph\u1ea9m kh\u00f4, doanh nghi\u1ec7p c\u00f3 v\u1ed1n \u0111\u1ea7u t\u01b0 tr\u1ef1c ti\u1ebfp H\u00e0n Qu\u1ed1c.<\/p>\n<p><img fetchpriority=\"high\" decoding=\"async\" class=\"wp-image-11887 aligncenter\" src=\"https:\/\/havamall.vn\/wp-content\/uploads\/2019\/09\/1796490_1_L-300x300.jpg\" alt=\"\" width=\"546\" height=\"546\" srcset=\"https:\/\/havamall.vn\/wp-content\/uploads\/2019\/09\/1796490_1_L-300x300.jpg 300w, https:\/\/havamall.vn\/wp-content\/uploads\/2019\/09\/1796490_1_L-430x430.jpg 430w, https:\/\/havamall.vn\/wp-content\/uploads\/2019\/09\/1796490_1_L-150x150.jpg 150w, https:\/\/havamall.vn\/wp-content\/uploads\/2019\/09\/1796490_1_L-700x700.jpg 700w, https:\/\/havamall.vn\/wp-content\/uploads\/2019\/09\/1796490_1_L-768x768.jpg 768w, https:\/\/havamall.vn\/wp-content\/uploads\/2019\/09\/1796490_1_L-600x600.jpg 600w, https:\/\/havamall.vn\/wp-content\/uploads\/2019\/09\/1796490_1_L-100x100.jpg 100w, https:\/\/havamall.vn\/wp-content\/uploads\/2019\/09\/1796490_1_L.jpg 800w\" sizes=\"(max-width: 546px) 100vw, 546px\" \/><\/p>\n<\/div>\n<div class=\"html-content detail-content\">\n<p>Rong Bi\u1ec3n N\u1ea5u Canh Wakame 20gr khi\u1ebfn cho vi\u1ec7c chu\u1ea9n b\u1ecb nh\u1eefng b\u1eefa \u0103n cho gia \u0111\u00ecnh b\u1ea1n tr\u1edf n\u00ean \u0111\u01a1n gi\u1ea3n h\u01a1n bao gi\u1edd h\u1ebft, ch\u1ec9 sau 2 ph\u00fat ng\u00e2m trong n\u01b0\u1edbc, nh\u1eefng l\u00e1 rong bi\u1ec3n s\u1ea5y ngay l\u1eadp t\u1ee9c tr\u1edf n\u00ean t\u01b0\u01a1i xanh, gi\u00f2n ng\u1ecdt, s\u1eb5n s\u00e0ng \u0111\u1ec3 n\u1ea5u nh\u1eefng m\u00f3n ngon nh\u01b0 canh, soup hay tr\u1ed9n g\u1ecfi. Ngo\u00e0i ra, nh\u1edd ph\u01b0\u01a1ng ph\u00e1p s\u1ea3n xu\u1ea5t s\u1ea5y kh\u00f4 t\u1ed1i \u0111a, c\u00e1c vitamin, d\u01b0\u1ee1ng ch\u1ea5t d\u1ed3i d\u00e0o trong rong bi\u1ec3n \u0111\u1ec1u \u0111\u01b0\u1ee3c l\u01b0u gi\u1eef \u1edf m\u1ee9c cao.<\/p>\n<div><img decoding=\"async\" class=\"wp-image-11888 aligncenter\" src=\"https:\/\/havamall.vn\/wp-content\/uploads\/2019\/09\/cooky-recipe-636776369689076478-300x188.jpg\" alt=\"\" width=\"555\" height=\"348\" srcset=\"https:\/\/havamall.vn\/wp-content\/uploads\/2019\/09\/cooky-recipe-636776369689076478-300x188.jpg 300w, https:\/\/havamall.vn\/wp-content\/uploads\/2019\/09\/cooky-recipe-636776369689076478-430x269.jpg 430w, https:\/\/havamall.vn\/wp-content\/uploads\/2019\/09\/cooky-recipe-636776369689076478-150x94.jpg 150w, https:\/\/havamall.vn\/wp-content\/uploads\/2019\/09\/cooky-recipe-636776369689076478-700x438.jpg 700w, https:\/\/havamall.vn\/wp-content\/uploads\/2019\/09\/cooky-recipe-636776369689076478-768x480.jpg 768w, https:\/\/havamall.vn\/wp-content\/uploads\/2019\/09\/cooky-recipe-636776369689076478-600x375.jpg 600w, https:\/\/havamall.vn\/wp-content\/uploads\/2019\/09\/cooky-recipe-636776369689076478.jpg 800w\" sizes=\"(max-width: 555px) 100vw, 555px\" \/><\/div>\n<div><\/div>\n<p>Quy tr\u00ecnh s\u1ea3n xu\u1ea5t kh\u00e9p k\u00edn, \u0111\u1ea1t ti\u00eau chu\u1ea9n v\u1ec7 sinh an to\u00e0n th\u1ef1c ph\u1ea9m, quy c\u00e1ch \u0111\u00f3ng g\u00f3i h\u1ee3p v\u1ec7 sinh, bao b\u00ec \u0111\u1eb9p m\u1eaft. H\u01b0\u01a1ng v\u1ecb rong bi\u1ec3n t\u1ef1 nhi\u00ean, th\u01a1m ngon, k\u00edch th\u00edch \u0103n u\u1ed1ng v\u1edbi th\u00e0nh ph\u1ea7n rong bi\u1ec3n nguy\u00ean ch\u1ea5t 100% nh\u1eadp kh\u1ea9u t\u1eeb H\u00e0n Qu\u1ed1c.<\/p>\n<\/div>\n<div><img decoding=\"async\" class=\"wp-image-11889 aligncenter\" src=\"https:\/\/havamall.vn\/wp-content\/uploads\/2019\/09\/canh-rong-bien-chay-300x185.jpg\" alt=\"\" width=\"566\" height=\"349\" srcset=\"https:\/\/havamall.vn\/wp-content\/uploads\/2019\/09\/canh-rong-bien-chay-300x185.jpg 300w, https:\/\/havamall.vn\/wp-content\/uploads\/2019\/09\/canh-rong-bien-chay-430x265.jpg 430w, https:\/\/havamall.vn\/wp-content\/uploads\/2019\/09\/canh-rong-bien-chay-150x92.jpg 150w, https:\/\/havamall.vn\/wp-content\/uploads\/2019\/09\/canh-rong-bien-chay-700x432.jpg 700w, https:\/\/havamall.vn\/wp-content\/uploads\/2019\/09\/canh-rong-bien-chay-600x370.jpg 600w, https:\/\/havamall.vn\/wp-content\/uploads\/2019\/09\/canh-rong-bien-chay.jpg 730w\" sizes=\"(max-width: 566px) 100vw, 566px\" \/><\/div>","protected":false},"excerpt":{"rendered":"<p>S\u1ea3n ph\u1ea9m \u0111\u1ebfn t\u1eeb c\u00f4ng ty\u00a0TNHH Green World chuy\u00ean ch\u1ebf bi\u1ebfn c\u00e1c lo\u1ea1i th\u1ef1c ph\u1ea9m kh\u00f4, doanh nghi\u1ec7p c\u00f3 v\u1ed1n<\/p>","protected":false},"featured_media":11890,"comment_status":"open","ping_status":"closed","template":"","meta":[],"product_brand":[],"product_cat":[36],"product_tag":[],"class_list":{"0":"post-11886","1":"product","2":"type-product","3":"status-publish","4":"has-post-thumbnail","6":"product_cat-thuc-pham-tieu-dung","8":"first","9":"outofstock","10":"sale","11":"shipping-taxable","12":"purchasable","13":"product-type-simple"},"_links":{"self":[{"href":"https:\/\/havamall.vn\/en\/wp-json\/wp\/v2\/product\/11886"}],"collection":[{"href":"https:\/\/havamall.vn\/en\/wp-json\/wp\/v2\/product"}],"about":[{"href":"https:\/\/havamall.vn\/en\/wp-json\/wp\/v2\/types\/product"}],"replies":[{"embeddable":true,"href":"https:\/\/havamall.vn\/en\/wp-json\/wp\/v2\/comments?post=11886"}],"version-history":[{"count":0,"href":"https:\/\/havamall.vn\/en\/wp-json\/wp\/v2\/product\/11886\/revisions"}],"wp:featuredmedia":[{"embeddable":true,"href":"https:\/\/havamall.vn\/en\/wp-json\/wp\/v2\/media\/11890"}],"wp:attachment":[{"href":"https:\/\/havamall.vn\/en\/wp-json\/wp\/v2\/media?parent=11886"}],"wp:term":[{"taxonomy":"product_brand","embeddable":true,"href":"https:\/\/havamall.vn\/en\/wp-json\/wp\/v2\/product_brand?post=11886"},{"taxonomy":"product_cat","embeddable":true,"href":"https:\/\/havamall.vn\/en\/wp-json\/wp\/v2\/product_cat?post=11886"},{"taxonomy":"product_tag","embeddable":true,"href":"https:\/\/havamall.vn\/en\/wp-json\/wp\/v2\/product_tag?post=11886"}],"curies":[{"name":"wp","href":"https:\/\/api.w.org\/{rel}","templated":true}]}}