{"id":11853,"date":"2019-09-19T11:51:17","date_gmt":"2019-09-19T04:51:17","guid":{"rendered":"https:\/\/havamall.vn\/?post_type=product&#038;p=11853"},"modified":"2021-09-10T10:39:44","modified_gmt":"2021-09-10T03:39:44","slug":"banh-gao-matamun-stick-type-topokki-matamun-600gr","status":"publish","type":"product","link":"https:\/\/havamall.vn\/en\/shop\/banh-gao-matamun-stick-type-topokki-matamun-600gr\/","title":{"rendered":"B\u00e1nh G\u1ea1o Matamun &#8211; Stick Type Topokki Matamun 600gr"},"content":{"rendered":"<p>\u1ea8m th\u1ef1c \u0111\u01b0\u1ee3c xem l\u00e0 m\u1ed9t n\u00e9t v\u0103n h\u00f3a quan tr\u1ecdng c\u1ee7a ng\u01b0\u1eddi H\u00e0n Qu\u1ed1c. N\u00f3i \u0111\u1ebfn H\u00e0n Qu\u1ed1c ch\u1eafc ch\u1eafn b\u1ea1n s\u1ebd ngh\u0129 ngay \u0111\u1ebfn h\u01b0\u01a1ng v\u1ecb cay n\u1ed3ng \u0111\u1eb7c tr\u01b0ng. M\u1ed9t trong nh\u1eefng m\u00f3n \u0103n \u0111\u00f3 ch\u00ednh l\u00e0 Topokki &#8211; m\u00f3n \u0103n v\u1eb7t quen thu\u1ed9c c\u1ee7a ng\u01b0\u1eddi d\u00e2n x\u1ee9 s\u1edf Kim chi.<\/p>\n<p><img fetchpriority=\"high\" decoding=\"async\" class=\"wp-image-11861 aligncenter\" src=\"https:\/\/havamall.vn\/wp-content\/uploads\/2019\/09\/2339673d13d9478200c0b43ace97f1512-300x200.jpg\" alt=\"\" width=\"683\" height=\"455\" srcset=\"https:\/\/havamall.vn\/wp-content\/uploads\/2019\/09\/2339673d13d9478200c0b43ace97f1512-300x200.jpg 300w, https:\/\/havamall.vn\/wp-content\/uploads\/2019\/09\/2339673d13d9478200c0b43ace97f1512-430x287.jpg 430w, https:\/\/havamall.vn\/wp-content\/uploads\/2019\/09\/2339673d13d9478200c0b43ace97f1512-150x100.jpg 150w, https:\/\/havamall.vn\/wp-content\/uploads\/2019\/09\/2339673d13d9478200c0b43ace97f1512-700x467.jpg 700w, https:\/\/havamall.vn\/wp-content\/uploads\/2019\/09\/2339673d13d9478200c0b43ace97f1512-768x512.jpg 768w, https:\/\/havamall.vn\/wp-content\/uploads\/2019\/09\/2339673d13d9478200c0b43ace97f1512-600x400.jpg 600w, https:\/\/havamall.vn\/wp-content\/uploads\/2019\/09\/2339673d13d9478200c0b43ace97f1512.jpg 846w\" sizes=\"(max-width: 683px) 100vw, 683px\" \/><\/p>\n<p>B\u00e1nh g\u1ea1o d\u1ea1ng \u1ed1ng Matamun \u1edf gi\u1eefa s\u1ebd c\u00f3 l\u1ed7 nh\u1ecf k\u00edch c\u1ee1 kho\u1ea3ng 5cm v\u00e0 \u0111\u01b0\u1ee3c l\u00e0m ho\u00e0n to\u00e0n b\u1eb1ng b\u1ed9t g\u1ea1o th\u01b0\u1eddng c\u00e1c b\u1ea1n s\u1ebd th\u1ea5y lo\u1ea1i b\u00e1nh g\u1ea1o H\u00e0n Qu\u1ed1c truy\u1ec1n th\u1ed1ng dang th\u1ecfi, nh\u01b0ng n\u1ebfu mu\u1ed1n m\u00f3n b\u00e1nh g\u1ea1o c\u1ee7a ch\u00fang ta ngon h\u01a1n th\u00ec h\u1ea7u h\u1ebft m\u1ecdi ng\u01b0\u1eddi \u0111\u1ec1u d\u00f9ng d\u1ea1ng \u1ed1ng c\u00f3 l\u00f5i \u1edf gi\u1eefa, khi ch\u00fang ta n\u1ea5u c\u00f9ng s\u1ed1t th\u00ec n\u01b0\u1edbc s\u1ed1t s\u1ebd h\u00f2a quy\u1ec7n v\u00e0 ch\u1ea3y v\u00e0o l\u00f5i gi\u1eefa \u0111\u1ec3 m\u00f3n \u0103n th\u00eam ph\u1ea7n \u0111\u1eadm v\u1ecb v\u00e0 khi ch\u00edn \u1ed1ng s\u1ebd h\u1eb9p l\u1ea1i khi \u0111\u1ea5y \u0111\u1ed9 d\u1ebbo qu\u00e1nh c\u1ee7a b\u00e1nh g\u1ea1o h\u00f2a quy\u1ec7n c\u00f9ng v\u1edbi n\u01b0\u1edbc s\u1ed1t s\u1ebd cho m\u00f3n \u0103n th\u00eam v\u1ecb \u0111\u1eb7c tr\u01b0ng v\u00e0 \u0111\u1eadm \u0111\u00e0 h\u01a1n.<\/p>\n<div>\u00a0<img decoding=\"async\" class=\"wp-image-11866 aligncenter\" src=\"https:\/\/havamall.vn\/wp-content\/uploads\/2019\/09\/123-300x200.jpg\" alt=\"\" width=\"801\" height=\"534\" srcset=\"https:\/\/havamall.vn\/wp-content\/uploads\/2019\/09\/123-300x200.jpg 300w, https:\/\/havamall.vn\/wp-content\/uploads\/2019\/09\/123-430x287.jpg 430w, https:\/\/havamall.vn\/wp-content\/uploads\/2019\/09\/123-150x100.jpg 150w, https:\/\/havamall.vn\/wp-content\/uploads\/2019\/09\/123-700x467.jpg 700w, https:\/\/havamall.vn\/wp-content\/uploads\/2019\/09\/123-768x512.jpg 768w, https:\/\/havamall.vn\/wp-content\/uploads\/2019\/09\/123-600x400.jpg 600w, https:\/\/havamall.vn\/wp-content\/uploads\/2019\/09\/123.jpg 846w\" sizes=\"(max-width: 801px) 100vw, 801px\" \/><\/div>\n<div>B\u1ea3o qu\u1ea3n ng\u0103n m\u00e1t t\u1ee7 l\u1ea1nh<\/div>\n<div>L\u00e0 s\u1ea3n ph\u1ea9m nh\u1eadp kh\u1ea9u kh\u00f4 \u0103n li\u1ec1n.<\/div>\n<div>C\u00e1ch d\u00f9ng: Lu\u1ed9c v\u1edbi n\u01b0\u1edbc s\u00f4i 5 ph\u00fat cho b\u00e1nh m\u1ec1m, v\u00e0 n\u1ea5u v\u1edbi n\u01b0\u1edbc s\u1ed1t h\u00e0n qu\u1ed1c, c\u00f3 th\u1ec3 th\u00eam rau c\u1ee7 v\u00e0 ch\u1ea3 c\u00e1, c\u00f9ng tr\u1ee9ng.<\/div>\n<div>Chay m\u1eb7n \u0111\u1ec1u d\u00f9ng \u0111\u01b0\u1ee3c, n\u1ea5u b\u00e1nh g\u1ea1o c\u00f9ng v\u1edbi s\u1ed1t t\u01b0\u01a1ng ho\u1eb7c chi\u00ean l\u1eafc ph\u00f4 mai s\u1ebd ngon v\u00e0 \u0111\u1eadm v\u1ecb h\u01a1n.<\/div>","protected":false},"excerpt":{"rendered":"<p>\u1ea8m th\u1ef1c \u0111\u01b0\u1ee3c xem l\u00e0 m\u1ed9t n\u00e9t v\u0103n h\u00f3a quan tr\u1ecdng c\u1ee7a ng\u01b0\u1eddi H\u00e0n Qu\u1ed1c. N\u00f3i \u0111\u1ebfn H\u00e0n Qu\u1ed1c ch\u1eafc<\/p>","protected":false},"featured_media":20368,"comment_status":"open","ping_status":"closed","template":"","meta":[],"product_brand":[],"product_cat":[626],"product_tag":[],"class_list":{"0":"post-11853","1":"product","2":"type-product","3":"status-publish","4":"has-post-thumbnail","6":"product_cat-het-hang","8":"first","9":"outofstock","10":"sale","11":"shipping-taxable","12":"purchasable","13":"product-type-simple"},"_links":{"self":[{"href":"https:\/\/havamall.vn\/en\/wp-json\/wp\/v2\/product\/11853"}],"collection":[{"href":"https:\/\/havamall.vn\/en\/wp-json\/wp\/v2\/product"}],"about":[{"href":"https:\/\/havamall.vn\/en\/wp-json\/wp\/v2\/types\/product"}],"replies":[{"embeddable":true,"href":"https:\/\/havamall.vn\/en\/wp-json\/wp\/v2\/comments?post=11853"}],"version-history":[{"count":0,"href":"https:\/\/havamall.vn\/en\/wp-json\/wp\/v2\/product\/11853\/revisions"}],"wp:featuredmedia":[{"embeddable":true,"href":"https:\/\/havamall.vn\/en\/wp-json\/wp\/v2\/media\/20368"}],"wp:attachment":[{"href":"https:\/\/havamall.vn\/en\/wp-json\/wp\/v2\/media?parent=11853"}],"wp:term":[{"taxonomy":"product_brand","embeddable":true,"href":"https:\/\/havamall.vn\/en\/wp-json\/wp\/v2\/product_brand?post=11853"},{"taxonomy":"product_cat","embeddable":true,"href":"https:\/\/havamall.vn\/en\/wp-json\/wp\/v2\/product_cat?post=11853"},{"taxonomy":"product_tag","embeddable":true,"href":"https:\/\/havamall.vn\/en\/wp-json\/wp\/v2\/product_tag?post=11853"}],"curies":[{"name":"wp","href":"https:\/\/api.w.org\/{rel}","templated":true}]}}