{"id":11819,"date":"2019-09-19T11:20:26","date_gmt":"2019-09-19T04:20:26","guid":{"rendered":"https:\/\/havamall.vn\/?post_type=product&#038;p=11819"},"modified":"2021-09-10T10:39:49","modified_gmt":"2021-09-10T03:39:49","slug":"banh-gao-cat-lat-matamun-sliced-type-topokki-matamun-600gr","status":"publish","type":"product","link":"https:\/\/havamall.vn\/en\/shop\/banh-gao-cat-lat-matamun-sliced-type-topokki-matamun-600gr\/","title":{"rendered":"B\u00e1nh G\u1ea1o C\u1eaft L\u00e1t Matamun &#8211; Sliced Type Topokki Matamun 600gr"},"content":{"rendered":"<p>\u1ea8m th\u1ef1c \u0111\u01b0\u1ee3c xem l\u00e0 m\u1ed9t n\u00e9t v\u0103n h\u00f3a quan tr\u1ecdng c\u1ee7a ng\u01b0\u1eddi H\u00e0n Qu\u1ed1c. N\u00f3i \u0111\u1ebfn H\u00e0n Qu\u1ed1c ch\u1eafc ch\u1eafn b\u1ea1n s\u1ebd ngh\u0129 ngay \u0111\u1ebfn h\u01b0\u01a1ng v\u1ecb cay n\u1ed3ng \u0111\u1eb7c tr\u01b0ng. M\u1ed9t trong nh\u1eefng m\u00f3n \u0103n \u0111\u00f3 ch\u00ednh l\u00e0 Topokki &#8211; m\u00f3n \u0103n v\u1eb7t quen thu\u1ed9c c\u1ee7a ng\u01b0\u1eddi d\u00e2n x\u1ee9 s\u1edf Kim chi.<\/p>\n<p><img fetchpriority=\"high\" decoding=\"async\" class=\"wp-image-12589 aligncenter\" src=\"https:\/\/havamall.vn\/wp-content\/uploads\/2019\/09\/canh-tteokguk-mon-tet-truyen-thong-ngay-dau-nam-moi-cua-nguoi-han11485231561-300x191.jpg\" alt=\"\" width=\"466\" height=\"296\" srcset=\"https:\/\/havamall.vn\/wp-content\/uploads\/2019\/09\/canh-tteokguk-mon-tet-truyen-thong-ngay-dau-nam-moi-cua-nguoi-han11485231561-300x191.jpg 300w, https:\/\/havamall.vn\/wp-content\/uploads\/2019\/09\/canh-tteokguk-mon-tet-truyen-thong-ngay-dau-nam-moi-cua-nguoi-han11485231561-430x274.jpg 430w, https:\/\/havamall.vn\/wp-content\/uploads\/2019\/09\/canh-tteokguk-mon-tet-truyen-thong-ngay-dau-nam-moi-cua-nguoi-han11485231561-150x96.jpg 150w, https:\/\/havamall.vn\/wp-content\/uploads\/2019\/09\/canh-tteokguk-mon-tet-truyen-thong-ngay-dau-nam-moi-cua-nguoi-han11485231561.jpg 600w\" sizes=\"(max-width: 466px) 100vw, 466px\" \/><\/p>\n<p>B\u00e1nh g\u1ea1o c\u1eaft l\u00e1t Matamun v\u00e0 \u0111\u01b0\u1ee3c l\u00e0m ho\u00e0n to\u00e0n b\u1eb1ng b\u1ed9t g\u1ea1o th\u01b0\u1eddng c\u00e1c b\u1ea1n s\u1ebd th\u1ea5y lo\u1ea1i b\u00e1nh g\u1ea1o H\u00e0n Qu\u1ed1c truy\u1ec1n th\u1ed1ng dang th\u1ecfi, nh\u01b0ng n\u1ebfu mu\u1ed1n m\u00f3n b\u00e1nh g\u1ea1o c\u1ee7a ch\u00fang ta ngon h\u01a1n th\u00ec h\u1ea7u h\u1ebft m\u1ecdi ng\u01b0\u1eddi \u0111\u1ec1u d\u00f9ng d\u1ea1ng c\u1eaft l\u00e1t m\u1ecfng, khi ch\u00fang ta n\u1ea5u c\u00f9ng s\u1ed1t th\u00ec n\u01b0\u1edbc s\u1ed1t s\u1ebd h\u00f2a quy\u1ec7n v\u00e0 \u0111\u1ec3 m\u00f3n \u0103n th\u00eam ph\u1ea7n \u0111\u1eadm v\u1ecb v\u00e0 khi ch\u00edn \u0111\u1ed9 d\u1ebbo qu\u00e1nh c\u1ee7a b\u00e1nh g\u1ea1o h\u00f2a quy\u1ec7n c\u00f9ng v\u1edbi n\u01b0\u1edbc s\u1ed1t s\u1ebd cho m\u00f3n \u0103n th\u00eam v\u1ecb \u0111\u1eb7c tr\u01b0ng v\u00e0 \u0111\u1eadm \u0111\u00e0 h\u01a1n.<\/p>\n<p><img decoding=\"async\" class=\"wp-image-12590 aligncenter\" src=\"https:\/\/havamall.vn\/wp-content\/uploads\/2019\/09\/a_large_2f771067-f311-4682-a8db-b6e4784de43b_large-300x232.jpg\" alt=\"\" width=\"433\" height=\"335\" srcset=\"https:\/\/havamall.vn\/wp-content\/uploads\/2019\/09\/a_large_2f771067-f311-4682-a8db-b6e4784de43b_large-300x232.jpg 300w, https:\/\/havamall.vn\/wp-content\/uploads\/2019\/09\/a_large_2f771067-f311-4682-a8db-b6e4784de43b_large-430x332.jpg 430w, https:\/\/havamall.vn\/wp-content\/uploads\/2019\/09\/a_large_2f771067-f311-4682-a8db-b6e4784de43b_large-150x116.jpg 150w, https:\/\/havamall.vn\/wp-content\/uploads\/2019\/09\/a_large_2f771067-f311-4682-a8db-b6e4784de43b_large.jpg 480w\" sizes=\"(max-width: 433px) 100vw, 433px\" \/><br \/>\nN\u00f3i \u0111\u1ebfn H\u00e0n Qu\u1ed1c ch\u1eafc b\u1ea1n s\u1ebd ngh\u0129 ngay \u0111\u1ebfn h\u01b0\u01a1ng v\u1ecb cay n\u1ed3ng \u0111\u1eb7c tr\u01b0ng. M\u1ed9t trong nh\u1eefng m\u00f3n \u0103n \u0111\u00f3 ch\u00ednh l\u00e0 Tokpokki m\u00f3n \u0103n v\u1eb7t quen thu\u1ed9c c\u1ee7a x\u1ee9 s\u1edf kim chi.Ngo\u00e0i m\u00f3n Tokpokki truy\u1ec1n th\u1ed1ng ra th\u00ec m\u00f3n b\u00e1nh g\u1ea1o c\u1eaft l\u00e1t n\u00e0y d\u00f9ng \u0111\u1ec3 n\u1ea5u l\u1ea9u hay n\u1ea5u canh v\u1eabn r\u1ea5t ngon.<\/p>\n<p><img decoding=\"async\" class=\"wp-image-12591 aligncenter\" src=\"https:\/\/havamall.vn\/wp-content\/uploads\/2019\/09\/10401531_984061695014291_932484281_n-300x300.jpg\" alt=\"\" width=\"414\" height=\"414\" srcset=\"https:\/\/havamall.vn\/wp-content\/uploads\/2019\/09\/10401531_984061695014291_932484281_n-300x300.jpg 300w, https:\/\/havamall.vn\/wp-content\/uploads\/2019\/09\/10401531_984061695014291_932484281_n-430x430.jpg 430w, https:\/\/havamall.vn\/wp-content\/uploads\/2019\/09\/10401531_984061695014291_932484281_n-150x150.jpg 150w, https:\/\/havamall.vn\/wp-content\/uploads\/2019\/09\/10401531_984061695014291_932484281_n-700x700.jpg 700w, https:\/\/havamall.vn\/wp-content\/uploads\/2019\/09\/10401531_984061695014291_932484281_n-768x768.jpg 768w, https:\/\/havamall.vn\/wp-content\/uploads\/2019\/09\/10401531_984061695014291_932484281_n-1024x1024.jpg 1024w, https:\/\/havamall.vn\/wp-content\/uploads\/2019\/09\/10401531_984061695014291_932484281_n-600x600.jpg 600w, https:\/\/havamall.vn\/wp-content\/uploads\/2019\/09\/10401531_984061695014291_932484281_n-100x100.jpg 100w, https:\/\/havamall.vn\/wp-content\/uploads\/2019\/09\/10401531_984061695014291_932484281_n.jpg 1080w\" sizes=\"(max-width: 414px) 100vw, 414px\" \/><br \/>\nB\u00e1nh g\u1ea1o H\u00e0n Qu\u00f3c l\u00e0 m\u1ed9t trong nh\u1eefng m\u00f3n \u0103n c\u1ef1c k\u00ec h\u1ea5p d\u1eabn, b\u1ed9t b\u00e1nh m\u1ec1m m\u1ec1m, dai dai, n\u01b0\u1edbc s\u1ed1t \u0111\u1eadm \u0111\u00e0 c\u00f9ng h\u01b0\u01a1ng v\u1ecb cay cay c\u1ee7a \u1edbt s\u1ebd d\u1ec5 d\u00e0ng chinh ph\u1ee5c kh\u1ea9u v\u1ecb c\u1ee7a th\u1ef1c kh\u00e1ch.<\/p>\n<p>Cho b\u00e1nh g\u1ea1o v\u00e0 c\u00e1c nguy\u00ean li\u1ec7u kh\u00e1c nh\u01b0 ch\u1ea3 c\u00e1, h\u00e0nh paro, c\u1ea3i th\u1ea3o&#8230; v\u00e0o n\u1ed3i, th\u00eam n\u01b0\u1edbc v\u00e0 s\u1ed1t r\u1ed3i n\u1ea5u l\u00ean cho \u0111\u1ebfn khi b\u00e1nh g\u1ea1o m\u1ec1m. Ch\u00fa \u00fd l\u00e0 ph\u1ea3i canh t\u1ef7 l\u1ec7 n\u01b0\u1edbc v\u00e0 s\u1ed1t sao cho ph\u00f9 h\u1ee3p, n\u1ebfu \u0111\u1eadm \u0111\u1eb7c qu\u00e1 th\u00ec th\u00eam n\u01b0\u1edbc ho\u1eb7c lo\u00e3ng qu\u00e1 th\u00ec th\u00eam s\u1ed1t. V\u00e0 \u0111\u01b0\u01a1ng nhi\u00ean l\u00e0 ch\u00fang ta ph\u1ea3i \u0103n th\u1eed m\u1ed9t th\u1ecfi b\u00e1nh g\u1ea1o xem \u0111\u00e3 \u0111\u1ee7 ch\u00edn ch\u01b0a ch\u1ee9 kh\u00f4ng c\u00f3 m\u1ed9t chu\u1ea9n m\u1ef1c th\u1eddi gian ch\u00ednh x\u00e1c n\u00e0o \u0111\u00e2u.<\/p>\n<p>C\u00e1ch l\u00e0m kh\u00e1 \u0111\u01a1n gi\u1ea3n kh\u00f4ng qu\u00e1 c\u1ea7u k\u00ec ch\u1ec9 c\u1ea7n v\u00e0i ph\u00fat chu\u1ea9n b\u1ecb th\u00ec c\u00f3 ngay m\u1ed9t \u0111\u0129a b\u00e1nh g\u1ea1o Topkpokki cay n\u1ed3ng h\u00f2a quy\u1ec7n v\u1edbi m\u00e0u s\u1eafc h\u1ea5p d\u1eabn c\u1ee7a n\u01b0\u1edbc s\u1ed1t \u0111\u1eadm ch\u1ea5t c\u1ee7a H\u00e0n Qu\u1ed1c<\/p>","protected":false},"excerpt":{"rendered":"<p>\u1ea8m th\u1ef1c \u0111\u01b0\u1ee3c xem l\u00e0 m\u1ed9t n\u00e9t v\u0103n h\u00f3a quan tr\u1ecdng c\u1ee7a ng\u01b0\u1eddi H\u00e0n Qu\u1ed1c. N\u00f3i \u0111\u1ebfn H\u00e0n Qu\u1ed1c ch\u1eafc<\/p>","protected":false},"featured_media":11851,"comment_status":"open","ping_status":"closed","template":"","meta":[],"product_brand":[],"product_cat":[36],"product_tag":[],"class_list":{"0":"post-11819","1":"product","2":"type-product","3":"status-publish","4":"has-post-thumbnail","6":"product_cat-thuc-pham-tieu-dung","7":"pa_brand-phuc-thinh-food","9":"first","10":"outofstock","11":"sale","12":"shipping-taxable","13":"purchasable","14":"product-type-variable"},"_links":{"self":[{"href":"https:\/\/havamall.vn\/en\/wp-json\/wp\/v2\/product\/11819"}],"collection":[{"href":"https:\/\/havamall.vn\/en\/wp-json\/wp\/v2\/product"}],"about":[{"href":"https:\/\/havamall.vn\/en\/wp-json\/wp\/v2\/types\/product"}],"replies":[{"embeddable":true,"href":"https:\/\/havamall.vn\/en\/wp-json\/wp\/v2\/comments?post=11819"}],"version-history":[{"count":0,"href":"https:\/\/havamall.vn\/en\/wp-json\/wp\/v2\/product\/11819\/revisions"}],"wp:featuredmedia":[{"embeddable":true,"href":"https:\/\/havamall.vn\/en\/wp-json\/wp\/v2\/media\/11851"}],"wp:attachment":[{"href":"https:\/\/havamall.vn\/en\/wp-json\/wp\/v2\/media?parent=11819"}],"wp:term":[{"taxonomy":"product_brand","embeddable":true,"href":"https:\/\/havamall.vn\/en\/wp-json\/wp\/v2\/product_brand?post=11819"},{"taxonomy":"product_cat","embeddable":true,"href":"https:\/\/havamall.vn\/en\/wp-json\/wp\/v2\/product_cat?post=11819"},{"taxonomy":"product_tag","embeddable":true,"href":"https:\/\/havamall.vn\/en\/wp-json\/wp\/v2\/product_tag?post=11819"}],"curies":[{"name":"wp","href":"https:\/\/api.w.org\/{rel}","templated":true}]}}