{"id":11763,"date":"2019-08-15T17:05:25","date_gmt":"2019-08-15T10:05:25","guid":{"rendered":"https:\/\/havamall.vn\/?post_type=product&#038;p=11763"},"modified":"2025-03-18T14:40:40","modified_gmt":"2025-03-18T07:40:40","slug":"nui-divella-chifferini-rigati-so-47-500g","status":"publish","type":"product","link":"https:\/\/havamall.vn\/en\/shop\/nui-divella-chifferini-rigati-so-47-500g\/","title":{"rendered":"Nui Divella Chifferini Rigati S\u1ed1 47 (500g)"},"content":{"rendered":"<div class=\"html-content pdp-product-highlights\">\n<p>Nui Divella Chifferini Rigati S\u00f4 47 (500g)- Divella, th\u01b0\u01a1ng hi\u1ec7u t\u1eeb n\u0103m 1890 l\u00e0 m\u1ed9t trong nh\u1eefng c\u00f4ng ty d\u1eabn \u0111\u1ea7u trong ng\u00e0nh th\u1ef1c ph\u1ea9m t\u1ea1i th\u1ecb tr\u01b0\u1eddng \u00dd n\u00f3i ri\u00eang v\u00e0 th\u1ecb tr\u01b0\u1eddng qu\u1ed1c t\u1ebf n\u00f3i chung.<\/p>\n<p>V\u1edbi ni\u1ec1m \u0111am m\u00ea trong l\u0129nh v\u1ef1c th\u1ef1c ph\u1ea9m, Divella t\u1ef1 h\u00e0o l\u00e0 nh\u00e0 s\u1ea3n xu\u1ea5t ra ngu\u1ed3n th\u1ef1c ph\u1ea9mcho t\u1eebng gia \u0111\u00ecnh v\u00e0 c\u00e1c b\u1eefa \u0103n tr\u00ean to\u00e0n th\u1ebf gi\u1edbi.<\/p>\n<p><img fetchpriority=\"high\" decoding=\"async\" class=\"wp-image-11768 aligncenter\" src=\"https:\/\/havamall.vn\/wp-content\/uploads\/2025\/03\/1166ab32e01b8dc6b8bbc72318451318.jpg\" alt=\"\" width=\"436\" height=\"523\" \/><\/p>\n<p>\u0110\u01b0\u1ee3c l\u00e0m t\u1eeb 100% tinh b\u1ed9t l\u00faa m\u1ef3 c\u1ee9ng semola, \u0111\u00e2y l\u00e0 lo\u1ea1i th\u1ef1c ph\u1ea9m c\u00f3 gi\u00e1 tr\u1ecb dinh d\u01b0\u1ee1ng r\u1ea5t cao, v\u00e0 kh\u00f4ng c\u00f3 th\u1ef1c ph\u1ea9m n\u00e0o t\u1ed1t h\u01a1n ho\u1eb7c b\u1ed5 d\u01b0\u1ee1ng h\u01a1n cho c\u01a1 th\u1ec3 nh\u01b0 m\u00ec \u00fd, n\u00f3 l\u00e0 ngu\u1ed3n th\u1ef1c ph\u1ea9m \u0111\u01b0\u1ee3c to\u00e0n th\u1ebf gi\u1edbi \u0111\u00e1nh gi\u00e1 v\u00e0 \u0111\u00f3n nh\u1eadn m\u1ea1nh m\u1ebd, Divella t\u1ef1 h\u00e0o l\u00e0 th\u01b0\u01a1ng hi\u1ec7u d\u1eabn \u0111\u1ea7u h\u01a1n 125 n\u0103m.<\/p>\n<p><img decoding=\"async\" class=\"wp-image-11780 aligncenter\" src=\"https:\/\/havamall.vn\/wp-content\/uploads\/2025\/03\/219b2f3d6867b49e95d87d5717ba0919.jpg\" alt=\"\" width=\"453\" height=\"682\" \/><\/p>\n<\/div>\n<div class=\"html-content detail-content\">\n<div>Nui Divella Chifferini Rigati S\u1ed1 47 \u0111\u01b0\u1ee3c s\u1ea3n xu\u1ea5t theo c\u00f4ng ngh\u1ec7 hi\u1ec7n \u0111\u1ea1i, m\u1ecdi kh\u00e2u t\u1eeb tuy\u1ec3n ch\u1ecdn nguy\u00ean li\u1ec7u t\u1edbi ch\u1ebf bi\u1ebfn, \u0111\u00f3ng g\u00f3i \u0111\u1ec1u di\u1ec5n ra kh\u00e9p k\u00edn d\u01b0\u1edbi s\u1ef1 gi\u00e1m s\u00e1t v\u00e0 ki\u1ec3m tra nghi\u00eam ng\u1eb7t, \u0111\u1ea3m b\u1ea3o an to\u00e0n cho s\u1ee9c kh\u1ecfe ng\u01b0\u1eddi ti\u00eau d\u00f9ng.<\/div>\n<div>S\u1ea3n\u00a0ph\u1ea9m l\u00e0 s\u1ef1 k\u1ebft h\u1ee3p \u0111\u1ed9c \u0111\u00e1o gi\u1eefa c\u00f4ng th\u1ee9c truy\u1ec1n th\u1ed1ng v\u00e0 quy tr\u00ecnh ch\u1ebf bi\u1ebfn hi\u1ec7n \u0111\u1ea1i \u0111\u1ec3 \u0111em l\u1ea1i ch\u1ea5t l\u01b0\u1ee3ng t\u1ed1t . S\u1ea3n ph\u1ea9m \u0111\u01b0\u1ee3c l\u00e0m t\u1eeb c\u00e1c nguy\u00ean li\u1ec7u t\u1ef1 nhi\u00ean g\u1ed3m: l\u00faa m\u00ec, tr\u1ee9ng, \u0111\u1eadu n\u00e0nh,\u2026 kh\u00f4ng ch\u1ea5t b\u1ea3o qu\u1ea3n \u0111\u1ed9c h\u1ea1i, mang \u0111\u1ebfn s\u1ef1 an t\u00e2m cho ng\u01b0\u1eddi ti\u00eau d\u00f9ng, gi\u00fap cung c\u1ea5p n\u0103ng l\u01b0\u1ee3ng, vitamin, d\u01b0\u1ee1ng ch\u1ea5t c\u1ea7n thi\u1ebft cho c\u00e1c ho\u1ea1t \u0111\u1ed9ng h\u00e0ng ng\u00e0y. S\u1ea3n ph\u1ea9m c\u00f3 h\u01b0\u01a1ng v\u1ecb th\u01a1m ngon c\u1ee7a nh\u1eefng nguy\u00ean li\u1ec7u t\u1ef1 nhi\u00ean, khi n\u1ea5u ch\u00edn s\u1ee3i m\u00ec tr\u1edf n\u00ean dai gi\u00f2n, \u0111\u1eadm \u0111\u00e0, k\u00edch th\u00edch v\u1ecb gi\u00e1c.<\/div>\n<\/div>\n<p>&nbsp;<\/p>","protected":false},"excerpt":{"rendered":"<p>Nui Divella Chifferini Rigati S\u00f4 47 (500g)- Divella, th\u01b0\u01a1ng hi\u1ec7u t\u1eeb n\u0103m 1890 l\u00e0 m\u1ed9t trong nh\u1eefng c\u00f4ng ty d\u1eabn<\/p>","protected":false},"featured_media":11782,"comment_status":"open","ping_status":"closed","template":"","meta":[],"product_brand":[],"product_cat":[672,36],"product_tag":[],"class_list":{"0":"post-11763","1":"product","2":"type-product","3":"status-publish","4":"has-post-thumbnail","6":"product_cat-nhap-khau-y","7":"product_cat-thuc-pham-tieu-dung","8":"pa_brand-divella","10":"first","11":"instock","12":"sale","13":"shipping-taxable","14":"purchasable","15":"product-type-simple"},"_links":{"self":[{"href":"https:\/\/havamall.vn\/en\/wp-json\/wp\/v2\/product\/11763"}],"collection":[{"href":"https:\/\/havamall.vn\/en\/wp-json\/wp\/v2\/product"}],"about":[{"href":"https:\/\/havamall.vn\/en\/wp-json\/wp\/v2\/types\/product"}],"replies":[{"embeddable":true,"href":"https:\/\/havamall.vn\/en\/wp-json\/wp\/v2\/comments?post=11763"}],"version-history":[{"count":0,"href":"https:\/\/havamall.vn\/en\/wp-json\/wp\/v2\/product\/11763\/revisions"}],"wp:featuredmedia":[{"embeddable":true,"href":"https:\/\/havamall.vn\/en\/wp-json\/wp\/v2\/media\/11782"}],"wp:attachment":[{"href":"https:\/\/havamall.vn\/en\/wp-json\/wp\/v2\/media?parent=11763"}],"wp:term":[{"taxonomy":"product_brand","embeddable":true,"href":"https:\/\/havamall.vn\/en\/wp-json\/wp\/v2\/product_brand?post=11763"},{"taxonomy":"product_cat","embeddable":true,"href":"https:\/\/havamall.vn\/en\/wp-json\/wp\/v2\/product_cat?post=11763"},{"taxonomy":"product_tag","embeddable":true,"href":"https:\/\/havamall.vn\/en\/wp-json\/wp\/v2\/product_tag?post=11763"}],"curies":[{"name":"wp","href":"https:\/\/api.w.org\/{rel}","templated":true}]}}