{"id":11752,"date":"2019-08-15T16:44:27","date_gmt":"2019-08-15T09:44:27","guid":{"rendered":"https:\/\/havamall.vn\/?post_type=product&#038;p=11752"},"modified":"2025-03-18T14:36:19","modified_gmt":"2025-03-18T07:36:19","slug":"nui-xoan-divella-fusilli-so-40-500g","status":"publish","type":"product","link":"https:\/\/havamall.vn\/en\/shop\/nui-xoan-divella-fusilli-so-40-500g\/","title":{"rendered":"Nui Xo\u1eafn Divella Fusilli S\u1ed1 40 (500g)"},"content":{"rendered":"<div>Divella l\u00e0 c\u00f4ng ty c\u00f3 l\u1ecbch s\u1eed h\u01a1n 130 n\u0103m trong ng\u00e0nh ch\u1ebf bi\u1ebfn m\u1ef3 pastase molina t\u1eeb b\u1ed9t m\u00ec durum. N\u0103m 1890, \u00f4ng Francesco Divella \u0111\u00e3 x\u00e2y d\u1ef1ng nh\u00e0 m\u00e1y b\u1ed9t m\u00ec \u0111\u1ea7u ti\u00ean t\u1ea1i Rutigliano \u1edf mi\u1ec1n \u0110\u00f4ng Nam n\u01b0\u1edbc \u00dd, tr\u00e1i tim c\u1ee7a v\u00f9ng \u0111\u1ed3ng b\u1eb1ng Apulian, n\u1ed5i ti\u1ebfng l\u00e0 n\u01a1i c\u00f3 ch\u1ea5t l\u01b0\u1ee3ng b\u1ed9t m\u00ec t\u1ed1t c\u1ea3 n\u01b0\u1edbc.<\/div>\n<div><img fetchpriority=\"high\" decoding=\"async\" class=\"wp-image-12505 aligncenter\" src=\"https:\/\/havamall.vn\/wp-content\/uploads\/2025\/03\/nui-rau-cu-divella-xoan-so-40-goi-500gr-4-org-300x225.jpg\" alt=\"\" width=\"429\" height=\"322\" \/><\/div>\n<div>M\u1ef3 pasta h\u1eefu c\u01a1 d\u1ea1ng xo\u1eafn Divella Fusilli 500g cung c\u1ea5p cho gia \u0111\u00ecnh b\u1ea1n nh\u1eefng b\u1eefa \u0103n gi\u00e0u dinh d\u01b0\u1ee1ng v\u00e0 ch\u1ea5t x\u01a1 t\u1ed1t cho s\u1ee9c kh\u1ecfe.<\/div>\n<p>S\u1ea3n ph\u1ea9m \u0111\u01b0\u1ee3c l\u00e0m t\u1eeb 100% l\u00faa m\u1ef3 tr\u1ed3ng h\u1eefu c\u01a1 t\u1ea1i \u00dd. S\u1ea3n ph\u1ea9m th\u00edch h\u1ee3p cho c\u00e1c m\u00f3n soup pasta, hay \u0103n k\u00e8m v\u1edbi n\u01b0\u1edbc s\u1ed1t ho\u1eb7c tr\u1ed9n chung v\u1edbi salad.<\/p>\n<div><strong>Nui Xo\u1eafn Divella Fusilli S\u1ed1 40 (500g)<\/strong>\u00a0&#8211; Divella, th\u01b0\u01a1ng hi\u1ec7u t\u1eeb n\u0103m 1890 l\u00e0 m\u1ed9t trong nh\u1eefng c\u00f4ng ty d\u1eabn \u0111\u1ea7u trong ng\u00e0nh th\u1ef1c ph\u1ea9m t\u1ea1i th\u1ecb tr\u01b0\u1eddng \u00dd n\u00f3i ri\u00eang v\u00e0 th\u1ecb tr\u01b0\u1eddng qu\u1ed1c t\u1ebf n\u00f3i chung.<\/div>\n<div>V\u1edbi ni\u1ec1m \u0111am m\u00ea trong l\u0129nh v\u1ef1c th\u1ef1c ph\u1ea9m, Divella t\u1ef1 h\u00e0o l\u00e0 nh\u00e0 s\u1ea3n xu\u1ea5t ra ngu\u1ed3n th\u1ef1c ph\u1ea9m t\u1ed1t nh\u1ea5t cho t\u1eebng gia \u0111\u00ecnh v\u00e0 c\u00e1c b\u1eefa \u0103n tr\u00ean to\u00e0n th\u1ebf gi\u1edbi.<\/div>\n<p><img decoding=\"async\" class=\"wp-image-12504 aligncenter\" src=\"https:\/\/havamall.vn\/wp-content\/uploads\/2025\/03\/9283533f4cb371aa1644355b631a1447-300x169.jpg\" alt=\"\" width=\"488\" height=\"275\" \/><\/p>\n<div>\u0110\u01b0\u1ee3c l\u00e0m t\u1eeb 100% tinh b\u1ed9t l\u00faa m\u1ef3 c\u1ee9ng semola, \u0111\u00e2y l\u00e0 lo\u1ea1i th\u1ef1c ph\u1ea9m c\u00f3 gi\u00e1 tr\u1ecb dinh d\u01b0\u1ee1ng r\u1ea5t cao, v\u00e0 kh\u00f4ng c\u00f3 th\u1ef1c ph\u1ea9m n\u00e0o t\u1ed1t h\u01a1n ho\u1eb7c b\u1ed5 d\u01b0\u1ee1ng h\u01a1n cho c\u01a1 th\u1ec3 nh\u01b0 m\u00ec \u00fd, n\u00f3 l\u00e0 ngu\u1ed3n th\u1ef1c ph\u1ea9m \u0111\u01b0\u1ee3c to\u00e0n th\u1ebf gi\u1edbi \u0111\u00e1nh gi\u00e1 v\u00e0 \u0111\u00f3n nh\u1eadn m\u1ea1nh m\u1ebd, Divella t\u1ef1 h\u00e0o l\u00e0 th\u01b0\u01a1ng hi\u1ec7u d\u1eabn \u0111\u1ea7u h\u01a1n 125 n\u0103m.<\/div>","protected":false},"excerpt":{"rendered":"<p>Divella l\u00e0 c\u00f4ng ty c\u00f3 l\u1ecbch s\u1eed h\u01a1n 130 n\u0103m trong ng\u00e0nh ch\u1ebf bi\u1ebfn m\u1ef3 pastase molina t\u1eeb b\u1ed9t m\u00ec<\/p>","protected":false},"featured_media":11758,"comment_status":"open","ping_status":"closed","template":"","meta":[],"product_brand":[],"product_cat":[672,36],"product_tag":[],"class_list":{"0":"post-11752","1":"product","2":"type-product","3":"status-publish","4":"has-post-thumbnail","6":"product_cat-nhap-khau-y","7":"product_cat-thuc-pham-tieu-dung","8":"pa_brand-divella","10":"first","11":"instock","12":"sale","13":"shipping-taxable","14":"purchasable","15":"product-type-simple"},"_links":{"self":[{"href":"https:\/\/havamall.vn\/en\/wp-json\/wp\/v2\/product\/11752"}],"collection":[{"href":"https:\/\/havamall.vn\/en\/wp-json\/wp\/v2\/product"}],"about":[{"href":"https:\/\/havamall.vn\/en\/wp-json\/wp\/v2\/types\/product"}],"replies":[{"embeddable":true,"href":"https:\/\/havamall.vn\/en\/wp-json\/wp\/v2\/comments?post=11752"}],"version-history":[{"count":0,"href":"https:\/\/havamall.vn\/en\/wp-json\/wp\/v2\/product\/11752\/revisions"}],"wp:featuredmedia":[{"embeddable":true,"href":"https:\/\/havamall.vn\/en\/wp-json\/wp\/v2\/media\/11758"}],"wp:attachment":[{"href":"https:\/\/havamall.vn\/en\/wp-json\/wp\/v2\/media?parent=11752"}],"wp:term":[{"taxonomy":"product_brand","embeddable":true,"href":"https:\/\/havamall.vn\/en\/wp-json\/wp\/v2\/product_brand?post=11752"},{"taxonomy":"product_cat","embeddable":true,"href":"https:\/\/havamall.vn\/en\/wp-json\/wp\/v2\/product_cat?post=11752"},{"taxonomy":"product_tag","embeddable":true,"href":"https:\/\/havamall.vn\/en\/wp-json\/wp\/v2\/product_tag?post=11752"}],"curies":[{"name":"wp","href":"https:\/\/api.w.org\/{rel}","templated":true}]}}