{"id":11676,"date":"2019-08-07T16:27:56","date_gmt":"2019-08-07T09:27:56","guid":{"rendered":"https:\/\/havamall.vn\/?post_type=product&#038;p=11676"},"modified":"2021-02-25T09:08:08","modified_gmt":"2021-02-25T02:08:08","slug":"keo-keo-mach-nha-xi-muoi-dai-loan-sheng-tian-malt-sugar-and-plum-candy-taiwan-shentian-500gr","status":"publish","type":"product","link":"https:\/\/havamall.vn\/en\/shop\/keo-keo-mach-nha-xi-muoi-dai-loan-sheng-tian-malt-sugar-and-plum-candy-taiwan-shentian-500gr\/","title":{"rendered":"K\u1eb9o M\u1ea1ch Nha X\u00ed Mu\u1ed9i \u0110\u00e0i Loan Sheng Tian &#8211; Malt Sugar And Plum Candy Taiwan Shentian 500gr"},"content":{"rendered":"<div class=\"html-content pdp-product-highlights\">\n<p>M\u1ed9t lo\u1ea1i k\u1eb9o \u0111\u1eb7c s\u1ea3n c\u1ee7a x\u1ee9 \u0110\u00e0i \u0111\u00e2y \u1ea1. K\u1eb9o x\u00ed mu\u1ed9i chua chua m\u1eb7n m\u1eb7n, b\u00ean ngo\u00e0i l\u00e0 l\u1edbp k\u1eb9o m\u1ea1ch nha ng\u1ecdt thanh. Khi \u0103n d\u1ea7n h\u1ebft l\u1edbp m\u1ea1ch nha b\u00ean ngo\u00e0i s\u1ebd ti\u1ebfn t\u1edbi l\u1edbp x\u00ed mu\u1ed9i t\u1eeb qu\u1ea3 m\u1eadn b\u00ean trong chua m\u1eb7n. ngon ng\u1ea5t ng\u00e2y lu\u00f4n.<\/p>\n<p><img fetchpriority=\"high\" decoding=\"async\" class=\"wp-image-12671 aligncenter\" src=\"https:\/\/havamall.vn\/wp-content\/uploads\/2019\/08\/86c933f5f5b755aa85b072550c35918e-300x300.jpg\" alt=\"\" width=\"353\" height=\"353\" srcset=\"https:\/\/havamall.vn\/wp-content\/uploads\/2019\/08\/86c933f5f5b755aa85b072550c35918e-300x300.jpg 300w, https:\/\/havamall.vn\/wp-content\/uploads\/2019\/08\/86c933f5f5b755aa85b072550c35918e-430x430.jpg 430w, https:\/\/havamall.vn\/wp-content\/uploads\/2019\/08\/86c933f5f5b755aa85b072550c35918e-150x150.jpg 150w, https:\/\/havamall.vn\/wp-content\/uploads\/2019\/08\/86c933f5f5b755aa85b072550c35918e.jpg 600w, https:\/\/havamall.vn\/wp-content\/uploads\/2019\/08\/86c933f5f5b755aa85b072550c35918e-100x100.jpg 100w\" sizes=\"(max-width: 353px) 100vw, 353px\" \/><\/p>\n<\/div>\n<div class=\"html-content detail-content\">\n<p>K\u1eb9o m\u1ea1ch nha x\u00ed mu\u1ed9i \u0111\u1ebfn t\u1eeb \u0110\u00e0i Loan v\u1edbi v\u1ecb chua chua c\u1ee7a x\u00ed mu\u1ed9i nguy\u00ean h\u1ea1t, th\u01a1m ng\u1ecdt t\u1eeb m\u1ea1ch nha.<\/p>\n<p>K\u1eb9o m\u1ea1ch nha th\u01a1m ngon b\u1ecdc x\u00ed mu\u1ed9i nguy\u00ean h\u1ea1t chua chua m\u1eb7n m\u1eb7n c\u1ef1c \u0111\u00e3, m\u1ed9t trong s\u1ed1 nh\u1eefng s\u1ea3n ph\u1ea9m \u0111\u01b0\u1ee3c \u01b0a chu\u1ed9ng \u1edf Taiwan b\u1edfi \u0111\u1ed9 ngon kh\u00f4ng n\u01a1i n\u00e0o s\u00e1nh \u0111\u01b0\u1ee3c.<\/p>\n<p><img decoding=\"async\" class=\"wp-image-12672 aligncenter\" src=\"https:\/\/havamall.vn\/wp-content\/uploads\/2019\/08\/0okp0nqx0mqir-300x300.jpg\" alt=\"\" width=\"352\" height=\"352\" srcset=\"https:\/\/havamall.vn\/wp-content\/uploads\/2019\/08\/0okp0nqx0mqir-300x300.jpg 300w, https:\/\/havamall.vn\/wp-content\/uploads\/2019\/08\/0okp0nqx0mqir-430x430.jpg 430w, https:\/\/havamall.vn\/wp-content\/uploads\/2019\/08\/0okp0nqx0mqir-150x150.jpg 150w, https:\/\/havamall.vn\/wp-content\/uploads\/2019\/08\/0okp0nqx0mqir.jpg 600w, https:\/\/havamall.vn\/wp-content\/uploads\/2019\/08\/0okp0nqx0mqir-100x100.jpg 100w\" sizes=\"(max-width: 352px) 100vw, 352px\" \/><\/p>\n<div>\n<div><\/div>\n<\/div>\n<div>C\u00d4NG D\u1ee4NG C\u1ee6A X\u00cd MU\u1ed8I: Theo \u0110\u00f4ng y, \u00f4 mai c\u00f3 v\u1ecb chua, c\u00f3 th\u1ec3 sinh t\u00e2n d\u1ecbch gi\u1ea3i kh\u00e1t, c\u00f3 th\u1ec3 gi\u00e1ng, gi\u00fap th\u1eadn kh\u00ed, h\u1ebft ho, c\u00f3 vai tr\u00f2 c\u1ed1t y\u1ebfu trong ch\u1eefa tr\u1ecb c\u00e1c ch\u1ee9ng ho l\u00e2u ng\u00e0y, kh\u1ea3n ti\u1ebfn, m\u1ea5t ti\u1ebfng,&#8230;<\/div>\n<div><\/div>\n<div>\n<div><\/div>\n<\/div>\n<div>Th\u00e0nh ph\u1ea7n bao g\u1ed3m:<\/div>\n<p>-X\u00ed mu\u1ed9i<\/p>\n<p>-M\u1eadt ong<\/p>\n<p>-M\u1ea1ch nha<\/p>\n<p>-Mu\u1ed1i<\/p>\n<p>-\u0110\u01b0\u1eddng Tinh luy\u1ec7n<\/p>\n<div><\/div>\n<\/div>","protected":false},"excerpt":{"rendered":"<p>M\u1ed9t lo\u1ea1i k\u1eb9o \u0111\u1eb7c s\u1ea3n c\u1ee7a x\u1ee9 \u0110\u00e0i \u0111\u00e2y \u1ea1. K\u1eb9o x\u00ed mu\u1ed9i chua chua m\u1eb7n m\u1eb7n, b\u00ean ngo\u00e0i l\u00e0<\/p>","protected":false},"featured_media":11678,"comment_status":"open","ping_status":"closed","template":"","meta":[],"product_brand":[],"product_cat":[626],"product_tag":[],"class_list":{"0":"post-11676","1":"product","2":"type-product","3":"status-publish","4":"has-post-thumbnail","6":"product_cat-het-hang","8":"first","9":"outofstock","10":"sale","11":"shipping-taxable","12":"purchasable","13":"product-type-simple"},"_links":{"self":[{"href":"https:\/\/havamall.vn\/en\/wp-json\/wp\/v2\/product\/11676"}],"collection":[{"href":"https:\/\/havamall.vn\/en\/wp-json\/wp\/v2\/product"}],"about":[{"href":"https:\/\/havamall.vn\/en\/wp-json\/wp\/v2\/types\/product"}],"replies":[{"embeddable":true,"href":"https:\/\/havamall.vn\/en\/wp-json\/wp\/v2\/comments?post=11676"}],"version-history":[{"count":0,"href":"https:\/\/havamall.vn\/en\/wp-json\/wp\/v2\/product\/11676\/revisions"}],"wp:featuredmedia":[{"embeddable":true,"href":"https:\/\/havamall.vn\/en\/wp-json\/wp\/v2\/media\/11678"}],"wp:attachment":[{"href":"https:\/\/havamall.vn\/en\/wp-json\/wp\/v2\/media?parent=11676"}],"wp:term":[{"taxonomy":"product_brand","embeddable":true,"href":"https:\/\/havamall.vn\/en\/wp-json\/wp\/v2\/product_brand?post=11676"},{"taxonomy":"product_cat","embeddable":true,"href":"https:\/\/havamall.vn\/en\/wp-json\/wp\/v2\/product_cat?post=11676"},{"taxonomy":"product_tag","embeddable":true,"href":"https:\/\/havamall.vn\/en\/wp-json\/wp\/v2\/product_tag?post=11676"}],"curies":[{"name":"wp","href":"https:\/\/api.w.org\/{rel}","templated":true}]}}