{"id":11576,"date":"2019-07-26T13:38:42","date_gmt":"2019-07-26T06:38:42","guid":{"rendered":"https:\/\/havamall.vn\/?post_type=product&#038;p=11576"},"modified":"2025-03-18T14:42:01","modified_gmt":"2025-03-18T07:42:01","slug":"mi-spaghetti-soi-det-linguine-divella-so-14-500gr","status":"publish","type":"product","link":"https:\/\/havamall.vn\/en\/shop\/mi-spaghetti-soi-det-linguine-divella-so-14-500gr\/","title":{"rendered":"M\u00ec Spaghetti S\u1ee3i D\u1eb9t Linguine Divella S\u1ed1 14 &#8211; 500gr"},"content":{"rendered":"<p>Trong ti\u1ebfng \u00dd, Linguine ngh\u0129a l\u00e0 C\u00e1i L\u01b0\u1ee1i Nh\u1ecf \u2013 \u0110\u00e2y l\u00e0 1 lo\u1ea1i m\u00ec c\u00f3 s\u1ee3i d\u1eb9t (ch\u1ee9 kh\u00f4ng tr\u00f2n nh\u01b0 s\u1ee3i c\u1ee7a m\u1ef3 Spaghetti), tuy nhi\u00ean n\u00f3 l\u1ea1i kh\u00f4ng d\u1eb9t m\u1ecfng v\u00e0 r\u1ed9ng nh\u01b0 m\u1ef3 Fettuccine. M\u00ec Linguine s\u1ed1 14 Divella \u0111\u01b0\u1ee3c l\u00e0m t\u1eeb 100% b\u1ed9t l\u00faa m\u00ec nguy\u00ean ch\u1ea5t, kh\u00f4ng ch\u1ee9a ch\u1ea5t ph\u1ee5 gia n\u00ean an to\u00e0n tuy\u1ec7t \u0111\u1ed1i cho s\u1ee9c kh\u1ecfe.<\/p>\n<div>M\u00ec \u00dd l\u00e0 m\u00f3n \u0103n \u0111\u01b0\u1ee3c nhi\u1ec1u ng\u01b0\u1eddi y\u00eau th\u00edch nh\u1edd h\u01b0\u01a1ng v\u1ecb \u0111\u1ed9c \u0111\u00e1o, \u0111\u1eb7c tr\u01b0ng c\u00f9ng kh\u1ea3 n\u0103ng k\u1ebft h\u1ee3p c\u00f9ng nhi\u1ec1u lo\u1ea1i th\u1ef1c ph\u1ea9m kh\u00e1c nhau, d\u1ec5 d\u00e0ng l\u00e0m v\u1eeba l\u00f2ng nhi\u1ec1u kh\u1ea9u v\u1ecb, \u0111em l\u1ea1i nh\u1eefng b\u1eefa \u0103n ngon mi\u1ec7ng, b\u1ed5 d\u01b0\u1ee1ng.<\/div>\n<div><\/div>\n<div><img fetchpriority=\"high\" decoding=\"async\" class=\"size-full wp-image-11577 aligncenter\" src=\"https:\/\/havamall.vn\/wp-content\/uploads\/2025\/03\/Linguine-Pasta.jpg\" alt=\"\" width=\"615\" height=\"415\" \/><\/div>\n<div><\/div>\n<div>Divella\u00a0l\u00e0 c\u00f4ng ty c\u00f3 l\u1ecbch s\u1eed h\u01a1n 130 n\u0103m trong ng\u00e0nh ch\u1ebf bi\u1ebfn m\u1ef3 pastase molina t\u1eeb b\u1ed9t m\u00ec durum.<\/div>\n<div><\/div>\n<div><img decoding=\"async\" src=\"https:\/\/havamall.vn\/wp-content\/uploads\/2025\/03\/c3c95f7f287932cf4b72f20eda5f416c.jpg\" \/><\/div>\n<div>\u0110\u1ebfn t\u1eeb\u00a0qu\u00ea h\u01b0\u01a1ng c\u1ee7a\u00a0m\u1ef3 \u00dd, n\u01a1i\u00a0m\u00f3n m\u1ef3\u00a0Spaghetti\u00a0huy\u1ec1n tho\u1ea1i\u00a0ra \u0111\u1eddi, M\u00ec Linguine s\u1ed1 14 Divella mang \u0111\u1ebfn cho b\u1ea1n \u0111\u1ea7y \u0111\u1ee7 v\u1ecb th\u01a1m, dai h\u1ea5p d\u1eabn c\u1ea3u m\u1ef3 \u00dd ch\u00ednh g\u1ed1c.<\/div>\n<div>Th\u00e0nh ph\u1ea7n: 100% l\u00faa m\u00ec c\u1ee9ng semolina. H20 12.5% max Protein 12% min Lipid 1.7% (of which 0.9%saturated. Ashes 0.85% max, Carbohydrates \u2013 73.00%.Cellulose 0.40%)<\/div>","protected":false},"excerpt":{"rendered":"<p>Trong ti\u1ebfng \u00dd, Linguine ngh\u0129a l\u00e0 C\u00e1i L\u01b0\u1ee1i Nh\u1ecf \u2013 \u0110\u00e2y l\u00e0 1 lo\u1ea1i m\u00ec c\u00f3 s\u1ee3i d\u1eb9t (ch\u1ee9 kh\u00f4ng<\/p>","protected":false},"featured_media":11578,"comment_status":"open","ping_status":"closed","template":"","meta":[],"product_brand":[],"product_cat":[626,672],"product_tag":[],"class_list":{"0":"post-11576","1":"product","2":"type-product","3":"status-publish","4":"has-post-thumbnail","6":"product_cat-het-hang","7":"product_cat-nhap-khau-y","9":"first","10":"instock","11":"sale","12":"shipping-taxable","13":"purchasable","14":"product-type-simple"},"_links":{"self":[{"href":"https:\/\/havamall.vn\/en\/wp-json\/wp\/v2\/product\/11576"}],"collection":[{"href":"https:\/\/havamall.vn\/en\/wp-json\/wp\/v2\/product"}],"about":[{"href":"https:\/\/havamall.vn\/en\/wp-json\/wp\/v2\/types\/product"}],"replies":[{"embeddable":true,"href":"https:\/\/havamall.vn\/en\/wp-json\/wp\/v2\/comments?post=11576"}],"version-history":[{"count":0,"href":"https:\/\/havamall.vn\/en\/wp-json\/wp\/v2\/product\/11576\/revisions"}],"wp:featuredmedia":[{"embeddable":true,"href":"https:\/\/havamall.vn\/en\/wp-json\/wp\/v2\/media\/11578"}],"wp:attachment":[{"href":"https:\/\/havamall.vn\/en\/wp-json\/wp\/v2\/media?parent=11576"}],"wp:term":[{"taxonomy":"product_brand","embeddable":true,"href":"https:\/\/havamall.vn\/en\/wp-json\/wp\/v2\/product_brand?post=11576"},{"taxonomy":"product_cat","embeddable":true,"href":"https:\/\/havamall.vn\/en\/wp-json\/wp\/v2\/product_cat?post=11576"},{"taxonomy":"product_tag","embeddable":true,"href":"https:\/\/havamall.vn\/en\/wp-json\/wp\/v2\/product_tag?post=11576"}],"curies":[{"name":"wp","href":"https:\/\/api.w.org\/{rel}","templated":true}]}}