{"id":11569,"date":"2019-07-26T12:08:23","date_gmt":"2019-07-26T05:08:23","guid":{"rendered":"https:\/\/havamall.vn\/?post_type=product&#038;p=11569"},"modified":"2021-06-24T15:38:09","modified_gmt":"2021-06-24T08:38:09","slug":"sinh-to-chanh-day-passion-fruit-smoothie-base-500ml","status":"publish","type":"product","link":"https:\/\/havamall.vn\/en\/shop\/sinh-to-chanh-day-passion-fruit-smoothie-base-500ml\/","title":{"rendered":"Sinh T\u1ed1 Chanh D\u00e2y &#8211; Passion Fruit Smoothie Base 500ml"},"content":{"rendered":"<p>Sinh T\u1ed1 Chanh D\u00e2y Golden Farm 500ML l\u00e0 s\u1ea3n ph\u1ea9m v\u00f4 c\u00f9ng ti\u1ec7n l\u1ee3i gi\u00fap b\u1ea1n t\u1ea1o ra c\u00e1c m\u00f3n \u0103n, \u0111\u1ed3 u\u1ed1ng mang h\u01b0\u01a1ng v\u1ecb chanh d\u00e2y th\u01a1m ngon m\u1ed9t c\u00e1ch \u0111\u01a1n gi\u1ea3n v\u00e0 d\u1ec5 d\u00e0ng.<\/p>\n<div>\n<div><img decoding=\"async\" class=\"aligncenter\" src=\"https:\/\/havamall.vn\/wp-content\/uploads\/2019\/07\/25b12873a8400d91fd41de07ed1590d2.jpg\" \/><\/div>\n<\/div>\n<p>\u0110\u1eb7c \u0110i\u1ec3m S\u1ea3n Ph\u1ea9m:<\/p>\n<p>Sinh t\u1ed1 chanh d\u00e2y Golden Farm c\u00f3 th\u00e0nh ph\u1ea7n nguy\u00ean li\u1ec7u \u0111\u01b0\u1ee3c l\u1ef1a ch\u1ecdn k\u1ef9 l\u01b0\u1ee1ng, kh\u00f4ng ch\u1ee9a h\u00f3a ch\u1ea5t \u0111\u1ed9c h\u1ea1i, an to\u00e0n cho ng\u01b0\u1eddi d\u00f9ng. S\u1ea3n ph\u1ea9m \u0111\u01b0\u1ee3c s\u1ea3n xu\u1ea5t tr\u00ean quy tr\u00ecnh c\u00f4ng ngh\u1ec7 hi\u1ec7n \u0111\u1ea1i, \u0111\u01b0\u1ee3c ki\u1ec3m duy\u1ec7t ch\u1eb7t ch\u1ebd, \u0111\u1ea3m b\u1ea3o ch\u1ea5t l\u01b0\u1ee3ng v\u00e0 \u0111\u00e2y c\u00f2n l\u00e0 s\u1ea3n ph\u1ea9m \u0111\u01b0\u1ee3c \u01b0a chu\u1ed9ng tr\u00ean th\u1ecb tr\u01b0\u1eddng.<\/p>\n<p>Sinh t\u1ed1 c\u00f3 d\u1ea1ng s\u1ec7t, mang h\u01b0\u01a1ng v\u1ecb ng\u1ecdt \u0111\u1eadm \u0111\u00e0 v\u00e0 chua t\u1ef1 nhi\u00ean c\u1ee7a tr\u00e1i chanh d\u00e2y. Tr\u00e1i chanh d\u00e2y sau khi \u0111\u01b0\u1ee3c thu h\u00e1i s\u1ebd \u0111\u01b0\u1ee3c \u00e9p n\u01b0\u1edbc v\u00e0 nghi\u1ec1n nh\u1ecf t\u1ea1o th\u00e0nh lo\u1ea1i s\u1ea3n ph\u1ea9m c\u00f3 th\u1ec3 d\u00f9ng tr\u1ef1c ti\u1ebfp, \u0111\u1ea3m b\u1ea3o cung c\u1ea5p c\u00e1c lo\u1ea1i vitamin v\u00e0 an to\u00e0n khi s\u1eed d\u1ee5ng.<\/p>\n<p><img fetchpriority=\"high\" decoding=\"async\" class=\"size-full wp-image-11570 aligncenter\" src=\"https:\/\/havamall.vn\/wp-content\/uploads\/2019\/07\/19702227_1910216735885359_5980650568487784043_n.jpg\" alt=\"\" width=\"640\" height=\"960\" srcset=\"https:\/\/havamall.vn\/wp-content\/uploads\/2019\/07\/19702227_1910216735885359_5980650568487784043_n.jpg 640w, https:\/\/havamall.vn\/wp-content\/uploads\/2019\/07\/19702227_1910216735885359_5980650568487784043_n-430x645.jpg 430w, https:\/\/havamall.vn\/wp-content\/uploads\/2019\/07\/19702227_1910216735885359_5980650568487784043_n-150x225.jpg 150w\" sizes=\"(max-width: 640px) 100vw, 640px\" \/><\/p>\n<p>V\u1edbi thi\u1ebft k\u1ebf \u0111\u00f3ng chai c\u00f3 n\u1eafp \u0111\u1eady ti\u1ec7n l\u1ee3i, b\u1ea1n c\u00f3 th\u1ec3 d\u1ec5 d\u00e0ng b\u1ea3o qu\u1ea3n s\u1ea3n ph\u1ea9m b\u1eb1ng c\u00e1ch xo\u00e1y ch\u1eb7t n\u1eafp v\u00e0 \u0111\u1ec3 trong t\u1ee7 l\u1ea1nh. S\u1ea3n ph\u1ea9m cam k\u1ebft kh\u00f4ng s\u1eed d\u1ee5ng \u0111\u01b0\u1eddng h\u00f3a h\u1ecdc, \u0111\u1ea3m b\u1ea3o v\u1ec7 sinh an to\u00e0n th\u1ef1c ph\u1ea9m v\u00e0 s\u1ee9c kh\u1ecfe cho ng\u01b0\u1eddi ti\u00eau d\u00f9ng.<\/p>\n<p><img decoding=\"async\" class=\"size-full wp-image-11571 aligncenter\" src=\"https:\/\/havamall.vn\/wp-content\/uploads\/2019\/07\/19060019_1897597667147266_4114830670273636411_n.jpg\" alt=\"\" width=\"640\" height=\"960\" srcset=\"https:\/\/havamall.vn\/wp-content\/uploads\/2019\/07\/19060019_1897597667147266_4114830670273636411_n.jpg 640w, https:\/\/havamall.vn\/wp-content\/uploads\/2019\/07\/19060019_1897597667147266_4114830670273636411_n-430x645.jpg 430w, https:\/\/havamall.vn\/wp-content\/uploads\/2019\/07\/19060019_1897597667147266_4114830670273636411_n-150x225.jpg 150w\" sizes=\"(max-width: 640px) 100vw, 640px\" \/><\/p>\n<p>B\u1ea1n c\u00f3 th\u1ec3 s\u1eed d\u1ee5ng sinh t\u1ed1 chanh d\u00e2y \u0111\u1ec3 l\u00e0m sinh t\u1ed1, n\u01b0\u1edbc tr\u00e1i c\u00e2y ho\u1eb7c d\u00f9ng \u0111\u1ec3 trang tr\u00ed l\u1edbp ph\u1ee7 ngo\u00e0i b\u00e1nh kem, l\u00e0m nh\u00e2n b\u00e1nh&#8230;<\/p>","protected":false},"excerpt":{"rendered":"<ul class=\"\">\n<li class=\"\">Sinh t\u1ed1 chanh d\u00e2y Golden Farm c\u00f3 th\u00e0nh ph\u1ea7n nguy\u00ean li\u1ec7u \u0111\u01b0\u1ee3c l\u1ef1a ch\u1ecdn k\u1ef9 l\u01b0\u1ee1ng, kh\u00f4ng ch\u1ee9a h\u00f3a ch\u1ea5t \u0111\u1ed9c h\u1ea1i, an to\u00e0n cho ng\u01b0\u1eddi d\u00f9ng. S\u1ea3n ph\u1ea9m \u0111\u01b0\u1ee3c s\u1ea3n xu\u1ea5t tr\u00ean quy tr\u00ecnh c\u00f4ng ngh\u1ec7 hi\u1ec7n \u0111\u1ea1i, \u0111\u01b0\u1ee3c ki\u1ec3m duy\u1ec7t ch\u1eb7t ch\u1ebd, \u0111\u1ea3m b\u1ea3o ch\u1ea5t l\u01b0\u1ee3ng v\u00e0 \u0111\u00e2y c\u00f2n l\u00e0 s\u1ea3n ph\u1ea9m \u0111\u01b0\u1ee3c \u01b0a chu\u1ed9ng tr\u00ean th\u1ecb tr\u01b0\u1eddng.<\/li>\n<\/ul>","protected":false},"featured_media":11572,"comment_status":"open","ping_status":"closed","template":"","meta":[],"product_brand":[],"product_cat":[135],"product_tag":[],"class_list":{"0":"post-11569","1":"product","2":"type-product","3":"status-publish","4":"has-post-thumbnail","6":"product_cat-sua-do-uong","8":"first","9":"outofstock","10":"sale","11":"shipping-taxable","12":"purchasable","13":"product-type-simple"},"_links":{"self":[{"href":"https:\/\/havamall.vn\/en\/wp-json\/wp\/v2\/product\/11569"}],"collection":[{"href":"https:\/\/havamall.vn\/en\/wp-json\/wp\/v2\/product"}],"about":[{"href":"https:\/\/havamall.vn\/en\/wp-json\/wp\/v2\/types\/product"}],"replies":[{"embeddable":true,"href":"https:\/\/havamall.vn\/en\/wp-json\/wp\/v2\/comments?post=11569"}],"version-history":[{"count":0,"href":"https:\/\/havamall.vn\/en\/wp-json\/wp\/v2\/product\/11569\/revisions"}],"wp:featuredmedia":[{"embeddable":true,"href":"https:\/\/havamall.vn\/en\/wp-json\/wp\/v2\/media\/11572"}],"wp:attachment":[{"href":"https:\/\/havamall.vn\/en\/wp-json\/wp\/v2\/media?parent=11569"}],"wp:term":[{"taxonomy":"product_brand","embeddable":true,"href":"https:\/\/havamall.vn\/en\/wp-json\/wp\/v2\/product_brand?post=11569"},{"taxonomy":"product_cat","embeddable":true,"href":"https:\/\/havamall.vn\/en\/wp-json\/wp\/v2\/product_cat?post=11569"},{"taxonomy":"product_tag","embeddable":true,"href":"https:\/\/havamall.vn\/en\/wp-json\/wp\/v2\/product_tag?post=11569"}],"curies":[{"name":"wp","href":"https:\/\/api.w.org\/{rel}","templated":true}]}}