{"id":11561,"date":"2019-07-26T12:04:50","date_gmt":"2019-07-26T05:04:50","guid":{"rendered":"https:\/\/havamall.vn\/?post_type=product&#038;p=11561"},"modified":"2021-06-08T17:50:26","modified_gmt":"2021-06-08T10:50:26","slug":"tra-sua-matcha-dau-ha-lan-matcha-and-peas-milk-tea-67g","status":"publish","type":"product","link":"https:\/\/havamall.vn\/en\/shop\/tra-sua-matcha-dau-ha-lan-matcha-and-peas-milk-tea-67g\/","title":{"rendered":"Tr\u00e0 S\u1eefa Matcha \u0110\u1eadu H\u00e0 Lan &#8211; Matcha And Peas Milk Tea 67g"},"content":{"rendered":"<p>Tr\u00e0 s\u1eefa Matcha \u0110\u1eadu H\u00e0 Lan l\u00e0 m\u1ed9t s\u1ea3n ph\u1ea9m \u0111\u01b0\u1ee3c s\u1ea3n xu\u1ea5t t\u1eeb l\u00e1 tr\u00e0 t\u01b0\u01a1i. Kh\u00f4ng t\u1ef1 nhi\u00ean m\u00e0 matcha tr\u00e0 xanh \u0111\u1eadu h\u00e0 lan l\u1ea1i nh\u1eadn \u0111\u01b0\u1ee3c s\u1ef1 \u01b0u \u00e1i. Theo nhi\u1ec1u nghi\u00ean c\u1ee9u khoa h\u1ecdc, ch\u1ec9 c\u1ea7n b\u1ea1n u\u1ed1ng 1 t\u00e1ch tr\u00e0 matcha tr\u00e0 xanh s\u1ebd c\u00f3 t\u00e1c d\u1ee5ng g\u1ea5p 10 l\u1ea7n so v\u1edbi c\u00e1c lo\u1ea1i tr\u00e0 th\u00f4ng th\u01b0\u1eddng.<\/p>\n<p>Matcha c\u00f3 trong ly tr\u00e0 s\u1eefa gi\u00fap l\u00e0m gi\u1ea3m nguy c\u01a1 m\u1eafc c\u00e1c b\u1ec7nh v\u1ec1 ung th\u01b0 v\u00e0 l\u00e0m ch\u1eadm qu\u00e1 tr\u00ecnh l\u00e3o h\u00f3a.<\/p>\n<div><img fetchpriority=\"high\" decoding=\"async\" class=\"size-full wp-image-11563 aligncenter\" src=\"https:\/\/havamall.vn\/wp-content\/uploads\/2019\/07\/Capture.jpg\" alt=\"\" width=\"826\" height=\"827\" srcset=\"https:\/\/havamall.vn\/wp-content\/uploads\/2019\/07\/Capture.jpg 826w, https:\/\/havamall.vn\/wp-content\/uploads\/2019\/07\/Capture-430x431.jpg 430w, https:\/\/havamall.vn\/wp-content\/uploads\/2019\/07\/Capture-150x150.jpg 150w, https:\/\/havamall.vn\/wp-content\/uploads\/2019\/07\/Capture-700x701.jpg 700w\" sizes=\"(max-width: 826px) 100vw, 826px\" \/><\/div>\n<p>H\u1ed7 tr\u1ee3 t\u0103ng tr\u00ed nh\u1edb v\u00e0 kh\u1ea3 n\u0103ng t\u1eadp trung, ch\u1ed1ng b\u1ea1c t\u00f3c s\u1edbm<\/p>\n<p>H\u1ed7 tr\u1ee3 \u0111\u1ed1t ch\u00e1y ch\u1ea5t b\u00e9o gi\u00fap gi\u1ea3m c\u00e2n.<\/p>\n<p>H\u1ed7 tr\u1ee3 gi\u1ea3i \u0111\u1ed9c c\u01a1 th\u1ec3 v\u00e0 c\u1ea3i thi\u1ec7n cholesterol.<\/p>\n<p>Th\u01b0\u1edfng th\u1ee9c Tr\u00e0 S\u1eefa Matcha m\u1ed7i ng\u00e0y s\u1ebd mang l\u1ea1i cho b\u1ea1n c\u1ea3m gi\u00e1c th\u01b0 th\u00e1i v\u00e0 c\u1ea3m nh\u1eadn nh\u1eefng \u0111i\u1ec1u tuy\u1ec7t v\u1eddi v\u1ec1 cu\u1ed9c s\u1ed1ng.<\/p>\n<p>B\u1ea1n s\u1ebd kh\u00f4ng c\u1ea7n t\u1ed1n th\u1eddi gian v\u00e0 ti\u1ec1n b\u1ea1c \u0111\u1ec3 th\u01b0\u1edfng th\u1ee9c 1 ly tr\u00e0 s\u1eefa sang ch\u1ea3nh.<\/p>\n<p>D\u1ea1ng t\u00fai ti\u1ec7n d\u1ee5ng, d\u1ec5 d\u00e0ng \u0111em \u0111i m\u1ecdi l\u00fac m\u1ecdi n\u01a1i.<\/p>\n<div><img decoding=\"async\" class=\"aligncenter\" src=\"https:\/\/havamall.vn\/wp-content\/uploads\/2019\/07\/a08555aba300e7f62707f6478039c3ac.jpg\" \/><\/div>\n<p>TH\u00c0NH PH\u1ea6N TRONG 1 LY U\u1ed0NG LI\u1ec0N:<\/p>\n<p>&#8211; Ly gi\u1ea5y ch\u1ecbu nhi\u1ec7t k\u00e8m n\u1eafp v\u00e0 \u1ed1ng h\u00fat k\u00e9o d\u00e0i<\/p>\n<p>&#8211; G\u00f3i b\u1ed9t tr\u00e0 s\u1eefa matcha u\u1ed1ng li\u1ec1n<\/p>\n<p>&#8211; G\u00f3i \u0111\u1eadu H\u00e0 Lan nguy\u00ean h\u1ea1t rim \u0111\u01b0\u1eddng<\/p>\n<p>&#8211; T\u00fai s\u1eefa \u0111\u1eb7c<\/p>\n<div><img decoding=\"async\" class=\"aligncenter\" src=\"https:\/\/havamall.vn\/wp-content\/uploads\/2019\/07\/c743c32d5bc9bfeb59776ea58e4a0d01.jpg\" \/><\/div>\n<p>H\u01af\u1edaNG D\u1eaaN S\u1eec D\u1ee4NG:<\/p>\n<p>U\u1ed1ng n\u00f3ng:<\/p>\n<p>B1: \u0110\u1ed5 g\u00f3i b\u1ed9t tr\u00e0 s\u1eefa Matcha v\u00e0o ly gi\u1ea5y v\u1edbi 150ml n\u01b0\u1edbc 85 \u0111\u1ed9 C.<\/p>\n<p>B2: \u0110\u1ed5 th\u00eam g\u00f3i s\u1eefa \u0111\u1eb7c khu\u1ea5y \u0111\u1ec1u.<\/p>\n<p>B3: \u0110\u1ed5 g\u00f3i h\u1ea1t \u0111\u1eadu H\u00e0 Lan v\u00e0o ly, \u0111\u00f3ng n\u1eafp, c\u1eafm \u1ed1ng h\u00fat v\u00e0 th\u01b0\u1edfng th\u1ee9c<\/p>\n<div><img decoding=\"async\" class=\"aligncenter\" src=\"https:\/\/havamall.vn\/wp-content\/uploads\/2019\/07\/4570ebe685ebdab964696579f5d0841a.jpg\" \/><\/div>\n<p>U\u1ed1ng l\u1ea1nh:<\/p>\n<p>B1: \u0110\u1ed5 g\u00f3i b\u1ed9t tr\u00e0 s\u1eefa Matcha v\u00e0o ly gi\u1ea5y v\u1edbi 70ml n\u01b0\u1edbc 85 \u0111\u1ed9 C.<\/p>\n<p>B2: \u0110\u1ed5 th\u00eam g\u00f3i s\u1eefa \u0111\u1eb7c khu\u1ea5y \u0111\u1ec1u<\/p>\n<p>B3: \u0110\u1ed5 g\u00f3i h\u1ea1t \u0111\u1eadu H\u00e0 Lan v\u00e0o ly, th\u00eam \u0111\u00e1 tu\u1ef3 theo kh\u1ea9u v\u1ecb, \u0111\u00f3ng n\u1eafp, c\u1eafm \u1ed1ng h\u00fat v\u00e0 th\u01b0\u1edfng th\u1ee9c<\/p>","protected":false},"excerpt":{"rendered":"<ul class=\"\">\n<li class=\"\">Th\u01b0\u1edfng th\u1ee9c Tr\u00e0 S\u1eefa Matcha m\u1ed7i ng\u00e0y s\u1ebd mang l\u1ea1i cho b\u1ea1n c\u1ea3m gi\u00e1c th\u01b0 th\u00e1i v\u00e0 c\u1ea3m nh\u1eadn nh\u1eefng \u0111i\u1ec1u tuy\u1ec7t v\u1eddi v\u1ec1 cu\u1ed9c s\u1ed1ng.<\/li>\n<li class=\"\">B\u1ea1n s\u1ebd kh\u00f4ng c\u1ea7n t\u1ed1n th\u1eddi gian v\u00e0 ti\u1ec1n b\u1ea1c \u0111\u1ec3 th\u01b0\u1edfng th\u1ee9c 1 ly tr\u00e0 s\u1eefa sang ch\u1ea3nh.<\/li>\n<li class=\"\">D\u1ea1ng t\u00fai ti\u1ec7n d\u1ee5ng, d\u1ec5 d\u00e0ng \u0111em \u0111i m\u1ecdi l\u00fac m\u1ecdi n\u01a1i.<\/li>\n<\/ul>","protected":false},"featured_media":11564,"comment_status":"open","ping_status":"closed","template":"","meta":[],"product_brand":[],"product_cat":[626],"product_tag":[],"class_list":{"0":"post-11561","1":"product","2":"type-product","3":"status-publish","4":"has-post-thumbnail","6":"product_cat-het-hang","8":"first","9":"outofstock","10":"sale","11":"shipping-taxable","12":"purchasable","13":"product-type-simple"},"_links":{"self":[{"href":"https:\/\/havamall.vn\/en\/wp-json\/wp\/v2\/product\/11561"}],"collection":[{"href":"https:\/\/havamall.vn\/en\/wp-json\/wp\/v2\/product"}],"about":[{"href":"https:\/\/havamall.vn\/en\/wp-json\/wp\/v2\/types\/product"}],"replies":[{"embeddable":true,"href":"https:\/\/havamall.vn\/en\/wp-json\/wp\/v2\/comments?post=11561"}],"version-history":[{"count":0,"href":"https:\/\/havamall.vn\/en\/wp-json\/wp\/v2\/product\/11561\/revisions"}],"wp:featuredmedia":[{"embeddable":true,"href":"https:\/\/havamall.vn\/en\/wp-json\/wp\/v2\/media\/11564"}],"wp:attachment":[{"href":"https:\/\/havamall.vn\/en\/wp-json\/wp\/v2\/media?parent=11561"}],"wp:term":[{"taxonomy":"product_brand","embeddable":true,"href":"https:\/\/havamall.vn\/en\/wp-json\/wp\/v2\/product_brand?post=11561"},{"taxonomy":"product_cat","embeddable":true,"href":"https:\/\/havamall.vn\/en\/wp-json\/wp\/v2\/product_cat?post=11561"},{"taxonomy":"product_tag","embeddable":true,"href":"https:\/\/havamall.vn\/en\/wp-json\/wp\/v2\/product_tag?post=11561"}],"curies":[{"name":"wp","href":"https:\/\/api.w.org\/{rel}","templated":true}]}}